{"id":49,"date":"2022-06-29T14:25:09","date_gmt":"2022-06-29T17:25:09","guid":{"rendered":"https:\/\/wp.ufpel.edu.br\/ngc\/?page_id=49"},"modified":"2022-06-29T14:25:54","modified_gmt":"2022-06-29T17:25:54","slug":"e-aud","status":"publish","type":"page","link":"https:\/\/wp.ufpel.edu.br\/ngc\/controle\/e-aud\/","title":{"rendered":"e-AUD"},"content":{"rendered":"<p><span style=\"font-weight: 400;\">\u00a0<\/span><b>O que \u00e9 o e-Aud? <\/b><span style=\"font-weight: 400;\">e-Aud \u00e9 o sistema informatizado de apoio ao Gerenciamento da Atividade de Auditoria Interna Governamental desenvolvido pela Controladoria-Geral da Uni\u00e3o (CGU), que por meio da Secretaria Federal de Controle Interno (SFC), exerce as atividades de \u00f3rg\u00e3o central do Sistema de Controle Interno do Poder Executivo Federal.<\/span><\/p>\n<p><span style=\"font-weight: 400;\">Controladoria-Geral da Uni\u00e3o (CGU):<\/span><span style=\"font-weight: 400;\"> \u00c9 o \u00f3rg\u00e3o de controle interno do Governo Federal respons\u00e1vel por realizar atividades relacionadas \u00e0 defesa do patrim\u00f4nio p\u00fablico e ao incremento da transpar\u00eancia da gest\u00e3o, por meio de a\u00e7\u00f5es de auditoria p\u00fablica, correi\u00e7\u00e3o, preven\u00e7\u00e3o e combate \u00e0 corrup\u00e7\u00e3o e ouvidoria.<\/span><\/p>\n<p><span style=\"font-weight: 400;\">Legisla\u00e7\u00e3o:<\/span><span style=\"font-weight: 400;\"> Acesse a Base de Conhecimento da CGU (<\/span><a href=\"https:\/\/repositorio.cgu.gov.br\/\"><span style=\"font-weight: 400;\">https:\/\/repositorio.cgu.gov.br\/<\/span><\/a><span style=\"font-weight: 400;\">), reposit\u00f3rio que re\u00fane todo o conhecimento produzido e relacionado \u00e0 Controladoria-Geral da Uni\u00e3o (CGU). L\u00e1, est\u00e3o reunidas leis, decretos e outras normas do \u00f3rg\u00e3o. H\u00e1 documentos sobre controle interno, transpar\u00eancia, preven\u00e7\u00e3o e combate \u00e0 corrup\u00e7\u00e3o, corregedoria e ouvidoria. As normas s\u00e3o atualizadas constantemente. <\/span><\/p>\n","protected":false},"excerpt":{"rendered":"<p>\u00a0O que \u00e9 o e-Aud? e-Aud \u00e9 o sistema informatizado de apoio ao Gerenciamento da Atividade de Auditoria Interna Governamental desenvolvido pela Controladoria-Geral da Uni\u00e3o (CGU), que por meio da Secretaria Federal de Controle Interno (SFC), exerce as atividades de \u00f3rg\u00e3o central do Sistema de Controle Interno do Poder Executivo Federal. Controladoria-Geral da Uni\u00e3o (CGU): [&hellip;]<\/p>\n","protected":false},"author":1242,"featured_media":0,"parent":15,"menu_order":0,"comment_status":"closed","ping_status":"closed","template":"","meta":{"footnotes":""},"class_list":["post-49","page","type-page","status-publish","hentry","post"],"yoast_head":"<!-- This site is optimized with the Yoast SEO plugin v26.7 - https:\/\/yoast.com\/wordpress\/plugins\/seo\/ -->\n<title>e-AUD - N\u00facleo de Governan\u00e7a e Controle - NGC<\/title>\n<meta name=\"robots\" content=\"index, follow, max-snippet:-1, max-image-preview:large, max-video-preview:-1\" \/>\n<link rel=\"canonical\" href=\"https:\/\/wp.ufpel.edu.br\/ngc\/controle\/e-aud\/\" \/>\n<meta property=\"og:locale\" content=\"pt_BR\" \/>\n<meta property=\"og:type\" content=\"article\" \/>\n<meta property=\"og:title\" content=\"e-AUD - N\u00facleo de Governan\u00e7a e Controle - NGC\" \/>\n<meta property=\"og:description\" content=\"\u00a0O que \u00e9 o e-Aud? e-Aud \u00e9 o sistema informatizado de apoio ao Gerenciamento da Atividade de Auditoria Interna Governamental desenvolvido pela Controladoria-Geral da Uni\u00e3o (CGU), que por meio da Secretaria Federal de Controle Interno (SFC), exerce as atividades de \u00f3rg\u00e3o central do Sistema de Controle Interno do Poder Executivo Federal. Controladoria-Geral da Uni\u00e3o (CGU): [&hellip;]\" \/>\n<meta property=\"og:url\" content=\"https:\/\/wp.ufpel.edu.br\/ngc\/controle\/e-aud\/\" \/>\n<meta property=\"og:site_name\" content=\"N\u00facleo de Governan\u00e7a e Controle - NGC\" \/>\n<meta property=\"article:modified_time\" content=\"2022-06-29T17:25:54+00:00\" \/>\n<meta name=\"twitter:card\" content=\"summary_large_image\" \/>\n<meta name=\"twitter:label1\" content=\"Est. tempo de leitura\" \/>\n\t<meta name=\"twitter:data1\" content=\"1 minuto\" \/>\n<script type=\"application\/ld+json\" class=\"yoast-schema-graph\">{\"@context\":\"https:\/\/schema.org\",\"@graph\":[{\"@type\":\"WebPage\",\"@id\":\"https:\/\/wp.ufpel.edu.br\/ngc\/controle\/e-aud\/\",\"url\":\"https:\/\/wp.ufpel.edu.br\/ngc\/controle\/e-aud\/\",\"name\":\"e-AUD - N\u00facleo de Governan\u00e7a e Controle - NGC\",\"isPartOf\":{\"@id\":\"https:\/\/wp.ufpel.edu.br\/ngc\/#website\"},\"datePublished\":\"2022-06-29T17:25:09+00:00\",\"dateModified\":\"2022-06-29T17:25:54+00:00\",\"breadcrumb\":{\"@id\":\"https:\/\/wp.ufpel.edu.br\/ngc\/controle\/e-aud\/#breadcrumb\"},\"inLanguage\":\"pt-BR\",\"potentialAction\":[{\"@type\":\"ReadAction\",\"target\":[\"https:\/\/wp.ufpel.edu.br\/ngc\/controle\/e-aud\/\"]}]},{\"@type\":\"BreadcrumbList\",\"@id\":\"https:\/\/wp.ufpel.edu.br\/ngc\/controle\/e-aud\/#breadcrumb\",\"itemListElement\":[{\"@type\":\"ListItem\",\"position\":1,\"name\":\"In\u00edcio\",\"item\":\"https:\/\/wp.ufpel.edu.br\/ngc\/\"},{\"@type\":\"ListItem\",\"position\":2,\"name\":\"Controle\",\"item\":\"https:\/\/wp.ufpel.edu.br\/ngc\/controle\/\"},{\"@type\":\"ListItem\",\"position\":3,\"name\":\"e-AUD\"}]},{\"@type\":\"WebSite\",\"@id\":\"https:\/\/wp.ufpel.edu.br\/ngc\/#website\",\"url\":\"https:\/\/wp.ufpel.edu.br\/ngc\/\",\"name\":\"N\u00facleo de Governan\u00e7a e Controle - NGC\",\"description\":\"Universidade Federal de Pelotas\",\"publisher\":{\"@id\":\"https:\/\/wp.ufpel.edu.br\/ngc\/#organization\"},\"potentialAction\":[{\"@type\":\"SearchAction\",\"target\":{\"@type\":\"EntryPoint\",\"urlTemplate\":\"https:\/\/wp.ufpel.edu.br\/ngc\/?s={search_term_string}\"},\"query-input\":{\"@type\":\"PropertyValueSpecification\",\"valueRequired\":true,\"valueName\":\"search_term_string\"}}],\"inLanguage\":\"pt-BR\"},{\"@type\":\"Organization\",\"@id\":\"https:\/\/wp.ufpel.edu.br\/ngc\/#organization\",\"name\":\"N\u00facleo de Governan\u00e7a e Controle - NGC\",\"url\":\"https:\/\/wp.ufpel.edu.br\/ngc\/\",\"logo\":{\"@type\":\"ImageObject\",\"inLanguage\":\"pt-BR\",\"@id\":\"https:\/\/wp.ufpel.edu.br\/ngc\/#\/schema\/logo\/image\/\",\"url\":\"https:\/\/wp.ufpel.edu.br\/ngc\/files\/2023\/09\/cropped-Escudo-Colorido-UFPEL_10042014.png\",\"contentUrl\":\"https:\/\/wp.ufpel.edu.br\/ngc\/files\/2023\/09\/cropped-Escudo-Colorido-UFPEL_10042014.png\",\"width\":512,\"height\":512,\"caption\":\"N\u00facleo de Governan\u00e7a e Controle - NGC\"},\"image\":{\"@id\":\"https:\/\/wp.ufpel.edu.br\/ngc\/#\/schema\/logo\/image\/\"}}]}<\/script>\n<!-- \/ Yoast SEO plugin. -->","yoast_head_json":{"title":"e-AUD - N\u00facleo de Governan\u00e7a e Controle - NGC","robots":{"index":"index","follow":"follow","max-snippet":"max-snippet:-1","max-image-preview":"max-image-preview:large","max-video-preview":"max-video-preview:-1"},"canonical":"https:\/\/wp.ufpel.edu.br\/ngc\/controle\/e-aud\/","og_locale":"pt_BR","og_type":"article","og_title":"e-AUD - N\u00facleo de Governan\u00e7a e Controle - NGC","og_description":"\u00a0O que \u00e9 o e-Aud? e-Aud \u00e9 o sistema informatizado de apoio ao Gerenciamento da Atividade de Auditoria Interna Governamental desenvolvido pela Controladoria-Geral da Uni\u00e3o (CGU), que por meio da Secretaria Federal de Controle Interno (SFC), exerce as atividades de \u00f3rg\u00e3o central do Sistema de Controle Interno do Poder Executivo Federal. Controladoria-Geral da Uni\u00e3o (CGU): [&hellip;]","og_url":"https:\/\/wp.ufpel.edu.br\/ngc\/controle\/e-aud\/","og_site_name":"N\u00facleo de Governan\u00e7a e Controle - NGC","article_modified_time":"2022-06-29T17:25:54+00:00","twitter_card":"summary_large_image","twitter_misc":{"Est. tempo de leitura":"1 minuto"},"schema":{"@context":"https:\/\/schema.org","@graph":[{"@type":"WebPage","@id":"https:\/\/wp.ufpel.edu.br\/ngc\/controle\/e-aud\/","url":"https:\/\/wp.ufpel.edu.br\/ngc\/controle\/e-aud\/","name":"e-AUD - N\u00facleo de Governan\u00e7a e Controle - NGC","isPartOf":{"@id":"https:\/\/wp.ufpel.edu.br\/ngc\/#website"},"datePublished":"2022-06-29T17:25:09+00:00","dateModified":"2022-06-29T17:25:54+00:00","breadcrumb":{"@id":"https:\/\/wp.ufpel.edu.br\/ngc\/controle\/e-aud\/#breadcrumb"},"inLanguage":"pt-BR","potentialAction":[{"@type":"ReadAction","target":["https:\/\/wp.ufpel.edu.br\/ngc\/controle\/e-aud\/"]}]},{"@type":"BreadcrumbList","@id":"https:\/\/wp.ufpel.edu.br\/ngc\/controle\/e-aud\/#breadcrumb","itemListElement":[{"@type":"ListItem","position":1,"name":"In\u00edcio","item":"https:\/\/wp.ufpel.edu.br\/ngc\/"},{"@type":"ListItem","position":2,"name":"Controle","item":"https:\/\/wp.ufpel.edu.br\/ngc\/controle\/"},{"@type":"ListItem","position":3,"name":"e-AUD"}]},{"@type":"WebSite","@id":"https:\/\/wp.ufpel.edu.br\/ngc\/#website","url":"https:\/\/wp.ufpel.edu.br\/ngc\/","name":"N\u00facleo de Governan\u00e7a e Controle - NGC","description":"Universidade Federal de Pelotas","publisher":{"@id":"https:\/\/wp.ufpel.edu.br\/ngc\/#organization"},"potentialAction":[{"@type":"SearchAction","target":{"@type":"EntryPoint","urlTemplate":"https:\/\/wp.ufpel.edu.br\/ngc\/?s={search_term_string}"},"query-input":{"@type":"PropertyValueSpecification","valueRequired":true,"valueName":"search_term_string"}}],"inLanguage":"pt-BR"},{"@type":"Organization","@id":"https:\/\/wp.ufpel.edu.br\/ngc\/#organization","name":"N\u00facleo de Governan\u00e7a e Controle - NGC","url":"https:\/\/wp.ufpel.edu.br\/ngc\/","logo":{"@type":"ImageObject","inLanguage":"pt-BR","@id":"https:\/\/wp.ufpel.edu.br\/ngc\/#\/schema\/logo\/image\/","url":"https:\/\/wp.ufpel.edu.br\/ngc\/files\/2023\/09\/cropped-Escudo-Colorido-UFPEL_10042014.png","contentUrl":"https:\/\/wp.ufpel.edu.br\/ngc\/files\/2023\/09\/cropped-Escudo-Colorido-UFPEL_10042014.png","width":512,"height":512,"caption":"N\u00facleo de Governan\u00e7a e Controle - NGC"},"image":{"@id":"https:\/\/wp.ufpel.edu.br\/ngc\/#\/schema\/logo\/image\/"}}]}},"_links":{"self":[{"href":"https:\/\/wp.ufpel.edu.br\/ngc\/wp-json\/wp\/v2\/pages\/49","targetHints":{"allow":["GET"]}}],"collection":[{"href":"https:\/\/wp.ufpel.edu.br\/ngc\/wp-json\/wp\/v2\/pages"}],"about":[{"href":"https:\/\/wp.ufpel.edu.br\/ngc\/wp-json\/wp\/v2\/types\/page"}],"author":[{"embeddable":true,"href":"https:\/\/wp.ufpel.edu.br\/ngc\/wp-json\/wp\/v2\/users\/1242"}],"replies":[{"embeddable":true,"href":"https:\/\/wp.ufpel.edu.br\/ngc\/wp-json\/wp\/v2\/comments?post=49"}],"version-history":[{"count":2,"href":"https:\/\/wp.ufpel.edu.br\/ngc\/wp-json\/wp\/v2\/pages\/49\/revisions"}],"predecessor-version":[{"id":52,"href":"https:\/\/wp.ufpel.edu.br\/ngc\/wp-json\/wp\/v2\/pages\/49\/revisions\/52"}],"up":[{"embeddable":true,"href":"https:\/\/wp.ufpel.edu.br\/ngc\/wp-json\/wp\/v2\/pages\/15"}],"wp:attachment":[{"href":"https:\/\/wp.ufpel.edu.br\/ngc\/wp-json\/wp\/v2\/media?parent=49"}],"curies":[{"name":"wp","href":"https:\/\/api.w.org\/{rel}","templated":true}]}}