{"id":190,"date":"2023-09-13T19:02:06","date_gmt":"2023-09-13T22:02:06","guid":{"rendered":"https:\/\/wp.ufpel.edu.br\/ngc\/pagina-inicial\/"},"modified":"2024-10-17T11:01:24","modified_gmt":"2024-10-17T14:01:24","slug":"pagina-inicial","status":"publish","type":"page","link":"https:\/\/wp.ufpel.edu.br\/ngc\/","title":{"rendered":"P\u00e1gina Inicial"},"content":{"rendered":"<div id=\"pl-190\"  class=\"panel-layout\" ><div id=\"pg-190-0\"  class=\"panel-grid panel-no-style\" ><div id=\"pgc-190-0-0\"  class=\"panel-grid-cell\" ><div id=\"panel-190-0-0-0\" class=\"so-panel widget widget_circleicon-widget panel-first-child panel-last-child\" data-index=\"0\" >\t\t<div class=\"circle-icon-box circle-icon-position-top circle-icon-hide-box circle-icon-size-small \">\n\t\t\t\t\t\t\t<div class=\"circle-icon-wrapper\">\n\t\t\t\t\t\t\t\t\t\t<a href=\"https:\/\/wp.ufpel.edu.br\/ngc\/governanca\/legislacao-aplicavel\/\" class=\"link-icon\" >\t\t\t\t\t<div class=\"circle-icon\" >\n\t\t\t\t\t\t\t\t\t\t\t\t\t<div\n\t\t\t\t\t\t\t\tclass=\"fa fa-institution\"\n\t\t\t\t\t\t\t\t\t\t\t\t\t\t\t><\/div>\n\t\t\t\t\t\t\t\t\t\t\t<\/div>\n\t\t\t\t\t<\/a>\t\t\t\t<\/div>\n\t\t\t\n\t\t\t\t\t\t\t<a\n\t\t\t\t\thref=\"https:\/\/wp.ufpel.edu.br\/ngc\/governanca\/legislacao-aplicavel\/\"\n\t\t\t\t\tclass=\"link-title\" \t\t\t\t>\n\t\t\t\t\t\t\t\t\t\t<h4 >\n\t\t\t\t\tGovernan\u00e7a\t\t\t\t<\/h4>\n\t\t\t\t\t\t\t\t\t\t<\/a>\n\t\t\t\n\t\t\t\t\t\t\t<p class=\"text\" >\n\t\t\t\tGovernan\u00e7a p\u00fablica organizacional compreende essencialmente os mecanismos de lideran\u00e7a, estrat\u00e9gia e controle postos em pr\u00e1tica para avaliar, direcionar e monitorar a atua\u00e7\u00e3o da gest\u00e3o, com vistas \u00e0 condu\u00e7\u00e3o de pol\u00edticas p\u00fablicas e \u00e0 presta\u00e7\u00e3o de servi\u00e7os de interesse da sociedade.  Governan\u00e7a n\u00e3o \u00e9 o mesmo que gest\u00e3o. Enquanto a governan\u00e7a \u00e9 a fun\u00e7\u00e3o direcionadora, a gest\u00e3o \u00e9 a fun\u00e7\u00e3o realizadora.\t\t\t<\/p>\n\t\t\t\t\t\t\t\t\t\t<a\n\t\t\t\t\thref=\"https:\/\/wp.ufpel.edu.br\/ngc\/governanca\/legislacao-aplicavel\/\"\n\t\t\t\t\tclass=\"more-button\"\n\t\t\t\t\t\t\t\t\t>\n\t\t\t\t\tSaiba mais ...\t\t\t\t\t<i><\/i>\n\t\t\t\t<\/a>\n\t\t\t\t\t<\/div>\n\t\t<\/div><\/div><div id=\"pgc-190-0-1\"  class=\"panel-grid-cell\" ><div id=\"panel-190-0-1-0\" class=\"so-panel widget widget_circleicon-widget panel-first-child panel-last-child\" data-index=\"1\" >\t\t<div class=\"circle-icon-box circle-icon-position-top circle-icon-hide-box circle-icon-size-small \">\n\t\t\t\t\t\t\t<div class=\"circle-icon-wrapper\">\n\t\t\t\t\t\t\t\t\t\t<div class=\"circle-icon\" >\n\t\t\t\t\t\t\t\t\t\t\t\t\t<div\n\t\t\t\t\t\t\t\tclass=\"fa fa-file-text-o\"\n\t\t\t\t\t\t\t\t\t\t\t\t\t\t\t><\/div>\n\t\t\t\t\t\t\t\t\t\t\t<\/div>\n\t\t\t\t\t\t\t\t\t<\/div>\n\t\t\t\n\t\t\t\t\t\t\t\t\t\t<h4 >\n\t\t\t\t\tGest\u00e3o de Riscos\t\t\t\t<\/h4>\n\t\t\t\t\t\t\n\t\t\t\t\t\t\t<p class=\"text\" >\n\t\t\t\tTrata-se de um processo de trabalho de natureza permanente, estabelecido pela alta administra\u00e7\u00e3o, que contempla as atividades de identifica\u00e7\u00e3o, an\u00e1lise e avalia\u00e7\u00e3o de riscos, decis\u00f5es sobre estrat\u00e9gias de resposta a riscos, planejamento e execu\u00e7\u00e3o de a\u00e7\u00f5es para modificar o risco, al\u00e9m de monitoramento cont\u00ednuo e comunica\u00e7\u00e3o, com vistas ao efetivo alcance dos objetivos institucionais.\t\t\t<\/p>\n\t\t\t\t\t\t\t\t\t\t<a\n\t\t\t\t\thref=\"#\"\n\t\t\t\t\tclass=\"more-button\"\n\t\t\t\t\t\t\t\t\t>\n\t\t\t\t\tSaiba mais ...\t\t\t\t\t<i><\/i>\n\t\t\t\t<\/a>\n\t\t\t\t\t<\/div>\n\t\t<\/div><\/div><div id=\"pgc-190-0-2\"  class=\"panel-grid-cell\" ><div id=\"panel-190-0-2-0\" class=\"so-panel widget widget_circleicon-widget panel-first-child panel-last-child\" data-index=\"2\" >\t\t<div class=\"circle-icon-box circle-icon-position-top circle-icon-hide-box circle-icon-size-small \">\n\t\t\t\t\t\t\t<div class=\"circle-icon-wrapper\">\n\t\t\t\t\t\t\t\t\t\t<a href=\"https:\/\/wp.ufpel.edu.br\/ngc\/controle\/tomadas-de-contas-especiais\/\" class=\"link-icon\" >\t\t\t\t\t<div class=\"circle-icon\" >\n\t\t\t\t\t\t\t\t\t\t\t\t\t<div\n\t\t\t\t\t\t\t\tclass=\"fa fa-calculator\"\n\t\t\t\t\t\t\t\t\t\t\t\t\t\t\t><\/div>\n\t\t\t\t\t\t\t\t\t\t\t<\/div>\n\t\t\t\t\t<\/a>\t\t\t\t<\/div>\n\t\t\t\n\t\t\t\t\t\t\t<a\n\t\t\t\t\thref=\"https:\/\/wp.ufpel.edu.br\/ngc\/controle\/tomadas-de-contas-especiais\/\"\n\t\t\t\t\tclass=\"link-title\" \t\t\t\t>\n\t\t\t\t\t\t\t\t\t\t<h4 >\n\t\t\t\t\tTomada de Contas Especial\t\t\t\t<\/h4>\n\t\t\t\t\t\t\t\t\t\t<\/a>\n\t\t\t\n\t\t\t\t\t\t\t<p class=\"text\" >\n\t\t\t\tTomada de Contas Especial (TCE) \u00e9 um processo administrativo devidamente formalizado, com rito pr\u00f3prio, para apurar responsabilidade por ocorr\u00eancia de dano \u00e0 administra\u00e7\u00e3o p\u00fablica federal, com apura\u00e7\u00e3o de fatos, quantifica\u00e7\u00e3o do dano, identifica\u00e7\u00e3o dos respons\u00e1veis e obter o respectivo ressarcimento, conforme disp\u00f5e o art. 2\u00ba, caput, da IN\/TCU 71\/2012.\t\t\t<\/p>\n\t\t\t\t\t\t\t\t\t\t<a\n\t\t\t\t\thref=\"https:\/\/wp.ufpel.edu.br\/ngc\/controle\/tomadas-de-contas-especiais\/\"\n\t\t\t\t\tclass=\"more-button\"\n\t\t\t\t\t\t\t\t\t>\n\t\t\t\t\tSaiba mais ...\t\t\t\t\t<i><\/i>\n\t\t\t\t<\/a>\n\t\t\t\t\t<\/div>\n\t\t<\/div><\/div><\/div><div id=\"pg-190-1\"  class=\"panel-grid panel-no-style\" ><div id=\"pgc-190-1-0\"  class=\"panel-grid-cell\" ><div id=\"panel-190-1-0-0\" class=\"so-panel widget widget_headline-widget panel-first-child panel-last-child\" data-index=\"3\" >\t\t<h1>Governan\u00e7a e Gest\u00e3o de Riscos<\/h1>\n\t\t<div class=\"decoration\"><div class=\"decoration-inside\"><\/div><\/div>\n\t\t<h3>A UFPEL est\u00e1 dando um passo importante em rela\u00e7\u00e3o \u00e0 Governan\u00e7a e Gest\u00e3o de Riscos. Voc\u00ea j\u00e1 sabe o que \u00e9 Gest\u00e3o de Riscos? A Secretaria de Planejamento, Governan\u00e7a e Gest\u00e3o, unidade central do Sistema de Gest\u00e3o de Riscos do TCU, disponibiliza v\u00eddeos educativos para auxiliar o aprendizado sobre o tema e entender os conceitos a ele relacionados.   <\/h3>\n\t\t<\/div><\/div><\/div><div id=\"pg-190-2\"  class=\"panel-grid panel-has-style\" ><div class=\"wide-grey panel-row-style panel-row-style-for-190-2\" ><div id=\"pgc-190-2-0\"  class=\"panel-grid-cell\" ><div id=\"panel-190-2-0-0\" class=\"so-panel widget widget_sow-video panel-first-child panel-last-child\" data-index=\"4\" ><div\n\t\t\t\n\t\t\tclass=\"so-widget-sow-video so-widget-sow-video-default-c08170c47cfb-190\"\n\t\t\t\n\t\t>\n<div class=\"sow-video-wrapper\n\">\n\t\t\t<iframe loading=\"lazy\" title=\"O que \u00e9 gest\u00e3o de risco\" width=\"720\" height=\"405\" src=\"https:\/\/www.youtube.com\/embed\/S0KSrlOS__4?feature=oembed&enablejsapi=1\" frameborder=\"0\" allow=\"accelerometer; autoplay; clipboard-write; encrypted-media; gyroscope; picture-in-picture; web-share\" referrerpolicy=\"strict-origin-when-cross-origin\" allowfullscreen allowfullscreen mozallowfullscreen webkitallowfullscreen sandbox=\"allow-scripts allow-same-origin allow-presentation\"><\/iframe>\t<\/div>\n<\/div><\/div><\/div><div id=\"pgc-190-2-1\"  class=\"panel-grid-cell\" ><div id=\"panel-190-2-1-0\" class=\"so-panel widget widget_sow-video panel-first-child panel-last-child\" data-index=\"5\" ><div\n\t\t\t\n\t\t\tclass=\"so-widget-sow-video so-widget-sow-video-default-c08170c47cfb-190\"\n\t\t\t\n\t\t>\n<div class=\"sow-video-wrapper\n\">\n\t\t\t<iframe loading=\"lazy\" title=\"Gest\u00e3o de risco nas organiza\u00e7\u00f5es\" width=\"720\" height=\"405\" src=\"https:\/\/www.youtube.com\/embed\/_nl5OQnZnJc?feature=oembed&enablejsapi=1\" frameborder=\"0\" allow=\"accelerometer; autoplay; clipboard-write; encrypted-media; gyroscope; picture-in-picture; web-share\" referrerpolicy=\"strict-origin-when-cross-origin\" allowfullscreen allowfullscreen mozallowfullscreen webkitallowfullscreen sandbox=\"allow-scripts allow-same-origin allow-presentation\"><\/iframe>\t<\/div>\n<\/div><\/div><\/div><div id=\"pgc-190-2-2\"  class=\"panel-grid-cell\" ><div id=\"panel-190-2-2-0\" class=\"so-panel widget widget_sow-video panel-first-child panel-last-child\" data-index=\"6\" ><div\n\t\t\t\n\t\t\tclass=\"so-widget-sow-video so-widget-sow-video-default-c08170c47cfb-190\"\n\t\t\t\n\t\t>\n<div class=\"sow-video-wrapper\n\">\n\t\t\t<iframe loading=\"lazy\" title=\"Pol\u00edtica de Gest\u00e3o de Riscos do TCU\" width=\"720\" height=\"405\" src=\"https:\/\/www.youtube.com\/embed\/kmJQLMIuwyk?feature=oembed&enablejsapi=1\" frameborder=\"0\" allow=\"accelerometer; autoplay; clipboard-write; encrypted-media; gyroscope; picture-in-picture; web-share\" referrerpolicy=\"strict-origin-when-cross-origin\" allowfullscreen allowfullscreen mozallowfullscreen webkitallowfullscreen sandbox=\"allow-scripts allow-same-origin allow-presentation\"><\/iframe>\t<\/div>\n<\/div><\/div><\/div><div id=\"pgc-190-2-3\"  class=\"panel-grid-cell\" ><div id=\"panel-190-2-3-0\" class=\"so-panel widget widget_sow-video panel-first-child panel-last-child\" data-index=\"7\" ><div\n\t\t\t\n\t\t\tclass=\"so-widget-sow-video so-widget-sow-video-default-c08170c47cfb-190\"\n\t\t\t\n\t\t>\n<div class=\"sow-video-wrapper\n\">\n\t\t\t<iframe loading=\"lazy\" title=\"Gest\u00e3o de risco nas organiza\u00e7\u00f5es\" width=\"720\" height=\"405\" src=\"https:\/\/www.youtube.com\/embed\/_nl5OQnZnJc?feature=oembed&enablejsapi=1\" frameborder=\"0\" allow=\"accelerometer; autoplay; clipboard-write; encrypted-media; gyroscope; picture-in-picture; web-share\" referrerpolicy=\"strict-origin-when-cross-origin\" allowfullscreen allowfullscreen mozallowfullscreen webkitallowfullscreen sandbox=\"allow-scripts allow-same-origin allow-presentation\"><\/iframe>\t<\/div>\n<\/div><\/div><\/div><\/div><\/div><div id=\"pg-190-3\"  class=\"panel-grid panel-no-style\" ><div id=\"pgc-190-3-0\"  class=\"panel-grid-cell\" >\n\t\t<div id=\"panel-190-3-0-0\" class=\"so-panel widget widget_recent-posts widget_recent_entries panel-first-child panel-last-child\" data-index=\"8\" >\n\t\t<h3 class=\"widget-title\">\u00daltimos Posts<\/h3>\n\t\t<ul>\n\t\t\t\t\t\t\t\t\t\t\t<li>\n\t\t\t\t\t<a href=\"https:\/\/wp.ufpel.edu.br\/ngc\/2024\/10\/17\/pro-reitoria-de-gestao-de-pessoas-oferta-curso-de-gestao-de-riscos\/\">Pr\u00f3-Reitoria de Gest\u00e3o de Pessoas oferta curso de Gest\u00e3o de Riscos<\/a>\n\t\t\t\t\t\t\t\t\t\t\t<span class=\"post-date\">17\/10\/2024<\/span>\n\t\t\t\t\t\t\t\t\t<\/li>\n\t\t\t\t\t<\/ul>\n\n\t\t<\/div><\/div><div id=\"pgc-190-3-1\"  class=\"panel-grid-cell\" ><div id=\"panel-190-3-1-0\" class=\"so-panel widget widget_previsaoinst-widget previsao-cppmet panel-first-child panel-last-child\" data-index=\"9\" ><h3 class=\"widget-title\">Tempo em Pelotas, RS<\/h3><div class=\"previsao-conteudo\">\t\t\t<div class=\"previsao-bloco\">\n\t\t\t\t<div class=\"previsao-dia\">Quinta<\/div>\n\t\t\t\t<i class=\"previsao-icone previsao-icone-6\" title=\"C\u00e9u nublado com pancadas de chuva e trovoadas. Ventos de nordeste\/norte, fracos a moderados com rajadas\"> <\/i>\n\t\t\t\t<div class=\"previsao-maxima\">25<\/div>\n\t\t\t\t<div class=\"previsao-minima\">20<\/div>\n\t\t\t<\/div>\n\t\t\t<div class=\"previsao-bloco\">\n\t\t\t\t<div class=\"previsao-dia\">Sexta<\/div>\n\t\t\t\t<i class=\"previsao-icone previsao-icone-9\" title=\"C\u00e9u nublado passando a parcialmente nublado  . sujeito a pancadas de chuva entre a madrugada e a manh\u00e3. temperatura m\u00ednima no final do per\u00edodo.. Ventos de noroeste\/oeste, fracos a moderados com rajadas ocasionais\"> <\/i>\n\t\t\t\t<div class=\"previsao-maxima\">25<\/div>\n\t\t\t\t<div class=\"previsao-minima\">18<\/div>\n\t\t\t<\/div>\n\t\t\t<div class=\"previsao-bloco\">\n\t\t\t\t<div class=\"previsao-dia\">S\u00e1bado<\/div>\n\t\t\t\t<i class=\"previsao-icone previsao-icone-7\" title=\"C\u00e9u parcialmente nublado passando a claro. Ventos de oeste\/sudoeste, fracos a moderados com rajadas ocasionais at\u00e9 a tarde\"> <\/i>\n\t\t\t\t<div class=\"previsao-maxima\">25<\/div>\n\t\t\t\t<div class=\"previsao-minima\">16<\/div>\n\t\t\t<\/div>\n<\/div><div class=\"previsao-info\"><a href=\"https:\/\/cppmet.ufpel.edu.br\" target=\"_blank\">Fonte: CPPMet \/ UFPel<\/a><\/div><\/div><\/div><\/div><\/div>","protected":false},"excerpt":{"rendered":"<p>Governan\u00e7a Governan\u00e7a p\u00fablica organizacional compreende essencialmente os mecanismos de lideran\u00e7a, estrat\u00e9gia e controle postos em pr\u00e1tica para avaliar, direcionar e monitorar a atua\u00e7\u00e3o da gest\u00e3o, com vistas \u00e0 condu\u00e7\u00e3o de pol\u00edticas p\u00fablicas e \u00e0 presta\u00e7\u00e3o de servi\u00e7os de interesse da sociedade. Governan\u00e7a n\u00e3o \u00e9 o mesmo que gest\u00e3o. Enquanto a governan\u00e7a \u00e9 a fun\u00e7\u00e3o direcionadora, [&hellip;]<\/p>\n","protected":false},"author":1242,"featured_media":0,"parent":0,"menu_order":0,"comment_status":"closed","ping_status":"closed","template":"home-panels.php","meta":{"footnotes":""},"class_list":["post-190","page","type-page","status-publish","hentry","post"],"yoast_head":"<!-- This site is optimized with the Yoast SEO plugin v26.7 - https:\/\/yoast.com\/wordpress\/plugins\/seo\/ -->\n<title>P\u00e1gina Inicial - N\u00facleo de Governan\u00e7a e Controle - NGC<\/title>\n<meta name=\"robots\" content=\"index, follow, max-snippet:-1, max-image-preview:large, max-video-preview:-1\" \/>\n<link rel=\"canonical\" href=\"https:\/\/wp.ufpel.edu.br\/ngc\/\" \/>\n<meta property=\"og:locale\" content=\"pt_BR\" \/>\n<meta property=\"og:type\" content=\"article\" \/>\n<meta property=\"og:title\" content=\"P\u00e1gina Inicial - N\u00facleo de Governan\u00e7a e Controle - NGC\" \/>\n<meta property=\"og:description\" content=\"Governan\u00e7a Governan\u00e7a p\u00fablica organizacional compreende essencialmente os mecanismos de lideran\u00e7a, estrat\u00e9gia e controle postos em pr\u00e1tica para avaliar, direcionar e monitorar a atua\u00e7\u00e3o da gest\u00e3o, com vistas \u00e0 condu\u00e7\u00e3o de pol\u00edticas p\u00fablicas e \u00e0 presta\u00e7\u00e3o de servi\u00e7os de interesse da sociedade. Governan\u00e7a n\u00e3o \u00e9 o mesmo que gest\u00e3o. Enquanto a governan\u00e7a \u00e9 a fun\u00e7\u00e3o direcionadora, [&hellip;]\" \/>\n<meta property=\"og:url\" content=\"https:\/\/wp.ufpel.edu.br\/ngc\/\" \/>\n<meta property=\"og:site_name\" content=\"N\u00facleo de Governan\u00e7a e Controle - NGC\" \/>\n<meta property=\"article:modified_time\" content=\"2024-10-17T14:01:24+00:00\" \/>\n<meta name=\"twitter:card\" content=\"summary_large_image\" \/>\n<script type=\"application\/ld+json\" class=\"yoast-schema-graph\">{\"@context\":\"https:\/\/schema.org\",\"@graph\":[{\"@type\":\"WebPage\",\"@id\":\"https:\/\/wp.ufpel.edu.br\/ngc\/\",\"url\":\"https:\/\/wp.ufpel.edu.br\/ngc\/\",\"name\":\"P\u00e1gina Inicial - N\u00facleo de Governan\u00e7a e Controle - NGC\",\"isPartOf\":{\"@id\":\"https:\/\/wp.ufpel.edu.br\/ngc\/#website\"},\"datePublished\":\"2023-09-13T22:02:06+00:00\",\"dateModified\":\"2024-10-17T14:01:24+00:00\",\"breadcrumb\":{\"@id\":\"https:\/\/wp.ufpel.edu.br\/ngc\/#breadcrumb\"},\"inLanguage\":\"pt-BR\",\"potentialAction\":[{\"@type\":\"ReadAction\",\"target\":[\"https:\/\/wp.ufpel.edu.br\/ngc\/\"]}]},{\"@type\":\"BreadcrumbList\",\"@id\":\"https:\/\/wp.ufpel.edu.br\/ngc\/#breadcrumb\",\"itemListElement\":[{\"@type\":\"ListItem\",\"position\":1,\"name\":\"In\u00edcio\",\"item\":\"https:\/\/wp.ufpel.edu.br\/ngc\/\"},{\"@type\":\"ListItem\",\"position\":2,\"name\":\"P\u00e1gina Inicial\"}]},{\"@type\":\"WebSite\",\"@id\":\"https:\/\/wp.ufpel.edu.br\/ngc\/#website\",\"url\":\"https:\/\/wp.ufpel.edu.br\/ngc\/\",\"name\":\"N\u00facleo de Governan\u00e7a e Controle - NGC\",\"description\":\"Universidade Federal de Pelotas\",\"publisher\":{\"@id\":\"https:\/\/wp.ufpel.edu.br\/ngc\/#organization\"},\"potentialAction\":[{\"@type\":\"SearchAction\",\"target\":{\"@type\":\"EntryPoint\",\"urlTemplate\":\"https:\/\/wp.ufpel.edu.br\/ngc\/?s={search_term_string}\"},\"query-input\":{\"@type\":\"PropertyValueSpecification\",\"valueRequired\":true,\"valueName\":\"search_term_string\"}}],\"inLanguage\":\"pt-BR\"},{\"@type\":\"Organization\",\"@id\":\"https:\/\/wp.ufpel.edu.br\/ngc\/#organization\",\"name\":\"N\u00facleo de Governan\u00e7a e Controle - NGC\",\"url\":\"https:\/\/wp.ufpel.edu.br\/ngc\/\",\"logo\":{\"@type\":\"ImageObject\",\"inLanguage\":\"pt-BR\",\"@id\":\"https:\/\/wp.ufpel.edu.br\/ngc\/#\/schema\/logo\/image\/\",\"url\":\"https:\/\/wp.ufpel.edu.br\/ngc\/files\/2023\/09\/cropped-Escudo-Colorido-UFPEL_10042014.png\",\"contentUrl\":\"https:\/\/wp.ufpel.edu.br\/ngc\/files\/2023\/09\/cropped-Escudo-Colorido-UFPEL_10042014.png\",\"width\":512,\"height\":512,\"caption\":\"N\u00facleo de Governan\u00e7a e Controle - NGC\"},\"image\":{\"@id\":\"https:\/\/wp.ufpel.edu.br\/ngc\/#\/schema\/logo\/image\/\"}}]}<\/script>\n<!-- \/ Yoast SEO plugin. -->","yoast_head_json":{"title":"P\u00e1gina Inicial - N\u00facleo de Governan\u00e7a e Controle - NGC","robots":{"index":"index","follow":"follow","max-snippet":"max-snippet:-1","max-image-preview":"max-image-preview:large","max-video-preview":"max-video-preview:-1"},"canonical":"https:\/\/wp.ufpel.edu.br\/ngc\/","og_locale":"pt_BR","og_type":"article","og_title":"P\u00e1gina Inicial - N\u00facleo de Governan\u00e7a e Controle - NGC","og_description":"Governan\u00e7a Governan\u00e7a p\u00fablica organizacional compreende essencialmente os mecanismos de lideran\u00e7a, estrat\u00e9gia e controle postos em pr\u00e1tica para avaliar, direcionar e monitorar a atua\u00e7\u00e3o da gest\u00e3o, com vistas \u00e0 condu\u00e7\u00e3o de pol\u00edticas p\u00fablicas e \u00e0 presta\u00e7\u00e3o de servi\u00e7os de interesse da sociedade. Governan\u00e7a n\u00e3o \u00e9 o mesmo que gest\u00e3o. Enquanto a governan\u00e7a \u00e9 a fun\u00e7\u00e3o direcionadora, [&hellip;]","og_url":"https:\/\/wp.ufpel.edu.br\/ngc\/","og_site_name":"N\u00facleo de Governan\u00e7a e Controle - NGC","article_modified_time":"2024-10-17T14:01:24+00:00","twitter_card":"summary_large_image","schema":{"@context":"https:\/\/schema.org","@graph":[{"@type":"WebPage","@id":"https:\/\/wp.ufpel.edu.br\/ngc\/","url":"https:\/\/wp.ufpel.edu.br\/ngc\/","name":"P\u00e1gina Inicial - N\u00facleo de Governan\u00e7a e Controle - NGC","isPartOf":{"@id":"https:\/\/wp.ufpel.edu.br\/ngc\/#website"},"datePublished":"2023-09-13T22:02:06+00:00","dateModified":"2024-10-17T14:01:24+00:00","breadcrumb":{"@id":"https:\/\/wp.ufpel.edu.br\/ngc\/#breadcrumb"},"inLanguage":"pt-BR","potentialAction":[{"@type":"ReadAction","target":["https:\/\/wp.ufpel.edu.br\/ngc\/"]}]},{"@type":"BreadcrumbList","@id":"https:\/\/wp.ufpel.edu.br\/ngc\/#breadcrumb","itemListElement":[{"@type":"ListItem","position":1,"name":"In\u00edcio","item":"https:\/\/wp.ufpel.edu.br\/ngc\/"},{"@type":"ListItem","position":2,"name":"P\u00e1gina Inicial"}]},{"@type":"WebSite","@id":"https:\/\/wp.ufpel.edu.br\/ngc\/#website","url":"https:\/\/wp.ufpel.edu.br\/ngc\/","name":"N\u00facleo de Governan\u00e7a e Controle - NGC","description":"Universidade Federal de Pelotas","publisher":{"@id":"https:\/\/wp.ufpel.edu.br\/ngc\/#organization"},"potentialAction":[{"@type":"SearchAction","target":{"@type":"EntryPoint","urlTemplate":"https:\/\/wp.ufpel.edu.br\/ngc\/?s={search_term_string}"},"query-input":{"@type":"PropertyValueSpecification","valueRequired":true,"valueName":"search_term_string"}}],"inLanguage":"pt-BR"},{"@type":"Organization","@id":"https:\/\/wp.ufpel.edu.br\/ngc\/#organization","name":"N\u00facleo de Governan\u00e7a e Controle - NGC","url":"https:\/\/wp.ufpel.edu.br\/ngc\/","logo":{"@type":"ImageObject","inLanguage":"pt-BR","@id":"https:\/\/wp.ufpel.edu.br\/ngc\/#\/schema\/logo\/image\/","url":"https:\/\/wp.ufpel.edu.br\/ngc\/files\/2023\/09\/cropped-Escudo-Colorido-UFPEL_10042014.png","contentUrl":"https:\/\/wp.ufpel.edu.br\/ngc\/files\/2023\/09\/cropped-Escudo-Colorido-UFPEL_10042014.png","width":512,"height":512,"caption":"N\u00facleo de Governan\u00e7a e Controle - NGC"},"image":{"@id":"https:\/\/wp.ufpel.edu.br\/ngc\/#\/schema\/logo\/image\/"}}]}},"_links":{"self":[{"href":"https:\/\/wp.ufpel.edu.br\/ngc\/wp-json\/wp\/v2\/pages\/190","targetHints":{"allow":["GET"]}}],"collection":[{"href":"https:\/\/wp.ufpel.edu.br\/ngc\/wp-json\/wp\/v2\/pages"}],"about":[{"href":"https:\/\/wp.ufpel.edu.br\/ngc\/wp-json\/wp\/v2\/types\/page"}],"author":[{"embeddable":true,"href":"https:\/\/wp.ufpel.edu.br\/ngc\/wp-json\/wp\/v2\/users\/1242"}],"replies":[{"embeddable":true,"href":"https:\/\/wp.ufpel.edu.br\/ngc\/wp-json\/wp\/v2\/comments?post=190"}],"version-history":[{"count":1,"href":"https:\/\/wp.ufpel.edu.br\/ngc\/wp-json\/wp\/v2\/pages\/190\/revisions"}],"predecessor-version":[{"id":216,"href":"https:\/\/wp.ufpel.edu.br\/ngc\/wp-json\/wp\/v2\/pages\/190\/revisions\/216"}],"wp:attachment":[{"href":"https:\/\/wp.ufpel.edu.br\/ngc\/wp-json\/wp\/v2\/media?parent=190"}],"curies":[{"name":"wp","href":"https:\/\/api.w.org\/{rel}","templated":true}]}}