{"id":113,"date":"2022-06-29T15:19:14","date_gmt":"2022-06-29T18:19:14","guid":{"rendered":"https:\/\/wp.ufpel.edu.br\/ngc\/?page_id=113"},"modified":"2025-07-15T16:02:42","modified_gmt":"2025-07-15T19:02:42","slug":"cgrci","status":"publish","type":"page","link":"https:\/\/wp.ufpel.edu.br\/ngc\/governanca\/estrutura-de-governanca\/comites-tematicos\/cgrci\/","title":{"rendered":"CGRCI"},"content":{"rendered":"<p style=\"text-align: justify;\">O <strong>Comit\u00ea de Gest\u00e3o de Riscos e Controles Internos<\/strong> tem por finalidade a identifica\u00e7\u00e3o, avalia\u00e7\u00e3o, tratamento, monitoramento e an\u00e1lise cr\u00edtica de riscos que possam impactar a implementa\u00e7\u00e3o da estrat\u00e9gia e a consecu\u00e7\u00e3o dos objetivos da organiza\u00e7\u00e3o no cumprimento da sua miss\u00e3o institucional, al\u00e9m de orientar controles internos proporcionais aos referidos riscos, de maneira a considerar suas causas, fontes, consequ\u00eancias e impactos, observada a rela\u00e7\u00e3o custo-benef\u00edcio.<\/p>\n<ul>\n<li class=\"Texto_Justificado_Recuo_Primeira_Linha\">Constitu\u00eddo pela\u00a0<a href=\"https:\/\/sei.ufpel.edu.br\/sei\/publicacoes\/controlador_publicacoes.php?acao=publicacao_visualizar&amp;id_documento=1786808&amp;id_orgao_publicacao=0\" target=\"_blank\" rel=\"noopener\">Portaria n\u00ba 230, de 08 de Fevereiro de 2022<\/a>;<\/li>\n<li class=\"Texto_Justificado_Recuo_Primeira_Linha\">Alterado pelas seguintes Portarias:\n<ul>\n<li><a href=\"https:\/\/sippag.ufpel.edu.br\/portarias\/visualizar\/?pk=1468&amp;ano=2023&amp;numero=1192&amp;hash=c579020e209a2dc17f3478eb796a28df\" target=\"_blank\" rel=\"noopener\">Portaria de Pessoal n\u00ba 1192\/UFPEL, de 14 de abril de 2023;<\/a><\/li>\n<li><a href=\"https:\/\/sippag.ufpel.edu.br\/portarias\/visualizar\/?pk=12685&amp;ano=2025&amp;numero=1259&amp;hash=da705d09f3f7974531798844bb723549\" target=\"_blank\" rel=\"noopener\">Portaria de Pessoal n\u00ba 1259\/UFPEL, de 07 de Abril de 2025.<\/a><\/li>\n<\/ul>\n<\/li>\n<\/ul>\n<p><a href=\"https:\/\/sei.ufpel.edu.br\/sei\/publicacoes\/controlador_publicacoes.php?acao=publicacao_visualizar&amp;id_documento=2802857&amp;id_orgao_publicacao=0\">Portaria n\u00ba 81, de 18 de Janeiro de 2024<\/a> &#8211; Aprova o Regimento Interno do Comit\u00ea de Gest\u00e3o de Riscos e Controles Internos.<\/p>\n<p class=\"Texto_Justificado_Recuo_Primeira_Linha\">O Comit\u00ea \u00e9 composto de acordo com o Art. 39 da <a href=\"https:\/\/sei.ufpel.edu.br\/sei\/publicacoes\/controlador_publicacoes.php?acao=publicacao_visualizar&amp;id_documento=1786609&amp;id_orgao_publicacao=0\" target=\"_blank\" rel=\"noopener\">Portaria n\u00ba 228, de 08 de fevereiro de 2022<\/a>:<\/p>\n<p>I \u2013 Pr\u00f3-Reitor(a) de Planejamento e Desenvolvimento (presidente);<br \/>\nII \u2013 Chefe do N\u00facleo de Governan\u00e7a e Controle;<br \/>\nIII \u2013 Chefe do Escrit\u00f3rio de Processos;<br \/>\nIV \u2013 um(a) representante da Pr\u00f3-Reitoria Administrativa e seu(sua) suplente;<br \/>\nV \u2013 um(a) representante da Pr\u00f3-Reitoria de Ensino e seu(sua) suplente;<br \/>\nVI \u2013 um(a) representante da Pr\u00f3-Reitoria de Pesquisa e P\u00f3s-Gradua\u00e7\u00e3o e seu(sua) suplente;<br \/>\nVII \u2013 um(a) representante da Pr\u00f3-Reitoria de Extens\u00e3o e Cultura e seu(sua) suplente; e<br \/>\nVIII \u2013 um(a) representante da Pr\u00f3-Reitoria de Assuntos Estudantis e seu(sua) suplente.<\/p>\n<p>\u00a71\u00ba Os(as) representantes referidos(as) nos incisos IV, V, VI, VII e VIII, respectivamente, ser\u00e3o indicados(as) pela Pr\u00f3-Reitoria Administrativa, Pr\u00f3-Reitoria de Ensino, Pr\u00f3-Reitoria de Pesquisa e P\u00f3s-Gradua\u00e7\u00e3o, Pr\u00f3-Reitoria de Extens\u00e3o e Cultura e Pr\u00f3-Reitoria de Assuntos Estudantis.<br \/>\n\u00a72\u00ba Os membros a que se referem os incisos IV, V, VI, VII e VIII dever\u00e3o ser integrados ao Comit\u00ea por meio de Portaria do(a) Reitor(a).<br \/>\n\u00a73\u00ba Nas faltas e impedimentos dos(as) titulares, a que se referem os incisos I, II e III, os(as) seus(suas) suplentes, que s\u00e3o os(as) respectivos(as) substitutos(as) eventuais, os(as) representar\u00e3o nas reuni\u00f5es.<\/p>\n","protected":false},"excerpt":{"rendered":"<p>O Comit\u00ea de Gest\u00e3o de Riscos e Controles Internos tem por finalidade a identifica\u00e7\u00e3o, avalia\u00e7\u00e3o, tratamento, monitoramento e an\u00e1lise cr\u00edtica de riscos que possam impactar a implementa\u00e7\u00e3o da estrat\u00e9gia e a consecu\u00e7\u00e3o dos objetivos da organiza\u00e7\u00e3o no cumprimento da sua miss\u00e3o institucional, al\u00e9m de orientar controles internos proporcionais aos referidos riscos, de maneira a considerar [&hellip;]<\/p>\n","protected":false},"author":1242,"featured_media":0,"parent":95,"menu_order":6,"comment_status":"closed","ping_status":"closed","template":"","meta":{"footnotes":""},"class_list":["post-113","page","type-page","status-publish","hentry","post"],"yoast_head":"<!-- This site is optimized with the Yoast SEO plugin v26.7 - https:\/\/yoast.com\/wordpress\/plugins\/seo\/ -->\n<title>CGRCI - N\u00facleo de Governan\u00e7a e Controle - NGC<\/title>\n<meta name=\"robots\" content=\"index, follow, max-snippet:-1, max-image-preview:large, max-video-preview:-1\" \/>\n<link rel=\"canonical\" href=\"https:\/\/wp.ufpel.edu.br\/ngc\/governanca\/estrutura-de-governanca\/comites-tematicos\/cgrci\/\" \/>\n<meta property=\"og:locale\" content=\"pt_BR\" \/>\n<meta property=\"og:type\" content=\"article\" \/>\n<meta property=\"og:title\" content=\"CGRCI - N\u00facleo de Governan\u00e7a e Controle - NGC\" \/>\n<meta property=\"og:description\" content=\"O Comit\u00ea de Gest\u00e3o de Riscos e Controles Internos tem por finalidade a identifica\u00e7\u00e3o, avalia\u00e7\u00e3o, tratamento, monitoramento e an\u00e1lise cr\u00edtica de riscos que possam impactar a implementa\u00e7\u00e3o da estrat\u00e9gia e a consecu\u00e7\u00e3o dos objetivos da organiza\u00e7\u00e3o no cumprimento da sua miss\u00e3o institucional, al\u00e9m de orientar controles internos proporcionais aos referidos riscos, de maneira a considerar [&hellip;]\" \/>\n<meta property=\"og:url\" content=\"https:\/\/wp.ufpel.edu.br\/ngc\/governanca\/estrutura-de-governanca\/comites-tematicos\/cgrci\/\" \/>\n<meta property=\"og:site_name\" content=\"N\u00facleo de Governan\u00e7a e Controle - NGC\" \/>\n<meta property=\"article:modified_time\" content=\"2025-07-15T19:02:42+00:00\" \/>\n<meta name=\"twitter:card\" content=\"summary_large_image\" \/>\n<meta name=\"twitter:label1\" content=\"Est. tempo de leitura\" \/>\n\t<meta name=\"twitter:data1\" content=\"2 minutos\" \/>\n<script type=\"application\/ld+json\" class=\"yoast-schema-graph\">{\"@context\":\"https:\/\/schema.org\",\"@graph\":[{\"@type\":\"WebPage\",\"@id\":\"https:\/\/wp.ufpel.edu.br\/ngc\/governanca\/estrutura-de-governanca\/comites-tematicos\/cgrci\/\",\"url\":\"https:\/\/wp.ufpel.edu.br\/ngc\/governanca\/estrutura-de-governanca\/comites-tematicos\/cgrci\/\",\"name\":\"CGRCI - N\u00facleo de Governan\u00e7a e Controle - NGC\",\"isPartOf\":{\"@id\":\"https:\/\/wp.ufpel.edu.br\/ngc\/#website\"},\"datePublished\":\"2022-06-29T18:19:14+00:00\",\"dateModified\":\"2025-07-15T19:02:42+00:00\",\"breadcrumb\":{\"@id\":\"https:\/\/wp.ufpel.edu.br\/ngc\/governanca\/estrutura-de-governanca\/comites-tematicos\/cgrci\/#breadcrumb\"},\"inLanguage\":\"pt-BR\",\"potentialAction\":[{\"@type\":\"ReadAction\",\"target\":[\"https:\/\/wp.ufpel.edu.br\/ngc\/governanca\/estrutura-de-governanca\/comites-tematicos\/cgrci\/\"]}]},{\"@type\":\"BreadcrumbList\",\"@id\":\"https:\/\/wp.ufpel.edu.br\/ngc\/governanca\/estrutura-de-governanca\/comites-tematicos\/cgrci\/#breadcrumb\",\"itemListElement\":[{\"@type\":\"ListItem\",\"position\":1,\"name\":\"In\u00edcio\",\"item\":\"https:\/\/wp.ufpel.edu.br\/ngc\/\"},{\"@type\":\"ListItem\",\"position\":2,\"name\":\"Governan\u00e7a\",\"item\":\"https:\/\/wp.ufpel.edu.br\/ngc\/governanca\/\"},{\"@type\":\"ListItem\",\"position\":3,\"name\":\"Estrutura de Governan\u00e7a\",\"item\":\"https:\/\/wp.ufpel.edu.br\/ngc\/governanca\/estrutura-de-governanca\/\"},{\"@type\":\"ListItem\",\"position\":4,\"name\":\"Comit\u00eas Tem\u00e1ticos\",\"item\":\"https:\/\/wp.ufpel.edu.br\/ngc\/governanca\/estrutura-de-governanca\/comites-tematicos\/\"},{\"@type\":\"ListItem\",\"position\":5,\"name\":\"CGRCI\"}]},{\"@type\":\"WebSite\",\"@id\":\"https:\/\/wp.ufpel.edu.br\/ngc\/#website\",\"url\":\"https:\/\/wp.ufpel.edu.br\/ngc\/\",\"name\":\"N\u00facleo de Governan\u00e7a e Controle - NGC\",\"description\":\"Universidade Federal de Pelotas\",\"publisher\":{\"@id\":\"https:\/\/wp.ufpel.edu.br\/ngc\/#organization\"},\"potentialAction\":[{\"@type\":\"SearchAction\",\"target\":{\"@type\":\"EntryPoint\",\"urlTemplate\":\"https:\/\/wp.ufpel.edu.br\/ngc\/?s={search_term_string}\"},\"query-input\":{\"@type\":\"PropertyValueSpecification\",\"valueRequired\":true,\"valueName\":\"search_term_string\"}}],\"inLanguage\":\"pt-BR\"},{\"@type\":\"Organization\",\"@id\":\"https:\/\/wp.ufpel.edu.br\/ngc\/#organization\",\"name\":\"N\u00facleo de Governan\u00e7a e Controle - NGC\",\"url\":\"https:\/\/wp.ufpel.edu.br\/ngc\/\",\"logo\":{\"@type\":\"ImageObject\",\"inLanguage\":\"pt-BR\",\"@id\":\"https:\/\/wp.ufpel.edu.br\/ngc\/#\/schema\/logo\/image\/\",\"url\":\"https:\/\/wp.ufpel.edu.br\/ngc\/files\/2023\/09\/cropped-Escudo-Colorido-UFPEL_10042014.png\",\"contentUrl\":\"https:\/\/wp.ufpel.edu.br\/ngc\/files\/2023\/09\/cropped-Escudo-Colorido-UFPEL_10042014.png\",\"width\":512,\"height\":512,\"caption\":\"N\u00facleo de Governan\u00e7a e Controle - NGC\"},\"image\":{\"@id\":\"https:\/\/wp.ufpel.edu.br\/ngc\/#\/schema\/logo\/image\/\"}}]}<\/script>\n<!-- \/ Yoast SEO plugin. -->","yoast_head_json":{"title":"CGRCI - N\u00facleo de Governan\u00e7a e Controle - NGC","robots":{"index":"index","follow":"follow","max-snippet":"max-snippet:-1","max-image-preview":"max-image-preview:large","max-video-preview":"max-video-preview:-1"},"canonical":"https:\/\/wp.ufpel.edu.br\/ngc\/governanca\/estrutura-de-governanca\/comites-tematicos\/cgrci\/","og_locale":"pt_BR","og_type":"article","og_title":"CGRCI - N\u00facleo de Governan\u00e7a e Controle - NGC","og_description":"O Comit\u00ea de Gest\u00e3o de Riscos e Controles Internos tem por finalidade a identifica\u00e7\u00e3o, avalia\u00e7\u00e3o, tratamento, monitoramento e an\u00e1lise cr\u00edtica de riscos que possam impactar a implementa\u00e7\u00e3o da estrat\u00e9gia e a consecu\u00e7\u00e3o dos objetivos da organiza\u00e7\u00e3o no cumprimento da sua miss\u00e3o institucional, al\u00e9m de orientar controles internos proporcionais aos referidos riscos, de maneira a considerar [&hellip;]","og_url":"https:\/\/wp.ufpel.edu.br\/ngc\/governanca\/estrutura-de-governanca\/comites-tematicos\/cgrci\/","og_site_name":"N\u00facleo de Governan\u00e7a e Controle - NGC","article_modified_time":"2025-07-15T19:02:42+00:00","twitter_card":"summary_large_image","twitter_misc":{"Est. tempo de leitura":"2 minutos"},"schema":{"@context":"https:\/\/schema.org","@graph":[{"@type":"WebPage","@id":"https:\/\/wp.ufpel.edu.br\/ngc\/governanca\/estrutura-de-governanca\/comites-tematicos\/cgrci\/","url":"https:\/\/wp.ufpel.edu.br\/ngc\/governanca\/estrutura-de-governanca\/comites-tematicos\/cgrci\/","name":"CGRCI - N\u00facleo de Governan\u00e7a e Controle - NGC","isPartOf":{"@id":"https:\/\/wp.ufpel.edu.br\/ngc\/#website"},"datePublished":"2022-06-29T18:19:14+00:00","dateModified":"2025-07-15T19:02:42+00:00","breadcrumb":{"@id":"https:\/\/wp.ufpel.edu.br\/ngc\/governanca\/estrutura-de-governanca\/comites-tematicos\/cgrci\/#breadcrumb"},"inLanguage":"pt-BR","potentialAction":[{"@type":"ReadAction","target":["https:\/\/wp.ufpel.edu.br\/ngc\/governanca\/estrutura-de-governanca\/comites-tematicos\/cgrci\/"]}]},{"@type":"BreadcrumbList","@id":"https:\/\/wp.ufpel.edu.br\/ngc\/governanca\/estrutura-de-governanca\/comites-tematicos\/cgrci\/#breadcrumb","itemListElement":[{"@type":"ListItem","position":1,"name":"In\u00edcio","item":"https:\/\/wp.ufpel.edu.br\/ngc\/"},{"@type":"ListItem","position":2,"name":"Governan\u00e7a","item":"https:\/\/wp.ufpel.edu.br\/ngc\/governanca\/"},{"@type":"ListItem","position":3,"name":"Estrutura de Governan\u00e7a","item":"https:\/\/wp.ufpel.edu.br\/ngc\/governanca\/estrutura-de-governanca\/"},{"@type":"ListItem","position":4,"name":"Comit\u00eas Tem\u00e1ticos","item":"https:\/\/wp.ufpel.edu.br\/ngc\/governanca\/estrutura-de-governanca\/comites-tematicos\/"},{"@type":"ListItem","position":5,"name":"CGRCI"}]},{"@type":"WebSite","@id":"https:\/\/wp.ufpel.edu.br\/ngc\/#website","url":"https:\/\/wp.ufpel.edu.br\/ngc\/","name":"N\u00facleo de Governan\u00e7a e Controle - NGC","description":"Universidade Federal de Pelotas","publisher":{"@id":"https:\/\/wp.ufpel.edu.br\/ngc\/#organization"},"potentialAction":[{"@type":"SearchAction","target":{"@type":"EntryPoint","urlTemplate":"https:\/\/wp.ufpel.edu.br\/ngc\/?s={search_term_string}"},"query-input":{"@type":"PropertyValueSpecification","valueRequired":true,"valueName":"search_term_string"}}],"inLanguage":"pt-BR"},{"@type":"Organization","@id":"https:\/\/wp.ufpel.edu.br\/ngc\/#organization","name":"N\u00facleo de Governan\u00e7a e Controle - NGC","url":"https:\/\/wp.ufpel.edu.br\/ngc\/","logo":{"@type":"ImageObject","inLanguage":"pt-BR","@id":"https:\/\/wp.ufpel.edu.br\/ngc\/#\/schema\/logo\/image\/","url":"https:\/\/wp.ufpel.edu.br\/ngc\/files\/2023\/09\/cropped-Escudo-Colorido-UFPEL_10042014.png","contentUrl":"https:\/\/wp.ufpel.edu.br\/ngc\/files\/2023\/09\/cropped-Escudo-Colorido-UFPEL_10042014.png","width":512,"height":512,"caption":"N\u00facleo de Governan\u00e7a e Controle - NGC"},"image":{"@id":"https:\/\/wp.ufpel.edu.br\/ngc\/#\/schema\/logo\/image\/"}}]}},"_links":{"self":[{"href":"https:\/\/wp.ufpel.edu.br\/ngc\/wp-json\/wp\/v2\/pages\/113","targetHints":{"allow":["GET"]}}],"collection":[{"href":"https:\/\/wp.ufpel.edu.br\/ngc\/wp-json\/wp\/v2\/pages"}],"about":[{"href":"https:\/\/wp.ufpel.edu.br\/ngc\/wp-json\/wp\/v2\/types\/page"}],"author":[{"embeddable":true,"href":"https:\/\/wp.ufpel.edu.br\/ngc\/wp-json\/wp\/v2\/users\/1242"}],"replies":[{"embeddable":true,"href":"https:\/\/wp.ufpel.edu.br\/ngc\/wp-json\/wp\/v2\/comments?post=113"}],"version-history":[{"count":11,"href":"https:\/\/wp.ufpel.edu.br\/ngc\/wp-json\/wp\/v2\/pages\/113\/revisions"}],"predecessor-version":[{"id":498,"href":"https:\/\/wp.ufpel.edu.br\/ngc\/wp-json\/wp\/v2\/pages\/113\/revisions\/498"}],"up":[{"embeddable":true,"href":"https:\/\/wp.ufpel.edu.br\/ngc\/wp-json\/wp\/v2\/pages\/95"}],"wp:attachment":[{"href":"https:\/\/wp.ufpel.edu.br\/ngc\/wp-json\/wp\/v2\/media?parent=113"}],"curies":[{"name":"wp","href":"https:\/\/api.w.org\/{rel}","templated":true}]}}