{"id":110,"date":"2022-06-29T15:18:30","date_gmt":"2022-06-29T18:18:30","guid":{"rendered":"https:\/\/wp.ufpel.edu.br\/ngc\/?page_id=110"},"modified":"2025-07-15T17:36:34","modified_gmt":"2025-07-15T20:36:34","slug":"csic","status":"publish","type":"page","link":"https:\/\/wp.ufpel.edu.br\/ngc\/governanca\/estrutura-de-governanca\/comites-tematicos\/csic\/","title":{"rendered":"CSIC"},"content":{"rendered":"<p style=\"text-align: justify;\">O <strong>Comit\u00ea de Seguran\u00e7a da Informa\u00e7\u00e3o e Comunica\u00e7\u00f5es<\/strong>, regido pelos termos da Resolu\u00e7\u00e3o do CONSUN n\u00ba 41, de 26 de novembro de 2020, tem por finalidade definir a Pol\u00edtica de Seguran\u00e7a da Informa\u00e7\u00e3o e Comunica\u00e7\u00f5es (POSIC), supervisionar a sua implementa\u00e7\u00e3o e avaliar seus resultados de acordo com as necessidades pol\u00edtico-pedag\u00f3gicas, t\u00e9cnico-cient\u00edficas e de gest\u00e3o administrativa da Comunidade Acad\u00eamica desta Universidade.<\/p>\n<p>Constitu\u00eddo pela\u00a0<a href=\"https:\/\/reitoria.ufpel.edu.br\/portarias\/arquivos\/2393_2013.pdf\" target=\"_blank\" rel=\"noopener\">Portaria n\u00ba 2393, de 11 de Novembro de 2013<\/a>;<\/p>\n<ul>\n<li style=\"list-style-type: none;\">\n<ul>\n<li class=\"Texto_Justificado_Recuo_Primeira_Linha\">Alterado pelas seguintes Portarias:\n<ul>\n<li class=\"Texto_Justificado_Recuo_Primeira_Linha\"><a href=\"https:\/\/reitoria.ufpel.edu.br\/portarias\/arquivos\/0787_2014.pdf\" target=\"_blank\" rel=\"noopener\">Portaria 787\/2014<\/a>;<\/li>\n<li class=\"Texto_Justificado_Recuo_Primeira_Linha\"><a href=\"https:\/\/reitoria.ufpel.edu.br\/portarias\/arquivos\/1253_2014.pdf\" target=\"_blank\" rel=\"noopener\">Portaria 1253\/2014<\/a>;<\/li>\n<li class=\"Texto_Justificado_Recuo_Primeira_Linha\"><a href=\"https:\/\/reitoria.ufpel.edu.br\/portarias\/arquivos\/1883_2017.pdf\" target=\"_blank\" rel=\"noopener\">Portaria 1883\/2017<\/a>;<\/li>\n<li class=\"Texto_Justificado_Recuo_Primeira_Linha\"><a href=\"https:\/\/sei.ufpel.edu.br\/sei\/publicacoes\/controlador_publicacoes.php?acao=publicacao_visualizar&amp;id_documento=577438&amp;id_orgao_publicacao=0\" target=\"_blank\" rel=\"noopener\">Portaria 859\/2021<\/a>;<\/li>\n<li class=\"Texto_Justificado_Recuo_Primeira_Linha\"><a href=\"https:\/\/sei.ufpel.edu.br\/sei\/publicacoes\/controlador_publicacoes.php?acao=publicacao_visualizar&amp;id_documento=1754409&amp;id_orgao_publicacao=0\" target=\"_blank\" rel=\"noopener\">Portaria 2198\/2021<\/a>;<\/li>\n<li class=\"Texto_Justificado_Recuo_Primeira_Linha\"><a href=\"https:\/\/sippag.ufpel.edu.br\/portarias\/visualizar\/?ano=2023&amp;numero=3226&amp;hash=8e30eaac0acfa852f8d59d3b4c722ba3&amp;pk=3590\" target=\"_blank\" rel=\"noopener\">Portaria 3226\/2023<\/a>\u200b.<\/li>\n<\/ul>\n<\/li>\n<\/ul>\n<\/li>\n<\/ul>\n<p class=\"Texto_Justificado_Recuo_Primeira_Linha\">O Comit\u00ea \u00e9 composto de acordo com o Art. 36 da <a href=\"https:\/\/sei.ufpel.edu.br\/sei\/publicacoes\/controlador_publicacoes.php?acao=publicacao_visualizar&amp;id_documento=1786609&amp;id_orgao_publicacao=0\" target=\"_blank\" rel=\"noopener\">Portaria n\u00ba 228, de 08 de fevereiro de 2022<\/a>:<\/p>\n<p>I \u2013 o\/a Gestor\/a de Seguran\u00e7a da Informa\u00e7\u00e3o e Comunica\u00e7\u00f5es (presidente);<\/p>\n<p>II \u2013 o\/a dirigente da unidade gestora de Tecnologia da Informa\u00e7\u00e3o (Superintend\u00eancia de Gest\u00e3o de Tecnologia da Informa\u00e7\u00e3o e Comunica\u00e7\u00e3o &#8211; SGTIC) e seu\/sua suplente;<br \/>\nIII \u2013 a autoridade de monitoramento da LAI (Lei de Acesso \u00e0 Informa\u00e7\u00e3o);<br \/>\nIV \u2013 um\/a representante do Gabinete da Reitoria e seu\/sua suplente;<br \/>\nV \u2013 um\/a representante do Comit\u00ea de Tecnologia da Informa\u00e7\u00e3o e seu\/sua suplente;<br \/>\nVI \u2013 um\/a representante de \u00e1rea final\u00edstica de Ensino e seu\/sua suplente;<br \/>\nVII \u2013 um\/a representante de \u00e1rea final\u00edstica de Pesquisa e Inova\u00e7\u00e3o e seu\/sua suplente; e<br \/>\nVIII \u2013 um\/a representante de \u00e1rea final\u00edstica de Extens\u00e3o e seu\/sua suplente.<\/p>\n<p>\u00a71\u00ba O\/a representante referido\/a no inciso VI ser\u00e1 indicado\/a pela unidade gestora de Ensino (Pr\u00f3-Reitoria de Ensino), sendo o\/a indicado\/a escolhido\/a preferencialmente entre os membros dos Colegiados de Cursos de Gradua\u00e7\u00e3o.<br \/>\n\u00a72\u00ba O\/a representante referido\/a do inciso VII ser\u00e1 indicado\/a pela unidade gestora de Pesquisa e P\u00f3s-Gradua\u00e7\u00e3o (Pr\u00f3-Reitoria de Pesquisa e P\u00f3s-Gradua\u00e7\u00e3o), sendo o\/a indicado\/a escolhido\/a preferencialmente entre o os membros dos Colegiados dos Programas de P\u00f3s-Gradua\u00e7\u00e3o.<br \/>\n\u00a73\u00ba O\/a representante referido\/a no inciso VIII ser\u00e1 indicado\/a pela unidade gestora de extens\u00e3o (Pr\u00f3-Reitoria de Extens\u00e3o e Cultura), sendo o\/a indicado\/a escolhido\/a preferencialmente entre os\/as coordenadores\/as de Projetos Unificados com \u00eanfase em Extens\u00e3o.<\/p>\n","protected":false},"excerpt":{"rendered":"<p>O Comit\u00ea de Seguran\u00e7a da Informa\u00e7\u00e3o e Comunica\u00e7\u00f5es, regido pelos termos da Resolu\u00e7\u00e3o do CONSUN n\u00ba 41, de 26 de novembro de 2020, tem por finalidade definir a Pol\u00edtica de Seguran\u00e7a da Informa\u00e7\u00e3o e Comunica\u00e7\u00f5es (POSIC), supervisionar a sua implementa\u00e7\u00e3o e avaliar seus resultados de acordo com as necessidades pol\u00edtico-pedag\u00f3gicas, t\u00e9cnico-cient\u00edficas e de gest\u00e3o administrativa [&hellip;]<\/p>\n","protected":false},"author":1242,"featured_media":0,"parent":95,"menu_order":5,"comment_status":"closed","ping_status":"closed","template":"","meta":{"_crdt_document":"","footnotes":""},"class_list":["post-110","page","type-page","status-publish","hentry","post"],"yoast_head":"<!-- This site is optimized with the Yoast SEO plugin v27.6 - https:\/\/yoast.com\/product\/yoast-seo-wordpress\/ -->\n<title>CSIC - N\u00facleo de Governan\u00e7a e Controle - NGC<\/title>\n<meta name=\"robots\" content=\"index, follow, max-snippet:-1, max-image-preview:large, max-video-preview:-1\" \/>\n<link rel=\"canonical\" href=\"https:\/\/wp.ufpel.edu.br\/ngc\/governanca\/estrutura-de-governanca\/comites-tematicos\/csic\/\" \/>\n<meta property=\"og:locale\" content=\"pt_BR\" \/>\n<meta property=\"og:type\" content=\"article\" \/>\n<meta property=\"og:title\" content=\"CSIC - N\u00facleo de Governan\u00e7a e Controle - NGC\" \/>\n<meta property=\"og:description\" content=\"O Comit\u00ea de Seguran\u00e7a da Informa\u00e7\u00e3o e Comunica\u00e7\u00f5es, regido pelos termos da Resolu\u00e7\u00e3o do CONSUN n\u00ba 41, de 26 de novembro de 2020, tem por finalidade definir a Pol\u00edtica de Seguran\u00e7a da Informa\u00e7\u00e3o e Comunica\u00e7\u00f5es (POSIC), supervisionar a sua implementa\u00e7\u00e3o e avaliar seus resultados de acordo com as necessidades pol\u00edtico-pedag\u00f3gicas, t\u00e9cnico-cient\u00edficas e de gest\u00e3o administrativa [&hellip;]\" \/>\n<meta property=\"og:url\" content=\"https:\/\/wp.ufpel.edu.br\/ngc\/governanca\/estrutura-de-governanca\/comites-tematicos\/csic\/\" \/>\n<meta property=\"og:site_name\" content=\"N\u00facleo de Governan\u00e7a e Controle - NGC\" \/>\n<meta property=\"article:modified_time\" content=\"2025-07-15T20:36:34+00:00\" \/>\n<meta name=\"twitter:card\" content=\"summary_large_image\" \/>\n<meta name=\"twitter:label1\" content=\"Est. tempo de leitura\" \/>\n\t<meta name=\"twitter:data1\" content=\"2 minutos\" \/>\n<script type=\"application\/ld+json\" class=\"yoast-schema-graph\">{\"@context\":\"https:\\\/\\\/schema.org\",\"@graph\":[{\"@type\":\"WebPage\",\"@id\":\"https:\\\/\\\/wp.ufpel.edu.br\\\/ngc\\\/governanca\\\/estrutura-de-governanca\\\/comites-tematicos\\\/csic\\\/\",\"url\":\"https:\\\/\\\/wp.ufpel.edu.br\\\/ngc\\\/governanca\\\/estrutura-de-governanca\\\/comites-tematicos\\\/csic\\\/\",\"name\":\"CSIC - N\u00facleo de Governan\u00e7a e Controle - NGC\",\"isPartOf\":{\"@id\":\"https:\\\/\\\/wp.ufpel.edu.br\\\/ngc\\\/#website\"},\"datePublished\":\"2022-06-29T18:18:30+00:00\",\"dateModified\":\"2025-07-15T20:36:34+00:00\",\"breadcrumb\":{\"@id\":\"https:\\\/\\\/wp.ufpel.edu.br\\\/ngc\\\/governanca\\\/estrutura-de-governanca\\\/comites-tematicos\\\/csic\\\/#breadcrumb\"},\"inLanguage\":\"pt-BR\",\"potentialAction\":[{\"@type\":\"ReadAction\",\"target\":[\"https:\\\/\\\/wp.ufpel.edu.br\\\/ngc\\\/governanca\\\/estrutura-de-governanca\\\/comites-tematicos\\\/csic\\\/\"]}]},{\"@type\":\"BreadcrumbList\",\"@id\":\"https:\\\/\\\/wp.ufpel.edu.br\\\/ngc\\\/governanca\\\/estrutura-de-governanca\\\/comites-tematicos\\\/csic\\\/#breadcrumb\",\"itemListElement\":[{\"@type\":\"ListItem\",\"position\":1,\"name\":\"In\u00edcio\",\"item\":\"https:\\\/\\\/wp.ufpel.edu.br\\\/ngc\\\/\"},{\"@type\":\"ListItem\",\"position\":2,\"name\":\"Governan\u00e7a\",\"item\":\"https:\\\/\\\/wp.ufpel.edu.br\\\/ngc\\\/governanca\\\/\"},{\"@type\":\"ListItem\",\"position\":3,\"name\":\"Estrutura de Governan\u00e7a\",\"item\":\"https:\\\/\\\/wp.ufpel.edu.br\\\/ngc\\\/governanca\\\/estrutura-de-governanca\\\/\"},{\"@type\":\"ListItem\",\"position\":4,\"name\":\"Comit\u00eas Tem\u00e1ticos\",\"item\":\"https:\\\/\\\/wp.ufpel.edu.br\\\/ngc\\\/governanca\\\/estrutura-de-governanca\\\/comites-tematicos\\\/\"},{\"@type\":\"ListItem\",\"position\":5,\"name\":\"CSIC\"}]},{\"@type\":\"WebSite\",\"@id\":\"https:\\\/\\\/wp.ufpel.edu.br\\\/ngc\\\/#website\",\"url\":\"https:\\\/\\\/wp.ufpel.edu.br\\\/ngc\\\/\",\"name\":\"N\u00facleo de Governan\u00e7a e Controle - NGC\",\"description\":\"Universidade Federal de Pelotas\",\"publisher\":{\"@id\":\"https:\\\/\\\/wp.ufpel.edu.br\\\/ngc\\\/#organization\"},\"potentialAction\":[{\"@type\":\"SearchAction\",\"target\":{\"@type\":\"EntryPoint\",\"urlTemplate\":\"https:\\\/\\\/wp.ufpel.edu.br\\\/ngc\\\/?s={search_term_string}\"},\"query-input\":{\"@type\":\"PropertyValueSpecification\",\"valueRequired\":true,\"valueName\":\"search_term_string\"}}],\"inLanguage\":\"pt-BR\"},{\"@type\":\"Organization\",\"@id\":\"https:\\\/\\\/wp.ufpel.edu.br\\\/ngc\\\/#organization\",\"name\":\"N\u00facleo de Governan\u00e7a e Controle - NGC\",\"url\":\"https:\\\/\\\/wp.ufpel.edu.br\\\/ngc\\\/\",\"logo\":{\"@type\":\"ImageObject\",\"inLanguage\":\"pt-BR\",\"@id\":\"https:\\\/\\\/wp.ufpel.edu.br\\\/ngc\\\/#\\\/schema\\\/logo\\\/image\\\/\",\"url\":\"https:\\\/\\\/wp.ufpel.edu.br\\\/ngc\\\/files\\\/2023\\\/09\\\/cropped-Escudo-Colorido-UFPEL_10042014.png\",\"contentUrl\":\"https:\\\/\\\/wp.ufpel.edu.br\\\/ngc\\\/files\\\/2023\\\/09\\\/cropped-Escudo-Colorido-UFPEL_10042014.png\",\"width\":512,\"height\":512,\"caption\":\"N\u00facleo de Governan\u00e7a e Controle - NGC\"},\"image\":{\"@id\":\"https:\\\/\\\/wp.ufpel.edu.br\\\/ngc\\\/#\\\/schema\\\/logo\\\/image\\\/\"}}]}<\/script>\n<!-- \/ Yoast SEO plugin. -->","yoast_head_json":{"title":"CSIC - N\u00facleo de Governan\u00e7a e Controle - NGC","robots":{"index":"index","follow":"follow","max-snippet":"max-snippet:-1","max-image-preview":"max-image-preview:large","max-video-preview":"max-video-preview:-1"},"canonical":"https:\/\/wp.ufpel.edu.br\/ngc\/governanca\/estrutura-de-governanca\/comites-tematicos\/csic\/","og_locale":"pt_BR","og_type":"article","og_title":"CSIC - N\u00facleo de Governan\u00e7a e Controle - NGC","og_description":"O Comit\u00ea de Seguran\u00e7a da Informa\u00e7\u00e3o e Comunica\u00e7\u00f5es, regido pelos termos da Resolu\u00e7\u00e3o do CONSUN n\u00ba 41, de 26 de novembro de 2020, tem por finalidade definir a Pol\u00edtica de Seguran\u00e7a da Informa\u00e7\u00e3o e Comunica\u00e7\u00f5es (POSIC), supervisionar a sua implementa\u00e7\u00e3o e avaliar seus resultados de acordo com as necessidades pol\u00edtico-pedag\u00f3gicas, t\u00e9cnico-cient\u00edficas e de gest\u00e3o administrativa [&hellip;]","og_url":"https:\/\/wp.ufpel.edu.br\/ngc\/governanca\/estrutura-de-governanca\/comites-tematicos\/csic\/","og_site_name":"N\u00facleo de Governan\u00e7a e Controle - NGC","article_modified_time":"2025-07-15T20:36:34+00:00","twitter_card":"summary_large_image","twitter_misc":{"Est. tempo de leitura":"2 minutos"},"schema":{"@context":"https:\/\/schema.org","@graph":[{"@type":"WebPage","@id":"https:\/\/wp.ufpel.edu.br\/ngc\/governanca\/estrutura-de-governanca\/comites-tematicos\/csic\/","url":"https:\/\/wp.ufpel.edu.br\/ngc\/governanca\/estrutura-de-governanca\/comites-tematicos\/csic\/","name":"CSIC - N\u00facleo de Governan\u00e7a e Controle - NGC","isPartOf":{"@id":"https:\/\/wp.ufpel.edu.br\/ngc\/#website"},"datePublished":"2022-06-29T18:18:30+00:00","dateModified":"2025-07-15T20:36:34+00:00","breadcrumb":{"@id":"https:\/\/wp.ufpel.edu.br\/ngc\/governanca\/estrutura-de-governanca\/comites-tematicos\/csic\/#breadcrumb"},"inLanguage":"pt-BR","potentialAction":[{"@type":"ReadAction","target":["https:\/\/wp.ufpel.edu.br\/ngc\/governanca\/estrutura-de-governanca\/comites-tematicos\/csic\/"]}]},{"@type":"BreadcrumbList","@id":"https:\/\/wp.ufpel.edu.br\/ngc\/governanca\/estrutura-de-governanca\/comites-tematicos\/csic\/#breadcrumb","itemListElement":[{"@type":"ListItem","position":1,"name":"In\u00edcio","item":"https:\/\/wp.ufpel.edu.br\/ngc\/"},{"@type":"ListItem","position":2,"name":"Governan\u00e7a","item":"https:\/\/wp.ufpel.edu.br\/ngc\/governanca\/"},{"@type":"ListItem","position":3,"name":"Estrutura de Governan\u00e7a","item":"https:\/\/wp.ufpel.edu.br\/ngc\/governanca\/estrutura-de-governanca\/"},{"@type":"ListItem","position":4,"name":"Comit\u00eas Tem\u00e1ticos","item":"https:\/\/wp.ufpel.edu.br\/ngc\/governanca\/estrutura-de-governanca\/comites-tematicos\/"},{"@type":"ListItem","position":5,"name":"CSIC"}]},{"@type":"WebSite","@id":"https:\/\/wp.ufpel.edu.br\/ngc\/#website","url":"https:\/\/wp.ufpel.edu.br\/ngc\/","name":"N\u00facleo de Governan\u00e7a e Controle - NGC","description":"Universidade Federal de Pelotas","publisher":{"@id":"https:\/\/wp.ufpel.edu.br\/ngc\/#organization"},"potentialAction":[{"@type":"SearchAction","target":{"@type":"EntryPoint","urlTemplate":"https:\/\/wp.ufpel.edu.br\/ngc\/?s={search_term_string}"},"query-input":{"@type":"PropertyValueSpecification","valueRequired":true,"valueName":"search_term_string"}}],"inLanguage":"pt-BR"},{"@type":"Organization","@id":"https:\/\/wp.ufpel.edu.br\/ngc\/#organization","name":"N\u00facleo de Governan\u00e7a e Controle - NGC","url":"https:\/\/wp.ufpel.edu.br\/ngc\/","logo":{"@type":"ImageObject","inLanguage":"pt-BR","@id":"https:\/\/wp.ufpel.edu.br\/ngc\/#\/schema\/logo\/image\/","url":"https:\/\/wp.ufpel.edu.br\/ngc\/files\/2023\/09\/cropped-Escudo-Colorido-UFPEL_10042014.png","contentUrl":"https:\/\/wp.ufpel.edu.br\/ngc\/files\/2023\/09\/cropped-Escudo-Colorido-UFPEL_10042014.png","width":512,"height":512,"caption":"N\u00facleo de Governan\u00e7a e Controle - NGC"},"image":{"@id":"https:\/\/wp.ufpel.edu.br\/ngc\/#\/schema\/logo\/image\/"}}]}},"_links":{"self":[{"href":"https:\/\/wp.ufpel.edu.br\/ngc\/wp-json\/wp\/v2\/pages\/110","targetHints":{"allow":["GET"]}}],"collection":[{"href":"https:\/\/wp.ufpel.edu.br\/ngc\/wp-json\/wp\/v2\/pages"}],"about":[{"href":"https:\/\/wp.ufpel.edu.br\/ngc\/wp-json\/wp\/v2\/types\/page"}],"author":[{"embeddable":true,"href":"https:\/\/wp.ufpel.edu.br\/ngc\/wp-json\/wp\/v2\/users\/1242"}],"replies":[{"embeddable":true,"href":"https:\/\/wp.ufpel.edu.br\/ngc\/wp-json\/wp\/v2\/comments?post=110"}],"version-history":[{"count":7,"href":"https:\/\/wp.ufpel.edu.br\/ngc\/wp-json\/wp\/v2\/pages\/110\/revisions"}],"predecessor-version":[{"id":491,"href":"https:\/\/wp.ufpel.edu.br\/ngc\/wp-json\/wp\/v2\/pages\/110\/revisions\/491"}],"up":[{"embeddable":true,"href":"https:\/\/wp.ufpel.edu.br\/ngc\/wp-json\/wp\/v2\/pages\/95"}],"wp:attachment":[{"href":"https:\/\/wp.ufpel.edu.br\/ngc\/wp-json\/wp\/v2\/media?parent=110"}],"curies":[{"name":"wp","href":"https:\/\/api.w.org\/{rel}","templated":true}]}}