{"id":104,"date":"2022-06-29T15:16:52","date_gmt":"2022-06-29T18:16:52","guid":{"rendered":"https:\/\/wp.ufpel.edu.br\/ngc\/?page_id=104"},"modified":"2026-03-30T16:16:47","modified_gmt":"2026-03-30T19:16:47","slug":"cgint","status":"publish","type":"page","link":"https:\/\/wp.ufpel.edu.br\/ngc\/governanca\/estrutura-de-governanca\/comites-tematicos\/cgint\/","title":{"rendered":"CGINT"},"content":{"rendered":"<p style=\"text-align: justify;\">O <strong>Comit\u00ea de Gest\u00e3o de Integridade<\/strong> tem por finalidade o zelo quanto \u00e0 observ\u00e2ncia de elevados padr\u00f5es de gest\u00e3o, \u00e9tica e conduta, bem como de estrat\u00e9gias e a\u00e7\u00f5es que visam a dissemina\u00e7\u00e3o da cultura de integridade na UFPel.<\/p>\n<p>Constitu\u00eddo\u00a0pela\u00a0<a href=\"https:\/\/reitoria.ufpel.edu.br\/portarias\/arquivos\/1079_2018.pdf\" target=\"_blank\" rel=\"noopener\">Portaria n\u00ba 1079, de 11\/05\/2018<\/a>;<\/p>\n<p>Alterado pelas seguintes Portarias:<\/p>\n<ul>\n<li>Portaria de Pessoal n\u00ba 01124\/2026<\/li>\n<li><a href=\"https:\/\/sippag.ufpel.edu.br\/portarias\/visualizar\/?pk=19868&amp;ano=2026&amp;numero=304&amp;hash=bcd540ccd55845ae9e1f86471cb547b7\" target=\"_blank\" rel=\"noopener\">Portaria de Pessoal n\u00ba 0304\/2026;<\/a><\/li>\n<li><a href=\"https:\/\/sippag.ufpel.edu.br\/portarias\/visualizar\/?pk=12074&amp;ano=2025&amp;numero=707&amp;hash=b49a5cfa7d6df0f8aff52d6b02a39cd1\" target=\"_blank\" rel=\"noopener\">Portaria de Pessoal n\u00ba 0707\/2025;<\/a><\/li>\n<li><a href=\"https:\/\/sippag.ufpel.edu.br\/portarias\/visualizar\/?pk=4852&amp;ano=2023&amp;numero=4408&amp;hash=68067fe99de2c8d2ebec6776d1738329\" target=\"_blank\" rel=\"noopener\">Portaria de pessoal n\u00ba 4408\/2023<\/a>;<\/li>\n<li><a href=\"https:\/\/sippag.ufpel.edu.br\/portarias\/visualizar\/?pk=4676&amp;ano=2023&amp;numero=4237&amp;hash=19ad9aa26b1a1ba49c81443569969fda\" target=\"_blank\" rel=\"noopener\">Portaria de pessoal n\u00ba 4237\/2023<\/a>;<\/li>\n<li><a href=\"https:\/\/sippag.ufpel.edu.br\/portarias\/visualizar\/?ano=2023&amp;numero=2688&amp;hash=d5df6d6042b0bf907d222d60b4f00b3f&amp;pk=3044\" target=\"_blank\" rel=\"noopener\">Portaria de pessoal n\u00ba 2688\/2023;<\/a><\/li>\n<li><a href=\"https:\/\/sippag.ufpel.edu.br\/portarias\/visualizar\/?ano=2023&amp;numero=1342&amp;hash=655ef3e3cb6543915947b21d3388c4c0&amp;pk=1655\" target=\"_blank\" rel=\"noopener\">Portaria de pessoal n\u00ba 1342\/2023<\/a>;<\/li>\n<li><a href=\"https:\/\/sei.ufpel.edu.br\/sei\/publicacoes\/controlador_publicacoes.php?acao=publicacao_visualizar&amp;id_documento=1739233&amp;id_orgao_publicacao=0\" target=\"_blank\" rel=\"noopener\">Portaria 2067\/2021<\/a>;<\/li>\n<li><a href=\"https:\/\/sei.ufpel.edu.br\/sei\/publicacoes\/controlador_publicacoes.php?acao=publicacao_visualizar&amp;id_documento=1538714&amp;id_orgao_publicacao=0\" target=\"_blank\" rel=\"noopener\">Portaria 1147\/2021.<\/a><\/li>\n<\/ul>\n<p>&nbsp;<\/p>\n<p><a href=\"https:\/\/sei.ufpel.edu.br\/sei\/publicacoes\/controlador_publicacoes.php?acao=publicacao_visualizar&amp;id_documento=2114315&amp;id_orgao_publicacao=0\" target=\"_blank\" rel=\"noopener\" data-reflinkpro=\"VRLDzuMS\">Portaria n\u00ba 2004, de 23 de setembro de 2022<\/a>\u00a0&#8211;\u00a0Aprova o Regimento Interno do Comit\u00ea de Gest\u00e3o de Integridade (CGINT);<\/p>\n<p class=\"Texto_Justificado_Recuo_Primeira_Linha\">O Comit\u00ea \u00e9 composto de acordo com o Art. 32 da <a href=\"https:\/\/sei.ufpel.edu.br\/sei\/publicacoes\/controlador_publicacoes.php?acao=publicacao_visualizar&amp;id_documento=1786609&amp;id_orgao_publicacao=0\" target=\"_blank\" rel=\"noopener\">Portaria n\u00ba 228, de 08 de fevereiro de 2022<\/a>:<\/p>\n<p>I \u2013 o\/a Chefe do Gabinete da Reitoria (presidente);<br \/>\nII \u2013 Presidente da Comiss\u00e3o Permanente de Processos Administrativos;<br \/>\nIII \u2013 a autoridade de monitoramento da LAI (Lei de Acesso \u00e0 Informa\u00e7\u00e3o);<br \/>\nIV \u2013 Presidente da Comiss\u00e3o de \u00c9tica;<br \/>\nV \u2013 Ouvidor\/a;<br \/>\nVI \u2013 Chefe do N\u00facleo de Governan\u00e7a e Controle; e<br \/>\nVII \u2013 um\/a representante e um\/a suplente da PROGEP.<\/p>\n<p>Os membros a que se referem o inciso VII ser\u00e3o indicados pelo\/a Pr\u00f3-Reitor\/a da PROGEP e dever\u00e3o ser integrados ao Comit\u00ea por meio de portaria do\/a Reitor\/a.<br \/>\nNas faltas e impedimentos dos\/as titulares, a que se referem os incisos I, II, IV, V e VI, os\/as seus\/suas suplentes, que s\u00e3o os\/as respectivos\/as substitutos\/as eventuais, os\/as representar\u00e3o nas reuni\u00f5es.<\/p>\n<p><strong><a href=\"https:\/\/wp.ufpel.edu.br\/ngc\/files\/2026\/03\/Lista_Conhecimentos_USI_UFPEL.pdf\" target=\"_blank\" rel=\"noopener\">Lista de conhecimentos necess\u00e1rios para o exerc\u00edcio das atividades de integridade &#8211; Unidade Setorial de Integridade &#8211; USI\/UFPEL<\/a><\/strong><\/p>\n","protected":false},"excerpt":{"rendered":"<p>O Comit\u00ea de Gest\u00e3o de Integridade tem por finalidade o zelo quanto \u00e0 observ\u00e2ncia de elevados padr\u00f5es de gest\u00e3o, \u00e9tica e conduta, bem como de estrat\u00e9gias e a\u00e7\u00f5es que visam a dissemina\u00e7\u00e3o da cultura de integridade na UFPel. Constitu\u00eddo\u00a0pela\u00a0Portaria n\u00ba 1079, de 11\/05\/2018; Alterado pelas seguintes Portarias: Portaria de Pessoal n\u00ba 01124\/2026 Portaria de Pessoal [&hellip;]<\/p>\n","protected":false},"author":1242,"featured_media":0,"parent":95,"menu_order":3,"comment_status":"closed","ping_status":"closed","template":"","meta":{"footnotes":""},"class_list":["post-104","page","type-page","status-publish","hentry","post"],"yoast_head":"<!-- This site is optimized with the Yoast SEO plugin v26.7 - https:\/\/yoast.com\/wordpress\/plugins\/seo\/ -->\n<title>CGINT - N\u00facleo de Governan\u00e7a e Controle - NGC<\/title>\n<meta name=\"robots\" content=\"index, follow, max-snippet:-1, max-image-preview:large, max-video-preview:-1\" \/>\n<link rel=\"canonical\" href=\"https:\/\/wp.ufpel.edu.br\/ngc\/governanca\/estrutura-de-governanca\/comites-tematicos\/cgint\/\" \/>\n<meta property=\"og:locale\" content=\"pt_BR\" \/>\n<meta property=\"og:type\" content=\"article\" \/>\n<meta property=\"og:title\" content=\"CGINT - N\u00facleo de Governan\u00e7a e Controle - NGC\" \/>\n<meta property=\"og:description\" content=\"O Comit\u00ea de Gest\u00e3o de Integridade tem por finalidade o zelo quanto \u00e0 observ\u00e2ncia de elevados padr\u00f5es de gest\u00e3o, \u00e9tica e conduta, bem como de estrat\u00e9gias e a\u00e7\u00f5es que visam a dissemina\u00e7\u00e3o da cultura de integridade na UFPel. Constitu\u00eddo\u00a0pela\u00a0Portaria n\u00ba 1079, de 11\/05\/2018; Alterado pelas seguintes Portarias: Portaria de Pessoal n\u00ba 01124\/2026 Portaria de Pessoal [&hellip;]\" \/>\n<meta property=\"og:url\" content=\"https:\/\/wp.ufpel.edu.br\/ngc\/governanca\/estrutura-de-governanca\/comites-tematicos\/cgint\/\" \/>\n<meta property=\"og:site_name\" content=\"N\u00facleo de Governan\u00e7a e Controle - NGC\" \/>\n<meta property=\"article:modified_time\" content=\"2026-03-30T19:16:47+00:00\" \/>\n<meta name=\"twitter:card\" content=\"summary_large_image\" \/>\n<meta name=\"twitter:label1\" content=\"Est. tempo de leitura\" \/>\n\t<meta name=\"twitter:data1\" content=\"2 minutos\" \/>\n<script type=\"application\/ld+json\" class=\"yoast-schema-graph\">{\"@context\":\"https:\/\/schema.org\",\"@graph\":[{\"@type\":\"WebPage\",\"@id\":\"https:\/\/wp.ufpel.edu.br\/ngc\/governanca\/estrutura-de-governanca\/comites-tematicos\/cgint\/\",\"url\":\"https:\/\/wp.ufpel.edu.br\/ngc\/governanca\/estrutura-de-governanca\/comites-tematicos\/cgint\/\",\"name\":\"CGINT - N\u00facleo de Governan\u00e7a e Controle - NGC\",\"isPartOf\":{\"@id\":\"https:\/\/wp.ufpel.edu.br\/ngc\/#website\"},\"datePublished\":\"2022-06-29T18:16:52+00:00\",\"dateModified\":\"2026-03-30T19:16:47+00:00\",\"breadcrumb\":{\"@id\":\"https:\/\/wp.ufpel.edu.br\/ngc\/governanca\/estrutura-de-governanca\/comites-tematicos\/cgint\/#breadcrumb\"},\"inLanguage\":\"pt-BR\",\"potentialAction\":[{\"@type\":\"ReadAction\",\"target\":[\"https:\/\/wp.ufpel.edu.br\/ngc\/governanca\/estrutura-de-governanca\/comites-tematicos\/cgint\/\"]}]},{\"@type\":\"BreadcrumbList\",\"@id\":\"https:\/\/wp.ufpel.edu.br\/ngc\/governanca\/estrutura-de-governanca\/comites-tematicos\/cgint\/#breadcrumb\",\"itemListElement\":[{\"@type\":\"ListItem\",\"position\":1,\"name\":\"In\u00edcio\",\"item\":\"https:\/\/wp.ufpel.edu.br\/ngc\/\"},{\"@type\":\"ListItem\",\"position\":2,\"name\":\"Governan\u00e7a\",\"item\":\"https:\/\/wp.ufpel.edu.br\/ngc\/governanca\/\"},{\"@type\":\"ListItem\",\"position\":3,\"name\":\"Estrutura de Governan\u00e7a\",\"item\":\"https:\/\/wp.ufpel.edu.br\/ngc\/governanca\/estrutura-de-governanca\/\"},{\"@type\":\"ListItem\",\"position\":4,\"name\":\"Comit\u00eas Tem\u00e1ticos\",\"item\":\"https:\/\/wp.ufpel.edu.br\/ngc\/governanca\/estrutura-de-governanca\/comites-tematicos\/\"},{\"@type\":\"ListItem\",\"position\":5,\"name\":\"CGINT\"}]},{\"@type\":\"WebSite\",\"@id\":\"https:\/\/wp.ufpel.edu.br\/ngc\/#website\",\"url\":\"https:\/\/wp.ufpel.edu.br\/ngc\/\",\"name\":\"N\u00facleo de Governan\u00e7a e Controle - NGC\",\"description\":\"Universidade Federal de Pelotas\",\"publisher\":{\"@id\":\"https:\/\/wp.ufpel.edu.br\/ngc\/#organization\"},\"potentialAction\":[{\"@type\":\"SearchAction\",\"target\":{\"@type\":\"EntryPoint\",\"urlTemplate\":\"https:\/\/wp.ufpel.edu.br\/ngc\/?s={search_term_string}\"},\"query-input\":{\"@type\":\"PropertyValueSpecification\",\"valueRequired\":true,\"valueName\":\"search_term_string\"}}],\"inLanguage\":\"pt-BR\"},{\"@type\":\"Organization\",\"@id\":\"https:\/\/wp.ufpel.edu.br\/ngc\/#organization\",\"name\":\"N\u00facleo de Governan\u00e7a e Controle - NGC\",\"url\":\"https:\/\/wp.ufpel.edu.br\/ngc\/\",\"logo\":{\"@type\":\"ImageObject\",\"inLanguage\":\"pt-BR\",\"@id\":\"https:\/\/wp.ufpel.edu.br\/ngc\/#\/schema\/logo\/image\/\",\"url\":\"https:\/\/wp.ufpel.edu.br\/ngc\/files\/2023\/09\/cropped-Escudo-Colorido-UFPEL_10042014.png\",\"contentUrl\":\"https:\/\/wp.ufpel.edu.br\/ngc\/files\/2023\/09\/cropped-Escudo-Colorido-UFPEL_10042014.png\",\"width\":512,\"height\":512,\"caption\":\"N\u00facleo de Governan\u00e7a e Controle - NGC\"},\"image\":{\"@id\":\"https:\/\/wp.ufpel.edu.br\/ngc\/#\/schema\/logo\/image\/\"}}]}<\/script>\n<!-- \/ Yoast SEO plugin. -->","yoast_head_json":{"title":"CGINT - N\u00facleo de Governan\u00e7a e Controle - NGC","robots":{"index":"index","follow":"follow","max-snippet":"max-snippet:-1","max-image-preview":"max-image-preview:large","max-video-preview":"max-video-preview:-1"},"canonical":"https:\/\/wp.ufpel.edu.br\/ngc\/governanca\/estrutura-de-governanca\/comites-tematicos\/cgint\/","og_locale":"pt_BR","og_type":"article","og_title":"CGINT - N\u00facleo de Governan\u00e7a e Controle - NGC","og_description":"O Comit\u00ea de Gest\u00e3o de Integridade tem por finalidade o zelo quanto \u00e0 observ\u00e2ncia de elevados padr\u00f5es de gest\u00e3o, \u00e9tica e conduta, bem como de estrat\u00e9gias e a\u00e7\u00f5es que visam a dissemina\u00e7\u00e3o da cultura de integridade na UFPel. Constitu\u00eddo\u00a0pela\u00a0Portaria n\u00ba 1079, de 11\/05\/2018; Alterado pelas seguintes Portarias: Portaria de Pessoal n\u00ba 01124\/2026 Portaria de Pessoal [&hellip;]","og_url":"https:\/\/wp.ufpel.edu.br\/ngc\/governanca\/estrutura-de-governanca\/comites-tematicos\/cgint\/","og_site_name":"N\u00facleo de Governan\u00e7a e Controle - NGC","article_modified_time":"2026-03-30T19:16:47+00:00","twitter_card":"summary_large_image","twitter_misc":{"Est. tempo de leitura":"2 minutos"},"schema":{"@context":"https:\/\/schema.org","@graph":[{"@type":"WebPage","@id":"https:\/\/wp.ufpel.edu.br\/ngc\/governanca\/estrutura-de-governanca\/comites-tematicos\/cgint\/","url":"https:\/\/wp.ufpel.edu.br\/ngc\/governanca\/estrutura-de-governanca\/comites-tematicos\/cgint\/","name":"CGINT - N\u00facleo de Governan\u00e7a e Controle - NGC","isPartOf":{"@id":"https:\/\/wp.ufpel.edu.br\/ngc\/#website"},"datePublished":"2022-06-29T18:16:52+00:00","dateModified":"2026-03-30T19:16:47+00:00","breadcrumb":{"@id":"https:\/\/wp.ufpel.edu.br\/ngc\/governanca\/estrutura-de-governanca\/comites-tematicos\/cgint\/#breadcrumb"},"inLanguage":"pt-BR","potentialAction":[{"@type":"ReadAction","target":["https:\/\/wp.ufpel.edu.br\/ngc\/governanca\/estrutura-de-governanca\/comites-tematicos\/cgint\/"]}]},{"@type":"BreadcrumbList","@id":"https:\/\/wp.ufpel.edu.br\/ngc\/governanca\/estrutura-de-governanca\/comites-tematicos\/cgint\/#breadcrumb","itemListElement":[{"@type":"ListItem","position":1,"name":"In\u00edcio","item":"https:\/\/wp.ufpel.edu.br\/ngc\/"},{"@type":"ListItem","position":2,"name":"Governan\u00e7a","item":"https:\/\/wp.ufpel.edu.br\/ngc\/governanca\/"},{"@type":"ListItem","position":3,"name":"Estrutura de Governan\u00e7a","item":"https:\/\/wp.ufpel.edu.br\/ngc\/governanca\/estrutura-de-governanca\/"},{"@type":"ListItem","position":4,"name":"Comit\u00eas Tem\u00e1ticos","item":"https:\/\/wp.ufpel.edu.br\/ngc\/governanca\/estrutura-de-governanca\/comites-tematicos\/"},{"@type":"ListItem","position":5,"name":"CGINT"}]},{"@type":"WebSite","@id":"https:\/\/wp.ufpel.edu.br\/ngc\/#website","url":"https:\/\/wp.ufpel.edu.br\/ngc\/","name":"N\u00facleo de Governan\u00e7a e Controle - NGC","description":"Universidade Federal de Pelotas","publisher":{"@id":"https:\/\/wp.ufpel.edu.br\/ngc\/#organization"},"potentialAction":[{"@type":"SearchAction","target":{"@type":"EntryPoint","urlTemplate":"https:\/\/wp.ufpel.edu.br\/ngc\/?s={search_term_string}"},"query-input":{"@type":"PropertyValueSpecification","valueRequired":true,"valueName":"search_term_string"}}],"inLanguage":"pt-BR"},{"@type":"Organization","@id":"https:\/\/wp.ufpel.edu.br\/ngc\/#organization","name":"N\u00facleo de Governan\u00e7a e Controle - NGC","url":"https:\/\/wp.ufpel.edu.br\/ngc\/","logo":{"@type":"ImageObject","inLanguage":"pt-BR","@id":"https:\/\/wp.ufpel.edu.br\/ngc\/#\/schema\/logo\/image\/","url":"https:\/\/wp.ufpel.edu.br\/ngc\/files\/2023\/09\/cropped-Escudo-Colorido-UFPEL_10042014.png","contentUrl":"https:\/\/wp.ufpel.edu.br\/ngc\/files\/2023\/09\/cropped-Escudo-Colorido-UFPEL_10042014.png","width":512,"height":512,"caption":"N\u00facleo de Governan\u00e7a e Controle - NGC"},"image":{"@id":"https:\/\/wp.ufpel.edu.br\/ngc\/#\/schema\/logo\/image\/"}}]}},"_links":{"self":[{"href":"https:\/\/wp.ufpel.edu.br\/ngc\/wp-json\/wp\/v2\/pages\/104","targetHints":{"allow":["GET"]}}],"collection":[{"href":"https:\/\/wp.ufpel.edu.br\/ngc\/wp-json\/wp\/v2\/pages"}],"about":[{"href":"https:\/\/wp.ufpel.edu.br\/ngc\/wp-json\/wp\/v2\/types\/page"}],"author":[{"embeddable":true,"href":"https:\/\/wp.ufpel.edu.br\/ngc\/wp-json\/wp\/v2\/users\/1242"}],"replies":[{"embeddable":true,"href":"https:\/\/wp.ufpel.edu.br\/ngc\/wp-json\/wp\/v2\/comments?post=104"}],"version-history":[{"count":4,"href":"https:\/\/wp.ufpel.edu.br\/ngc\/wp-json\/wp\/v2\/pages\/104\/revisions"}],"predecessor-version":[{"id":513,"href":"https:\/\/wp.ufpel.edu.br\/ngc\/wp-json\/wp\/v2\/pages\/104\/revisions\/513"}],"up":[{"embeddable":true,"href":"https:\/\/wp.ufpel.edu.br\/ngc\/wp-json\/wp\/v2\/pages\/95"}],"wp:attachment":[{"href":"https:\/\/wp.ufpel.edu.br\/ngc\/wp-json\/wp\/v2\/media?parent=104"}],"curies":[{"name":"wp","href":"https:\/\/api.w.org\/{rel}","templated":true}]}}