{"id":50,"date":"2018-08-23T11:49:02","date_gmt":"2018-08-23T14:49:02","guid":{"rendered":"https:\/\/wp.ufpel.edu.br\/nez\/?page_id=50"},"modified":"2026-01-13T09:37:23","modified_gmt":"2026-01-13T12:37:23","slug":"estagio-ii","status":"publish","type":"page","link":"https:\/\/wp.ufpel.edu.br\/nez\/?page_id=50","title":{"rendered":"ESTAGIO II"},"content":{"rendered":"<p>Documentos e material de apoio:<\/p>\n<p><a href=\"https:\/\/wp.ufpel.edu.br\/cec\/files\/2013\/04\/Termo-de-Compromisso-UFPel-como-INSTITUICAO-DE-ENSINO-5.doc\">Termo Compromisso<\/a>\u00a0 Est\u00e1gio fora da UFPEL<\/p>\n<p><a href=\"https:\/\/wp.ufpel.edu.br\/nez\/files\/2022\/08\/Termo-de-Compromisso-UFPel-como-INSTITUICAO-DE-ENSINO.doc\">Termo-de-Compromisso &#8211; Est\u00e1gio na UFPel<\/a><\/p>\n<p><a href=\"https:\/\/wp.ufpel.edu.br\/nez\/files\/2025\/03\/Modelo_Relatorio_estagios_Zootecnia_UFPEL.docx\">Modelo_Relat\u00f3rio_est\u00e1gios_Zootecnia_UFPEL<\/a><\/p>\n<ul>\n<li style=\"list-style-type: none;\">\n<ul>\n<li><a href=\"https:\/\/wp.ufpel.edu.br\/zootecnia\/files\/2010\/08\/Termo-Aditivo-de-Estagio.doc\">Termo Aditivo de Est\u00e1gio<\/a><\/li>\n<li><a href=\"https:\/\/wp.ufpel.edu.br\/zootecnia\/files\/2010\/08\/Plano-de-Trabalho.docx\">Plano de Trabalho<\/a><\/li>\n<li><a href=\"https:\/\/wp.ufpel.edu.br\/zootecnia\/files\/2010\/08\/Folha-de-Ponto1.pdf\">Folha de Ponto\u00a0<\/a><\/li>\n<li><a href=\"https:\/\/forms.gle\/kxpqrn1nHy1mXBhH8\">Formul\u00e1rio para agendamento de defesa de Est\u00e1gio<\/a><\/li>\n<li><a href=\"http:\/\/sisbi.ufpel.edu.br\/?p=manual\">Manual de Normas UFPel: Trabalhos Acad\u00eamicos<\/a><\/li>\n<li><a href=\"https:\/\/wp.ufpel.edu.br\/nez\/files\/2025\/04\/Orientador-formulario.pdf\">Formul\u00e1rio de avalia\u00e7\u00e3o de est\u00e1gio &#8211; ORIENTADOR<\/a><\/li>\n<li><a href=\"https:\/\/wp.ufpel.edu.br\/nez\/files\/2025\/04\/Supervisor-formulario.pdf\">Formul\u00e1rio de avalia\u00e7\u00e3o de est\u00e1gio &#8211; SUPERVISOR<\/a><\/li>\n<li><a href=\"https:\/\/wp.ufpel.edu.br\/nez\/files\/2024\/02\/Ficha-avaliacao-membros-da-banca-de-defesa-de-estagios-I-e-II.docx\">Ficha avalia\u00e7\u00e3o membros da banca de defesa de est\u00e1gios I e II<\/a><\/li>\n<\/ul>\n<\/li>\n<\/ul>\n<p>&nbsp;<\/p>\n<p>&nbsp;<\/p>\n","protected":false},"excerpt":{"rendered":"<p>Documentos e material de apoio: Termo Compromisso\u00a0 Est\u00e1gio fora da UFPEL Termo-de-Compromisso &#8211; Est\u00e1gio na UFPel Modelo_Relat\u00f3rio_est\u00e1gios_Zootecnia_UFPEL Termo Aditivo de Est\u00e1gio Plano de Trabalho Folha de Ponto\u00a0 Formul\u00e1rio para agendamento de defesa de Est\u00e1gio Manual de Normas UFPel: Trabalhos Acad\u00eamicos Formul\u00e1rio de avalia\u00e7\u00e3o de est\u00e1gio &#8211; ORIENTADOR Formul\u00e1rio de avalia\u00e7\u00e3o de est\u00e1gio &#8211; SUPERVISOR Ficha<a class=\"more-link\" href=\"https:\/\/wp.ufpel.edu.br\/nez\/?page_id=50\">Continue reading <span class=\"screen-reader-text\">&#8220;ESTAGIO II&#8221;<\/span><\/a><\/p>\n","protected":false},"author":870,"featured_media":0,"parent":0,"menu_order":0,"comment_status":"closed","ping_status":"closed","template":"","meta":{"footnotes":""},"class_list":["post-50","page","type-page","status-publish","hentry"],"yoast_head":"<!-- This site is optimized with the Yoast SEO plugin v26.7 - https:\/\/yoast.com\/wordpress\/plugins\/seo\/ -->\n<title>ESTAGIO II - N\u00facleo de Est\u00e1gios em Zootecnia<\/title>\n<meta name=\"robots\" content=\"index, follow, max-snippet:-1, max-image-preview:large, max-video-preview:-1\" \/>\n<link rel=\"canonical\" href=\"https:\/\/wp.ufpel.edu.br\/nez\/?page_id=50\" \/>\n<meta property=\"og:locale\" content=\"pt_BR\" \/>\n<meta property=\"og:type\" content=\"article\" \/>\n<meta property=\"og:title\" content=\"ESTAGIO II - N\u00facleo de Est\u00e1gios em Zootecnia\" \/>\n<meta property=\"og:description\" content=\"Documentos e material de apoio: Termo Compromisso\u00a0 Est\u00e1gio fora da UFPEL Termo-de-Compromisso &#8211; Est\u00e1gio na UFPel Modelo_Relat\u00f3rio_est\u00e1gios_Zootecnia_UFPEL Termo Aditivo de Est\u00e1gio Plano de Trabalho Folha de Ponto\u00a0 Formul\u00e1rio para agendamento de defesa de Est\u00e1gio Manual de Normas UFPel: Trabalhos Acad\u00eamicos Formul\u00e1rio de avalia\u00e7\u00e3o de est\u00e1gio &#8211; ORIENTADOR Formul\u00e1rio de avalia\u00e7\u00e3o de est\u00e1gio &#8211; SUPERVISOR FichaContinue reading &quot;ESTAGIO II&quot;\" \/>\n<meta property=\"og:url\" content=\"https:\/\/wp.ufpel.edu.br\/nez\/?page_id=50\" \/>\n<meta property=\"og:site_name\" content=\"N\u00facleo de Est\u00e1gios em Zootecnia\" \/>\n<meta property=\"article:modified_time\" content=\"2026-01-13T12:37:23+00:00\" \/>\n<meta name=\"twitter:card\" content=\"summary_large_image\" \/>\n<meta name=\"twitter:label1\" content=\"Est. tempo de leitura\" \/>\n\t<meta name=\"twitter:data1\" content=\"1 minuto\" \/>\n<script type=\"application\/ld+json\" class=\"yoast-schema-graph\">{\"@context\":\"https:\/\/schema.org\",\"@graph\":[{\"@type\":\"WebPage\",\"@id\":\"https:\/\/wp.ufpel.edu.br\/nez\/?page_id=50\",\"url\":\"https:\/\/wp.ufpel.edu.br\/nez\/?page_id=50\",\"name\":\"ESTAGIO II - N\u00facleo de Est\u00e1gios em Zootecnia\",\"isPartOf\":{\"@id\":\"https:\/\/wp.ufpel.edu.br\/nez\/#website\"},\"datePublished\":\"2018-08-23T14:49:02+00:00\",\"dateModified\":\"2026-01-13T12:37:23+00:00\",\"breadcrumb\":{\"@id\":\"https:\/\/wp.ufpel.edu.br\/nez\/?page_id=50#breadcrumb\"},\"inLanguage\":\"pt-BR\",\"potentialAction\":[{\"@type\":\"ReadAction\",\"target\":[\"https:\/\/wp.ufpel.edu.br\/nez\/?page_id=50\"]}]},{\"@type\":\"BreadcrumbList\",\"@id\":\"https:\/\/wp.ufpel.edu.br\/nez\/?page_id=50#breadcrumb\",\"itemListElement\":[{\"@type\":\"ListItem\",\"position\":1,\"name\":\"In\u00edcio\",\"item\":\"https:\/\/wp.ufpel.edu.br\/nez\/\"},{\"@type\":\"ListItem\",\"position\":2,\"name\":\"ESTAGIO II\"}]},{\"@type\":\"WebSite\",\"@id\":\"https:\/\/wp.ufpel.edu.br\/nez\/#website\",\"url\":\"https:\/\/wp.ufpel.edu.br\/nez\/\",\"name\":\"N\u00facleo de Est\u00e1gios em Zootecnia\",\"description\":\"Universidade Federal de Pelotas\",\"potentialAction\":[{\"@type\":\"SearchAction\",\"target\":{\"@type\":\"EntryPoint\",\"urlTemplate\":\"https:\/\/wp.ufpel.edu.br\/nez\/?s={search_term_string}\"},\"query-input\":{\"@type\":\"PropertyValueSpecification\",\"valueRequired\":true,\"valueName\":\"search_term_string\"}}],\"inLanguage\":\"pt-BR\"}]}<\/script>\n<!-- \/ Yoast SEO plugin. -->","yoast_head_json":{"title":"ESTAGIO II - N\u00facleo de Est\u00e1gios em Zootecnia","robots":{"index":"index","follow":"follow","max-snippet":"max-snippet:-1","max-image-preview":"max-image-preview:large","max-video-preview":"max-video-preview:-1"},"canonical":"https:\/\/wp.ufpel.edu.br\/nez\/?page_id=50","og_locale":"pt_BR","og_type":"article","og_title":"ESTAGIO II - N\u00facleo de Est\u00e1gios em Zootecnia","og_description":"Documentos e material de apoio: Termo Compromisso\u00a0 Est\u00e1gio fora da UFPEL Termo-de-Compromisso &#8211; Est\u00e1gio na UFPel Modelo_Relat\u00f3rio_est\u00e1gios_Zootecnia_UFPEL Termo Aditivo de Est\u00e1gio Plano de Trabalho Folha de Ponto\u00a0 Formul\u00e1rio para agendamento de defesa de Est\u00e1gio Manual de Normas UFPel: Trabalhos Acad\u00eamicos Formul\u00e1rio de avalia\u00e7\u00e3o de est\u00e1gio &#8211; ORIENTADOR Formul\u00e1rio de avalia\u00e7\u00e3o de est\u00e1gio &#8211; SUPERVISOR FichaContinue reading \"ESTAGIO II\"","og_url":"https:\/\/wp.ufpel.edu.br\/nez\/?page_id=50","og_site_name":"N\u00facleo de Est\u00e1gios em Zootecnia","article_modified_time":"2026-01-13T12:37:23+00:00","twitter_card":"summary_large_image","twitter_misc":{"Est. tempo de leitura":"1 minuto"},"schema":{"@context":"https:\/\/schema.org","@graph":[{"@type":"WebPage","@id":"https:\/\/wp.ufpel.edu.br\/nez\/?page_id=50","url":"https:\/\/wp.ufpel.edu.br\/nez\/?page_id=50","name":"ESTAGIO II - N\u00facleo de Est\u00e1gios em Zootecnia","isPartOf":{"@id":"https:\/\/wp.ufpel.edu.br\/nez\/#website"},"datePublished":"2018-08-23T14:49:02+00:00","dateModified":"2026-01-13T12:37:23+00:00","breadcrumb":{"@id":"https:\/\/wp.ufpel.edu.br\/nez\/?page_id=50#breadcrumb"},"inLanguage":"pt-BR","potentialAction":[{"@type":"ReadAction","target":["https:\/\/wp.ufpel.edu.br\/nez\/?page_id=50"]}]},{"@type":"BreadcrumbList","@id":"https:\/\/wp.ufpel.edu.br\/nez\/?page_id=50#breadcrumb","itemListElement":[{"@type":"ListItem","position":1,"name":"In\u00edcio","item":"https:\/\/wp.ufpel.edu.br\/nez\/"},{"@type":"ListItem","position":2,"name":"ESTAGIO II"}]},{"@type":"WebSite","@id":"https:\/\/wp.ufpel.edu.br\/nez\/#website","url":"https:\/\/wp.ufpel.edu.br\/nez\/","name":"N\u00facleo de Est\u00e1gios em Zootecnia","description":"Universidade Federal de Pelotas","potentialAction":[{"@type":"SearchAction","target":{"@type":"EntryPoint","urlTemplate":"https:\/\/wp.ufpel.edu.br\/nez\/?s={search_term_string}"},"query-input":{"@type":"PropertyValueSpecification","valueRequired":true,"valueName":"search_term_string"}}],"inLanguage":"pt-BR"}]}},"_links":{"self":[{"href":"https:\/\/wp.ufpel.edu.br\/nez\/index.php?rest_route=\/wp\/v2\/pages\/50","targetHints":{"allow":["GET"]}}],"collection":[{"href":"https:\/\/wp.ufpel.edu.br\/nez\/index.php?rest_route=\/wp\/v2\/pages"}],"about":[{"href":"https:\/\/wp.ufpel.edu.br\/nez\/index.php?rest_route=\/wp\/v2\/types\/page"}],"author":[{"embeddable":true,"href":"https:\/\/wp.ufpel.edu.br\/nez\/index.php?rest_route=\/wp\/v2\/users\/870"}],"replies":[{"embeddable":true,"href":"https:\/\/wp.ufpel.edu.br\/nez\/index.php?rest_route=%2Fwp%2Fv2%2Fcomments&post=50"}],"version-history":[{"count":4,"href":"https:\/\/wp.ufpel.edu.br\/nez\/index.php?rest_route=\/wp\/v2\/pages\/50\/revisions"}],"predecessor-version":[{"id":404,"href":"https:\/\/wp.ufpel.edu.br\/nez\/index.php?rest_route=\/wp\/v2\/pages\/50\/revisions\/404"}],"wp:attachment":[{"href":"https:\/\/wp.ufpel.edu.br\/nez\/index.php?rest_route=%2Fwp%2Fv2%2Fmedia&parent=50"}],"curies":[{"name":"wp","href":"https:\/\/api.w.org\/{rel}","templated":true}]}}