{"id":175,"date":"2018-09-11T10:21:30","date_gmt":"2018-09-11T13:21:30","guid":{"rendered":"https:\/\/wp.ufpel.edu.br\/nez\/?page_id=175"},"modified":"2026-03-02T09:58:01","modified_gmt":"2026-03-02T12:58:01","slug":"empresas-parceiras","status":"publish","type":"page","link":"https:\/\/wp.ufpel.edu.br\/nez\/?page_id=175","title":{"rendered":"Agendamento de defesa de Est\u00e1gios I e II"},"content":{"rendered":"<p style=\"text-align: justify;\">O Preenchimento do formul\u00e1rio abaixo \u00e9 indispens\u00e1vel para que o N\u00facleo de Est\u00e1gios possa providenciar e agilizar os tramites legas para a realiza\u00e7\u00e3o da defesa de Est\u00e1gio I e II.<\/p>\n<p style=\"text-align: justify;\">Cabe lembrar que a defesa de <strong>Est\u00e1gio I<\/strong> deve ser realizada at\u00e9 seis meses ap\u00f3s a realiza\u00e7\u00e3o, e o <strong>Est\u00e1gio II<\/strong> deve ser defendido no mesmo semestre de matr\u00edcula (realiza\u00e7\u00e3o), como determinado no PPC do Curso de Zootecnia.<\/p>\n<p><iframe loading=\"lazy\" src=\"https:\/\/docs.google.com\/forms\/d\/e\/1FAIpQLSeX79y-yfmRfT8hbJvfkoxBWg7JjK0V2gsn_juKHbfX-ENH9A\/viewform?embedded=true\" width=\"640\" height=\"1467\" frameborder=\"0\" marginwidth=\"0\" marginheight=\"0\">Carregando\u2026<\/iframe><\/p>\n","protected":false},"excerpt":{"rendered":"<p>O Preenchimento do formul\u00e1rio abaixo \u00e9 indispens\u00e1vel para que o N\u00facleo de Est\u00e1gios possa providenciar e agilizar os tramites legas para a realiza\u00e7\u00e3o da defesa de Est\u00e1gio I e II. Cabe lembrar que a defesa de Est\u00e1gio I deve ser realizada at\u00e9 seis meses ap\u00f3s a realiza\u00e7\u00e3o, e o Est\u00e1gio II deve ser defendido no<a class=\"more-link\" href=\"https:\/\/wp.ufpel.edu.br\/nez\/?page_id=175\">Continue reading <span class=\"screen-reader-text\">&#8220;Agendamento de defesa de Est\u00e1gios I e II&#8221;<\/span><\/a><\/p>\n","protected":false},"author":870,"featured_media":0,"parent":0,"menu_order":0,"comment_status":"closed","ping_status":"closed","template":"","meta":{"footnotes":""},"class_list":["post-175","page","type-page","status-publish","hentry"],"yoast_head":"<!-- This site is optimized with the Yoast SEO plugin v26.7 - https:\/\/yoast.com\/wordpress\/plugins\/seo\/ -->\n<title>Agendamento de defesa de Est\u00e1gios I e II - N\u00facleo de Est\u00e1gios em Zootecnia<\/title>\n<meta name=\"robots\" content=\"index, follow, max-snippet:-1, max-image-preview:large, max-video-preview:-1\" \/>\n<link rel=\"canonical\" href=\"https:\/\/wp.ufpel.edu.br\/nez\/?page_id=175\" \/>\n<meta property=\"og:locale\" content=\"pt_BR\" \/>\n<meta property=\"og:type\" content=\"article\" \/>\n<meta property=\"og:title\" content=\"Agendamento de defesa de Est\u00e1gios I e II - N\u00facleo de Est\u00e1gios em Zootecnia\" \/>\n<meta property=\"og:description\" content=\"O Preenchimento do formul\u00e1rio abaixo \u00e9 indispens\u00e1vel para que o N\u00facleo de Est\u00e1gios possa providenciar e agilizar os tramites legas para a realiza\u00e7\u00e3o da defesa de Est\u00e1gio I e II. Cabe lembrar que a defesa de Est\u00e1gio I deve ser realizada at\u00e9 seis meses ap\u00f3s a realiza\u00e7\u00e3o, e o Est\u00e1gio II deve ser defendido noContinue reading &quot;Agendamento de defesa de Est\u00e1gios I e II&quot;\" \/>\n<meta property=\"og:url\" content=\"https:\/\/wp.ufpel.edu.br\/nez\/?page_id=175\" \/>\n<meta property=\"og:site_name\" content=\"N\u00facleo de Est\u00e1gios em Zootecnia\" \/>\n<meta property=\"article:modified_time\" content=\"2026-03-02T12:58:01+00:00\" \/>\n<meta name=\"twitter:card\" content=\"summary_large_image\" \/>\n<meta name=\"twitter:label1\" content=\"Est. tempo de leitura\" \/>\n\t<meta name=\"twitter:data1\" content=\"1 minuto\" \/>\n<script type=\"application\/ld+json\" class=\"yoast-schema-graph\">{\"@context\":\"https:\/\/schema.org\",\"@graph\":[{\"@type\":\"WebPage\",\"@id\":\"https:\/\/wp.ufpel.edu.br\/nez\/?page_id=175\",\"url\":\"https:\/\/wp.ufpel.edu.br\/nez\/?page_id=175\",\"name\":\"Agendamento de defesa de Est\u00e1gios I e II - N\u00facleo de Est\u00e1gios em Zootecnia\",\"isPartOf\":{\"@id\":\"https:\/\/wp.ufpel.edu.br\/nez\/#website\"},\"datePublished\":\"2018-09-11T13:21:30+00:00\",\"dateModified\":\"2026-03-02T12:58:01+00:00\",\"breadcrumb\":{\"@id\":\"https:\/\/wp.ufpel.edu.br\/nez\/?page_id=175#breadcrumb\"},\"inLanguage\":\"pt-BR\",\"potentialAction\":[{\"@type\":\"ReadAction\",\"target\":[\"https:\/\/wp.ufpel.edu.br\/nez\/?page_id=175\"]}]},{\"@type\":\"BreadcrumbList\",\"@id\":\"https:\/\/wp.ufpel.edu.br\/nez\/?page_id=175#breadcrumb\",\"itemListElement\":[{\"@type\":\"ListItem\",\"position\":1,\"name\":\"In\u00edcio\",\"item\":\"https:\/\/wp.ufpel.edu.br\/nez\/\"},{\"@type\":\"ListItem\",\"position\":2,\"name\":\"Agendamento de defesa de Est\u00e1gios I e II\"}]},{\"@type\":\"WebSite\",\"@id\":\"https:\/\/wp.ufpel.edu.br\/nez\/#website\",\"url\":\"https:\/\/wp.ufpel.edu.br\/nez\/\",\"name\":\"N\u00facleo de Est\u00e1gios em Zootecnia\",\"description\":\"Universidade Federal de Pelotas\",\"potentialAction\":[{\"@type\":\"SearchAction\",\"target\":{\"@type\":\"EntryPoint\",\"urlTemplate\":\"https:\/\/wp.ufpel.edu.br\/nez\/?s={search_term_string}\"},\"query-input\":{\"@type\":\"PropertyValueSpecification\",\"valueRequired\":true,\"valueName\":\"search_term_string\"}}],\"inLanguage\":\"pt-BR\"}]}<\/script>\n<!-- \/ Yoast SEO plugin. -->","yoast_head_json":{"title":"Agendamento de defesa de Est\u00e1gios I e II - N\u00facleo de Est\u00e1gios em Zootecnia","robots":{"index":"index","follow":"follow","max-snippet":"max-snippet:-1","max-image-preview":"max-image-preview:large","max-video-preview":"max-video-preview:-1"},"canonical":"https:\/\/wp.ufpel.edu.br\/nez\/?page_id=175","og_locale":"pt_BR","og_type":"article","og_title":"Agendamento de defesa de Est\u00e1gios I e II - N\u00facleo de Est\u00e1gios em Zootecnia","og_description":"O Preenchimento do formul\u00e1rio abaixo \u00e9 indispens\u00e1vel para que o N\u00facleo de Est\u00e1gios possa providenciar e agilizar os tramites legas para a realiza\u00e7\u00e3o da defesa de Est\u00e1gio I e II. Cabe lembrar que a defesa de Est\u00e1gio I deve ser realizada at\u00e9 seis meses ap\u00f3s a realiza\u00e7\u00e3o, e o Est\u00e1gio II deve ser defendido noContinue reading \"Agendamento de defesa de Est\u00e1gios I e II\"","og_url":"https:\/\/wp.ufpel.edu.br\/nez\/?page_id=175","og_site_name":"N\u00facleo de Est\u00e1gios em Zootecnia","article_modified_time":"2026-03-02T12:58:01+00:00","twitter_card":"summary_large_image","twitter_misc":{"Est. tempo de leitura":"1 minuto"},"schema":{"@context":"https:\/\/schema.org","@graph":[{"@type":"WebPage","@id":"https:\/\/wp.ufpel.edu.br\/nez\/?page_id=175","url":"https:\/\/wp.ufpel.edu.br\/nez\/?page_id=175","name":"Agendamento de defesa de Est\u00e1gios I e II - N\u00facleo de Est\u00e1gios em Zootecnia","isPartOf":{"@id":"https:\/\/wp.ufpel.edu.br\/nez\/#website"},"datePublished":"2018-09-11T13:21:30+00:00","dateModified":"2026-03-02T12:58:01+00:00","breadcrumb":{"@id":"https:\/\/wp.ufpel.edu.br\/nez\/?page_id=175#breadcrumb"},"inLanguage":"pt-BR","potentialAction":[{"@type":"ReadAction","target":["https:\/\/wp.ufpel.edu.br\/nez\/?page_id=175"]}]},{"@type":"BreadcrumbList","@id":"https:\/\/wp.ufpel.edu.br\/nez\/?page_id=175#breadcrumb","itemListElement":[{"@type":"ListItem","position":1,"name":"In\u00edcio","item":"https:\/\/wp.ufpel.edu.br\/nez\/"},{"@type":"ListItem","position":2,"name":"Agendamento de defesa de Est\u00e1gios I e II"}]},{"@type":"WebSite","@id":"https:\/\/wp.ufpel.edu.br\/nez\/#website","url":"https:\/\/wp.ufpel.edu.br\/nez\/","name":"N\u00facleo de Est\u00e1gios em Zootecnia","description":"Universidade Federal de Pelotas","potentialAction":[{"@type":"SearchAction","target":{"@type":"EntryPoint","urlTemplate":"https:\/\/wp.ufpel.edu.br\/nez\/?s={search_term_string}"},"query-input":{"@type":"PropertyValueSpecification","valueRequired":true,"valueName":"search_term_string"}}],"inLanguage":"pt-BR"}]}},"_links":{"self":[{"href":"https:\/\/wp.ufpel.edu.br\/nez\/index.php?rest_route=\/wp\/v2\/pages\/175","targetHints":{"allow":["GET"]}}],"collection":[{"href":"https:\/\/wp.ufpel.edu.br\/nez\/index.php?rest_route=\/wp\/v2\/pages"}],"about":[{"href":"https:\/\/wp.ufpel.edu.br\/nez\/index.php?rest_route=\/wp\/v2\/types\/page"}],"author":[{"embeddable":true,"href":"https:\/\/wp.ufpel.edu.br\/nez\/index.php?rest_route=\/wp\/v2\/users\/870"}],"replies":[{"embeddable":true,"href":"https:\/\/wp.ufpel.edu.br\/nez\/index.php?rest_route=%2Fwp%2Fv2%2Fcomments&post=175"}],"version-history":[{"count":4,"href":"https:\/\/wp.ufpel.edu.br\/nez\/index.php?rest_route=\/wp\/v2\/pages\/175\/revisions"}],"predecessor-version":[{"id":412,"href":"https:\/\/wp.ufpel.edu.br\/nez\/index.php?rest_route=\/wp\/v2\/pages\/175\/revisions\/412"}],"wp:attachment":[{"href":"https:\/\/wp.ufpel.edu.br\/nez\/index.php?rest_route=%2Fwp%2Fv2%2Fmedia&parent=175"}],"curies":[{"name":"wp","href":"https:\/\/api.w.org\/{rel}","templated":true}]}}