{"id":116,"date":"2018-09-06T10:33:40","date_gmt":"2018-09-06T13:33:40","guid":{"rendered":"https:\/\/wp.ufpel.edu.br\/nez\/?page_id=116"},"modified":"2025-08-18T13:43:42","modified_gmt":"2025-08-18T16:43:42","slug":"inicio","status":"publish","type":"page","link":"https:\/\/wp.ufpel.edu.br\/nez\/","title":{"rendered":"In\u00edcio"},"content":{"rendered":"<div>\n<div class=\"post-content\">\n<blockquote><p><strong style=\"color: #333333; font-size: 16px;\">Est\u00e1gios:<\/strong><\/p>\n<p><span style=\"text-align: justify; color: #333333; font-size: 16px;\">Por defini\u00e7\u00e3o do Art. 1\u00ba da lei n\u00ba 11788, de 25 de setembro de 2008, \u201co est\u00e1gio \u00e9 ato educativo escolar supervisionado, desenvolvido no ambiente de trabalho, que visa \u00e0 prepara\u00e7\u00e3o para o trabalho produtivo dos educandos, na modalidade profissional de jovens e adultos\u201d. A referida legisla\u00e7\u00e3o classifica-o em est\u00e1gio curricular obrigat\u00f3rio e n\u00e3o obrigat\u00f3rio.<\/span><\/p><\/blockquote>\n<\/div>\n<\/div>\n<article id=\"single_post_inside\" class=\"single_post_inside\">\n<p style=\"text-align: justify;\">O est\u00e1gio curricular obrigat\u00f3rio \u00e9 aquele definido no projeto pedag\u00f3gico do curso de acordo com os requisitos para a obten\u00e7\u00e3o de aprova\u00e7\u00e3o e tem sua fundamenta\u00e7\u00e3o nas Diretrizes Curriculares Nacionais de cada curso. E o est\u00e1gio curricular n\u00e3o obrigat\u00f3rio \u00e9 aquele que necessariamente n\u00e3o atende a todos os alunos, tendo as horas realizadas computadas al\u00e9m da carga-hor\u00e1ria m\u00ednima para integraliza\u00e7\u00e3o curricular de cada curso. Esta tipologia de est\u00e1gio n\u00e3o \u00e9 exigida para obten\u00e7\u00e3o de diploma, por\u00e9m deve estar prevista no Projeto Pedag\u00f3gico de cada curso. Tanto o est\u00e1gio curricular obrigat\u00f3rio como o n\u00e3o obrigat\u00f3rio proporcionam oportunidades de aprendizado e do desenvolvimento de habilidades referentes \u00e0s rela\u00e7\u00f5es sociais do mundo profissional.<\/p>\n<p style=\"text-align: justify;\">O <strong>N\u00facleo de Est\u00e1gios em Zootecnia (NEZ)<\/strong> \u00e9 respons\u00e1vel por todas as modalidades de est\u00e1gio e procedimentos relacionados.<\/p>\n<p>Respons\u00e1veis pelo NEZ<\/p>\n<p>Prof. <a href=\"https:\/\/institucional.ufpel.edu.br\/servidores\/id\/153389\">Stefani Macari<\/a> \u2013 Coordenador do NEZ<\/p>\n<p>Prof\u00aa. <a href=\"https:\/\/institucional.ufpel.edu.br\/servidores\/id\/30306\">Leandro De Conto<\/a>\u00a0 &#8211; Coordenador adjunto<\/p>\n<p>T\u00e9c. Admin. <a href=\"https:\/\/institucional.ufpel.edu.br\/servidores\/id\/127520\">Cristiano Haetinger\u00a0 Hubner<\/a><\/p>\n<p>Acad. Thainan Menezes<\/p>\n<p>&nbsp;<\/p>\n<p><strong>Legisla\u00e7\u00e3o sobre Est\u00e1gio<\/strong><\/p>\n<p><a href=\"http:\/\/www.planalto.gov.br\/ccivil_03\/_ato2007-2010\/2008\/lei\/l11788.htm\">Lei 11788\/2008<\/a> \u2013 Disp\u00f5e sobre est\u00e1gio de estudantes<\/p>\n<p><a href=\"https:\/\/wp.ufpel.edu.br\/cec\/files\/2013\/04\/cartilha_lei_estagio.pdf\">Cartilha M<\/a>TE \u2013 Cartilha Esclarecedora Sobre a Lei do Est\u00e1gio \u2013 Minist\u00e9rio do Trabalho e Emprego<\/p>\n<p>&nbsp;<\/p>\n<p>Resolu\u00e7\u00f5es COCEPE<\/p>\n<p><a href=\"https:\/\/wp.ufpel.edu.br\/scs\/files\/2010\/08\/2009_03.pdf\">03\/2009<\/a>\u00a0\u2013\u00a0Normatiza os Est\u00e1gios obrigat\u00f3rios e n\u00e3o obrigat\u00f3rios, concedidos pela Universidade Federal de Pelotas<\/p>\n<p><a href=\"https:\/\/wp.ufpel.edu.br\/scs\/files\/2010\/08\/2009_04.pdf\">04\/2009<\/a> \u2013 Normatiza os Est\u00e1gios obrigat\u00f3rios e n\u00e3o obrigat\u00f3rios realizados por alunos da UFPel, nos termos desta Resolu\u00e7\u00e3o<\/p>\n<p><a href=\"https:\/\/wp.ufpel.edu.br\/cec\/files\/2013\/04\/estagio_na_ufpel.pdf\">Est\u00e1gio na UFPEL<\/a> \u2013 Manual de est\u00e1gio na Universidade Federal de Pelotas<\/p>\n<p>&nbsp;<\/p>\n<\/article>\n","protected":false},"excerpt":{"rendered":"<p>Est\u00e1gios: Por defini\u00e7\u00e3o do Art. 1\u00ba da lei n\u00ba 11788, de 25 de setembro de 2008, \u201co est\u00e1gio \u00e9 ato educativo escolar supervisionado, desenvolvido no ambiente de trabalho, que visa \u00e0 prepara\u00e7\u00e3o para o trabalho produtivo dos educandos, na modalidade profissional de jovens e adultos\u201d. A referida legisla\u00e7\u00e3o classifica-o em est\u00e1gio curricular obrigat\u00f3rio e n\u00e3o<a class=\"more-link\" href=\"https:\/\/wp.ufpel.edu.br\/nez\/\">Continue reading <span class=\"screen-reader-text\">&#8220;In\u00edcio&#8221;<\/span><\/a><\/p>\n","protected":false},"author":870,"featured_media":0,"parent":0,"menu_order":0,"comment_status":"closed","ping_status":"closed","template":"","meta":{"footnotes":""},"class_list":["post-116","page","type-page","status-publish","hentry"],"yoast_head":"<!-- This site is optimized with the Yoast SEO plugin v26.7 - https:\/\/yoast.com\/wordpress\/plugins\/seo\/ -->\n<title>In\u00edcio - N\u00facleo de Est\u00e1gios em Zootecnia<\/title>\n<meta name=\"robots\" content=\"index, follow, max-snippet:-1, max-image-preview:large, max-video-preview:-1\" \/>\n<link rel=\"canonical\" href=\"https:\/\/wp.ufpel.edu.br\/nez\/\" \/>\n<meta property=\"og:locale\" content=\"pt_BR\" \/>\n<meta property=\"og:type\" content=\"article\" \/>\n<meta property=\"og:title\" content=\"In\u00edcio - N\u00facleo de Est\u00e1gios em Zootecnia\" \/>\n<meta property=\"og:description\" content=\"Est\u00e1gios: Por defini\u00e7\u00e3o do Art. 1\u00ba da lei n\u00ba 11788, de 25 de setembro de 2008, \u201co est\u00e1gio \u00e9 ato educativo escolar supervisionado, desenvolvido no ambiente de trabalho, que visa \u00e0 prepara\u00e7\u00e3o para o trabalho produtivo dos educandos, na modalidade profissional de jovens e adultos\u201d. A referida legisla\u00e7\u00e3o classifica-o em est\u00e1gio curricular obrigat\u00f3rio e n\u00e3oContinue reading &quot;In\u00edcio&quot;\" \/>\n<meta property=\"og:url\" content=\"https:\/\/wp.ufpel.edu.br\/nez\/\" \/>\n<meta property=\"og:site_name\" content=\"N\u00facleo de Est\u00e1gios em Zootecnia\" \/>\n<meta property=\"article:modified_time\" content=\"2025-08-18T16:43:42+00:00\" \/>\n<meta name=\"twitter:card\" content=\"summary_large_image\" \/>\n<meta name=\"twitter:label1\" content=\"Est. tempo de leitura\" \/>\n\t<meta name=\"twitter:data1\" content=\"2 minutos\" \/>\n<script type=\"application\/ld+json\" class=\"yoast-schema-graph\">{\"@context\":\"https:\/\/schema.org\",\"@graph\":[{\"@type\":\"WebPage\",\"@id\":\"https:\/\/wp.ufpel.edu.br\/nez\/\",\"url\":\"https:\/\/wp.ufpel.edu.br\/nez\/\",\"name\":\"In\u00edcio - N\u00facleo de Est\u00e1gios em Zootecnia\",\"isPartOf\":{\"@id\":\"https:\/\/wp.ufpel.edu.br\/nez\/#website\"},\"datePublished\":\"2018-09-06T13:33:40+00:00\",\"dateModified\":\"2025-08-18T16:43:42+00:00\",\"breadcrumb\":{\"@id\":\"https:\/\/wp.ufpel.edu.br\/nez\/#breadcrumb\"},\"inLanguage\":\"pt-BR\",\"potentialAction\":[{\"@type\":\"ReadAction\",\"target\":[\"https:\/\/wp.ufpel.edu.br\/nez\/\"]}]},{\"@type\":\"BreadcrumbList\",\"@id\":\"https:\/\/wp.ufpel.edu.br\/nez\/#breadcrumb\",\"itemListElement\":[{\"@type\":\"ListItem\",\"position\":1,\"name\":\"In\u00edcio\",\"item\":\"https:\/\/wp.ufpel.edu.br\/nez\/\"},{\"@type\":\"ListItem\",\"position\":2,\"name\":\"In\u00edcio\"}]},{\"@type\":\"WebSite\",\"@id\":\"https:\/\/wp.ufpel.edu.br\/nez\/#website\",\"url\":\"https:\/\/wp.ufpel.edu.br\/nez\/\",\"name\":\"N\u00facleo de Est\u00e1gios em Zootecnia\",\"description\":\"Universidade Federal de Pelotas\",\"potentialAction\":[{\"@type\":\"SearchAction\",\"target\":{\"@type\":\"EntryPoint\",\"urlTemplate\":\"https:\/\/wp.ufpel.edu.br\/nez\/?s={search_term_string}\"},\"query-input\":{\"@type\":\"PropertyValueSpecification\",\"valueRequired\":true,\"valueName\":\"search_term_string\"}}],\"inLanguage\":\"pt-BR\"}]}<\/script>\n<!-- \/ Yoast SEO plugin. -->","yoast_head_json":{"title":"In\u00edcio - N\u00facleo de Est\u00e1gios em Zootecnia","robots":{"index":"index","follow":"follow","max-snippet":"max-snippet:-1","max-image-preview":"max-image-preview:large","max-video-preview":"max-video-preview:-1"},"canonical":"https:\/\/wp.ufpel.edu.br\/nez\/","og_locale":"pt_BR","og_type":"article","og_title":"In\u00edcio - N\u00facleo de Est\u00e1gios em Zootecnia","og_description":"Est\u00e1gios: Por defini\u00e7\u00e3o do Art. 1\u00ba da lei n\u00ba 11788, de 25 de setembro de 2008, \u201co est\u00e1gio \u00e9 ato educativo escolar supervisionado, desenvolvido no ambiente de trabalho, que visa \u00e0 prepara\u00e7\u00e3o para o trabalho produtivo dos educandos, na modalidade profissional de jovens e adultos\u201d. A referida legisla\u00e7\u00e3o classifica-o em est\u00e1gio curricular obrigat\u00f3rio e n\u00e3oContinue reading \"In\u00edcio\"","og_url":"https:\/\/wp.ufpel.edu.br\/nez\/","og_site_name":"N\u00facleo de Est\u00e1gios em Zootecnia","article_modified_time":"2025-08-18T16:43:42+00:00","twitter_card":"summary_large_image","twitter_misc":{"Est. tempo de leitura":"2 minutos"},"schema":{"@context":"https:\/\/schema.org","@graph":[{"@type":"WebPage","@id":"https:\/\/wp.ufpel.edu.br\/nez\/","url":"https:\/\/wp.ufpel.edu.br\/nez\/","name":"In\u00edcio - N\u00facleo de Est\u00e1gios em Zootecnia","isPartOf":{"@id":"https:\/\/wp.ufpel.edu.br\/nez\/#website"},"datePublished":"2018-09-06T13:33:40+00:00","dateModified":"2025-08-18T16:43:42+00:00","breadcrumb":{"@id":"https:\/\/wp.ufpel.edu.br\/nez\/#breadcrumb"},"inLanguage":"pt-BR","potentialAction":[{"@type":"ReadAction","target":["https:\/\/wp.ufpel.edu.br\/nez\/"]}]},{"@type":"BreadcrumbList","@id":"https:\/\/wp.ufpel.edu.br\/nez\/#breadcrumb","itemListElement":[{"@type":"ListItem","position":1,"name":"In\u00edcio","item":"https:\/\/wp.ufpel.edu.br\/nez\/"},{"@type":"ListItem","position":2,"name":"In\u00edcio"}]},{"@type":"WebSite","@id":"https:\/\/wp.ufpel.edu.br\/nez\/#website","url":"https:\/\/wp.ufpel.edu.br\/nez\/","name":"N\u00facleo de Est\u00e1gios em Zootecnia","description":"Universidade Federal de Pelotas","potentialAction":[{"@type":"SearchAction","target":{"@type":"EntryPoint","urlTemplate":"https:\/\/wp.ufpel.edu.br\/nez\/?s={search_term_string}"},"query-input":{"@type":"PropertyValueSpecification","valueRequired":true,"valueName":"search_term_string"}}],"inLanguage":"pt-BR"}]}},"_links":{"self":[{"href":"https:\/\/wp.ufpel.edu.br\/nez\/index.php?rest_route=\/wp\/v2\/pages\/116","targetHints":{"allow":["GET"]}}],"collection":[{"href":"https:\/\/wp.ufpel.edu.br\/nez\/index.php?rest_route=\/wp\/v2\/pages"}],"about":[{"href":"https:\/\/wp.ufpel.edu.br\/nez\/index.php?rest_route=\/wp\/v2\/types\/page"}],"author":[{"embeddable":true,"href":"https:\/\/wp.ufpel.edu.br\/nez\/index.php?rest_route=\/wp\/v2\/users\/870"}],"replies":[{"embeddable":true,"href":"https:\/\/wp.ufpel.edu.br\/nez\/index.php?rest_route=%2Fwp%2Fv2%2Fcomments&post=116"}],"version-history":[{"count":4,"href":"https:\/\/wp.ufpel.edu.br\/nez\/index.php?rest_route=\/wp\/v2\/pages\/116\/revisions"}],"predecessor-version":[{"id":396,"href":"https:\/\/wp.ufpel.edu.br\/nez\/index.php?rest_route=\/wp\/v2\/pages\/116\/revisions\/396"}],"wp:attachment":[{"href":"https:\/\/wp.ufpel.edu.br\/nez\/index.php?rest_route=%2Fwp%2Fv2%2Fmedia&parent=116"}],"curies":[{"name":"wp","href":"https:\/\/api.w.org\/{rel}","templated":true}]}}