{"id":71,"date":"2016-03-07T17:09:02","date_gmt":"2016-03-07T20:09:02","guid":{"rendered":"https:\/\/wp.ufpel.edu.br\/netgeo\/?page_id=71"},"modified":"2016-09-01T15:48:11","modified_gmt":"2016-09-01T18:48:11","slug":"fotos-2","status":"publish","type":"page","link":"https:\/\/wp.ufpel.edu.br\/netgeo\/fotos-2\/","title":{"rendered":"Fotos"},"content":{"rendered":"<p>&nbsp;<\/p>\n<table style=\"height: 992px\" width=\"554\">\n<tbody>\n<tr>\n<td style=\"text-align: center\">\n<p><span style=\"font-size: 8pt\">Sonda Multiparam\u00e9trica<\/span><\/p>\n<p><span style=\"font-size: 8pt\">2015\/2<\/span><\/p>\n<p><span style=\"font-size: 8pt\"><a href=\"https:\/\/wp.ufpel.edu.br\/netgeo\/files\/2016\/03\/Qualidade_agua.jpg\" rel=\"attachment wp-att-161\"><img class=\"alignnone wp-image-161\" src=\"https:\/\/wp.ufpel.edu.br\/netgeo\/files\/2016\/03\/Qualidade_agua-424x318.jpg\" alt=\"Qualidade_agua\" width=\"150\" height=\"113\" srcset=\"https:\/\/wp.ufpel.edu.br\/netgeo\/files\/2016\/03\/Qualidade_agua-424x318.jpg 424w, https:\/\/wp.ufpel.edu.br\/netgeo\/files\/2016\/03\/Qualidade_agua-212x159.jpg 212w, https:\/\/wp.ufpel.edu.br\/netgeo\/files\/2016\/03\/Qualidade_agua-768x576.jpg 768w, https:\/\/wp.ufpel.edu.br\/netgeo\/files\/2016\/03\/Qualidade_agua.jpg 960w\" sizes=\"(max-width: 150px) 100vw, 150px\" \/><\/a><\/span><\/td>\n<td style=\"text-align: center\"><span style=\"font-size: 8pt\">Levantamento Geod\u00e9sico<br \/>\n<\/span><span style=\"font-size: 8pt\">GPS dupla frequ\u00eancia<\/span><\/p>\n<p><span style=\"font-size: 8pt\"><a href=\"https:\/\/wp.ufpel.edu.br\/netgeo\/files\/2016\/03\/gps.jpg\" rel=\"attachment wp-att-162\"><img class=\"alignnone wp-image-162\" src=\"https:\/\/wp.ufpel.edu.br\/netgeo\/files\/2016\/03\/gps-424x318.jpg\" alt=\"gps\" width=\"150\" height=\"113\" srcset=\"https:\/\/wp.ufpel.edu.br\/netgeo\/files\/2016\/03\/gps-424x318.jpg 424w, https:\/\/wp.ufpel.edu.br\/netgeo\/files\/2016\/03\/gps-212x159.jpg 212w, https:\/\/wp.ufpel.edu.br\/netgeo\/files\/2016\/03\/gps-768x576.jpg 768w, https:\/\/wp.ufpel.edu.br\/netgeo\/files\/2016\/03\/gps.jpg 960w\" sizes=\"(max-width: 150px) 100vw, 150px\" \/><\/a><\/span><\/td>\n<td style=\"text-align: center\">\n<p><span style=\"font-size: 8pt\">Marco Geod\u00e9sico<\/span><\/p>\n<p><span style=\"font-size: 8pt\">Minas do Camaqu\u00e3<\/span><\/p>\n<p><a href=\"https:\/\/wp.ufpel.edu.br\/netgeo\/files\/2016\/03\/marco.jpg\" rel=\"attachment wp-att-163\"><img class=\"alignnone wp-image-163\" src=\"https:\/\/wp.ufpel.edu.br\/netgeo\/files\/2016\/03\/marco-424x318.jpg\" alt=\"marco\" width=\"150\" height=\"113\" srcset=\"https:\/\/wp.ufpel.edu.br\/netgeo\/files\/2016\/03\/marco-424x318.jpg 424w, https:\/\/wp.ufpel.edu.br\/netgeo\/files\/2016\/03\/marco-212x159.jpg 212w, https:\/\/wp.ufpel.edu.br\/netgeo\/files\/2016\/03\/marco-768x576.jpg 768w, https:\/\/wp.ufpel.edu.br\/netgeo\/files\/2016\/03\/marco.jpg 960w\" sizes=\"(max-width: 150px) 100vw, 150px\" \/><\/a><\/p>\n<p>&nbsp;<\/td>\n<\/tr>\n<tr>\n<td>\n<p><span style=\"font-size: 8pt\">\u00a0Nivelamento Geom\u00e9trico<\/span><\/p>\n<p><span style=\"font-size: 8pt\">2015\/2<\/span><\/p>\n<p><span style=\"font-size: 8pt\"><a href=\"https:\/\/wp.ufpel.edu.br\/netgeo\/files\/2016\/03\/n\u00edvel.jpg\" rel=\"attachment wp-att-166\"><img class=\"alignnone wp-image-166\" src=\"https:\/\/wp.ufpel.edu.br\/netgeo\/files\/2016\/03\/n\u00edvel-424x318.jpg\" alt=\"n\u00edvel\" width=\"150\" height=\"113\" srcset=\"https:\/\/wp.ufpel.edu.br\/netgeo\/files\/2016\/03\/n\u00edvel-424x318.jpg 424w, https:\/\/wp.ufpel.edu.br\/netgeo\/files\/2016\/03\/n\u00edvel-212x159.jpg 212w, https:\/\/wp.ufpel.edu.br\/netgeo\/files\/2016\/03\/n\u00edvel-768x576.jpg 768w, https:\/\/wp.ufpel.edu.br\/netgeo\/files\/2016\/03\/n\u00edvel.jpg 960w\" sizes=\"(max-width: 150px) 100vw, 150px\" \/><\/a><\/span><\/td>\n<td>\n<p><span style=\"font-size: 8pt\">Levant. Topogr\u00e1fico<\/span><\/p>\n<p><span style=\"font-size: 8pt\">2015\/1<\/span><\/p>\n<p><span style=\"font-size: 8pt\"><a href=\"https:\/\/wp.ufpel.edu.br\/netgeo\/files\/2016\/03\/topografia.jpg\" rel=\"attachment wp-att-167\"><img class=\"alignnone wp-image-167\" src=\"https:\/\/wp.ufpel.edu.br\/netgeo\/files\/2016\/03\/topografia-424x318.jpg\" alt=\"topografia\" width=\"150\" height=\"113\" srcset=\"https:\/\/wp.ufpel.edu.br\/netgeo\/files\/2016\/03\/topografia-424x318.jpg 424w, https:\/\/wp.ufpel.edu.br\/netgeo\/files\/2016\/03\/topografia-212x159.jpg 212w, https:\/\/wp.ufpel.edu.br\/netgeo\/files\/2016\/03\/topografia-768x576.jpg 768w, https:\/\/wp.ufpel.edu.br\/netgeo\/files\/2016\/03\/topografia.jpg 960w\" sizes=\"(max-width: 150px) 100vw, 150px\" \/><\/a><\/span><\/td>\n<td>\n<p><span style=\"font-size: 8pt\">Levant. Topogr\u00e1fico<\/span><\/p>\n<p><span style=\"font-size: 8pt\">2015\/2<\/span><\/p>\n<p><a href=\"https:\/\/wp.ufpel.edu.br\/netgeo\/files\/2016\/03\/topo.jpg\" rel=\"attachment wp-att-168\"><img class=\"alignnone wp-image-168\" src=\"https:\/\/wp.ufpel.edu.br\/netgeo\/files\/2016\/03\/topo-424x318.jpg\" alt=\"topo\" width=\"150\" height=\"113\" srcset=\"https:\/\/wp.ufpel.edu.br\/netgeo\/files\/2016\/03\/topo-424x318.jpg 424w, https:\/\/wp.ufpel.edu.br\/netgeo\/files\/2016\/03\/topo-212x159.jpg 212w, https:\/\/wp.ufpel.edu.br\/netgeo\/files\/2016\/03\/topo-768x576.jpg 768w, https:\/\/wp.ufpel.edu.br\/netgeo\/files\/2016\/03\/topo.jpg 960w\" sizes=\"(max-width: 150px) 100vw, 150px\" \/><\/a><\/td>\n<\/tr>\n<tr>\n<td>\n<p><span style=\"font-size: 8pt\">Batimetria<\/span><\/p>\n<p><span style=\"font-size: 8pt\">Apoio PATRAM<\/span><a href=\"https:\/\/wp.ufpel.edu.br\/netgeo\/files\/2016\/03\/patram.jpg\" rel=\"attachment wp-att-170\"><img class=\"alignnone wp-image-170\" src=\"https:\/\/wp.ufpel.edu.br\/netgeo\/files\/2016\/03\/patram-424x318.jpg\" alt=\"patram\" width=\"150\" height=\"113\" srcset=\"https:\/\/wp.ufpel.edu.br\/netgeo\/files\/2016\/03\/patram-424x318.jpg 424w, https:\/\/wp.ufpel.edu.br\/netgeo\/files\/2016\/03\/patram-212x159.jpg 212w, https:\/\/wp.ufpel.edu.br\/netgeo\/files\/2016\/03\/patram-768x576.jpg 768w, https:\/\/wp.ufpel.edu.br\/netgeo\/files\/2016\/03\/patram.jpg 960w\" sizes=\"(max-width: 150px) 100vw, 150px\" \/><\/a><\/td>\n<td>\n<p><span style=\"font-size: 8pt\">Campo em Pedras Altas\u00a0<\/span><\/p>\n<p><span style=\"font-size: 8pt\"> 01\/02\/2016<\/span><\/p>\n<p><span style=\"font-size: 8pt\"><a href=\"https:\/\/wp.ufpel.edu.br\/netgeo\/files\/2016\/03\/DSCN9862.jpg\" rel=\"attachment wp-att-136\"><img class=\"alignnone wp-image-136\" src=\"https:\/\/wp.ufpel.edu.br\/netgeo\/files\/2016\/03\/DSCN9862-424x318.jpg\" alt=\"DSCN9862\" width=\"150\" height=\"113\" srcset=\"https:\/\/wp.ufpel.edu.br\/netgeo\/files\/2016\/03\/DSCN9862-424x318.jpg 424w, https:\/\/wp.ufpel.edu.br\/netgeo\/files\/2016\/03\/DSCN9862-212x159.jpg 212w, https:\/\/wp.ufpel.edu.br\/netgeo\/files\/2016\/03\/DSCN9862-768x576.jpg 768w\" sizes=\"(max-width: 150px) 100vw, 150px\" \/><\/a><\/span><\/td>\n<td>\n<p><span style=\"font-size: 8pt\">Campo em Pelotas\u00a0<\/span><\/p>\n<p><span style=\"font-size: 8pt\">28\/02\/2016<\/span><\/p>\n<p><span style=\"font-size: 8pt\"><a href=\"https:\/\/wp.ufpel.edu.br\/netgeo\/files\/2016\/03\/DSCN0066.jpg\" rel=\"attachment wp-att-138\"><img class=\"alignnone wp-image-138\" src=\"https:\/\/wp.ufpel.edu.br\/netgeo\/files\/2016\/03\/DSCN0066-424x318.jpg\" alt=\"DSCN0066\" width=\"150\" height=\"113\" srcset=\"https:\/\/wp.ufpel.edu.br\/netgeo\/files\/2016\/03\/DSCN0066-424x318.jpg 424w, https:\/\/wp.ufpel.edu.br\/netgeo\/files\/2016\/03\/DSCN0066-212x159.jpg 212w, https:\/\/wp.ufpel.edu.br\/netgeo\/files\/2016\/03\/DSCN0066-768x576.jpg 768w\" sizes=\"(max-width: 150px) 100vw, 150px\" \/><\/a><\/span><\/td>\n<\/tr>\n<tr>\n<td>\n<p><span style=\"font-size: 8pt\">Processamento de amostras de campo<\/span><\/p>\n<p>&nbsp;<\/p>\n<p><a href=\"https:\/\/wp.ufpel.edu.br\/netgeo\/files\/2016\/03\/proc.jpg\" rel=\"attachment wp-att-171\"><img class=\"alignnone wp-image-171\" src=\"https:\/\/wp.ufpel.edu.br\/netgeo\/files\/2016\/03\/proc-424x239.jpg\" alt=\"proc\" width=\"150\" height=\"84\" srcset=\"https:\/\/wp.ufpel.edu.br\/netgeo\/files\/2016\/03\/proc-424x239.jpg 424w, https:\/\/wp.ufpel.edu.br\/netgeo\/files\/2016\/03\/proc-212x119.jpg 212w, https:\/\/wp.ufpel.edu.br\/netgeo\/files\/2016\/03\/proc-768x432.jpg 768w, https:\/\/wp.ufpel.edu.br\/netgeo\/files\/2016\/03\/proc.jpg 960w\" sizes=\"(max-width: 150px) 100vw, 150px\" \/><\/a><\/td>\n<td>\n<p><span style=\"font-size: 8pt\">Campo em Pedras Altas\u00a0<\/span><\/p>\n<p><span style=\"font-size: 8pt\"> 02\/03\/2016<\/span><\/p>\n<p><span style=\"font-size: 8pt\"><a href=\"https:\/\/wp.ufpel.edu.br\/netgeo\/files\/2016\/03\/pa.jpg\" rel=\"attachment wp-att-153\"><img class=\"alignnone wp-image-153\" src=\"https:\/\/wp.ufpel.edu.br\/netgeo\/files\/2016\/03\/pa-424x318.jpg\" alt=\"pa\" width=\"150\" height=\"113\" srcset=\"https:\/\/wp.ufpel.edu.br\/netgeo\/files\/2016\/03\/pa-424x318.jpg 424w, https:\/\/wp.ufpel.edu.br\/netgeo\/files\/2016\/03\/pa-212x159.jpg 212w, https:\/\/wp.ufpel.edu.br\/netgeo\/files\/2016\/03\/pa-768x576.jpg 768w, https:\/\/wp.ufpel.edu.br\/netgeo\/files\/2016\/03\/pa.jpg 960w\" sizes=\"(max-width: 150px) 100vw, 150px\" \/><\/a><\/span><\/td>\n<td>\n<p><span style=\"font-size: 8pt\">Campo em Pelotas\u00a0<\/span><\/p>\n<p><span style=\"font-size: 8pt\">15\/03\/2016<\/span><\/p>\n<p><a href=\"https:\/\/wp.ufpel.edu.br\/netgeo\/files\/2016\/03\/DSCN03541.jpg\" rel=\"attachment wp-att-189\"><img class=\"alignnone wp-image-189\" src=\"https:\/\/wp.ufpel.edu.br\/netgeo\/files\/2016\/03\/DSCN03541-424x318.jpg\" alt=\"DSCN0354[1]\" width=\"150\" height=\"113\" srcset=\"https:\/\/wp.ufpel.edu.br\/netgeo\/files\/2016\/03\/DSCN03541-424x318.jpg 424w, https:\/\/wp.ufpel.edu.br\/netgeo\/files\/2016\/03\/DSCN03541-212x159.jpg 212w, https:\/\/wp.ufpel.edu.br\/netgeo\/files\/2016\/03\/DSCN03541-768x576.jpg 768w\" sizes=\"(max-width: 150px) 100vw, 150px\" \/><\/a><\/td>\n<\/tr>\n<\/tbody>\n<\/table>\n<p>&nbsp;<\/p>\n<p>&nbsp;<\/p>\n","protected":false},"excerpt":{"rendered":"<p>&nbsp; Sonda Multiparam\u00e9trica 2015\/2 Levantamento Geod\u00e9sico GPS dupla frequ\u00eancia Marco Geod\u00e9sico Minas do Camaqu\u00e3 &nbsp; \u00a0Nivelamento Geom\u00e9trico 2015\/2 Levant. Topogr\u00e1fico 2015\/1 Levant. Topogr\u00e1fico 2015\/2 Batimetria Apoio PATRAM Campo em Pedras Altas\u00a0 01\/02\/2016 Campo em Pelotas\u00a0 28\/02\/2016 Processamento de amostras de campo &nbsp; Campo em Pedras Altas\u00a0 02\/03\/2016 Campo em Pelotas\u00a0 15\/03\/2016 &nbsp; &nbsp;<\/p>\n","protected":false},"author":620,"featured_media":0,"parent":0,"menu_order":5,"comment_status":"closed","ping_status":"closed","template":"","meta":{"footnotes":""},"class_list":["post-71","page","type-page","status-publish","hentry"],"_links":{"self":[{"href":"https:\/\/wp.ufpel.edu.br\/netgeo\/wp-json\/wp\/v2\/pages\/71","targetHints":{"allow":["GET"]}}],"collection":[{"href":"https:\/\/wp.ufpel.edu.br\/netgeo\/wp-json\/wp\/v2\/pages"}],"about":[{"href":"https:\/\/wp.ufpel.edu.br\/netgeo\/wp-json\/wp\/v2\/types\/page"}],"author":[{"embeddable":true,"href":"https:\/\/wp.ufpel.edu.br\/netgeo\/wp-json\/wp\/v2\/users\/620"}],"replies":[{"embeddable":true,"href":"https:\/\/wp.ufpel.edu.br\/netgeo\/wp-json\/wp\/v2\/comments?post=71"}],"version-history":[{"count":21,"href":"https:\/\/wp.ufpel.edu.br\/netgeo\/wp-json\/wp\/v2\/pages\/71\/revisions"}],"predecessor-version":[{"id":262,"href":"https:\/\/wp.ufpel.edu.br\/netgeo\/wp-json\/wp\/v2\/pages\/71\/revisions\/262"}],"wp:attachment":[{"href":"https:\/\/wp.ufpel.edu.br\/netgeo\/wp-json\/wp\/v2\/media?parent=71"}],"curies":[{"name":"wp","href":"https:\/\/api.w.org\/{rel}","templated":true}]}}