{"id":59,"date":"2016-03-07T16:52:11","date_gmt":"2016-03-07T19:52:11","guid":{"rendered":"https:\/\/wp.ufpel.edu.br\/netgeo\/?page_id=59"},"modified":"2018-11-22T15:58:15","modified_gmt":"2018-11-22T17:58:15","slug":"2014-2","status":"publish","type":"page","link":"https:\/\/wp.ufpel.edu.br\/netgeo\/extensao\/2014-2\/","title":{"rendered":"2014"},"content":{"rendered":"<p><strong><em>XXVI CONGRESSO BRASILEIRO DE CARTOGRAFIA<\/em><\/strong><\/p>\n<p>&nbsp;<\/p>\n<ul>\n<li style=\"text-align: justify\"><strong><a href=\"http:\/\/www.cartografia.org.br\/cbc\/trabalhos\/6\/134\/CT06-45_1404356195.pdf\">Gera\u00e7\u00e3o de MNT e de mapa de declividades na bacia hidrogr\u00e1fica do Arroio Turu\u00e7u &#8211; Pelotas, Rio Grande do Sul<\/a><\/strong><\/li>\n<\/ul>\n<p style=\"text-align: center\"><span style=\"font-size: 8pt\">ARNDT, Artur; SOUSA, Alan F. P. A. ; CIROLINI, Ang\u00e9lica. ; BRUCH, Alexandre Felipe<\/span><\/p>\n<p>&nbsp;<\/p>\n<p><em><strong>47\u00ba CONGRESSO BRASILEIRO DE GEOLOGIA<\/strong><\/em><\/p>\n<p>&nbsp;<\/p>\n<ul>\n<li style=\"text-align: justify\"><strong>Uso de aerofotomosaico adquirido por VANT aplicado na quantifica\u00e7\u00e3o do volume de pilhas de minera\u00e7\u00e3o<\/strong><\/li>\n<\/ul>\n<p style=\"text-align: center\"><span style=\"font-size: 8pt\">RENNER, L. C.; BRUCH, A. F.; CIROLINI, A.<\/span><\/p>\n<p>&nbsp;<\/p>\n<p><strong><em>XXIII CONGRESSO DE INICIA\u00c7\u00c3O CIENT\u00cdFICA<\/em><\/strong><\/p>\n<p>&nbsp;<\/p>\n<ul>\n<li style=\"text-align: justify\"><strong><a href=\"http:\/\/cti.ufpel.edu.br\/siepe\/arquivos\/2014\/CE_03053.pdf\">An\u00e1lise da ocupa\u00e7\u00e3o das \u00e1reas de risco \u00e0 inunda\u00e7\u00e3o em fun\u00e7\u00e3o da densidade populacional da zona urbana do munic\u00edpio de Pelotas, RS<\/a><\/strong><\/li>\n<\/ul>\n<p style=\"text-align: center\"><span style=\"font-size: 8pt\">\u00a0VAZ, Guilherme Garcia ; CAMPOS, <em>Alexssandra Dayanne Soares de.<\/em>; NACHTIGALL, <em>Stefan Domingues<\/em>; SILVA, <em>Rosane Vieira da<\/em>; CIROLINI, Ang\u00e9lica; BRUCH, <em>Alexandre Felipe<\/em>.<\/span><\/p>\n<p>&nbsp;<\/p>\n<ul>\n<li><strong><a href=\"http:\/\/cti.ufpel.edu.br\/siepe\/arquivos\/2014\/CE_03445.pdf\">Mapeamento das \u00e1reas verdes com foco na identifica\u00e7\u00e3o da paisagem urbana no munic\u00edpio de Pelotas, RS<\/a><\/strong><\/li>\n<\/ul>\n<p style=\"text-align: center\"><span style=\"font-size: 8pt\">TEIXEIRA, <em>Alison Andr\u00e9 Domingues<\/em>; EREIAS, <em>Natalia<\/em>; CIROLINI, Ang\u00e9lica; VALENTI, <em>Eduardo Da Silva<\/em>; BRUCH, <em>Alexandre Felipe<\/em>.<\/span><\/p>\n<p>&nbsp;<\/p>\n<ul>\n<li style=\"text-align: justify\"><strong><a href=\"http:\/\/cti.ufpel.edu.br\/siepe\/arquivos\/2014\/CE_03267.pdf\">Utiliza\u00e7\u00e3o de imagem do sensor Landsat 8 OLI para classifica\u00e7\u00e3o do uso de solo na Bacia Hidrogr\u00e1fica do Arroio Turu\u00e7u na Microrregi\u00e3o de Pelotas, RS<\/a><\/strong><\/li>\n<\/ul>\n<p style=\"text-align: center\"><em><span style=\"font-size: 8pt\">SOUSA, Alan F. P. A. ; ARNDT, Artur ; BRUCH, Alexandre Felipe; CIROLINI, Ang\u00e9lica.<\/span><\/em><\/p>\n<p>&nbsp;<\/p>\n<ul>\n<li style=\"text-align: justify\"><strong><a href=\"http:\/\/cti.ufpel.edu.br\/siepe\/arquivos\/2014\/CE_03187.pdf\">Distribui\u00e7\u00e3o espacial das unidades acad\u00eamicas da UFPel nos munic\u00edpios de Pelotas e Cap\u00e3o do Le\u00e3o, RS<\/a><\/strong><\/li>\n<\/ul>\n<p style=\"text-align: center\"><em><span style=\"font-size: 8pt\">NACHTIGALL, Stefan Domingues; CAMPOS, Alexssandra Dayanne Soares de.; SILVA, Rosane Vieira da; BRUCH, Alexandre Felipe; CIROLINI, Ang\u00e9lica.<\/span><\/em><\/p>\n<p>&nbsp;<\/p>\n<p><strong><em>23\u00ba CONGRESSO DE INICIA\u00c7\u00c3O CIENT\u00cdFICA &#8211; UCPel<\/em><\/strong><\/p>\n<p>&nbsp;<\/p>\n<ul>\n<li><strong>\u00c1rea cultivada de arroz e soja na Microrregi\u00e3o Geogr\u00e1fica de Pelotas.<\/strong><\/li>\n<\/ul>\n<p style=\"text-align: center\"><span style=\"font-size: 8pt\"><em>CAMPOS, Alexssandra Dayanne Soares de; H\u00c4RTER, Ad\u00edlson; NACHTIGALL, Stefan Domingues; SOUZA, Esmael Rickes de; BRUCH, Alexandre Felipe; CIROLINI, Ang\u00e9lica<\/em><\/span><\/p>\n<p>&nbsp;<\/p>\n<ul>\n<li style=\"text-align: justify\"><strong>Delimita\u00e7\u00e3o e elabora\u00e7\u00e3o do modelo digital de eleva\u00e7\u00e3o para a microbacia do Arroio Marmeleiro.<\/strong><\/li>\n<\/ul>\n<p style=\"text-align: center\"><span style=\"font-size: 8pt\"><em>NACHTIGALL, Stefan; CAMPOS, Alexssandra; BRUCH, Alexandre Felipe<\/em><\/span><\/p>\n<p style=\"text-align: justify\"><strong><em>TCC<\/em><\/strong><\/p>\n<ul>\n<li style=\"text-align: justify\"><strong>Mapeamento do conflito do uso do solo e das \u00e1reas de preserva\u00e7\u00e3o permanente na por\u00e7\u00e3o oeste do bairro Laranjal, Pelotas, Rio Grande do Sul. <\/strong><em><span style=\"font-size: 8pt\">(Nicole Motta Fereira) <\/span><strong><br \/>\n<\/strong><\/em><\/li>\n<\/ul>\n<p>&nbsp;<\/p>\n<ul>\n<li style=\"text-align: justify\"><strong>Mapeamento das \u00e1reas de preserva\u00e7\u00e3o permanente e mapa de conflitos no uso do solo na Sub Bacia Hidrogr\u00e1fica do Arroio Fragata, RS. <\/strong><em><span style=\"font-size: 8pt\">(Artur Lacerda Arndt)<strong><br \/>\n<\/strong><\/span><\/em><\/li>\n<\/ul>\n","protected":false},"excerpt":{"rendered":"<p>XXVI CONGRESSO BRASILEIRO DE CARTOGRAFIA &nbsp; Gera\u00e7\u00e3o de MNT e de mapa de declividades na bacia hidrogr\u00e1fica do Arroio Turu\u00e7u &#8211; Pelotas, Rio Grande do Sul ARNDT, Artur; SOUSA, Alan F. P. A. ; CIROLINI, Ang\u00e9lica. ; BRUCH, Alexandre Felipe &nbsp; 47\u00ba CONGRESSO BRASILEIRO DE GEOLOGIA &nbsp; Uso de aerofotomosaico adquirido por VANT aplicado na [&hellip;]<\/p>\n","protected":false},"author":620,"featured_media":0,"parent":31,"menu_order":0,"comment_status":"closed","ping_status":"closed","template":"","meta":{"footnotes":""},"class_list":["post-59","page","type-page","status-publish","hentry"],"_links":{"self":[{"href":"https:\/\/wp.ufpel.edu.br\/netgeo\/wp-json\/wp\/v2\/pages\/59","targetHints":{"allow":["GET"]}}],"collection":[{"href":"https:\/\/wp.ufpel.edu.br\/netgeo\/wp-json\/wp\/v2\/pages"}],"about":[{"href":"https:\/\/wp.ufpel.edu.br\/netgeo\/wp-json\/wp\/v2\/types\/page"}],"author":[{"embeddable":true,"href":"https:\/\/wp.ufpel.edu.br\/netgeo\/wp-json\/wp\/v2\/users\/620"}],"replies":[{"embeddable":true,"href":"https:\/\/wp.ufpel.edu.br\/netgeo\/wp-json\/wp\/v2\/comments?post=59"}],"version-history":[{"count":7,"href":"https:\/\/wp.ufpel.edu.br\/netgeo\/wp-json\/wp\/v2\/pages\/59\/revisions"}],"predecessor-version":[{"id":182,"href":"https:\/\/wp.ufpel.edu.br\/netgeo\/wp-json\/wp\/v2\/pages\/59\/revisions\/182"}],"up":[{"embeddable":true,"href":"https:\/\/wp.ufpel.edu.br\/netgeo\/wp-json\/wp\/v2\/pages\/31"}],"wp:attachment":[{"href":"https:\/\/wp.ufpel.edu.br\/netgeo\/wp-json\/wp\/v2\/media?parent=59"}],"curies":[{"name":"wp","href":"https:\/\/api.w.org\/{rel}","templated":true}]}}