{"id":56,"date":"2016-03-07T16:50:21","date_gmt":"2016-03-07T19:50:21","guid":{"rendered":"https:\/\/wp.ufpel.edu.br\/netgeo\/?page_id=56"},"modified":"2018-11-22T15:57:58","modified_gmt":"2018-11-22T17:57:58","slug":"2013-2","status":"publish","type":"page","link":"https:\/\/wp.ufpel.edu.br\/netgeo\/extensao\/2013-2\/","title":{"rendered":"2013"},"content":{"rendered":"<p><em><strong>LIVRO: ENSAIOS GEOGR\u00c1FICOS<\/strong><\/em><\/p>\n<p>&nbsp;<\/p>\n<p><em><strong><a href=\"https:\/\/books.google.com.br\/books?id=bmStBAAAQBAJ&amp;lpg=PA153&amp;ots=9Ro6xMnqHM&amp;dq=Atlas%20Eletr%C3%B4nico%20e%20Socioecon%C3%B4mico%20Municipal%3A%20Uma%20proposta%20de%20aplica%C3%A7%C3%A3o%20no%20Ensino%20Fundamental.&amp;hl=pt-BR&amp;pg=PA141#v=onepage&amp;q&amp;f=false\">Cap. X<\/a><\/strong><\/em><\/p>\n<ul>\n<li style=\"text-align: justify\"><strong>Atlas eletr\u00f4nico e socioecon\u00f4mico sob a perspectiva da cartografia escolar, relato de uma experi\u00eancia no munic\u00edpio de Restinga S\u00eaca, RS<\/strong><\/li>\n<\/ul>\n<p style=\"text-align: center\"><span style=\"font-size: 8pt\"><em>CIROLINI, Ang\u00e9lica; REGO, Nelson; CASSOL, Roberto<\/em><\/span><\/p>\n<p>&nbsp;<\/p>\n<p><em><strong><a href=\"http:\/\/www.xama.org.br\/arquivos\/Anais%20XXXII%20EEG%20Restinga\/EEG%20digital.pdf\">XXXII ENCONTRO ESTADUAL DE GEOGRAFIA<\/a><\/strong><\/em><\/p>\n<p>&nbsp;<\/p>\n<ul>\n<li style=\"text-align: justify\"><strong>Mapeamento de lineamentos estruturais para estabelecimento de po\u00e7os tubulares no munic\u00edpio de Pinheiro Machado, RS.<\/strong><\/li>\n<\/ul>\n<p style=\"text-align: center\"><span style=\"font-size: 8pt\">BRUCH, Alexandre Felipe; CIROLINI, Ang\u00e9lica; MATTOS, Michael Silveira de.<\/span><\/p>\n<p>&nbsp;<\/p>\n<ul>\n<li style=\"text-align: justify\"><strong>\u00a0Comparativo entre \u00edndices de vegeta\u00e7\u00e3o de imagens Landsat e EO-1\/Hyperion<\/strong><\/li>\n<\/ul>\n<p style=\"text-align: center\"><em><span style=\"font-size: 8pt\">MATTOS, Michael Silveira de.<\/span>; <span style=\"font-size: 8pt\">CIROLINI, Ang\u00e9lica;<\/span> <span style=\"font-size: 8pt\">BRUCH, Alexandre Felipe<\/span><br \/>\n<\/em><\/p>\n<p>&nbsp;<\/p>\n<p><em><strong>TCC<\/strong><\/em><\/p>\n<ul>\n<li style=\"text-align: justify\"><strong>Expans\u00e3o Urbana no Balne\u00e1rio Cassino, Rio Grande (RS): Um estudo de caso no Loteamento Orto e Sub-Bairro Quer\u00eancia. <\/strong><em><span style=\"font-size: 8pt\">(Tha\u00eds Ferreira da Concei\u00e7\u00e3o)<strong><br \/>\n<\/strong><\/span><\/em><\/li>\n<\/ul>\n<p>&nbsp;<\/p>\n<ul>\n<li style=\"text-align: justify\"><strong>Mapeamento Mineral\u00f3gico a partir do Sensor Hiperespectral Hyperion e do classificador SAM na regi\u00e3o de Bag\u00e9, Candiota E Hulha Negra.<\/strong> <span style=\"font-size: 8pt\"><em>(Michael Silveira de Mattos)<\/em><\/span><\/li>\n<\/ul>\n<p>&nbsp;<\/p>\n","protected":false},"excerpt":{"rendered":"<p>LIVRO: ENSAIOS GEOGR\u00c1FICOS &nbsp; Cap. X Atlas eletr\u00f4nico e socioecon\u00f4mico sob a perspectiva da cartografia escolar, relato de uma experi\u00eancia no munic\u00edpio de Restinga S\u00eaca, RS CIROLINI, Ang\u00e9lica; REGO, Nelson; CASSOL, Roberto &nbsp; XXXII ENCONTRO ESTADUAL DE GEOGRAFIA &nbsp; Mapeamento de lineamentos estruturais para estabelecimento de po\u00e7os tubulares no munic\u00edpio de Pinheiro Machado, RS. BRUCH, [&hellip;]<\/p>\n","protected":false},"author":620,"featured_media":0,"parent":31,"menu_order":0,"comment_status":"closed","ping_status":"closed","template":"","meta":{"footnotes":""},"class_list":["post-56","page","type-page","status-publish","hentry"],"_links":{"self":[{"href":"https:\/\/wp.ufpel.edu.br\/netgeo\/wp-json\/wp\/v2\/pages\/56","targetHints":{"allow":["GET"]}}],"collection":[{"href":"https:\/\/wp.ufpel.edu.br\/netgeo\/wp-json\/wp\/v2\/pages"}],"about":[{"href":"https:\/\/wp.ufpel.edu.br\/netgeo\/wp-json\/wp\/v2\/types\/page"}],"author":[{"embeddable":true,"href":"https:\/\/wp.ufpel.edu.br\/netgeo\/wp-json\/wp\/v2\/users\/620"}],"replies":[{"embeddable":true,"href":"https:\/\/wp.ufpel.edu.br\/netgeo\/wp-json\/wp\/v2\/comments?post=56"}],"version-history":[{"count":10,"href":"https:\/\/wp.ufpel.edu.br\/netgeo\/wp-json\/wp\/v2\/pages\/56\/revisions"}],"predecessor-version":[{"id":181,"href":"https:\/\/wp.ufpel.edu.br\/netgeo\/wp-json\/wp\/v2\/pages\/56\/revisions\/181"}],"up":[{"embeddable":true,"href":"https:\/\/wp.ufpel.edu.br\/netgeo\/wp-json\/wp\/v2\/pages\/31"}],"wp:attachment":[{"href":"https:\/\/wp.ufpel.edu.br\/netgeo\/wp-json\/wp\/v2\/media?parent=56"}],"curies":[{"name":"wp","href":"https:\/\/api.w.org\/{rel}","templated":true}]}}