{"id":53,"date":"2016-03-07T16:50:02","date_gmt":"2016-03-07T19:50:02","guid":{"rendered":"https:\/\/wp.ufpel.edu.br\/netgeo\/?page_id=53"},"modified":"2018-11-22T15:57:41","modified_gmt":"2018-11-22T17:57:41","slug":"2012-2","status":"publish","type":"page","link":"https:\/\/wp.ufpel.edu.br\/netgeo\/extensao\/2012-2\/","title":{"rendered":"2012"},"content":{"rendered":"<p><strong><em>III SIMP\u00d3SIO BRASILEIRO DE GEOM\u00c1TICA, PRESIDENTE PRUDENTE &#8211; SP<\/em><\/strong><\/p>\n<p>&nbsp;<\/p>\n<ul>\n<li><strong><a href=\"http:\/\/docs.fct.unesp.br\/departamentos\/cartografia\/eventos\/2012_III_SBG\/_artigos\/A103.pdf\">Compara\u00e7\u00e3o entre \u00edndice de vegeta\u00e7\u00e3o de imagens Landsat e EO-1\/ALI<\/a><\/strong><\/li>\n<\/ul>\n<p style=\"text-align: center\"><span style=\"font-size: 8pt\"><em>BRUCH, Alexandre Felipe ; CIROLINI, Ang\u00e9lica. ; PEREIRA, Rogers A. D. ; MATTOS, Michael Silveira de.<\/em><\/span><\/p>\n<p><em>\u00a0<\/em><\/p>\n<ul>\n<li><strong><a href=\"http:\/\/docs.fct.unesp.br\/departamentos\/cartografia\/eventos\/2012_III_SBG\/_artigos\/A093.pdf\">Compatibiliza\u00e7\u00e3o da origem das altitudes do ASTER com as altitudes do SRTM<\/a><\/strong><\/li>\n<\/ul>\n<p style=\"text-align: center\"><span style=\"font-size: 8pt\">CIROLINI, Ang\u00e9lica; BRUCH, Alexandre Felipe; PEREIRA, Rogers A. D. ; FREITAS, Silvio R. C.<\/span><\/p>\n","protected":false},"excerpt":{"rendered":"<p>III SIMP\u00d3SIO BRASILEIRO DE GEOM\u00c1TICA, PRESIDENTE PRUDENTE &#8211; SP &nbsp; Compara\u00e7\u00e3o entre \u00edndice de vegeta\u00e7\u00e3o de imagens Landsat e EO-1\/ALI BRUCH, Alexandre Felipe ; CIROLINI, Ang\u00e9lica. ; PEREIRA, Rogers A. D. ; MATTOS, Michael Silveira de. \u00a0 Compatibiliza\u00e7\u00e3o da origem das altitudes do ASTER com as altitudes do SRTM CIROLINI, Ang\u00e9lica; BRUCH, Alexandre Felipe; PEREIRA, [&hellip;]<\/p>\n","protected":false},"author":620,"featured_media":0,"parent":31,"menu_order":0,"comment_status":"closed","ping_status":"closed","template":"","meta":{"footnotes":""},"class_list":["post-53","page","type-page","status-publish","hentry"],"_links":{"self":[{"href":"https:\/\/wp.ufpel.edu.br\/netgeo\/wp-json\/wp\/v2\/pages\/53","targetHints":{"allow":["GET"]}}],"collection":[{"href":"https:\/\/wp.ufpel.edu.br\/netgeo\/wp-json\/wp\/v2\/pages"}],"about":[{"href":"https:\/\/wp.ufpel.edu.br\/netgeo\/wp-json\/wp\/v2\/types\/page"}],"author":[{"embeddable":true,"href":"https:\/\/wp.ufpel.edu.br\/netgeo\/wp-json\/wp\/v2\/users\/620"}],"replies":[{"embeddable":true,"href":"https:\/\/wp.ufpel.edu.br\/netgeo\/wp-json\/wp\/v2\/comments?post=53"}],"version-history":[{"count":5,"href":"https:\/\/wp.ufpel.edu.br\/netgeo\/wp-json\/wp\/v2\/pages\/53\/revisions"}],"predecessor-version":[{"id":179,"href":"https:\/\/wp.ufpel.edu.br\/netgeo\/wp-json\/wp\/v2\/pages\/53\/revisions\/179"}],"up":[{"embeddable":true,"href":"https:\/\/wp.ufpel.edu.br\/netgeo\/wp-json\/wp\/v2\/pages\/31"}],"wp:attachment":[{"href":"https:\/\/wp.ufpel.edu.br\/netgeo\/wp-json\/wp\/v2\/media?parent=53"}],"curies":[{"name":"wp","href":"https:\/\/api.w.org\/{rel}","templated":true}]}}