{"id":510,"date":"2019-10-28T17:19:52","date_gmt":"2019-10-28T20:19:52","guid":{"rendered":"https:\/\/wp.ufpel.edu.br\/netgeo\/?page_id=510"},"modified":"2020-03-09T17:22:44","modified_gmt":"2020-03-09T20:22:44","slug":"2019-2","status":"publish","type":"page","link":"https:\/\/wp.ufpel.edu.br\/netgeo\/extensao\/2019-2\/","title":{"rendered":"2019"},"content":{"rendered":"<p><strong><em>REVISTA BRASILEIRA DE GEOGRAFIA F\u00cdSICA<\/em><\/strong><\/p>\n<ul>\n<li><a href=\"https:\/\/periodicos.ufpe.br\/revistas\/rbgfe\/article\/view\/237851\">Avalia\u00e7\u00e3o da Acur\u00e1cia das Cubagens de Volumes de Minera\u00e7\u00e3o atrav\u00e9s de Levantamentos Convencionais e Fotogram\u00e9tricos<\/a><\/li>\n<\/ul>\n<p style=\"text-align: center\"><em><span style=\"font-size: 8pt\">BRUCH, Alexandre Felipe; CIROLINI, Ang\u00e9lica; THUM, Adriane Brill; CARNEIRO, Marciano<\/span><\/em><\/p>\n<p>&nbsp;<\/p>\n<p><em><strong>BRAZILIAN JOURNAL OF DEVELOPMENT<\/strong><\/em><\/p>\n<ul>\n<li><a href=\"http:\/\/www.brjd.com.br\/index.php\/BRJD\/article\/view\/2891\">Avalia\u00e7\u00e3o do uso de aerolevantamentos com VANT e processos fotogram\u00e9tricos para a determina\u00e7\u00e3o indireta de par\u00e2metros geol\u00f3gicos estruturais<\/a><\/li>\n<\/ul>\n<p style=\"text-align: center\"><em><span style=\"font-size: 8pt\">COELHO, Pedro Andrade ; BRUCH, Alexandre Felipe ; CIROLINI, Ang\u00e9lica ; CARNEIRO, Marciano ; BOM, Thiago Feij\u00f3 ; FARIA, Marcos Phillipe Guimar\u00e3es\u00a0<\/span><\/em><\/p>\n<p>&nbsp;<\/p>\n<p><em><strong>37\u00ba SEMIN\u00c1RIO DE EXTENS\u00c3O UNIVERSIT\u00c1RIA DA REGI\u00c3O SUL<\/strong><\/em><\/p>\n<ul>\n<li><a href=\"https:\/\/repositorio.ufsc.br\/bitstream\/handle\/123456789\/199386\/UFPel%20-%20Apostila%20GEOCARTAMO.pdf?sequence=1&amp;isAllowed=y\">APOSTILA GEOCARTAMO: Forma\u00e7\u00e3o Continuada para Educa\u00e7\u00e3o B\u00e1sica<\/a><\/li>\n<\/ul>\n<p style=\"text-align: center\"><em><span style=\"font-size: 8pt\">FONSECA, Elisandra H. ; SILVA, Rosane V. ; FREITAS, Fernanda L. ; CAMPOS, S. G. ; CIROLINI, Ang\u00e9lica ; BRUCH, Alexandre Felipe<\/span><\/em><\/p>\n<p>&nbsp;<\/p>\n<p><strong><em>18\u00aa MOSTRA DA PRODU\u00c7\u00c3O UNIVERSIT\u00c1RIA \/ FURG<\/em><\/strong><\/p>\n<ul>\n<li><a href=\"https:\/\/mpu.furg.br\/anais1\">Utiliza\u00e7\u00e3o de modelo digital de eleva\u00e7\u00e3o gerado por VANT para modelagem de inunda\u00e7\u00e3o no munic\u00edpio de Pedro Os\u00f3rio, RS<\/a><\/li>\n<\/ul>\n<p style=\"text-align: center\"><em><span style=\"font-size: 8pt\">OLIVEIRA, Lenon S. ; CIROLINI, Ang\u00e9lica ; PONTES, Gabriel S. ; BRUCH, Alexandre Felipe<\/span><\/em><\/p>\n<ul>\n<li><a href=\"https:\/\/mpu.furg.br\/anais1\">Alternativas did\u00e1ticas para o ensino b\u00e1sico: o l\u00fadico como ferramenta de aprendizagem cartogr\u00e1fica<\/a><\/li>\n<\/ul>\n<p style=\"text-align: center\"><em><span style=\"font-size: 8pt\">FREITAS, Fernanda L. ; ROCHA, Felipe C. ; BRUCH, Alexandre Felipe ; SILVA, Rosane V. ; CIROLINI, Ang\u00e9lica\u00a0<\/span><\/em><\/p>\n<ul>\n<li><a href=\"https:\/\/mpu.furg.br\/anais1\">Realidade aumentada: uma abordagem interdisciplinar para projetos de ensino na \u00e1rea das Geoci\u00eancias sob a perspectiva do discente<\/a><\/li>\n<\/ul>\n<p style=\"text-align: center\"><em><span style=\"font-size: 8pt\">PONTES, Gabriel S. ; OLIVEIRA, Lenon S. ; BRUCH, Alexandre Felipe ; CIROLINI, Ang\u00e9lica<\/span><\/em><\/p>\n<ul>\n<li><a href=\"https:\/\/mpu.furg.br\/anais1\">Sistema de Posicionamento Global como ferramenta de Inclus\u00e3o Digital e Cartografia Escolar<\/a><\/li>\n<\/ul>\n<p style=\"text-align: center\"><em><span style=\"font-size: 8pt\">ROCHA, Felipe C. ; FREITAS, Fernanda L. ;\u00a0 SILVA, Rosane V. ;\u00a0 CIROLINI, Ang\u00e9lica ; BRUCH, Alexandre Felipe\u00a0<\/span><\/em><\/p>\n<ul>\n<li><a href=\"https:\/\/mpu.furg.br\/anais1\">Uso de SIG para delimita\u00e7\u00e3o autom\u00e1tica da sub-bacia hidrogr\u00e1fica do Rio Piratini<\/a><\/li>\n<\/ul>\n<p style=\"text-align: center\"><em><span style=\"font-size: 8pt\">FONSECA, Elisandra H. ; FREITAS, Fernanda L. ; BRUCH, Alexandre Felipe ; CIROLINI, Ang\u00e9lica<\/span><\/em><\/p>\n<p>&nbsp;<\/p>\n<p><em><strong>5\u00aa SEMANA INTEGRADA DE INOVA\u00c7\u00c3O, ENSINO, PESQUISA E EXTENS\u00c3O &#8211; SIIEPE \/ UFPEL<\/strong><\/em><\/p>\n<p><em><strong> \u00a0 VI Congresso de Extens\u00e3o e Cultura &#8211; CEC<\/strong><\/em><\/p>\n<ul>\n<li><a href=\"https:\/\/wp.ufpel.edu.br\/congressoextensao\/files\/2019\/11\/Educa%C3%A7%C3%A3o.pdf\">An\u00e1lise comparativa quanto a alfabetiza\u00e7\u00e3o cartogr\u00e1fica entre escolas p\u00fablicas de ensino fundamental e m\u00e9dio de Pelotas<\/a><\/li>\n<\/ul>\n<p style=\"text-align: center\"><em><span style=\"font-size: 8pt\">FREITAS, Fernanda L. ; ROCHA, Felipe C. ;\u00a0 FONSECA, Elisandra H. ; SILVA, Rosane V. ; BRUCH, Alexandre Felipe ;\u00a0 CIROLINI, Ang\u00e9lica<\/span><\/em><\/p>\n<ul>\n<li><a href=\"https:\/\/wp.ufpel.edu.br\/congressoextensao\/files\/2019\/11\/Educa%C3%A7%C3%A3o.pdf\">A geolocaliza\u00e7\u00e3o como ferramenta de ensino digital em escolas p\u00fablicas<\/a><\/li>\n<\/ul>\n<p style=\"text-align: center\"><em><span style=\"font-size: 8pt\">ROCHA, Felipe C. ; FREITAS, Fernanda L. ; FONSECA, Elisandra H. ; SILVA, Rosane V. ; CIROLINI, Ang\u00e9lica ; BRUCH, Alexandre Felipe<\/span><\/em><\/p>\n<p>\u00a0 \u00a0<em><strong> \u00a0 V Congresso de Ensino de Gradua\u00e7\u00e3o &#8211; CEG<\/strong><\/em><\/p>\n<ul>\n<li><a href=\"http:\/\/cti.ufpel.edu.br\/siepe\/arquivos\/2019\/CE_02745.pdf\">Conceitos de Cartografia e Geoci\u00eancias ilustrados atrav\u00e9s de realidade aumentada<\/a><\/li>\n<\/ul>\n<p style=\"text-align: center\"><em><span style=\"font-size: 8pt\">PONTES, Gabriel S. ; BRUCH, Alexandre Felipe ; OLIVEIRA, Lenon S. ; CIROLINI, Ang\u00e9lica\u00a0<\/span><\/em><\/p>\n<ul>\n<li><a href=\"http:\/\/cti.ufpel.edu.br\/siepe\/arquivos\/2019\/CE_00792.pdf\">Recursos digitais na otimiza\u00e7\u00e3o da monitoria presencial<\/a><\/li>\n<\/ul>\n<p style=\"text-align: center\"><em><span style=\"font-size: 8pt\">OLIVEIRA, Lenon S. ; BRUCH, Alexandre Felipe ; FONSECA, Elisandra H. ; FREITAS, Fernanda L. ; PONTES, Gabriel S. ; CIROLINI, Ang\u00e9lica<\/span><\/em><\/p>\n<p>\u00a0 \u00a0<em><strong>\u00a0 \u00a0XVIII Congresso de Inicia\u00e7\u00e3o Cient\u00edfica &#8211; CIC<\/strong><\/em><\/p>\n<ul>\n<li><a href=\"http:\/\/cti.ufpel.edu.br\/siepe\/arquivos\/2019\/CE_03662.pdf\">Elabora\u00e7\u00e3o de banco de dados em ambiente SIG, da Bacia Hidrogr\u00e1fica da Lagoa Mirim-S\u00e3o Gon\u00e7alo<\/a><\/li>\n<\/ul>\n<p style=\"text-align: center\"><em><span style=\"font-size: 8pt\">FONSECA, Elisandra H. ; FRIZZO, Luis Eug\u00eanio P. ; FREITAS, Fernanda L. ; COLLARES, Gilberto L. ; BRUCH, Alexandre Felipe ; CIROLINI, Ang\u00e9lica<\/span><\/em><\/p>\n<ul>\n<li><a href=\"http:\/\/cti.ufpel.edu.br\/siepe\/arquivos\/2019\/CE_01504.pdf\">Caracteriza\u00e7\u00e3o morfom\u00e9trica da Sub-Bacia Hidrogr\u00e1fica do Rio Piratini com auxilio de SIG<\/a><\/li>\n<\/ul>\n<p style=\"text-align: center\"><em><span style=\"font-size: 8pt\"> FREITAS, Fernanda L. ; FONSECA, Elisandra H. ; BRUCH, Alexandre Felipe ; OLIVEIRA, Lenon S. ; PONTES, Gabriel S. ; CIROLINI, Ang\u00e9lica<\/span><\/em><\/p>\n<ul>\n<li><a href=\"http:\/\/cti.ufpel.edu.br\/siepe\/arquivos\/2019\/MD_01067.pdf\">Padr\u00f5es de qualidade na acessibilidade dos usu\u00e1rios do transporte coletivo urbano na Microrregi\u00e3o Porto, Pelotas\/RS<\/a><\/li>\n<\/ul>\n<p style=\"text-align: center\"><em><span style=\"font-size: 8pt\">SIVERIS, Jardel A. ; SCHNORRENBERGER, La\u00eds B. ; BRUCH, Alexandre Felipe ; CIROLINI, Ang\u00e9lica<\/span><\/em><\/p>\n<ul>\n<li><a href=\"http:\/\/cti.ufpel.edu.br\/siepe\/arquivos\/2019\/CE_03159.pdf\">Mapeamento e Reconhecimento Municipal como Suporte \u00e0 Gest\u00e3o P\u00fablica: Estudo de caso em Arroio do Padre &#8211; RS<\/a><\/li>\n<\/ul>\n<p style=\"text-align: center\"><em><span style=\"font-size: 8pt\">SCHNORRENBERGER, La\u00eds B. ; SIVERIS, Jardel A. ; BRUCH, Alexandre Felipe ; CIROLINI, Ang\u00e9lica<\/span><\/em><\/p>\n<ul>\n<li><a href=\"http:\/\/cti.ufpel.edu.br\/siepe\/arquivos\/2019\/CE_00791.pdf\">Compara\u00e7\u00e3o de lineamentos estruturais em escala regional e local, obtidos atrav\u00e9s de imagem SRTM e aerolevantamentos com VANT<\/a><\/li>\n<\/ul>\n<p style=\"text-align: center\"><em><span style=\"font-size: 8pt\">OLIVEIRA, Lenon S. ; CIROLINI, Ang\u00e9lica ; FONSECA, Elisandra H. ; FREITAS, Fernanda L. ; PONTES, Gabriel S. ; BRUCH, Alexandre Felipe<\/span><\/em><\/p>\n<ul>\n<li><a href=\"http:\/\/cti.ufpel.edu.br\/siepe\/arquivos\/2019\/CE_03438.pdf\">Mapeamento da vulnerabilidade \u00e0 eros\u00e3o costeira a partir de \u00edndices de vegeta\u00e7\u00e3o<\/a><\/li>\n<\/ul>\n<p style=\"text-align: center\"><em><span style=\"font-size: 8pt\">FRIZZO, Luis Eug\u00eanio P. ; SILVA, Adilson A. ; ZACHARIAS, Ivanor ; MESQUITA, Aquila F. ; CIROLINI, Ang\u00e9lica ; BRUCH, Alexandre Felipe<\/span><\/em><\/p>\n<p>&nbsp;<\/p>\n<p><em><strong>XVII SIMP\u00d3SIO NACIONAL DE ESTUDOS TECT\u00d4NICOS, XI INTERNATIONAL SYMPOSIUM ON TECTONICS, XI SIMP\u00d3SIO SUL-BRASILEIRO DE GEOLOGIA<\/strong><\/em><\/p>\n<ul>\n<li><a href=\"https:\/\/snet-ssbg-2019.com.br\"><b>Sensoriamento Remoto aplicado ao mapeamento de lineamentos estruturais na regi\u00e3o das Minas do Camaqu\u00e3\/RS<\/b><\/a><\/li>\n<\/ul>\n<p style=\"text-align: center\"><em><span style=\"font-size: 8pt\">FARIA, Marcos Phillipe Guimar\u00e3es; SILVA, Amanda de Sales Marotta da; BRUCH, Alexandre Felipe; CIROLINI, Ang\u00e9lica; FLORES, Matheus Acosta<\/span><\/em><\/p>\n<p>&nbsp;<\/p>\n<p><em><strong>XI <\/strong><\/em><em><strong>SAL\u00c3O INTERNACIONAL DE ENSINO, PESQUISA E EXTENS\u00c3O \/ <\/strong><\/em><em><strong>SIEPE UNIPAMPA<\/strong><\/em><\/p>\n<ul>\n<li>Lineamentos estruturais como ferramenta de mapeamento geol\u00f3gico<\/li>\n<\/ul>\n<p style=\"text-align: center\"><span style=\"font-size: 8pt\"><em>SILVA, Amanda S. M. ; BRUCH, Alexandre Felipe ; FLORES, Matheus A. ; FARIA, Marcos Phillipe G. ; CIROLINI, Ang\u00e9lica<\/em><\/span><\/p>\n<ul>\n<li><a href=\"https:\/\/periodicos.unipampa.edu.br\/index.php\/SIEPE\/article\/view\/87384\">GeoCartamo: material did\u00e1tico em Geoci\u00eancias<\/a><\/li>\n<\/ul>\n<p style=\"text-align: center\"><em><span style=\"font-size: 8pt\">FONSECA, Elisandra H. ; CIROLINI, Ang\u00e9lica ; SILVA, Rosane V. ; FREITAS, Fernanda L. ; BRUCH, Alexandre Felipe ; ROCHA, Felipe C.<\/span><\/em><\/p>\n<ul>\n<li><a href=\"https:\/\/periodicos.unipampa.edu.br\/index.php\/SIEPE\/article\/view\/95312\">Modelagem tridimensional em ambiente CAD de estruturas geol\u00f3gicas em superf\u00edcie a partir de imagens horizontais<\/a><\/li>\n<\/ul>\n<p style=\"text-align: center\"><em><span style=\"font-size: 8pt\">PONTES, Gabriel S. ; CIROLINI, Ang\u00e9lica ; BRUCH, Alexandre Felipe ; OLIVEIRA, Lenon S. ; FREITAS, Fernanda L. ; FONSECA, Elisandra H.\u00a0<\/span><\/em><\/p>\n<ul>\n<li><a href=\"https:\/\/periodicos.unipampa.edu.br\/index.php\/SIEPE\/article\/view\/95646\">Geoprocessamento como ferramenta para an\u00e1lise em transportes: estudo de caso na Microrregi\u00e3o Baixada, Pelotas, RS<\/a><\/li>\n<\/ul>\n<p style=\"text-align: center\"><em><span style=\"font-size: 8pt\">SIVERIS, Jardel A. ; CIROLINI, Ang\u00e9lica ; SCHNORRENBERGER, La\u00eds B. ; BRUCH, Alexandre Felipe<\/span><\/em><\/p>\n<ul>\n<li><a href=\"https:\/\/periodicos.unipampa.edu.br\/index.php\/SIEPE\/article\/view\/94785\">An\u00e1lise dos indicadores sociais do munic\u00edpio de Arroio do Padre \/ RS<\/a><\/li>\n<\/ul>\n<p style=\"text-align: center\"><em><span style=\"font-size: 8pt\">SCHNORRENBERGER, La\u00eds B. ; CIROLINI, Ang\u00e9lica ; SIVERIS, Jardel A. ; BRUCH, Alexandre Felipe<\/span><\/em><\/p>\n<ul>\n<li><a href=\"https:\/\/periodicos.unipampa.edu.br\/index.php\/SIEPE\/article\/view\/95334\">Avalia\u00e7\u00e3o da vulnerabilidade \u00e0 eros\u00e3o na Praia da Capilha-RS atrav\u00e9s de NDVI<\/a><\/li>\n<\/ul>\n<p style=\"text-align: center\"><span style=\"font-size: 8pt\">OLIVEIRA, Lenon S. ; BRUCH, Alexandre Felipe ; PONTES, Gabriel S. ; CIROLINI, Ang\u00e9lica<\/span><\/p>\n","protected":false},"excerpt":{"rendered":"<p>REVISTA BRASILEIRA DE GEOGRAFIA F\u00cdSICA Avalia\u00e7\u00e3o da Acur\u00e1cia das Cubagens de Volumes de Minera\u00e7\u00e3o atrav\u00e9s de Levantamentos Convencionais e Fotogram\u00e9tricos BRUCH, Alexandre Felipe; CIROLINI, Ang\u00e9lica; THUM, Adriane Brill; CARNEIRO, Marciano &nbsp; BRAZILIAN JOURNAL OF DEVELOPMENT Avalia\u00e7\u00e3o do uso de aerolevantamentos com VANT e processos fotogram\u00e9tricos para a determina\u00e7\u00e3o indireta de par\u00e2metros geol\u00f3gicos estruturais COELHO, Pedro [&hellip;]<\/p>\n","protected":false},"author":620,"featured_media":0,"parent":31,"menu_order":0,"comment_status":"closed","ping_status":"closed","template":"","meta":{"footnotes":""},"class_list":["post-510","page","type-page","status-publish","hentry"],"_links":{"self":[{"href":"https:\/\/wp.ufpel.edu.br\/netgeo\/wp-json\/wp\/v2\/pages\/510","targetHints":{"allow":["GET"]}}],"collection":[{"href":"https:\/\/wp.ufpel.edu.br\/netgeo\/wp-json\/wp\/v2\/pages"}],"about":[{"href":"https:\/\/wp.ufpel.edu.br\/netgeo\/wp-json\/wp\/v2\/types\/page"}],"author":[{"embeddable":true,"href":"https:\/\/wp.ufpel.edu.br\/netgeo\/wp-json\/wp\/v2\/users\/620"}],"replies":[{"embeddable":true,"href":"https:\/\/wp.ufpel.edu.br\/netgeo\/wp-json\/wp\/v2\/comments?post=510"}],"version-history":[{"count":8,"href":"https:\/\/wp.ufpel.edu.br\/netgeo\/wp-json\/wp\/v2\/pages\/510\/revisions"}],"predecessor-version":[{"id":513,"href":"https:\/\/wp.ufpel.edu.br\/netgeo\/wp-json\/wp\/v2\/pages\/510\/revisions\/513"}],"up":[{"embeddable":true,"href":"https:\/\/wp.ufpel.edu.br\/netgeo\/wp-json\/wp\/v2\/pages\/31"}],"wp:attachment":[{"href":"https:\/\/wp.ufpel.edu.br\/netgeo\/wp-json\/wp\/v2\/media?parent=510"}],"curies":[{"name":"wp","href":"https:\/\/api.w.org\/{rel}","templated":true}]}}