{"id":50,"date":"2016-03-07T16:49:36","date_gmt":"2016-03-07T19:49:36","guid":{"rendered":"https:\/\/wp.ufpel.edu.br\/netgeo\/?page_id=50"},"modified":"2018-11-22T15:57:23","modified_gmt":"2018-11-22T17:57:23","slug":"2011-2","status":"publish","type":"page","link":"https:\/\/wp.ufpel.edu.br\/netgeo\/extensao\/2011-2\/","title":{"rendered":"2011"},"content":{"rendered":"<p><em><strong>XX CONGRESSO DE INICIA\u00c7\u00c3O CIENT\u00cdFICA &#8211; UFPel<\/strong><\/em><\/p>\n<p>&nbsp;<\/p>\n<ul>\n<li style=\"text-align: justify\"><strong><a href=\"http:\/\/www2.ufpel.edu.br\/cic\/2011\/anais\/pdf\/CE\/CE_00089.pdf\">Mapeamento Geomorfol\u00f3gico da Sub-Bacia do Arroio Chasqueiro, Arroio Grande\/RS<\/a><\/strong><\/li>\n<\/ul>\n<p style=\"text-align: center\"><span style=\"font-size: 8pt\"><em>ALVES, Marcelo Arrach\u00e9; BRUCH, Alexandre Felipe; CIROLINI, Ang\u00e9lica; SILVA, Andr\u00e9 Luiz; CONCEI\u00c7\u00c3O, Tha\u00eds Ferreira<\/em><\/span><\/p>\n<p>&nbsp;<\/p>\n<ul>\n<li style=\"text-align: justify\"><a href=\"http:\/\/www2.ufpel.edu.br\/cic\/2011\/anais\/pdf\/CE\/CE_00067.pdf\"><strong>An\u00e1lise multitemporal das \u00e1reas \u00famidas do munic\u00edpio de Pelotas\/RS utilizando imagens de NDVI<\/strong><\/a><\/li>\n<\/ul>\n<p style=\"text-align: center\"><span style=\"font-size: 8pt\"><em>CONCEI\u00c7\u00c3O, Tha\u00eds Ferreira; CIROLINI, Ang\u00e9lica; BRUCH, Alexandre Felipe; SILVA, Andr\u00e9 Luiz; ALVES, Marcelo Arrach\u00e9<\/em><\/span><\/p>\n","protected":false},"excerpt":{"rendered":"<p>XX CONGRESSO DE INICIA\u00c7\u00c3O CIENT\u00cdFICA &#8211; UFPel &nbsp; Mapeamento Geomorfol\u00f3gico da Sub-Bacia do Arroio Chasqueiro, Arroio Grande\/RS ALVES, Marcelo Arrach\u00e9; BRUCH, Alexandre Felipe; CIROLINI, Ang\u00e9lica; SILVA, Andr\u00e9 Luiz; CONCEI\u00c7\u00c3O, Tha\u00eds Ferreira &nbsp; An\u00e1lise multitemporal das \u00e1reas \u00famidas do munic\u00edpio de Pelotas\/RS utilizando imagens de NDVI CONCEI\u00c7\u00c3O, Tha\u00eds Ferreira; CIROLINI, Ang\u00e9lica; BRUCH, Alexandre Felipe; SILVA, Andr\u00e9 [&hellip;]<\/p>\n","protected":false},"author":620,"featured_media":0,"parent":31,"menu_order":0,"comment_status":"closed","ping_status":"closed","template":"","meta":{"footnotes":""},"class_list":["post-50","page","type-page","status-publish","hentry"],"_links":{"self":[{"href":"https:\/\/wp.ufpel.edu.br\/netgeo\/wp-json\/wp\/v2\/pages\/50","targetHints":{"allow":["GET"]}}],"collection":[{"href":"https:\/\/wp.ufpel.edu.br\/netgeo\/wp-json\/wp\/v2\/pages"}],"about":[{"href":"https:\/\/wp.ufpel.edu.br\/netgeo\/wp-json\/wp\/v2\/types\/page"}],"author":[{"embeddable":true,"href":"https:\/\/wp.ufpel.edu.br\/netgeo\/wp-json\/wp\/v2\/users\/620"}],"replies":[{"embeddable":true,"href":"https:\/\/wp.ufpel.edu.br\/netgeo\/wp-json\/wp\/v2\/comments?post=50"}],"version-history":[{"count":5,"href":"https:\/\/wp.ufpel.edu.br\/netgeo\/wp-json\/wp\/v2\/pages\/50\/revisions"}],"predecessor-version":[{"id":178,"href":"https:\/\/wp.ufpel.edu.br\/netgeo\/wp-json\/wp\/v2\/pages\/50\/revisions\/178"}],"up":[{"embeddable":true,"href":"https:\/\/wp.ufpel.edu.br\/netgeo\/wp-json\/wp\/v2\/pages\/31"}],"wp:attachment":[{"href":"https:\/\/wp.ufpel.edu.br\/netgeo\/wp-json\/wp\/v2\/media?parent=50"}],"curies":[{"name":"wp","href":"https:\/\/api.w.org\/{rel}","templated":true}]}}