{"id":47,"date":"2016-03-07T16:49:13","date_gmt":"2016-03-07T19:49:13","guid":{"rendered":"https:\/\/wp.ufpel.edu.br\/netgeo\/?page_id=47"},"modified":"2018-11-22T15:57:00","modified_gmt":"2018-11-22T17:57:00","slug":"2010-2","status":"publish","type":"page","link":"https:\/\/wp.ufpel.edu.br\/netgeo\/extensao\/2010-2\/","title":{"rendered":"2010"},"content":{"rendered":"<p><strong><em>II SIMP\u00d3SIO INTERNACIONAL CAMINHOS DA CARTOGRAFIA NA GEOGRAFIA<\/em><\/strong><\/p>\n<p>&nbsp;<\/p>\n<ul>\n<li>Atlas Eletr\u00f4nico e Socioecon\u00f4mico Municipal: Uma proposta de aplica\u00e7\u00e3o no Ensino Fundamental.<\/li>\n<\/ul>\n<p style=\"text-align: center\"><span style=\"font-size: 8pt\">CIROLINI, Ang\u00e9lica; CASSOL, Roberto<br \/>\n<\/span><\/p>\n","protected":false},"excerpt":{"rendered":"<p>II SIMP\u00d3SIO INTERNACIONAL CAMINHOS DA CARTOGRAFIA NA GEOGRAFIA &nbsp; Atlas Eletr\u00f4nico e Socioecon\u00f4mico Municipal: Uma proposta de aplica\u00e7\u00e3o no Ensino Fundamental. CIROLINI, Ang\u00e9lica; CASSOL, Roberto<\/p>\n","protected":false},"author":620,"featured_media":0,"parent":31,"menu_order":0,"comment_status":"closed","ping_status":"closed","template":"","meta":{"footnotes":""},"class_list":["post-47","page","type-page","status-publish","hentry"],"_links":{"self":[{"href":"https:\/\/wp.ufpel.edu.br\/netgeo\/wp-json\/wp\/v2\/pages\/47","targetHints":{"allow":["GET"]}}],"collection":[{"href":"https:\/\/wp.ufpel.edu.br\/netgeo\/wp-json\/wp\/v2\/pages"}],"about":[{"href":"https:\/\/wp.ufpel.edu.br\/netgeo\/wp-json\/wp\/v2\/types\/page"}],"author":[{"embeddable":true,"href":"https:\/\/wp.ufpel.edu.br\/netgeo\/wp-json\/wp\/v2\/users\/620"}],"replies":[{"embeddable":true,"href":"https:\/\/wp.ufpel.edu.br\/netgeo\/wp-json\/wp\/v2\/comments?post=47"}],"version-history":[{"count":3,"href":"https:\/\/wp.ufpel.edu.br\/netgeo\/wp-json\/wp\/v2\/pages\/47\/revisions"}],"predecessor-version":[{"id":122,"href":"https:\/\/wp.ufpel.edu.br\/netgeo\/wp-json\/wp\/v2\/pages\/47\/revisions\/122"}],"up":[{"embeddable":true,"href":"https:\/\/wp.ufpel.edu.br\/netgeo\/wp-json\/wp\/v2\/pages\/31"}],"wp:attachment":[{"href":"https:\/\/wp.ufpel.edu.br\/netgeo\/wp-json\/wp\/v2\/media?parent=47"}],"curies":[{"name":"wp","href":"https:\/\/api.w.org\/{rel}","templated":true}]}}