{"id":388,"date":"2018-11-19T15:06:24","date_gmt":"2018-11-19T17:06:24","guid":{"rendered":"https:\/\/wp.ufpel.edu.br\/netgeo\/?page_id=388"},"modified":"2019-05-16T15:16:35","modified_gmt":"2019-05-16T18:16:35","slug":"2018-2","status":"publish","type":"page","link":"https:\/\/wp.ufpel.edu.br\/netgeo\/extensao\/2018-2\/","title":{"rendered":"2018"},"content":{"rendered":"<p><em><strong>49\u00ba CONGRESSO BRASILEIRO DE GEOLOGIA<\/strong><\/em><\/p>\n<ul>\n<li><a href=\"http:\/\/cbg2018anais.siteoficial.ws\/resumos\/8789.pdf\"><b>An\u00e1lise dos lineamentos estrutuais atrav\u00e9s de imagens SRTM e de alt\u00edssima resolu\u00e7\u00e3o espacial<\/b><\/a><\/li>\n<\/ul>\n<p style=\"text-align: center\"><em><span style=\"font-size: 8pt\">ROCHA, Guilherme Schiefferdecker; AZEREDO, Raoni Braga; FARIA, Marcos Phillipe Guimar\u00e3es; CIROLINI, Ang\u00e9lica; BRUCH, Alexandre Felipe<\/span><\/em><\/p>\n<ul>\n<li><a href=\"http:\/\/cbg2018anais.siteoficial.ws\/resumos\/8781.pdf\"><b>Avalia\u00e7\u00e3o das \u00e1reas de subsid\u00eancia nas Minas do Camaqu\u00e3, Ca\u00e7apava do Sul\/RS<\/b><\/a><\/li>\n<\/ul>\n<p style=\"text-align: center\"><em><span style=\"font-size: 8pt\">ROCHA, Guilherme Schiefferdecker; AZEREDO, Raoni Braga; FARIA, Marcos Phillipe Guimar\u00e3es; CIROLINI, Ang\u00e9lica; BRUCH, Alexandre Felipe<\/span><\/em><\/p>\n<p>&nbsp;<\/p>\n<p><em><strong>XXV SEMANA ACAD\u00caMICA DE GEOGRAFIA \/ V SEMANA INTEGRADA DO PPGGEO \/ FURG<\/strong><\/em><\/p>\n<ul>\n<li><a href=\"https:\/\/docs.wixstatic.com\/ugd\/faee94_e341adafde7b443eb392d9ead8c2e983.pdf\"><strong>Mapeamento das \u00e1reas de risco \u00e0 inunda\u00e7\u00e3o no munic\u00edpio de Cerrito<\/strong><\/a><\/li>\n<\/ul>\n<p style=\"text-align: center\"><em><span style=\"font-size: 8pt\"> FREITAS, Fernanda Luz de; FONSECA, Elisandra Hernandes; CIROLINI, Ang\u00e9lica; BRUCH, Alexandre Felipe<\/span><\/em><\/p>\n<ul>\n<li><a href=\"https:\/\/docs.wixstatic.com\/ugd\/faee94_959b10bfc1fc4fe58239ec4e6a614b45.pdf\"><strong>A geotecnologia como recurso no ensino da Geografia<\/strong><\/a><\/li>\n<\/ul>\n<p style=\"text-align: center\"><em><span style=\"font-size: 8pt\">SILVA, Rosane Vieira; FONSECA, Elisandra Hernandes; BRUCH, Alexandre Felipe; CIROLINI, Ang\u00e9lica<\/span><\/em><\/p>\n<ul>\n<li><a href=\"https:\/\/docs.wixstatic.com\/ugd\/faee94_4b639491d8f0499ab13aa0ac1a823274.pdf\"><strong>Mapeamento digital da escola atrav\u00e9s do software GPS TrackMacker\u00a0<\/strong><\/a><\/li>\n<\/ul>\n<p style=\"text-align: center\"><em><span style=\"font-size: 8pt\">FONSECA, Elisandra Hernandes; SILVA, Rosane Vieira; BRUCH, Alexandre Felipe; CIROLINI, Ang\u00e9lica<\/span><\/em><\/p>\n<p>&nbsp;<\/p>\n<p><em><strong>17\u00aa MOSTRA DA PRODU\u00c7\u00c3O UNIVERSIT\u00c1RIA \/ FURG<\/strong><\/em><\/p>\n<ul>\n<li><b>\u00c1reas de inunda\u00e7\u00e3o: um estudo de caso no munic\u00edpio de Cerrito, RS<\/b><\/li>\n<\/ul>\n<p style=\"text-align: center\"><em><span style=\"font-size: 8pt\">FONSECA, Elisandra Hernandes; FREITAS, Fernanda Luz de; BRUCH, Alexandre Felipe; CIROLINI, Ang\u00e9lica<\/span><\/em><\/p>\n<p>&nbsp;<\/p>\n<p><em><strong>SAL\u00c3O UNIVERSIT\u00c1RIO DA UCPel<\/strong><\/em><\/p>\n<ul>\n<li><a href=\"http:\/\/salaouniversitario.ucpel.edu.br\/salao-universitario\/index.php?class=AnaisForm\"><strong>Uso de Geotecnologias no ambiente escolar: estudo do espa\u00e7o geogr\u00e1fico\u00a0<\/strong><\/a><\/li>\n<\/ul>\n<p style=\"text-align: center\"><em><span style=\"font-size: 8pt\">CAMPOS, Suyane Gon\u00e7alves de; SILVA, Rosane Vieira da; FONSECA, Elisandra Hernandes; CIROLINI, Ang\u00e9lica; BRUCH, Alexandre Felipe<\/span><\/em><\/p>\n<ul>\n<li><a href=\"http:\/\/salaouniversitario.ucpel.edu.br\/salao-universitario\/index.php?class=AnaisForm\"><strong>Mapeamento das \u00e1reas de extra\u00e7\u00e3o de argila em diques marginais no munic\u00edpio de Cerrito\/RS<\/strong><\/a><\/li>\n<\/ul>\n<p style=\"text-align: center\"><em><span style=\"font-size: 8pt\"> FONSECA, Elisandra Hernandes; FREITAS, Fernanda Luz de; BRUCH, Alexandre Felipe; CIROLINI, Ang\u00e9lica<\/span><\/em><\/p>\n<ul>\n<li><a href=\"http:\/\/salaouniversitario.ucpel.edu.br\/salao-universitario\/index.php?class=AnaisForm\"><strong>Mapeamento digital na educa\u00e7\u00e3o b\u00e1sica\u00a0<\/strong><\/a><\/li>\n<\/ul>\n<p style=\"text-align: center\"><em><span style=\"font-size: 8pt\">FONSECA, Elisandra Hernandes; FREITAS, Fernanda Luz de; SILVA, Rosane Vieira da; CAMPOS, Suyane Gon\u00e7alves de; CIROLINI, Ang\u00e9lica; BRUCH, Alexandre Felipe<\/span><\/em><\/p>\n<p>&nbsp;<\/p>\n<p><em><strong>XXVII CONGRESSO DE INICIA\u00c7\u00c3O CIENT\u00cdFICA &#8211; CIC<br \/>\n<\/strong><\/em><\/p>\n<ul>\n<li><a href=\"http:\/\/cti.ufpel.edu.br\/siepe\/arquivos\/2018\/CE_01276.pdf\"><strong>Mapeamento de lineamentos estruturais para determina\u00e7\u00e3o de alvos para mineraliza\u00e7\u00f5es de metais nas Minas do Camaqu\u00e3<\/strong><\/a><\/li>\n<\/ul>\n<p style=\"text-align: center\"><em><span style=\"font-size: 8pt\">FARIA, Marcos Phillipe Guimar\u00e3es; ROCHA, Guilherme Schiefferdecker; AZEREDO, Raoni Braga; COELHO, Pedro Andrade; CIROLINI, Ang\u00e9lica; BRUCH, Alexandre Felipe<\/span><\/em><\/p>\n<ul>\n<li><a href=\"http:\/\/cti.ufpel.edu.br\/siepe\/arquivos\/2018\/CE_03497.pdf\"><strong>Mapeamento e avalia\u00e7\u00e3o morfom\u00e9trica dos colapsos de terreno nas Minas do Camaqu\u00e3-RS atrav\u00e9s de aerolevantamentos com VANT<\/strong><\/a><\/li>\n<\/ul>\n<p style=\"text-align: center\"><em><span style=\"font-size: 8pt\">AZEREDO, Raoni Braga; ROCHA, Guilherme Schiefferdecker; FARIA, Marcos Phillipe Guimar\u00e3es; COELHO, Pedro Andrade; CIROLINI, Ang\u00e9lica; BRUCH, Alexandre Felipe<\/span><\/em><\/p>\n<p>&nbsp;<\/p>\n<p style=\"text-align: left\"><em><strong>IV CONGRESSO DE ENSINO DE GRADUA\u00c7\u00c3O<\/strong><\/em><\/p>\n<ul>\n<li><a href=\"http:\/\/cti.ufpel.edu.br\/siepe\/arquivos\/2018\/CE_01165.pdf\"><strong>Utiliza\u00e7\u00e3o de videoaulas online como recurso complementar no ensino superior<\/strong><\/a><\/li>\n<\/ul>\n<p style=\"text-align: center\"><em><span style=\"font-size: 8pt\">OLIVEIRA, Lenon Silva de; BRUCH, Alexandre Felipe; CIROLINI, Ang\u00e9lica<\/span><\/em><\/p>\n<p>&nbsp;<\/p>\n<p style=\"text-align: left\"><em><strong>IV CONGRESSO DE EXTENS\u00c3O E CULTURA<\/strong><\/em><\/p>\n<ul>\n<li><strong>Cartografia digital e uso de softwares livres em ambiente escolar<\/strong><\/li>\n<\/ul>\n<p style=\"text-align: center\"><em><span style=\"font-size: 8pt\">FONSECA, Elisandra Hernandes; FREITAS, Fernanda Luz de; SILVA, Rosane Vieira; CAMPOS, Suyane Gon\u00e7alves de.; CIROLINI, Ang\u00e9lica; BRUCH, Alexandre Felipe<\/span><\/em><\/p>\n<ul>\n<li><strong>Geotecnologias como recurso did\u00e1tico no ensino b\u00e1sico<\/strong><\/li>\n<\/ul>\n<p style=\"text-align: center\"><em><span style=\"font-size: 8pt\">CAMPOS, Suyane Gon\u00e7alves de.; FONSECA, Elisandra Hernandes; FREITAS, Fernanda Luz de; SILVA, Rosane Vieira; BRUCH, Alexandre Felipe; CIROLINI, Ang\u00e9lica<\/span><\/em><\/p>\n<p>&nbsp;<\/p>\n<p><em><strong>SAL\u00c3O INTERNACIONAL DE ENSINO, PESQUISA E EXTENS\u00c3O<\/strong><\/em><\/p>\n<ul>\n<li><strong>Mapeamento dos padr\u00f5es de drenagem e avalia\u00e7\u00e3o morfom\u00e9trica da Sub-bacia Hidrogr\u00e1fica do Arroio Jo\u00e3o Dias, Minas do Camaqu\u00e3, Ca\u00e7apava do Sul\/RS<\/strong><\/li>\n<\/ul>\n<p style=\"text-align: center\"><em><span style=\"font-size: 8pt\">FLORES, Matheus Acosta; FARIA, Marcos Phillipe Guimar\u00e3es; COELHO, Pedro Andrade; BOM, Thiago Feij\u00f3; CIROLINI, Ang\u00e9lica; BRUCH, Alexandre Felipe<\/span><\/em><\/p>\n<ul>\n<li><strong>Influ\u00eancia geomorfol\u00f3gica das inunda\u00e7\u00f5es peri\u00f3dicas no munic\u00edpio de Cerrito, RS<\/strong><\/li>\n<\/ul>\n<p style=\"text-align: center\"><em><span style=\"font-size: 8pt\">FONSECA, Elisandra Hernandes; FREITAS, Fernanda Luz de; CAMPOS, Suyane Gon\u00e7alves de.; OLIVEIRA, Lenon Silva de; BRUCH, Alexandre Felipe; CIROLINI, Ang\u00e9lica<\/span><\/em><\/p>\n<p>&nbsp;<\/p>\n<p><em><strong>TCC<\/strong><\/em><\/p>\n<ul>\n<li><strong><strong><b>A<strong>valia\u00e7\u00e3o das tend\u00eancias de classifica\u00e7\u00e3o digital de imagens.<\/strong><\/b><\/strong><\/strong><strong>\u00a0<\/strong><span style=\"font-size: 8pt\"><em>(Liciane Lima Braga)<\/em><\/span><\/li>\n<\/ul>\n<p>&nbsp;<\/p>\n<ul>\n<li><strong>Georreferenciamento de Im\u00f3veis Rurais: um estudo de caso em Santa Vit\u00f3ria do Palmar, RS.\u00a0<\/strong><span style=\"font-size: 8pt\"><em>(Miriane Fortes Sampaio)<\/em><\/span><\/li>\n<\/ul>\n<p>&nbsp;<\/p>\n<ul>\n<li><strong>A percep\u00e7\u00e3o dos n\u00edveis de aprendizagem de cartografia dos alunos do ensino fundamental.\u00a0<\/strong><span style=\"font-size: 8pt\"><em>(Rosane Vieira da Silva)<\/em><\/span><\/li>\n<\/ul>\n<p>&nbsp;<\/p>\n<ul>\n<li><strong>An\u00e1lise multitemporal da expans\u00e3o urbana utilizando o \u00edndice NDBI para o munic\u00edpio de Pelotas-RS, no per\u00edodo de 1997, 2007 e 2017.\u00a0<\/strong><span style=\"font-size: 8pt\"><em>(Taiane Duarte Moraes)<\/em><\/span><\/li>\n<\/ul>\n","protected":false},"excerpt":{"rendered":"<p>49\u00ba CONGRESSO BRASILEIRO DE GEOLOGIA An\u00e1lise dos lineamentos estrutuais atrav\u00e9s de imagens SRTM e de alt\u00edssima resolu\u00e7\u00e3o espacial ROCHA, Guilherme Schiefferdecker; AZEREDO, Raoni Braga; FARIA, Marcos Phillipe Guimar\u00e3es; CIROLINI, Ang\u00e9lica; BRUCH, Alexandre Felipe Avalia\u00e7\u00e3o das \u00e1reas de subsid\u00eancia nas Minas do Camaqu\u00e3, Ca\u00e7apava do Sul\/RS ROCHA, Guilherme Schiefferdecker; AZEREDO, Raoni Braga; FARIA, Marcos Phillipe Guimar\u00e3es; [&hellip;]<\/p>\n","protected":false},"author":620,"featured_media":0,"parent":31,"menu_order":0,"comment_status":"closed","ping_status":"closed","template":"","meta":{"footnotes":""},"class_list":["post-388","page","type-page","status-publish","hentry"],"_links":{"self":[{"href":"https:\/\/wp.ufpel.edu.br\/netgeo\/wp-json\/wp\/v2\/pages\/388","targetHints":{"allow":["GET"]}}],"collection":[{"href":"https:\/\/wp.ufpel.edu.br\/netgeo\/wp-json\/wp\/v2\/pages"}],"about":[{"href":"https:\/\/wp.ufpel.edu.br\/netgeo\/wp-json\/wp\/v2\/types\/page"}],"author":[{"embeddable":true,"href":"https:\/\/wp.ufpel.edu.br\/netgeo\/wp-json\/wp\/v2\/users\/620"}],"replies":[{"embeddable":true,"href":"https:\/\/wp.ufpel.edu.br\/netgeo\/wp-json\/wp\/v2\/comments?post=388"}],"version-history":[{"count":8,"href":"https:\/\/wp.ufpel.edu.br\/netgeo\/wp-json\/wp\/v2\/pages\/388\/revisions"}],"predecessor-version":[{"id":397,"href":"https:\/\/wp.ufpel.edu.br\/netgeo\/wp-json\/wp\/v2\/pages\/388\/revisions\/397"}],"up":[{"embeddable":true,"href":"https:\/\/wp.ufpel.edu.br\/netgeo\/wp-json\/wp\/v2\/pages\/31"}],"wp:attachment":[{"href":"https:\/\/wp.ufpel.edu.br\/netgeo\/wp-json\/wp\/v2\/media?parent=388"}],"curies":[{"name":"wp","href":"https:\/\/api.w.org\/{rel}","templated":true}]}}