{"id":38,"date":"2016-03-07T16:47:04","date_gmt":"2016-03-07T19:47:04","guid":{"rendered":"https:\/\/wp.ufpel.edu.br\/netgeo\/?page_id=38"},"modified":"2018-11-22T15:58:36","modified_gmt":"2018-11-22T17:58:36","slug":"2015-2","status":"publish","type":"page","link":"https:\/\/wp.ufpel.edu.br\/netgeo\/extensao\/2015-2\/","title":{"rendered":"2015"},"content":{"rendered":"<p><em><strong>12\u00ba CONGRESSO FLORESTAL ESTADUAL DO RIO GRANDE DO SUL<\/strong><\/em><\/p>\n<p>&nbsp;<\/p>\n<ul>\n<li><strong><a href=\"http:\/\/www.congressoflorestalrs.com.br\/anais\/ANAIS%2012%C2%BA%20CONGRESSO%20VOL%203%20DE%203.pdf\">Mapeamento das \u00e1reas verdes urbanas do munic\u00edpio de Pelotas, RS<\/a><\/strong><\/li>\n<\/ul>\n<p style=\"text-align: center\"><em><span style=\"font-size: 8pt\">TEIXEIRA, Alison Andr\u00e9 Domingues; NORNBERG, Solange; VIEGAS, Tarsila; CIROLINI, Ang\u00e9lica; BRUCH, Alexandre Felipe<\/span><\/em><\/p>\n<p>&nbsp;<\/p>\n<ul>\n<li><strong><a href=\"http:\/\/www.congressoflorestalrs.com.br\/anais\/ANAIS%2012%C2%BA%20CONGRESSO%20VOL%203%20DE%203.pdf\">Mapeamento dos remanescentes florestais na \u00e1rea urbana do munic\u00edpio de Pelotas, RS<\/a><\/strong><\/li>\n<\/ul>\n<p style=\"text-align: center\"><em><span style=\"font-size: 8pt\">NACHTIGALL, Stefan Domingues;\u00a0TEIXEIRA, Alison Andr\u00e9 Domingues; SOUSA, Alan Felipe Prog\u00eanio do Amaral; BRUCH, Alexandre Felipe; CIROLINI, Ang\u00e9lica<\/span><\/em><\/p>\n<p>&nbsp;<\/p>\n<p><em><strong>XXXIV ENCONTRO ESTADUAL DE GEOGRAFIA<\/strong><\/em><\/p>\n<p>&nbsp;<\/p>\n<ul>\n<li><strong> \u00cdndices de Vegeta\u00e7\u00e3o NDVI e SAVI para o munic\u00edpio de Pelotas\/RS<\/strong><\/li>\n<\/ul>\n<p style=\"text-align: center\"><em><span style=\"font-size: 8pt\">PORTO, Clismam Soares; MATTOSO, Tarsila Beatriz Viegas; TEIXEIRA, Alison Andr\u00e9 Domingues; CIROLINI, Ang\u00e9lica; BRUCH, Alexandre Felipe<\/span><\/em><\/p>\n<p>&nbsp;<\/p>\n<ul>\n<li style=\"text-align: justify\"><strong>An\u00e1lise preliminar de par\u00e2metros de qualidade da \u00e1gua na \u00e1rea urbana do munic\u00edpio de Pelotas, RS<\/strong><\/li>\n<\/ul>\n<p><em><span style=\"font-size: 8pt\">MATTOSO, Tarsila Beatriz Viegas; PORTO, Clismam Soares; TEIXEIRA, Alison Andr\u00e9 Domingues; BRUCH, Alexandre Felipe; CIROLINI, Ang\u00e9lica<\/span><\/em><\/p>\n<p>&nbsp;<\/p>\n<p><strong><em>XXIV CONGRESSO DE INICIA\u00c7\u00c3O CIENT\u00cdFICA<\/em><\/strong><\/p>\n<p>&nbsp;<\/p>\n<ul>\n<li><strong><a href=\"http:\/\/cti.ufpel.edu.br\/siepe\/arquivos\/2015\/CE_02980.pdf\">Uso e ocupa\u00e7\u00e3o do solo na Microbacia do Arroio Santa B\u00e1rbara, Pelotas, RS<\/a><\/strong><\/li>\n<\/ul>\n<p style=\"text-align: center\"><em><span style=\"font-size: 8pt\">ABREU, Thatiany Karlovic ; FIGUEIRA, J\u00e9ssica Dias; BRUCH, Alexandre Felipe; CIROLINI, Ang\u00e9lica.<\/span><\/em><\/p>\n<p>&nbsp;<\/p>\n<ul>\n<li><strong><a href=\"http:\/\/cti.ufpel.edu.br\/siepe\/arquivos\/2015\/CE_03991.pdf\">Mapeamento das culturas de soja, arroz e fumo nos munic\u00edpios de Pelotas e Arroio do Padre\/RS<\/a><\/strong><\/li>\n<\/ul>\n<p style=\"text-align: center\"><em><span style=\"font-size: 8pt\">PORTO, Clismam Soares; MATTOSO, Tarsila Beatriz Viegas; TEIXEIRA, Alison Andr\u00e9 Domingues; CIROLINI, Ang\u00e9lica; BRUCH, Alexandre Felipe<\/span><\/em><\/p>\n<p>&nbsp;<\/p>\n<ul>\n<li style=\"text-align: justify\"><a href=\"http:\/\/cti.ufpel.edu.br\/siepe\/arquivos\/2015\/CE_03154.pdf\"><strong>Avalia\u00e7\u00e3o do estresse h\u00eddrico atrav\u00e9s de imagens de NDWI entre os anos de 2008 e 2009 para os munic\u00edpios de Pelotas e Arroio do Padre\/RS<\/strong><\/a><\/li>\n<\/ul>\n<p style=\"text-align: center\"><em><span style=\"font-size: 8pt\">TEIXEIRA, Alison Andr\u00e9 Domingues; PORTO, Clismam Soares; NORNBERG, Solange; CIROLINI, Ang\u00e9lica. ; BRUCH, Alexandre Felipe<\/span><\/em><\/p>\n<p>&nbsp;<\/p>\n<p><em><strong>II CONGRESSO DE EXTENS\u00c3O E CULTURA &#8211; UFPel<\/strong><\/em><\/p>\n<p>&nbsp;<\/p>\n<ul>\n<li><strong><a href=\"https:\/\/wp.ufpel.edu.br\/congressoextensao\/files\/2015\/11\/Tecnologias-e-Produ%C3%A7%C3%A3o.pdf\">O Geoprocessamento na educa\u00e7\u00e3o b\u00e1sica<\/a><\/strong><\/li>\n<\/ul>\n<p style=\"text-align: center\"><em><span style=\"font-size: 8pt\">NORNBERG, Solange Otte; MATTOSO, Tarsila Beatriz Vi\u00e9gas; PORTO, Clismam Soares; BRUCH, Alexandre Felipe; CIROLINI, Ang\u00e9lica<\/span><\/em><\/p>\n<p><strong>\u00a0<\/strong><\/p>\n<ul>\n<li><strong><a href=\"https:\/\/wp.ufpel.edu.br\/congressoextensao\/files\/2015\/11\/Tecnologias-e-Produ%C3%A7%C3%A3o.pdf\">A inclus\u00e3o digital em escolas p\u00fablicas<\/a><\/strong><\/li>\n<\/ul>\n<p style=\"text-align: center\"><em><span style=\"font-size: 8pt\">MATTOSO, Tarsila Beatriz Vi\u00e9gas; NORNBERG, Solange Otte; TEIXEIRA, Alison Andr\u00e9 Domingues; CIROLINI, Ang\u00e9lica. ; BRUCH, Alexandre Felipe<\/span><br \/>\n<\/em><\/p>\n<p>&nbsp;<\/p>\n<p><strong><em>14\u00aa MOSTRA DA PRODU\u00c7\u00c3O UNIVERSIT\u00c1RIA<\/em><\/strong><\/p>\n<p>&nbsp;<\/p>\n<ul>\n<li style=\"text-align: justify\"><strong>Modelo Tridimensional de Terreno da Microbacia Hidrogr\u00e1fica do Arroio Forquilha, RS<\/strong><\/li>\n<\/ul>\n<p style=\"text-align: center\"><span style=\"font-size: 8pt\"><em>ABREU, Thatiany Karlovic; FIGUEIRA, J\u00e9ssica Dias; CIROLINI, Ang\u00e9lica<\/em><strong><br \/>\n<\/strong><\/span><\/p>\n<p>&nbsp;<\/p>\n<p><strong><em><a href=\"http:\/\/salao.ucpel.edu.br\/edicoes_anteriores\">SAL\u00c3O UNIVERSIT\u00c1RIO &#8211; UCPel<\/a><\/em><\/strong><\/p>\n<p>&nbsp;<\/p>\n<ul>\n<li style=\"text-align: justify\"><strong>A difus\u00e3o do conhecimento das Geotecnologias nas escolas de ensino fundamental no munic\u00edpio de Pelotas\/RS<\/strong><\/li>\n<\/ul>\n<p style=\"text-align: center\"><em><span style=\"font-size: 8pt\">MATTOSO, Tarsila Beatriz Viegas; NORNBERG, Solange Otte; CIROLINI, Ang\u00e9lica; BRUCH, Alexandre Felipe<\/span><\/em><\/p>\n<p>&nbsp;<\/p>\n<ul>\n<li style=\"text-align: justify\"><strong>Mapeamento da \u00e1rea de preserva\u00e7\u00e3o permanente pr\u00f3ximo ao canal de S\u00e3o Gon\u00e7alo no munic\u00edpio de Pelotas, RS<\/strong><\/li>\n<\/ul>\n<p style=\"text-align: center\"><em><span style=\"font-size: 8pt\">TEIXEIRA, Alison Andr\u00e9 Domingues; ABREU, Thatiany Karlovic ; FIGUEIRA, J\u00e9ssica Dias; CIROLINI, Ang\u00e9lica; BRUCH, Alexandre Felipe<\/span><\/em><\/p>\n<p>&nbsp;<\/p>\n<ul>\n<li><strong>An\u00e1lise Hipsom\u00e9trica da Microbacia Hidrog<\/strong><strong>r\u00e1fica do Arroio Forquilha, RS<\/strong><\/li>\n<\/ul>\n<p style=\"text-align: center\"><em><span style=\"font-size: 8pt\">ABREU, Thatiany Karlovic; TEIXEIRA, Alison Andr\u00e9 Domingues; BRUCH, Alexandre Felipe; FIGUEIRA, J\u00e9ssica Dias; CIROLINI, Ang\u00e9lica<\/span><\/em><\/p>\n<p>&nbsp;<\/p>\n<ul>\n<li style=\"text-align: justify\"><strong>Implanta\u00e7\u00e3o do cadastro t\u00e9cnico na por\u00e7\u00e3o nordeste da Vila S\u00e3o Luiz, em Minas do Camaqu\u00e3, 3\u00ba distrito do munic\u00edpio de Ca\u00e7apava do Sul\/RS<\/strong><\/li>\n<\/ul>\n<p style=\"text-align: center\"><em><span style=\"font-size: 8pt\">TAVARES, Fabricia Castro; BRUCH, Alexandre Felipe; CAMPOS, Alexssandra Dayanne Soares de; CIROLINI, Ang\u00e9lica<\/span><\/em><\/p>\n<p>&nbsp;<\/p>\n<ul>\n<li><strong>\u00c1rea de preserva\u00e7\u00e3o permanente no munic\u00edpio de S\u00e3o Louren\u00e7o do Sul, RS<\/strong><\/li>\n<\/ul>\n<p style=\"text-align: center\"><span style=\"font-size: 8pt\"><em>BEHLING, J\u00e9ssica Stern; PORTO, Clismam Soares; MATTOSO, Tarsila Beatriz Viegas; BRUCH, Alexandre Felipe; CIROLINI, Ang\u00e9lica.<\/em><\/span><\/p>\n<p>&nbsp;<\/p>\n<p><em><strong>VII SAL\u00c3O INTERNACIONAL DE ENSINO, PESQUISA E EXTENS\u00c3O<\/strong><\/em><\/p>\n<p>&nbsp;<\/p>\n<ul>\n<li><strong><a href=\"http:\/\/seer.unipampa.edu.br\/index.php\/siepe\/article\/view\/16708\/5756\">An\u00e1lise clinogr\u00e1fica da Microbacia Hidrogr\u00e1fica do Arroio Forquilha, RS<\/a> <\/strong><\/li>\n<\/ul>\n<p style=\"text-align: center\"><em><span style=\"font-size: 8pt\">ABREU, Thatiany Karlovic; TEIXEIRA, Alison Andr\u00e9 Domingues; FIGUEIRA, J\u00e9ssica Dias; BRUCH, Alexandre Felipe; CIROLINI, Ang\u00e9lica<\/span><\/em><\/p>\n<p>&nbsp;<\/p>\n<p><em><strong>TCC<\/strong><\/em><\/p>\n<ul>\n<li style=\"text-align: justify\"><strong>Mapeamento das \u00e1reas de risco \u00e0 inunda\u00e7\u00e3o na zona urbana do munic\u00edpio de S\u00e3o Louren\u00e7o do Sul &#8211; RS. <\/strong><span style=\"font-size: 8pt\"><em>(J\u00e9ssica Stern Behling)<strong><br \/>\n<\/strong><\/em><\/span><\/li>\n<\/ul>\n<p>&nbsp;<\/p>\n<ul>\n<li style=\"text-align: justify\"><strong>Implanta\u00e7\u00e3o do Cadastro T\u00e9cnico Multifinalit\u00e1rio em Minas do Camaqu\u00e3, 3\u00ba distrito do munic\u00edpio de Ca\u00e7apava do Sul\/RS.<\/strong> <span style=\"font-size: 8pt\"><em>(Fabricia Castro Tavares)<\/em><\/span><\/li>\n<\/ul>\n<p>&nbsp;<\/p>\n<ul>\n<li style=\"text-align: justify\"><strong>Mapeamento das altera\u00e7\u00f5es da \u00e1rea superficial alagada da Lagoa Mirim: efeitos ambientais de varia\u00e7\u00f5es clim\u00e1ticas.<\/strong> <span style=\"font-size: 8pt\"><em>(Heline Alves de Oliveira)<\/em><\/span><\/li>\n<\/ul>\n<p>&nbsp;<\/p>\n<ul>\n<li><strong>Mapeamento Geomorfol\u00f3gico Morfoescultural da Bacia Hidrogr\u00e1fica do Arroio Turu\u00e7u &#8211; RS.<\/strong> <em><span style=\"font-size: 8pt\">(Alan Felipe Prog\u00eanio do Amaral Sousa)<\/span><\/em><\/li>\n<\/ul>\n<p>&nbsp;<\/p>\n<ul>\n<li style=\"text-align: justify\"><strong>Determina\u00e7\u00e3o do aporte de sedimentos por meio da equa\u00e7\u00e3o universal de perda de solo para a Sub-Bacia Hidrogr\u00e1fica do Arroio Jo\u00e3o Dias, Ca\u00e7apava do Sul\/RS.<\/strong> <span style=\"font-size: 8pt\"><em>(Stefan Domingues Nachtigall)<\/em><\/span><\/li>\n<\/ul>\n","protected":false},"excerpt":{"rendered":"<p>12\u00ba CONGRESSO FLORESTAL ESTADUAL DO RIO GRANDE DO SUL &nbsp; Mapeamento das \u00e1reas verdes urbanas do munic\u00edpio de Pelotas, RS TEIXEIRA, Alison Andr\u00e9 Domingues; NORNBERG, Solange; VIEGAS, Tarsila; CIROLINI, Ang\u00e9lica; BRUCH, Alexandre Felipe &nbsp; Mapeamento dos remanescentes florestais na \u00e1rea urbana do munic\u00edpio de Pelotas, RS NACHTIGALL, Stefan Domingues;\u00a0TEIXEIRA, Alison Andr\u00e9 Domingues; SOUSA, Alan Felipe [&hellip;]<\/p>\n","protected":false},"author":620,"featured_media":0,"parent":31,"menu_order":0,"comment_status":"closed","ping_status":"closed","template":"","meta":{"footnotes":""},"class_list":["post-38","page","type-page","status-publish","hentry"],"_links":{"self":[{"href":"https:\/\/wp.ufpel.edu.br\/netgeo\/wp-json\/wp\/v2\/pages\/38","targetHints":{"allow":["GET"]}}],"collection":[{"href":"https:\/\/wp.ufpel.edu.br\/netgeo\/wp-json\/wp\/v2\/pages"}],"about":[{"href":"https:\/\/wp.ufpel.edu.br\/netgeo\/wp-json\/wp\/v2\/types\/page"}],"author":[{"embeddable":true,"href":"https:\/\/wp.ufpel.edu.br\/netgeo\/wp-json\/wp\/v2\/users\/620"}],"replies":[{"embeddable":true,"href":"https:\/\/wp.ufpel.edu.br\/netgeo\/wp-json\/wp\/v2\/comments?post=38"}],"version-history":[{"count":17,"href":"https:\/\/wp.ufpel.edu.br\/netgeo\/wp-json\/wp\/v2\/pages\/38\/revisions"}],"predecessor-version":[{"id":187,"href":"https:\/\/wp.ufpel.edu.br\/netgeo\/wp-json\/wp\/v2\/pages\/38\/revisions\/187"}],"up":[{"embeddable":true,"href":"https:\/\/wp.ufpel.edu.br\/netgeo\/wp-json\/wp\/v2\/pages\/31"}],"wp:attachment":[{"href":"https:\/\/wp.ufpel.edu.br\/netgeo\/wp-json\/wp\/v2\/media?parent=38"}],"curies":[{"name":"wp","href":"https:\/\/api.w.org\/{rel}","templated":true}]}}