{"id":28,"date":"2016-03-07T16:45:25","date_gmt":"2016-03-07T19:45:25","guid":{"rendered":"https:\/\/wp.ufpel.edu.br\/netgeo\/?page_id=28"},"modified":"2019-05-16T15:28:10","modified_gmt":"2019-05-16T18:28:10","slug":"ensino","status":"publish","type":"page","link":"https:\/\/wp.ufpel.edu.br\/netgeo\/projetos-2\/ensino\/","title":{"rendered":"Ensino"},"content":{"rendered":"<p style=\"text-align: center\"><strong>N\u00facleo de Apoio \u00e0 Cartografia e Topografia &#8211; NACarT<\/strong><\/p>\n<p style=\"text-align: center\"><strong>Monitoria<\/strong><\/p>\n<p>A monitoria como parte do NACarT tem o intuito de auxiliar os alunos da Universidade Federal de Pelotas (UFPel) nas atividades te\u00f3ricas e pr\u00e1ticas relacionada \u00e0s disciplinas de Cartografia e Topografia. Al\u00e9m disso, buscamos trabalhar de maneira pr\u00e1tica com c\u00e1lculos, planilhas e equipamentos.<\/p>\n<p><strong>Bolsista:<\/strong><\/p>\n<ul>\n<li>Lenon Silva de Oliveira<\/li>\n<\/ul>\n<p><strong>Videoaulas :<\/strong><\/p>\n<ul>\n<li>Playlist:\u00a0<a id=\"m_-1953070187301536645LPlnk954683\" class=\"m_-1953070187301536645OWAAutoLink\" href=\"https:\/\/www.youtube.com\/watch?v=u_a6llk67pM&amp;list=PLvX4kDYECPS2HLO8UvOJMPpl7dUXwHz2i\" target=\"_blank\" rel=\"noopener noreferrer\">https:\/\/www.youtube.com\/watch?v=u_a6llk67pM&amp;list=PLvX4kDYECPS2HLO8UvOJMPpl7dUXwHz2i<\/a><\/li>\n<\/ul>\n<p>&nbsp;<\/p>\n<p style=\"text-align: center\"><b>N\u00facleo de Estudos de Tecnologias em Geoci\u00eancias &#8211; NETGeo<\/b><\/p>\n<p style=\"text-align: center\"><strong>Projeto de Ensino<\/strong><\/p>\n<p>Este projeto tem o objetivo de contribuir para o processo de forma\u00e7\u00e3o do estudante e proporcionar a difus\u00e3o dos conhecimentos das tecnologias utilizadas na \u00e1rea das geoci\u00eancias.<\/p>\n<p><strong>Bolsista:<\/strong><\/p>\n<ul>\n<li>Gabriel da Silva Pontes<\/li>\n<\/ul>\n","protected":false},"excerpt":{"rendered":"<p>N\u00facleo de Apoio \u00e0 Cartografia e Topografia &#8211; NACarT Monitoria A monitoria como parte do NACarT tem o intuito de auxiliar os alunos da Universidade Federal de Pelotas (UFPel) nas atividades te\u00f3ricas e pr\u00e1ticas relacionada \u00e0s disciplinas de Cartografia e Topografia. Al\u00e9m disso, buscamos trabalhar de maneira pr\u00e1tica com c\u00e1lculos, planilhas e equipamentos. Bolsista: Lenon [&hellip;]<\/p>\n","protected":false},"author":620,"featured_media":0,"parent":24,"menu_order":0,"comment_status":"closed","ping_status":"closed","template":"","meta":{"footnotes":""},"class_list":["post-28","page","type-page","status-publish","hentry"],"_links":{"self":[{"href":"https:\/\/wp.ufpel.edu.br\/netgeo\/wp-json\/wp\/v2\/pages\/28","targetHints":{"allow":["GET"]}}],"collection":[{"href":"https:\/\/wp.ufpel.edu.br\/netgeo\/wp-json\/wp\/v2\/pages"}],"about":[{"href":"https:\/\/wp.ufpel.edu.br\/netgeo\/wp-json\/wp\/v2\/types\/page"}],"author":[{"embeddable":true,"href":"https:\/\/wp.ufpel.edu.br\/netgeo\/wp-json\/wp\/v2\/users\/620"}],"replies":[{"embeddable":true,"href":"https:\/\/wp.ufpel.edu.br\/netgeo\/wp-json\/wp\/v2\/comments?post=28"}],"version-history":[{"count":11,"href":"https:\/\/wp.ufpel.edu.br\/netgeo\/wp-json\/wp\/v2\/pages\/28\/revisions"}],"predecessor-version":[{"id":487,"href":"https:\/\/wp.ufpel.edu.br\/netgeo\/wp-json\/wp\/v2\/pages\/28\/revisions\/487"}],"up":[{"embeddable":true,"href":"https:\/\/wp.ufpel.edu.br\/netgeo\/wp-json\/wp\/v2\/pages\/24"}],"wp:attachment":[{"href":"https:\/\/wp.ufpel.edu.br\/netgeo\/wp-json\/wp\/v2\/media?parent=28"}],"curies":[{"name":"wp","href":"https:\/\/api.w.org\/{rel}","templated":true}]}}