{"id":256,"date":"2016-09-01T15:41:42","date_gmt":"2016-09-01T18:41:42","guid":{"rendered":"https:\/\/wp.ufpel.edu.br\/netgeo\/?page_id=256"},"modified":"2018-02-21T14:57:56","modified_gmt":"2018-02-21T17:57:56","slug":"2016-2","status":"publish","type":"page","link":"https:\/\/wp.ufpel.edu.br\/netgeo\/extensao\/2016-2\/","title":{"rendered":"2016"},"content":{"rendered":"<p><em><strong>34\u00ba SEMIN\u00c1RIO DE EXTENS\u00c3O UNIVERSIT\u00c1RIA DA REGI\u00c3O SUL &#8211; SEURS<\/strong><\/em><\/p>\n<ul>\n<li><strong>Inclus\u00e3o digital em escolas p\u00fablicas: o exerc\u00edcio da cartografia digital como ferramenta do mapeamento do lugar<\/strong><\/li>\n<\/ul>\n<p style=\"text-align: center\"><em><span style=\"font-size: 8pt\">MATTOSO, Tarsila Beatriz Vi\u00e9gas; FONSECA, Elisandra Hernandes da; ALCHIERI, Douglas Vicente; SILVA, Rosane Vieira da; CIROLINI, Ang\u00e9lica; BRUCH, Alexandre Felipe<\/span><\/em><\/p>\n<p style=\"text-align: left\"><em><strong>15\u00aa MOSTRA DA PRODU\u00c7\u00c3O UNIVERSIT\u00c1RIA<\/strong><\/em><\/p>\n<ul>\n<li><strong>A Inclus\u00e3o Digital no ambiente escolar<\/strong><\/li>\n<\/ul>\n<p style=\"text-align: center\"><em><span style=\"font-size: 8pt\">MATTOSO, Tarsila Beatriz Vi\u00e9gas; FONSECA, Elisandra Hernandes da; ALCHIERI, Douglas Vicente; SILVA, Rosane Vieira da; CIROLINI, Ang\u00e9lica; BRUCH, Alexandre Felipe<\/span><\/em><\/p>\n<ul>\n<li><strong>Avalia\u00e7\u00e3o dos par\u00e2metros de corre\u00e7\u00e3o radiom\u00e9trica de imagens Landsat com fins de gera\u00e7\u00e3o de \u00edndices de vegeta\u00e7\u00e3o<\/strong><\/li>\n<\/ul>\n<p style=\"text-align: center\"><em><span style=\"font-size: 8pt\">TEIXEIRA, Alison Andr\u00e9 Domingues; PORTO, Clismam Soares; FARIAS, Leandro Priebe de; CIROLINI, Ang\u00e9lica; BRUCH, Alexandre Felipe<\/span><\/em><\/p>\n<ul>\n<li><strong>Avalia\u00e7\u00e3o dos m\u00e9todos de classifica\u00e7\u00e3o supervisionada e n\u00e3osupervisionada na \u00e1rea de Minas do Camaqu\u00e3<\/strong><\/li>\n<\/ul>\n<p style=\"text-align: center\"><em><span style=\"font-size: 8pt\">PORTO, Clismam Soares; TEIXEIRA, Alison Andr\u00e9 Domingues; MATTOSO, Tarsila Beatriz Vi\u00e9gas; CIROLINI, Ang\u00e9lica; BRUCH, Alexandre Felipe<\/span><\/em><\/p>\n<p><em><strong>XXV CONGRESSO DE INICIA\u00c7\u00c3O CIENT\u00cdFICA &#8211; CIC<br \/>\n<\/strong><\/em><\/p>\n<ul>\n<li><strong>Avalia\u00e7\u00e3o da Produ\u00e7\u00e3o Agropecu\u00e1ria do Munic\u00edpio de Arroio do Padre\/RS, entre os anos de 2001 e 2014<\/strong><\/li>\n<\/ul>\n<p style=\"text-align: center\"><em><span style=\"font-size: 8pt\">TEIXEIRA, Alison Andr\u00e9 Domingues; PORTO, Clismam Soares; NORNBERG, Solange Otte; MATTOSO, Tarsila Beatriz Vi\u00e9gas; CIROLINI, Ang\u00e9lica; BRUCH, Alexandre Felipe<\/span><\/em><\/p>\n<ul>\n<li><strong>Mapeamento dos conflitos de uso do solo em \u00e1reas de preserva\u00e7\u00e3o permanente no munic\u00edpio de Arroio do Padre, RS<\/strong><\/li>\n<\/ul>\n<p style=\"text-align: center\"><em><span style=\"font-size: 8pt\">PORTO, Clismam Soares; MATTOSO, Tarsila Beatriz Vi\u00e9gas; TEIXEIRA, Alison Andr\u00e9 Domingues; CIROLINI, Ang\u00e9lica; BRUCH, Alexandre Felipe<\/span><\/em><\/p>\n<ul>\n<li><strong>Fragilidade ambiental do munic\u00edpio de Arroio do Padre\/RS<\/strong><\/li>\n<\/ul>\n<p style=\"text-align: center\"><em><span style=\"font-size: 8pt\">MATTOSO, Tarsila Beatriz Vi\u00e9gas; PORTO, Clismam Soares; TEIXEIRA, Alison Andr\u00e9 Domingues; CIROLINI, Ang\u00e9lica; BRUCH, Alexandre Felipe<\/span><\/em><\/p>\n<p style=\"text-align: left\"><strong>II CONGRESSO DE ENSINO DE GRADUA\u00c7\u00c3O<\/strong><\/p>\n<ul>\n<li><strong>A influ\u00eancia da monitoria no desempenho acad\u00eamico nas disciplinas de Cartografia e Topografia<\/strong><\/li>\n<\/ul>\n<p style=\"text-align: center\"><em><span style=\"font-size: 8pt\">NORNBERG, Solange Otte; BOM, Thiago Feij\u00f3; BRUCH, Alexandre Felipe; CIROLINI, Ang\u00e9lica<br \/>\n<\/span><\/em><\/p>\n<p style=\"text-align: left\"><strong>III CONGRESSO DE EXTENS\u00c3O E CULTURA<\/strong><\/p>\n<ul>\n<li><strong>A utiliza\u00e7\u00e3o das ferramentas do geoprocessamento no ensino interdisciplinar da geografia e matem\u00e1tica<\/strong><\/li>\n<\/ul>\n<p style=\"text-align: center\"><em><span style=\"font-size: 8pt\">ALCHIERI, Douglas Vicente; SILVA, Rosane Vieira da; FONSECA, Elisandra Hernandes da; MATTOSO, Tarsila Beatriz Vi\u00e9gas; BRUCH, Alexandre Felipe; CIROLINI, Ang\u00e9lica<br \/>\n<\/span><\/em><\/p>\n<p style=\"text-align: left\"><strong>48\u00ba CONGRESSO BRASILEIRO DE GEOLOGIA<br \/>\n<\/strong><\/p>\n<ul>\n<li><strong>Utiliza\u00e7\u00e3o de ferramentas de realidade aumentada 4D para a modelagem de rompimentos de barragens de rejeitos e dispers\u00e3o de sedimentos<\/strong><\/li>\n<\/ul>\n<p style=\"text-align: center\"><em><span style=\"font-size: 8pt\">ROCHA, Guilherme Schiefferdecker; AZEREDO, Raoni Braga; BRUCH, Alexandre Felipe; CIROLINI, Ang\u00e9lica<\/span><\/em><\/p>\n<ul>\n<li><strong>Mapeamento multitemporal da dispers\u00e3o de rejeitos de minera\u00e7\u00e3o na sub-bacia hidrogr\u00e1fica do Arroio Jo\u00e3o Dias, Minas do Camaqu\u00e3, Ca\u00e7apava do Sul, RS<\/strong><\/li>\n<\/ul>\n<p style=\"text-align: center\"><em><span style=\"font-size: 8pt\">ROCHA, Guilherme Schiefferdecker; AZEREDO, Raoni Braga; ROCHA, Gabriel Schiefferdecker; CIROLINI, Ang\u00e9lica; BRUCH, Alexandre Felipe<br \/>\n<\/span><\/em><\/p>\n<p style=\"text-align: left\"><strong>SAL\u00c3O UNIVERSIT\u00c1RIO DA UCPEL<br \/>\n<\/strong><\/p>\n<ul>\n<li><strong>O geoprocessamento no ensino b\u00e1sico: conceitos metodol\u00f3gicos<\/strong><\/li>\n<\/ul>\n<p style=\"text-align: center\"><em><span style=\"font-size: 8pt\">ALCHIERI, Douglas Vicente; SILVA, Rosane Vieira da; FONSECA, Elisandra Hernandes da; MATTOSO, Tarsila Beatriz Vi\u00e9gas; BRUCH, Alexandre Felipe; CIROLINI, Ang\u00e9lica<\/span><\/em><\/p>\n<p>&nbsp;<\/p>\n<p><em><strong>TCC<\/strong><\/em><\/p>\n<ul>\n<li><strong><b>Mapeamento Multitemporal da Expans\u00e3o Urbana no Munic\u00edpio de Pedras Altas \u2013 RS<\/b>. <\/strong><span style=\"font-size: 8pt\"><em>(J\u00e9ssica Dias Figueira)<\/em><\/span><\/li>\n<\/ul>\n<p>&nbsp;<\/p>\n<ul>\n<li style=\"text-align: justify\"><strong>Mapeamento e an\u00e1lise ambiental do munic\u00edpio de Arroio do Padre &#8211; RS. <\/strong><span style=\"font-size: 8pt\"><em>(Tarsila Beatriz Vi\u00e9gas Matoso)<\/em><\/span><\/li>\n<\/ul>\n<p>&nbsp;<\/p>\n<ul>\n<li><strong>Fus\u00e3o de imagens dos sat\u00e9lites CBERS 2B HRC e LandSat 5 TM para fins de classifica\u00e7\u00e3o de imagens <\/strong><span style=\"font-size: 8pt\"><em>(Alison Andr\u00e9 Domingues Teixeira)<\/em><\/span><\/li>\n<\/ul>\n<p>&nbsp;<\/p>\n<ul>\n<li><strong><b>An\u00e1lise de Vulnerabilidade \u00e0 Eros\u00e3o no Munic\u00edpio de Arroio do Padre, RS<\/b> <\/strong><span style=\"font-size: 8pt\"><em>(Solange Otte Nornberg)<\/em><\/span><\/li>\n<\/ul>\n","protected":false},"excerpt":{"rendered":"<p>34\u00ba SEMIN\u00c1RIO DE EXTENS\u00c3O UNIVERSIT\u00c1RIA DA REGI\u00c3O SUL &#8211; SEURS Inclus\u00e3o digital em escolas p\u00fablicas: o exerc\u00edcio da cartografia digital como ferramenta do mapeamento do lugar MATTOSO, Tarsila Beatriz Vi\u00e9gas; FONSECA, Elisandra Hernandes da; ALCHIERI, Douglas Vicente; SILVA, Rosane Vieira da; CIROLINI, Ang\u00e9lica; BRUCH, Alexandre Felipe 15\u00aa MOSTRA DA PRODU\u00c7\u00c3O UNIVERSIT\u00c1RIA A Inclus\u00e3o Digital no [&hellip;]<\/p>\n","protected":false},"author":620,"featured_media":0,"parent":31,"menu_order":0,"comment_status":"closed","ping_status":"closed","template":"","meta":{"footnotes":""},"class_list":["post-256","page","type-page","status-publish","hentry"],"_links":{"self":[{"href":"https:\/\/wp.ufpel.edu.br\/netgeo\/wp-json\/wp\/v2\/pages\/256","targetHints":{"allow":["GET"]}}],"collection":[{"href":"https:\/\/wp.ufpel.edu.br\/netgeo\/wp-json\/wp\/v2\/pages"}],"about":[{"href":"https:\/\/wp.ufpel.edu.br\/netgeo\/wp-json\/wp\/v2\/types\/page"}],"author":[{"embeddable":true,"href":"https:\/\/wp.ufpel.edu.br\/netgeo\/wp-json\/wp\/v2\/users\/620"}],"replies":[{"embeddable":true,"href":"https:\/\/wp.ufpel.edu.br\/netgeo\/wp-json\/wp\/v2\/comments?post=256"}],"version-history":[{"count":4,"href":"https:\/\/wp.ufpel.edu.br\/netgeo\/wp-json\/wp\/v2\/pages\/256\/revisions"}],"predecessor-version":[{"id":339,"href":"https:\/\/wp.ufpel.edu.br\/netgeo\/wp-json\/wp\/v2\/pages\/256\/revisions\/339"}],"up":[{"embeddable":true,"href":"https:\/\/wp.ufpel.edu.br\/netgeo\/wp-json\/wp\/v2\/pages\/31"}],"wp:attachment":[{"href":"https:\/\/wp.ufpel.edu.br\/netgeo\/wp-json\/wp\/v2\/media?parent=256"}],"curies":[{"name":"wp","href":"https:\/\/api.w.org\/{rel}","templated":true}]}}