{"id":18,"date":"2016-03-07T14:44:20","date_gmt":"2016-03-07T17:44:20","guid":{"rendered":"https:\/\/wp.ufpel.edu.br\/netgeo\/?page_id=18"},"modified":"2016-03-08T13:31:30","modified_gmt":"2016-03-08T16:31:30","slug":"projetos","status":"publish","type":"page","link":"https:\/\/wp.ufpel.edu.br\/netgeo\/projetos-2\/projetos\/","title":{"rendered":"Pesquisa"},"content":{"rendered":"<p style=\"text-align: center\"><strong>Atlas Geogr\u00e1fico Eletr\u00f4nico do Munic\u00edpio de Arroio do Padre, RS: A Inclus\u00e3o de Tecnologias Digitais em Escolas P\u00fablicas<\/strong><\/p>\n<p>O projeto tem como objetivo elaborar o Atlas Geogr\u00e1fico Eletr\u00f4nico do munic\u00edpio de Arroio do Padre, RS, que venha subsidiar atividades de planejamento e gest\u00e3o municipal, bem como auxiliar professores e alunos nos processos de ensino e aprendizagem atrav\u00e9s da inclus\u00e3o digital e servir como fonte de informa\u00e7\u00e3o para a popula\u00e7\u00e3o em geral.<\/p>\n<p>&nbsp;<\/p>\n<p style=\"text-align: center\"><strong>Mapeamento e Modelagem 4D da distribui\u00e7\u00e3o de res\u00edduos de minera\u00e7\u00e3o causados pelo rompimento da Barragem de Rejeitos na Sub-Bacia Hidrogr\u00e1fica do Arroio Jo\u00e3o Dias, Minas do Camaqu\u00e3, RS<\/strong><\/p>\n<p>O objetivo gen\u00e9rico do projeto \u00e9 mapear e modelar em quatro dimens\u00f5es a distribui\u00e7\u00e3o dos rejeitos de minera\u00e7\u00e3o depositados por processo de rompimento de barragem, no curso m\u00e9dio e inferior do arroio Jo\u00e3o Dias, na localidade de Minas do Camaqu\u00e3, Ca\u00e7apava do Sul\/RS.<\/p>\n","protected":false},"excerpt":{"rendered":"<p>Atlas Geogr\u00e1fico Eletr\u00f4nico do Munic\u00edpio de Arroio do Padre, RS: A Inclus\u00e3o de Tecnologias Digitais em Escolas P\u00fablicas O projeto tem como objetivo elaborar o Atlas Geogr\u00e1fico Eletr\u00f4nico do munic\u00edpio de Arroio do Padre, RS, que venha subsidiar atividades de planejamento e gest\u00e3o municipal, bem como auxiliar professores e alunos nos processos de ensino e [&hellip;]<\/p>\n","protected":false},"author":620,"featured_media":0,"parent":24,"menu_order":0,"comment_status":"closed","ping_status":"closed","template":"","meta":{"footnotes":""},"class_list":["post-18","page","type-page","status-publish","hentry"],"_links":{"self":[{"href":"https:\/\/wp.ufpel.edu.br\/netgeo\/wp-json\/wp\/v2\/pages\/18","targetHints":{"allow":["GET"]}}],"collection":[{"href":"https:\/\/wp.ufpel.edu.br\/netgeo\/wp-json\/wp\/v2\/pages"}],"about":[{"href":"https:\/\/wp.ufpel.edu.br\/netgeo\/wp-json\/wp\/v2\/types\/page"}],"author":[{"embeddable":true,"href":"https:\/\/wp.ufpel.edu.br\/netgeo\/wp-json\/wp\/v2\/users\/620"}],"replies":[{"embeddable":true,"href":"https:\/\/wp.ufpel.edu.br\/netgeo\/wp-json\/wp\/v2\/comments?post=18"}],"version-history":[{"count":5,"href":"https:\/\/wp.ufpel.edu.br\/netgeo\/wp-json\/wp\/v2\/pages\/18\/revisions"}],"predecessor-version":[{"id":120,"href":"https:\/\/wp.ufpel.edu.br\/netgeo\/wp-json\/wp\/v2\/pages\/18\/revisions\/120"}],"up":[{"embeddable":true,"href":"https:\/\/wp.ufpel.edu.br\/netgeo\/wp-json\/wp\/v2\/pages\/24"}],"wp:attachment":[{"href":"https:\/\/wp.ufpel.edu.br\/netgeo\/wp-json\/wp\/v2\/media?parent=18"}],"curies":[{"name":"wp","href":"https:\/\/api.w.org\/{rel}","templated":true}]}}