{"id":14,"date":"2016-03-07T14:43:23","date_gmt":"2016-03-07T17:43:23","guid":{"rendered":"https:\/\/wp.ufpel.edu.br\/netgeo\/?page_id=14"},"modified":"2019-04-17T10:36:11","modified_gmt":"2019-04-17T13:36:11","slug":"historico","status":"publish","type":"page","link":"https:\/\/wp.ufpel.edu.br\/netgeo\/historico\/","title":{"rendered":"Hist\u00f3rico"},"content":{"rendered":"<p>O N\u00facleo de Estudos de Tecnologias em Geoci\u00eancias (NETGeo) surge a partir do contexto da Reestrutura\u00e7\u00e3o e Expans\u00e3o das Universidades Brasileiras (REUNI). Durante o per\u00edodo de implanta\u00e7\u00e3o do REUNI, no ano de 2009, amplos debates na UFPel convergem para a cria\u00e7\u00e3o de um curso de gradua\u00e7\u00e3o dedicado a difus\u00e3o dos conhecimentos das Geotecnologias, principalmente pelo d\u00e9ficit de profissionais habilitados para a execu\u00e7\u00e3o de levantamentos multifinalit\u00e1rios e a produ\u00e7\u00e3o de documentos cartogr\u00e1ficos.<\/p>\n<p>Visto esta demanda, em 2010 foi criado o Curso Superior de Tecnologia em Geoprocessamento, atrav\u00e9s dos esfor\u00e7os dos Professores Doutores Luis Eduardo Silveira da Mota Novaes e Adelir Jos\u00e9 Strider. Para a implanta\u00e7\u00e3o do projeto pedag\u00f3gico deste curso rec\u00e9m criado, foi realizada a contra\u00e7\u00e3o dos primeiros Professores Doutores Ang\u00e9lica Cirolini e Alexandre Felipe Bruch.<\/p>\n<p>A partir dos esfor\u00e7os investidos na consolida\u00e7\u00e3o do CST em Geoprocessamento, Engenharia Geol\u00f3gica e de Petr\u00f3leo, os professores observaram a necessidade de divulgar eventos cient\u00edficos, publica\u00e7\u00f5es, projetos de pesquisa e pesquisadores atrelados \u00e0s Geotecnologias perante os acad\u00eamicos e a comunidade em geral. Sendo assim, em agosto de 2010 foi criado o NETGeo, primeiramente com o nome &#8220;N\u00facleo de Estudos em Tecnologias do Geoprocessamento&#8221; e, em seguida, ampliada sua \u00e1rea para as Geoci\u00eancias, ent\u00e3o sendo registrado como &#8220;N\u00facleo de Estudos de Tecnologias em Geoci\u00eancias&#8221;.<\/p>\n","protected":false},"excerpt":{"rendered":"<p>O N\u00facleo de Estudos de Tecnologias em Geoci\u00eancias (NETGeo) surge a partir do contexto da Reestrutura\u00e7\u00e3o e Expans\u00e3o das Universidades Brasileiras (REUNI). Durante o per\u00edodo de implanta\u00e7\u00e3o do REUNI, no ano de 2009, amplos debates na UFPel convergem para a cria\u00e7\u00e3o de um curso de gradua\u00e7\u00e3o dedicado a difus\u00e3o dos conhecimentos das Geotecnologias, principalmente pelo [&hellip;]<\/p>\n","protected":false},"author":620,"featured_media":0,"parent":0,"menu_order":1,"comment_status":"closed","ping_status":"closed","template":"","meta":{"footnotes":""},"class_list":["post-14","page","type-page","status-publish","hentry"],"_links":{"self":[{"href":"https:\/\/wp.ufpel.edu.br\/netgeo\/wp-json\/wp\/v2\/pages\/14","targetHints":{"allow":["GET"]}}],"collection":[{"href":"https:\/\/wp.ufpel.edu.br\/netgeo\/wp-json\/wp\/v2\/pages"}],"about":[{"href":"https:\/\/wp.ufpel.edu.br\/netgeo\/wp-json\/wp\/v2\/types\/page"}],"author":[{"embeddable":true,"href":"https:\/\/wp.ufpel.edu.br\/netgeo\/wp-json\/wp\/v2\/users\/620"}],"replies":[{"embeddable":true,"href":"https:\/\/wp.ufpel.edu.br\/netgeo\/wp-json\/wp\/v2\/comments?post=14"}],"version-history":[{"count":6,"href":"https:\/\/wp.ufpel.edu.br\/netgeo\/wp-json\/wp\/v2\/pages\/14\/revisions"}],"predecessor-version":[{"id":418,"href":"https:\/\/wp.ufpel.edu.br\/netgeo\/wp-json\/wp\/v2\/pages\/14\/revisions\/418"}],"wp:attachment":[{"href":"https:\/\/wp.ufpel.edu.br\/netgeo\/wp-json\/wp\/v2\/media?parent=14"}],"curies":[{"name":"wp","href":"https:\/\/api.w.org\/{rel}","templated":true}]}}