{"id":1245,"date":"2020-12-01T11:24:53","date_gmt":"2020-12-01T14:24:53","guid":{"rendered":"https:\/\/wp.ufpel.edu.br\/netgeo\/?page_id=1245"},"modified":"2020-12-01T11:24:53","modified_gmt":"2020-12-01T14:24:53","slug":"educacao","status":"publish","type":"page","link":"https:\/\/wp.ufpel.edu.br\/netgeo\/educacao\/","title":{"rendered":"Educa\u00e7\u00e3o"},"content":{"rendered":"<p>Os bolsistas de extens\u00e3o Amanda de Sales Marotta da Silva e Felipe Cunha da Rocha criaram um informativo sobre Geotecnologias:<\/p>\n<p><a href=\"https:\/\/wp.ufpel.edu.br\/netgeo\/files\/2020\/12\/CURIOSIDADES-SOBRES-AS-GEOTECNOLOGIAS.pdf\">CURIOSIDADES SOBRES AS GEOTECNOLOGIAS<\/a><\/p>\n","protected":false},"excerpt":{"rendered":"<p>Os bolsistas de extens\u00e3o Amanda de Sales Marotta da Silva e Felipe Cunha da Rocha criaram um informativo sobre Geotecnologias: CURIOSIDADES SOBRES AS GEOTECNOLOGIAS<\/p>\n","protected":false},"author":620,"featured_media":0,"parent":0,"menu_order":0,"comment_status":"closed","ping_status":"closed","template":"","meta":{"footnotes":""},"class_list":["post-1245","page","type-page","status-publish","hentry"],"_links":{"self":[{"href":"https:\/\/wp.ufpel.edu.br\/netgeo\/wp-json\/wp\/v2\/pages\/1245","targetHints":{"allow":["GET"]}}],"collection":[{"href":"https:\/\/wp.ufpel.edu.br\/netgeo\/wp-json\/wp\/v2\/pages"}],"about":[{"href":"https:\/\/wp.ufpel.edu.br\/netgeo\/wp-json\/wp\/v2\/types\/page"}],"author":[{"embeddable":true,"href":"https:\/\/wp.ufpel.edu.br\/netgeo\/wp-json\/wp\/v2\/users\/620"}],"replies":[{"embeddable":true,"href":"https:\/\/wp.ufpel.edu.br\/netgeo\/wp-json\/wp\/v2\/comments?post=1245"}],"version-history":[{"count":1,"href":"https:\/\/wp.ufpel.edu.br\/netgeo\/wp-json\/wp\/v2\/pages\/1245\/revisions"}],"predecessor-version":[{"id":1249,"href":"https:\/\/wp.ufpel.edu.br\/netgeo\/wp-json\/wp\/v2\/pages\/1245\/revisions\/1249"}],"wp:attachment":[{"href":"https:\/\/wp.ufpel.edu.br\/netgeo\/wp-json\/wp\/v2\/media?parent=1245"}],"curies":[{"name":"wp","href":"https:\/\/api.w.org\/{rel}","templated":true}]}}