{"id":50,"date":"2026-03-26T20:18:35","date_gmt":"2026-03-26T23:18:35","guid":{"rendered":"https:\/\/wp.ufpel.edu.br\/nest\/?page_id=50"},"modified":"2026-03-29T10:44:11","modified_gmt":"2026-03-29T13:44:11","slug":"produtos","status":"publish","type":"page","link":"https:\/\/wp.ufpel.edu.br\/nest\/produtos\/","title":{"rendered":"Produtos"},"content":{"rendered":"<h2 style=\"text-align: center;\">Confira nossas produ\u00e7\u00f5es bibliogr\u00e1ficas, t\u00e9cnicas e art\u00edstico-culturais. Em constru\u00e7\u00e3o <span class=\"x1rg5ohu x16dsc37 x19la9d6 x1fc57z9 x6ikm8r x10wlt62 x19co3pv x11tp94h xw4jnvo x1qx5ct2 xfibh0p xiy17q3 x1xsqp64 x1lkfr7t xexx8yu xyri2b x18d9i69 x1c1uobl\"><span class=\"xrtxmta x1bhl96m\">\ud83c\udfd7\ufe0f<\/span><\/span><span class=\"x1rg5ohu x16dsc37 x19la9d6 x1fc57z9 x6ikm8r x10wlt62 x19co3pv x11tp94h xw4jnvo x1qx5ct2 xfibh0p xiy17q3 x1xsqp64 x1lkfr7t xexx8yu xyri2b x18d9i69 x1c1uobl\"><span class=\"xrtxmta x1bhl96m\">\ud83d\udc1c<\/span><\/span><span class=\"x1rg5ohu x16dsc37 x19la9d6 x1fc57z9 x6ikm8r x10wlt62 x19co3pv x11tp94h xw4jnvo x1qx5ct2 xfibh0p xiy17q3 x1xsqp64 x1lkfr7t xexx8yu xyri2b x18d9i69 x1c1uobl\"><span class=\"xrtxmta x1bhl96m\">\ud83d\udc1c<\/span><\/span><\/h2>\n<ul>\n<li class=\"zfr3Q TYR86d eD0Rn \" dir=\"ltr\">\n<p class=\"zfr3Q CDt4Ke \" dir=\"ltr\" role=\"presentation\"><span class=\"jgG6ef C9DxTc \">Ram\u00edrez-Mej\u00eda, A., S\u00e1nchez, F., Urbina-Cardona, N. &amp;<strong>\u00a0<\/strong><\/span><strong><span class=\"jgG6ef C9DxTc \">Ladino, N.\u00a0<\/span><\/strong><span class=\"jgG6ef C9DxTc \">(aceito) Functional divergence drives the prevalence of low-abundance species in bat assemblages.\u00a0 Functional Ecology.\u00a0<\/span><\/p>\n<\/li>\n<li class=\"zfr3Q TYR86d eD0Rn \" dir=\"ltr\">\n<p class=\"zfr3Q CDt4Ke \" dir=\"ltr\" role=\"presentation\"><span class=\"jgG6ef C9DxTc \">Neundorf, A., Mikich, A. &#8230;\u00a0<\/span><strong><span class=\"jgG6ef C9DxTc \">Ladino N.<\/span><\/strong><span class=\"jgG6ef C9DxTc \"><strong>\u00a0<\/strong>et al. (2025). Ants as Flower Visitors: Diversity and Network Structure Assessed for the First Time in the Atlantic Forest of Southern Brazil. Neotropical Entomol 54, 130. <\/span><a class=\"XqQF9c\" href=\"https:\/\/doi.org\/10.1007\/s13744-025-01340-z\" target=\"_blank\" rel=\"noopener\"><span class=\"jgG6ef C9DxTc \">https:\/\/doi.org\/10.1007\/s13744-025-01340-z<\/span><\/a><span class=\"jgG6ef C9DxTc \">\u00a0<\/span><\/p>\n<\/li>\n<li class=\"zfr3Q TYR86d eD0Rn \" dir=\"ltr\">\n<p class=\"zfr3Q CDt4Ke \" dir=\"ltr\" role=\"presentation\"><span class=\"jgG6ef C9DxTc \">Silva T. S.,<\/span><span class=\"jgG6ef C9DxTc \"><strong>\u00a0Ladino N<\/strong>.<\/span><span class=\"jgG6ef C9DxTc \">, Feitosa R. M. (2025). Additions to the taxonomy of Neotropical <\/span><span class=\"jgG6ef C9DxTc \">Strumigenys\u00a0<\/span><span class=\"jgG6ef C9DxTc \">(Hymenoptera: Formicidae): description of new species, terminology alignment, and etymology of the generic epithet. Revista Brasileira de Entomologia, 69 (4),\u00a0<\/span><a class=\"XqQF9c\" href=\"https:\/\/doi.org\/10.1590\/1806-9665-RBENT-2025-0006\" target=\"_blank\" rel=\"noopener\"><span class=\"jgG6ef C9DxTc \">https:\/\/doi.org\/10.1590\/1806-9665-RBENT-2025-0006<\/span><\/a><span class=\"jgG6ef C9DxTc \">\u00a0<\/span><\/p>\n<\/li>\n<li class=\"zfr3Q TYR86d eD0Rn \" dir=\"ltr\">\n<p class=\"zfr3Q CDt4Ke \" dir=\"ltr\" role=\"presentation\"><span class=\"jgG6ef C9DxTc \"><strong>Ladino N.<\/strong>\u00a0<\/span><span class=\"jgG6ef C9DxTc \">\u00a0(2025). Chapter 24: Keeping ants in the anthill: Seven editions of the Formigas do Brazil Course. In: Feitosa R., Schmidt F., &amp; Ribas C.\u00a0 (Orgs.) Brazilian Myrmecology: Exploring the World&#8217;s Richest Ant Fauna. Editora Cient\u00edfica Digital.\u00a0\u00a0<\/span><a class=\"XqQF9c\" href=\"https:\/\/sites.google.com\/view\/nladinoswebsite\/inicio\" target=\"_blank\" rel=\"noopener\"><span class=\"jgG6ef C9DxTc \">https:\/\/10.37885\/978-65-83998-48-4<\/span><\/a><span class=\"jgG6ef C9DxTc \">\u00a0<\/span><\/p>\n<\/li>\n<li class=\"zfr3Q TYR86d eD0Rn \" dir=\"ltr\">\n<p class=\"zfr3Q CDt4Ke \" dir=\"ltr\" role=\"presentation\"><span class=\"jgG6ef C9DxTc \">Zefa E., Vieira J.,\u00a0<\/span><span class=\"jgG6ef C9DxTc \"><strong>Ladino N<\/strong>.<\/span><span class=\"jgG6ef C9DxTc \">\u00a0et al. (<\/span><span class=\"jgG6ef C9DxTc \">2025<\/span><span class=\"jgG6ef C9DxTc \">). Integrative taxonomy of the sword-tail cricket\u00a0<\/span><span class=\"jgG6ef C9DxTc \">Symphyloxiphys abbreviatus<\/span><span class=\"jgG6ef C9DxTc \">\u00a0(Bruner, 1916) (Orthoptera, Grylloidea, Trigonidiidae) reveals intraspecific variation across its broad geographic range. Zootaxa 5701 (1),\u00a0<\/span><a class=\"XqQF9c\" href=\"https:\/\/doi.org\/10.1093\/isd\/ixaf025\" target=\"_blank\" rel=\"noopener\"><span class=\"jgG6ef C9DxTc \">https:\/\/doi.org\/10.11646\/zootaxa.5701.1.5<\/span><\/a><span class=\"jgG6ef C9DxTc \">\u00a0<\/span><\/p>\n<\/li>\n<li class=\"zfr3Q TYR86d eD0Rn \" dir=\"ltr\">\n<p class=\"zfr3Q CDt4Ke \" dir=\"ltr\" role=\"presentation\"><span class=\"jgG6ef C9DxTc \">Oberskii J., Griebenow Z., .<strong>..<\/strong><\/span><strong><span class=\"jgG6ef C9DxTc \">Ladino N.<\/span><\/strong><span class=\"jgG6ef C9DxTc \">\u00a0et al. (<\/span><span class=\"jgG6ef C9DxTc \">2025<\/span><span class=\"jgG6ef C9DxTc \">) Ant systematics: past, present, and future. Insect Systematics And Diversity, 9 (4),\u00a0<\/span><a class=\"XqQF9c\" href=\"https:\/\/doi.org\/10.1093\/isd\/ixaf025\" target=\"_blank\" rel=\"noopener\"><span class=\"jgG6ef C9DxTc \">https:\/\/doi.org\/10.1093\/isd\/ixaf025<\/span><\/a><\/p>\n<\/li>\n<\/ul>\n","protected":false},"excerpt":{"rendered":"<p>Confira nossas produ\u00e7\u00f5es bibliogr\u00e1ficas, t\u00e9cnicas e art\u00edstico-culturais. Em constru\u00e7\u00e3o \ud83c\udfd7\ufe0f\ud83d\udc1c\ud83d\udc1c Ram\u00edrez-Mej\u00eda, A., S\u00e1nchez, F., Urbina-Cardona, N. &amp;\u00a0Ladino, N.\u00a0(aceito) Functional divergence drives the prevalence of low-abundance species in bat assemblages.\u00a0 Functional Ecology.\u00a0 Neundorf, A., Mikich, A. &#8230;\u00a0Ladino N.\u00a0et al. (2025). Ants as Flower Visitors: Diversity and Network Structure Assessed for the First Time in the Atlantic &hellip; <\/p>\n<p class=\"link-more\"><a href=\"https:\/\/wp.ufpel.edu.br\/nest\/produtos\/\" class=\"more-link\">Continue lendo<span class=\"screen-reader-text\"> &#8220;Produtos&#8221;<\/span><\/a><\/p>\n","protected":false},"author":1566,"featured_media":0,"parent":0,"menu_order":0,"comment_status":"closed","ping_status":"closed","template":"","meta":{"footnotes":""},"class_list":["post-50","page","type-page","status-publish","hentry"],"_links":{"self":[{"href":"https:\/\/wp.ufpel.edu.br\/nest\/wp-json\/wp\/v2\/pages\/50","targetHints":{"allow":["GET"]}}],"collection":[{"href":"https:\/\/wp.ufpel.edu.br\/nest\/wp-json\/wp\/v2\/pages"}],"about":[{"href":"https:\/\/wp.ufpel.edu.br\/nest\/wp-json\/wp\/v2\/types\/page"}],"author":[{"embeddable":true,"href":"https:\/\/wp.ufpel.edu.br\/nest\/wp-json\/wp\/v2\/users\/1566"}],"replies":[{"embeddable":true,"href":"https:\/\/wp.ufpel.edu.br\/nest\/wp-json\/wp\/v2\/comments?post=50"}],"version-history":[{"count":3,"href":"https:\/\/wp.ufpel.edu.br\/nest\/wp-json\/wp\/v2\/pages\/50\/revisions"}],"predecessor-version":[{"id":152,"href":"https:\/\/wp.ufpel.edu.br\/nest\/wp-json\/wp\/v2\/pages\/50\/revisions\/152"}],"wp:attachment":[{"href":"https:\/\/wp.ufpel.edu.br\/nest\/wp-json\/wp\/v2\/media?parent=50"}],"curies":[{"name":"wp","href":"https:\/\/api.w.org\/{rel}","templated":true}]}}