{"id":47,"date":"2026-03-26T20:16:59","date_gmt":"2026-03-26T23:16:59","guid":{"rendered":"https:\/\/wp.ufpel.edu.br\/nest\/?page_id=47"},"modified":"2026-03-29T10:45:25","modified_gmt":"2026-03-29T13:45:25","slug":"tarefas","status":"publish","type":"page","link":"https:\/\/wp.ufpel.edu.br\/nest\/tarefas\/","title":{"rendered":"Tarefas"},"content":{"rendered":"<h3><strong>PESQUISA:<\/strong><\/h3>\n<ul>\n<li><a href=\"https:\/\/institucional.ufpel.edu.br\/projetos\/id\/u9462\">ForSul: Mapeamento da Diversidade Taxon\u00f4mica, Filogen\u00e9tica e Funcional de Formicidae na Regi\u00e3o Sul do Brasil<\/a><\/li>\n<li>Identifica\u00e7\u00e3o de Formicidae, Projeto Agroecossistemas (<a href=\"https:\/\/www.instagram.com\/lacef.ufpel\/\">LaCEF<\/a>, UFPel) &#8211; 2024\/2025<\/li>\n<li>Identifica\u00e7\u00e3o de Formicidae, Programa de P\u00f3s-Gradua\u00e7\u00e3o em Fitossanidade\u00a0(<a href=\"https:\/\/ppgfsufpel.com.br\/\">PPGFs<\/a>, UFPel)\/ Embrapa Clima Temperado (<a href=\"https:\/\/www.embrapa.br\/clima-temperado\">ECT<\/a>) &#8211; 2025<\/li>\n<li>Atua\u00e7\u00e3o no<a href=\"https:\/\/wp.ufpel.edu.br\/ppgbdiv\/\"> Programa de P\u00f3s-Gradua\u00e7\u00e3o em Biodiversidade Animal (PPGBDiv)<\/a>, Universidade Federal de Pelotas &#8211; 2025<\/li>\n<\/ul>\n<h3><strong>ENSINO:<\/strong><\/h3>\n<ul>\n<li>Disciplina Obrigat\u00f3ria &#8211; Zoologia I para Bacharelado e Licenciatura em Ci\u00eancias Biol\u00f3gicas UFPel &#8211; 2025, 2026<\/li>\n<li>Disciplina Obrigat\u00f3ria &#8211; Zoologia II para Bacharelado e Licenciatura em Ci\u00eancias Biol\u00f3gicas UFPel &#8211; 2025, 2026<\/li>\n<li>A\u00e7\u00e3o de ensino no Projeto Unificado Forsul &#8211; &#8220;Forfoca&#8221; (encontros, discuss\u00e3o de artigos,\u00a0 atividades de campo) &#8211; 2025, 2026<\/li>\n<li>11\u00aa SIIEPE 2025 &#8211; Congresso de Ensino de Gradua\u00e7\u00e3o\u00a0 (CEG)-\u00a0 &#8220;Facilitando o ensino e a aprendizagem do Filo Ctenophora com aux\u00edlio de prot\u00f3tipos did\u00e1ticos&#8221; &#8211; (orientadora) 2025<\/li>\n<li>11\u00aa SIIEPE 2025 &#8211; Congresso de Inicia\u00e7\u00e3o Cient\u00edfica\u00a0 (CIC)- &#8220;Consolidando um acervo: Sistematiza\u00e7\u00e3o e potencial de uma cole\u00e7\u00e3o de refer\u00eancia de Formicidae no Rio Grande do Sul&#8221; &#8211; (coorientadora) 2025<\/li>\n<\/ul>\n<h3><strong>EXTENS\u00c3O:<\/strong><\/h3>\n<ul>\n<li>1\u00ba Caf\u00e9 com Ci\u00eancia &#8211; &#8220;Formigas Vampiras&#8221; &#8211; 2025<\/li>\n<li>Visita Grupo PET Ci\u00eancias Biol\u00f3gicas, Universidade Federal do Pampa, Campus S\u00e3o Gabriel &#8211; 2025\/2<\/li>\n<li>Recep\u00e7\u00e3o dos Bixos, Curso de Ci\u00eancias Biol\u00f3gicas (Licenciatura e Bacharelado), UFPEL &#8211; &#8220;NEST&#8221; &#8211; 2026\/1<\/li>\n<\/ul>\n","protected":false},"excerpt":{"rendered":"<p>PESQUISA: ForSul: Mapeamento da Diversidade Taxon\u00f4mica, Filogen\u00e9tica e Funcional de Formicidae na Regi\u00e3o Sul do Brasil Identifica\u00e7\u00e3o de Formicidae, Projeto Agroecossistemas (LaCEF, UFPel) &#8211; 2024\/2025 Identifica\u00e7\u00e3o de Formicidae, Programa de P\u00f3s-Gradua\u00e7\u00e3o em Fitossanidade\u00a0(PPGFs, UFPel)\/ Embrapa Clima Temperado (ECT) &#8211; 2025 Atua\u00e7\u00e3o no Programa de P\u00f3s-Gradua\u00e7\u00e3o em Biodiversidade Animal (PPGBDiv), Universidade Federal de Pelotas &#8211; 2025 &hellip; <\/p>\n<p class=\"link-more\"><a href=\"https:\/\/wp.ufpel.edu.br\/nest\/tarefas\/\" class=\"more-link\">Continue lendo<span class=\"screen-reader-text\"> &#8220;Tarefas&#8221;<\/span><\/a><\/p>\n","protected":false},"author":1566,"featured_media":0,"parent":0,"menu_order":0,"comment_status":"closed","ping_status":"closed","template":"","meta":{"footnotes":""},"class_list":["post-47","page","type-page","status-publish","hentry"],"_links":{"self":[{"href":"https:\/\/wp.ufpel.edu.br\/nest\/wp-json\/wp\/v2\/pages\/47","targetHints":{"allow":["GET"]}}],"collection":[{"href":"https:\/\/wp.ufpel.edu.br\/nest\/wp-json\/wp\/v2\/pages"}],"about":[{"href":"https:\/\/wp.ufpel.edu.br\/nest\/wp-json\/wp\/v2\/types\/page"}],"author":[{"embeddable":true,"href":"https:\/\/wp.ufpel.edu.br\/nest\/wp-json\/wp\/v2\/users\/1566"}],"replies":[{"embeddable":true,"href":"https:\/\/wp.ufpel.edu.br\/nest\/wp-json\/wp\/v2\/comments?post=47"}],"version-history":[{"count":3,"href":"https:\/\/wp.ufpel.edu.br\/nest\/wp-json\/wp\/v2\/pages\/47\/revisions"}],"predecessor-version":[{"id":153,"href":"https:\/\/wp.ufpel.edu.br\/nest\/wp-json\/wp\/v2\/pages\/47\/revisions\/153"}],"wp:attachment":[{"href":"https:\/\/wp.ufpel.edu.br\/nest\/wp-json\/wp\/v2\/media?parent=47"}],"curies":[{"name":"wp","href":"https:\/\/api.w.org\/{rel}","templated":true}]}}