{"id":33,"date":"2026-03-26T20:19:19","date_gmt":"2026-03-26T23:19:19","guid":{"rendered":"https:\/\/wp.ufpel.edu.br\/nest\/?page_id=33"},"modified":"2026-03-27T07:46:16","modified_gmt":"2026-03-27T10:46:16","slug":"contato","status":"publish","type":"page","link":"https:\/\/wp.ufpel.edu.br\/nest\/contato\/","title":{"rendered":"Contato"},"content":{"rendered":"<h2 style=\"text-align: center;\">Sabemos que uma boa comunica\u00e7\u00e3o \u00e9 essencial. Para resolver d\u00favidas ou consolidar colabora\u00e7\u00f5es, nos escreva a prionopelta@gmail.com<\/h2>\n","protected":false},"excerpt":{"rendered":"<p>Sabemos que uma boa comunica\u00e7\u00e3o \u00e9 essencial. Para resolver d\u00favidas ou consolidar colabora\u00e7\u00f5es, nos escreva a prionopelta@gmail.com<\/p>\n","protected":false},"author":1566,"featured_media":0,"parent":0,"menu_order":0,"comment_status":"closed","ping_status":"closed","template":"","meta":{"footnotes":""},"class_list":["post-33","page","type-page","status-publish","hentry"],"_links":{"self":[{"href":"https:\/\/wp.ufpel.edu.br\/nest\/wp-json\/wp\/v2\/pages\/33","targetHints":{"allow":["GET"]}}],"collection":[{"href":"https:\/\/wp.ufpel.edu.br\/nest\/wp-json\/wp\/v2\/pages"}],"about":[{"href":"https:\/\/wp.ufpel.edu.br\/nest\/wp-json\/wp\/v2\/types\/page"}],"author":[{"embeddable":true,"href":"https:\/\/wp.ufpel.edu.br\/nest\/wp-json\/wp\/v2\/users\/1566"}],"replies":[{"embeddable":true,"href":"https:\/\/wp.ufpel.edu.br\/nest\/wp-json\/wp\/v2\/comments?post=33"}],"version-history":[{"count":3,"href":"https:\/\/wp.ufpel.edu.br\/nest\/wp-json\/wp\/v2\/pages\/33\/revisions"}],"predecessor-version":[{"id":134,"href":"https:\/\/wp.ufpel.edu.br\/nest\/wp-json\/wp\/v2\/pages\/33\/revisions\/134"}],"wp:attachment":[{"href":"https:\/\/wp.ufpel.edu.br\/nest\/wp-json\/wp\/v2\/media?parent=33"}],"curies":[{"name":"wp","href":"https:\/\/api.w.org\/{rel}","templated":true}]}}