{"id":77,"date":"2026-04-07T15:55:16","date_gmt":"2026-04-07T18:55:16","guid":{"rendered":"https:\/\/wp.ufpel.edu.br\/nerd\/?page_id=77"},"modified":"2026-04-11T23:42:15","modified_gmt":"2026-04-12T02:42:15","slug":"acoes","status":"publish","type":"page","link":"https:\/\/wp.ufpel.edu.br\/nerd\/acoes\/","title":{"rendered":"A\u00e7\u00f5es"},"content":{"rendered":"<p>P\u00e1gina teste<\/p>\n","protected":false},"excerpt":{"rendered":"<p>P\u00e1gina teste<\/p>\n","protected":false},"author":270,"featured_media":80,"parent":0,"menu_order":0,"comment_status":"closed","ping_status":"closed","template":"","meta":{"footnotes":""},"class_list":["post-77","page","type-page","status-publish","has-post-thumbnail","hentry","post","post-with-thumbnail","post-with-thumbnail-large"],"_links":{"self":[{"href":"https:\/\/wp.ufpel.edu.br\/nerd\/wp-json\/wp\/v2\/pages\/77","targetHints":{"allow":["GET"]}}],"collection":[{"href":"https:\/\/wp.ufpel.edu.br\/nerd\/wp-json\/wp\/v2\/pages"}],"about":[{"href":"https:\/\/wp.ufpel.edu.br\/nerd\/wp-json\/wp\/v2\/types\/page"}],"author":[{"embeddable":true,"href":"https:\/\/wp.ufpel.edu.br\/nerd\/wp-json\/wp\/v2\/users\/270"}],"replies":[{"embeddable":true,"href":"https:\/\/wp.ufpel.edu.br\/nerd\/wp-json\/wp\/v2\/comments?post=77"}],"version-history":[{"count":2,"href":"https:\/\/wp.ufpel.edu.br\/nerd\/wp-json\/wp\/v2\/pages\/77\/revisions"}],"predecessor-version":[{"id":105,"href":"https:\/\/wp.ufpel.edu.br\/nerd\/wp-json\/wp\/v2\/pages\/77\/revisions\/105"}],"wp:featuredmedia":[{"embeddable":true,"href":"https:\/\/wp.ufpel.edu.br\/nerd\/wp-json\/wp\/v2\/media\/80"}],"wp:attachment":[{"href":"https:\/\/wp.ufpel.edu.br\/nerd\/wp-json\/wp\/v2\/media?parent=77"}],"curies":[{"name":"wp","href":"https:\/\/api.w.org\/{rel}","templated":true}]}}