{"id":96,"date":"2017-10-21T15:24:44","date_gmt":"2017-10-21T17:24:44","guid":{"rendered":"https:\/\/wp.ufpel.edu.br\/nepsi\/?page_id=96"},"modified":"2026-01-09T15:52:00","modified_gmt":"2026-01-09T18:52:00","slug":"intervencoes","status":"publish","type":"page","link":"https:\/\/wp.ufpel.edu.br\/nepsi\/intervencoes\/","title":{"rendered":"Interven\u00e7\u00f5es"},"content":{"rendered":"\n<!-- ===== SUBMENUS: INTERVEN\u00c7\u00d5ES ===== -->\n<div aria-label=\"Submenu de interven\u00e7\u00f5es\" style=\"display:flex;gap:10px;flex-wrap:wrap;align-items:center;\n     padding:14px 0;border-bottom:1px solid #e6e6e6;margin-bottom:10px;\">\n\n  <!-- Interven\u00e7\u00f5es digitais -->\n  <a href=\"https:\/\/wp.ufpel.edu.br\/nepsi\/intervencoes\/acoes-de-extensao\/\" target=\"_self\"\n     style=\"display:inline-block;padding:8px 12px;border-radius:999px;\n            background:#437EB2;color:#FFFFFF;text-decoration:none;font-weight:700;\">\n    Interven\u00e7\u00f5es digitais\n  <\/a>\n\n  <!-- Interven\u00e7\u00f5es presenciais -->\n  <a href=\"https:\/\/wp.ufpel.edu.br\/nepsi\/intervencoes\/projetos-de-extensao\/\" target=\"_self\"\n     style=\"display:inline-block;padding:8px 12px;border-radius:999px;\n            background:#E75200;color:#FFFFFF;text-decoration:none;font-weight:700;\">\n    Interven\u00e7\u00f5es presenciais\n  <\/a>\n\n<\/div>\n\n","protected":false},"excerpt":{"rendered":"<p>Interven\u00e7\u00f5es digitais Interven\u00e7\u00f5es presenciais<\/p>\n","protected":false},"author":807,"featured_media":0,"parent":0,"menu_order":4,"comment_status":"closed","ping_status":"closed","template":"","meta":{"jetpack_post_was_ever_published":false,"footnotes":""},"class_list":["post-96","page","type-page","status-publish","hentry"],"yoast_head":"<!-- This site is optimized with the Yoast SEO plugin v26.7 - https:\/\/yoast.com\/wordpress\/plugins\/seo\/ -->\n<title>Interven\u00e7\u00f5es -<\/title>\n<meta name=\"robots\" content=\"index, follow, max-snippet:-1, max-image-preview:large, max-video-preview:-1\" \/>\n<link rel=\"canonical\" href=\"https:\/\/wp.ufpel.edu.br\/nepsi\/intervencoes\/\" \/>\n<meta property=\"og:locale\" content=\"pt_BR\" \/>\n<meta property=\"og:type\" content=\"article\" \/>\n<meta property=\"og:title\" content=\"Interven\u00e7\u00f5es -\" \/>\n<meta property=\"og:description\" content=\"Interven\u00e7\u00f5es digitais Interven\u00e7\u00f5es presenciais\" \/>\n<meta property=\"og:url\" content=\"https:\/\/wp.ufpel.edu.br\/nepsi\/intervencoes\/\" \/>\n<meta property=\"article:publisher\" content=\"https:\/\/www.facebook.com\/ufpel.nepsi\/\" \/>\n<meta property=\"article:modified_time\" content=\"2026-01-09T18:52:00+00:00\" \/>\n<meta property=\"og:image\" content=\"https:\/\/i0.wp.com\/wp.ufpel.edu.br\/nepsi\/files\/2020\/06\/MINIATURAS-LARANJA-1.png?fit=867%2C715&ssl=1\" \/>\n\t<meta property=\"og:image:width\" content=\"867\" \/>\n\t<meta property=\"og:image:height\" content=\"715\" \/>\n\t<meta property=\"og:image:type\" content=\"image\/png\" \/>\n<meta name=\"twitter:card\" content=\"summary_large_image\" \/>\n<meta name=\"twitter:site\" content=\"@ufpel_nepsi\" \/>\n<meta name=\"twitter:label1\" content=\"Est. tempo de leitura\" \/>\n\t<meta name=\"twitter:data1\" content=\"1 minuto\" \/>\n<script type=\"application\/ld+json\" class=\"yoast-schema-graph\">{\"@context\":\"https:\/\/schema.org\",\"@graph\":[{\"@type\":\"WebPage\",\"@id\":\"https:\/\/wp.ufpel.edu.br\/nepsi\/intervencoes\/\",\"url\":\"https:\/\/wp.ufpel.edu.br\/nepsi\/intervencoes\/\",\"name\":\"Interven\u00e7\u00f5es -\",\"isPartOf\":{\"@id\":\"https:\/\/wp.ufpel.edu.br\/nepsi\/#website\"},\"datePublished\":\"2017-10-21T17:24:44+00:00\",\"dateModified\":\"2026-01-09T18:52:00+00:00\",\"breadcrumb\":{\"@id\":\"https:\/\/wp.ufpel.edu.br\/nepsi\/intervencoes\/#breadcrumb\"},\"inLanguage\":\"pt-BR\",\"potentialAction\":[{\"@type\":\"ReadAction\",\"target\":[\"https:\/\/wp.ufpel.edu.br\/nepsi\/intervencoes\/\"]}]},{\"@type\":\"BreadcrumbList\",\"@id\":\"https:\/\/wp.ufpel.edu.br\/nepsi\/intervencoes\/#breadcrumb\",\"itemListElement\":[{\"@type\":\"ListItem\",\"position\":1,\"name\":\"In\u00edcio\",\"item\":\"https:\/\/wp.ufpel.edu.br\/nepsi\/\"},{\"@type\":\"ListItem\",\"position\":2,\"name\":\"Interven\u00e7\u00f5es\"}]},{\"@type\":\"WebSite\",\"@id\":\"https:\/\/wp.ufpel.edu.br\/nepsi\/#website\",\"url\":\"https:\/\/wp.ufpel.edu.br\/nepsi\/\",\"name\":\"\",\"description\":\"Coordena\u00e7\u00e3o: Prof. Tiago Neuenfeld Munhoz\",\"publisher\":{\"@id\":\"https:\/\/wp.ufpel.edu.br\/nepsi\/#organization\"},\"potentialAction\":[{\"@type\":\"SearchAction\",\"target\":{\"@type\":\"EntryPoint\",\"urlTemplate\":\"https:\/\/wp.ufpel.edu.br\/nepsi\/?s={search_term_string}\"},\"query-input\":{\"@type\":\"PropertyValueSpecification\",\"valueRequired\":true,\"valueName\":\"search_term_string\"}}],\"inLanguage\":\"pt-BR\"},{\"@type\":\"Organization\",\"@id\":\"https:\/\/wp.ufpel.edu.br\/nepsi\/#organization\",\"name\":\"N\u00facleo de Estudos, Pesquisas e Interven\u00e7\u00f5es em Sa\u00fade Mental, Cogni\u00e7\u00e3o e Comportamento\",\"url\":\"https:\/\/wp.ufpel.edu.br\/nepsi\/\",\"logo\":{\"@type\":\"ImageObject\",\"inLanguage\":\"pt-BR\",\"@id\":\"https:\/\/wp.ufpel.edu.br\/nepsi\/#\/schema\/logo\/image\/\",\"url\":\"https:\/\/i2.wp.com\/wp.ufpel.edu.br\/nepsi\/files\/2020\/06\/NEPSI-22-1.jpg?fit=632%2C591&ssl=1\",\"contentUrl\":\"https:\/\/i2.wp.com\/wp.ufpel.edu.br\/nepsi\/files\/2020\/06\/NEPSI-22-1.jpg?fit=632%2C591&ssl=1\",\"width\":632,\"height\":591,\"caption\":\"N\u00facleo de Estudos, Pesquisas e Interven\u00e7\u00f5es em Sa\u00fade Mental, Cogni\u00e7\u00e3o e Comportamento\"},\"image\":{\"@id\":\"https:\/\/wp.ufpel.edu.br\/nepsi\/#\/schema\/logo\/image\/\"},\"sameAs\":[\"https:\/\/www.facebook.com\/ufpel.nepsi\/\",\"https:\/\/x.com\/ufpel_nepsi\",\"https:\/\/www.instagram.com\/ufpel_nepsi\",\"https:\/\/www.youtube.com\/channel\/UCMFJAGTPIQf5MMjvJCDyPDw\"]}]}<\/script>\n<!-- \/ Yoast SEO plugin. -->","yoast_head_json":{"title":"Interven\u00e7\u00f5es -","robots":{"index":"index","follow":"follow","max-snippet":"max-snippet:-1","max-image-preview":"max-image-preview:large","max-video-preview":"max-video-preview:-1"},"canonical":"https:\/\/wp.ufpel.edu.br\/nepsi\/intervencoes\/","og_locale":"pt_BR","og_type":"article","og_title":"Interven\u00e7\u00f5es -","og_description":"Interven\u00e7\u00f5es digitais Interven\u00e7\u00f5es presenciais","og_url":"https:\/\/wp.ufpel.edu.br\/nepsi\/intervencoes\/","article_publisher":"https:\/\/www.facebook.com\/ufpel.nepsi\/","article_modified_time":"2026-01-09T18:52:00+00:00","og_image":[{"width":867,"height":715,"url":"https:\/\/i0.wp.com\/wp.ufpel.edu.br\/nepsi\/files\/2020\/06\/MINIATURAS-LARANJA-1.png?fit=867%2C715&ssl=1","type":"image\/png"}],"twitter_card":"summary_large_image","twitter_site":"@ufpel_nepsi","twitter_misc":{"Est. tempo de leitura":"1 minuto"},"schema":{"@context":"https:\/\/schema.org","@graph":[{"@type":"WebPage","@id":"https:\/\/wp.ufpel.edu.br\/nepsi\/intervencoes\/","url":"https:\/\/wp.ufpel.edu.br\/nepsi\/intervencoes\/","name":"Interven\u00e7\u00f5es -","isPartOf":{"@id":"https:\/\/wp.ufpel.edu.br\/nepsi\/#website"},"datePublished":"2017-10-21T17:24:44+00:00","dateModified":"2026-01-09T18:52:00+00:00","breadcrumb":{"@id":"https:\/\/wp.ufpel.edu.br\/nepsi\/intervencoes\/#breadcrumb"},"inLanguage":"pt-BR","potentialAction":[{"@type":"ReadAction","target":["https:\/\/wp.ufpel.edu.br\/nepsi\/intervencoes\/"]}]},{"@type":"BreadcrumbList","@id":"https:\/\/wp.ufpel.edu.br\/nepsi\/intervencoes\/#breadcrumb","itemListElement":[{"@type":"ListItem","position":1,"name":"In\u00edcio","item":"https:\/\/wp.ufpel.edu.br\/nepsi\/"},{"@type":"ListItem","position":2,"name":"Interven\u00e7\u00f5es"}]},{"@type":"WebSite","@id":"https:\/\/wp.ufpel.edu.br\/nepsi\/#website","url":"https:\/\/wp.ufpel.edu.br\/nepsi\/","name":"","description":"Coordena\u00e7\u00e3o: Prof. Tiago Neuenfeld Munhoz","publisher":{"@id":"https:\/\/wp.ufpel.edu.br\/nepsi\/#organization"},"potentialAction":[{"@type":"SearchAction","target":{"@type":"EntryPoint","urlTemplate":"https:\/\/wp.ufpel.edu.br\/nepsi\/?s={search_term_string}"},"query-input":{"@type":"PropertyValueSpecification","valueRequired":true,"valueName":"search_term_string"}}],"inLanguage":"pt-BR"},{"@type":"Organization","@id":"https:\/\/wp.ufpel.edu.br\/nepsi\/#organization","name":"N\u00facleo de Estudos, Pesquisas e Interven\u00e7\u00f5es em Sa\u00fade Mental, Cogni\u00e7\u00e3o e Comportamento","url":"https:\/\/wp.ufpel.edu.br\/nepsi\/","logo":{"@type":"ImageObject","inLanguage":"pt-BR","@id":"https:\/\/wp.ufpel.edu.br\/nepsi\/#\/schema\/logo\/image\/","url":"https:\/\/i2.wp.com\/wp.ufpel.edu.br\/nepsi\/files\/2020\/06\/NEPSI-22-1.jpg?fit=632%2C591&ssl=1","contentUrl":"https:\/\/i2.wp.com\/wp.ufpel.edu.br\/nepsi\/files\/2020\/06\/NEPSI-22-1.jpg?fit=632%2C591&ssl=1","width":632,"height":591,"caption":"N\u00facleo de Estudos, Pesquisas e Interven\u00e7\u00f5es em Sa\u00fade Mental, Cogni\u00e7\u00e3o e Comportamento"},"image":{"@id":"https:\/\/wp.ufpel.edu.br\/nepsi\/#\/schema\/logo\/image\/"},"sameAs":["https:\/\/www.facebook.com\/ufpel.nepsi\/","https:\/\/x.com\/ufpel_nepsi","https:\/\/www.instagram.com\/ufpel_nepsi","https:\/\/www.youtube.com\/channel\/UCMFJAGTPIQf5MMjvJCDyPDw"]}]}},"jetpack_sharing_enabled":true,"jetpack_shortlink":"https:\/\/wp.me\/P9iCrQ-1y","jetpack_likes_enabled":true,"jetpack-related-posts":[{"id":99,"url":"https:\/\/wp.ufpel.edu.br\/nepsi\/intervencoes\/projetos-de-extensao\/","url_meta":{"origin":96,"position":0},"title":"Presenciais","author":"nepsi","date":"21\/10\/2017","format":false,"excerpt":"A\u00e7\u00f5es de extens\u00e3o presenciais Nesta p\u00e1gina est\u00e3o reunidas a\u00e7\u00f5es presenciais de extens\u00e3o\/interven\u00e7\u00e3o do NEPSI (projetos, grupos, eventos e cursos). Clique para expandir. Projetos Grupos Eventos Cursos Inscri\u00e7\u00e3o\/contato Projetos presenciais \u25be PROJETO: Servi\u00e7o de Psicologia da Inf\u00e2ncia e da Adolesc\u00eancia Objetivo geral: realizar atividades de avalia\u00e7\u00e3o psicol\u00f3gica e interven\u00e7\u00f5es (grupos e\u2026","rel":"","context":"Post similar","block_context":{"text":"Post similar","link":""},"img":{"alt_text":"","src":"","width":0,"height":0},"classes":[]},{"id":2409,"url":"https:\/\/wp.ufpel.edu.br\/nepsi\/intervencoes\/mapa-de-servicos-de-saude-e-assistencia-social\/","url_meta":{"origin":96,"position":1},"title":"Mapa de servi\u00e7os de sa\u00fade e assist\u00eancia social","author":"nepsi","date":"10\/03\/2024","format":false,"excerpt":"","rel":"","context":"Post similar","block_context":{"text":"Post similar","link":""},"img":{"alt_text":"","src":"","width":0,"height":0},"classes":[]},{"id":1806,"url":"https:\/\/wp.ufpel.edu.br\/nepsi\/intervencoes\/jornada\/","url_meta":{"origin":96,"position":2},"title":"Jornada TCC","author":"nepsi","date":"26\/10\/2021","format":false,"excerpt":"\u270d Como fa\u00e7o para me inscrever? \u278a Preencha o formul\u00e1rio dispon\u00edvel abaixo \u278b Curta a p\u00e1gina do Nepsi\u00a0@ufpel_nepsi \u278c Marque dois amigos nos coment\u00e1rios + compartilhe esta publica\u00e7\u00e3o no Instagram\/Facebook https:\/\/www.instagram.com\/p\/CV5hQHFAXbO\/?utm_source=ig_web_copy_link \u00a0 \u00a0 \u00a0 Clique em ENVIAR no final do formul\u00e1rio (ap\u00f3s preenchimento). Caso contr\u00e1rio, sua inscri\u00e7\u00e3o n\u00e3o ser\u00e1 recebida.","rel":"","context":"Post similar","block_context":{"text":"Post similar","link":""},"img":{"alt_text":"","src":"","width":0,"height":0},"classes":[]},{"id":256,"url":"https:\/\/wp.ufpel.edu.br\/nepsi\/atividades-desenvolvidas\/","url_meta":{"origin":96,"position":3},"title":"Atividades","author":"nepsi","date":"16\/05\/2018","format":false,"excerpt":"Instagram X \/ Twitter Projeto institucional Atividades: ensino, pesquisa e extens\u00e3o Nesta p\u00e1gina voc\u00ea encontra um resumo sint\u00e9tico das principais a\u00e7\u00f5es em ensino, pesquisa e extens\u00e3o\/interven\u00e7\u00e3o. Clique para expandir os itens. Ensino \u25be Estresse e sa\u00fade \u25be Projeto de ensino realizado no calend\u00e1rio letivo alternativo 2020\/1, voltado a discutir pesquisas\u2026","rel":"","context":"Post similar","block_context":{"text":"Post similar","link":""},"img":{"alt_text":"","src":"","width":0,"height":0},"classes":[]},{"id":2053,"url":"https:\/\/wp.ufpel.edu.br\/nepsi\/pesquisas\/prevencao-da-depressao-em-adolescentes-escolares\/","url_meta":{"origin":96,"position":4},"title":"Preven\u00e7\u00e3o da depress\u00e3o em adolescentes escolares","author":"nepsi","date":"21\/12\/2022","format":false,"excerpt":"Preven\u00e7\u00e3o da depress\u00e3o em adolescentes escolares: explorando a aplicabilidade e efetividade de uma interven\u00e7\u00e3o cognitivo-comportamental T\u00edtulo do projeto Contextualiza\u00e7\u00e3o A adolesc\u00eancia \u00e9 uma fase vulner\u00e1vel ao desenvolvimento de transtornos mentais, como a depress\u00e3o, que afeta significativamente o bem-estar e o desenvolvimento dos jovens. Estima-se que metade dos problemas de sa\u00fade\u2026","rel":"","context":"Post similar","block_context":{"text":"Post similar","link":""},"img":{"alt_text":"","src":"","width":0,"height":0},"classes":[]},{"id":717,"url":"https:\/\/wp.ufpel.edu.br\/nepsi\/estudos\/estresse-e-saude\/","url_meta":{"origin":96,"position":5},"title":"Estresse e Sa\u00fade","author":"nepsi","date":"26\/06\/2020","format":false,"excerpt":"Em raz\u00e3o da suspens\u00e3o do calend\u00e1rio letivo regular devido a pandemia do novo coronav\u00edrus, foi elaborado um projeto de ensino, com a\u00e7\u00f5es de extens\u00e3o, para ser realizado durante o calend\u00e1rio letivo alternativo 2020\/1. O projeto tem como foco discutir pesquisas e interven\u00e7\u00f5es no \u00e2mbito do estresse e sa\u00fade mental. Ser\u00e3o\u2026","rel":"","context":"Post similar","block_context":{"text":"Post similar","link":""},"img":{"alt_text":"","src":"","width":0,"height":0},"classes":[]}],"_links":{"self":[{"href":"https:\/\/wp.ufpel.edu.br\/nepsi\/wp-json\/wp\/v2\/pages\/96","targetHints":{"allow":["GET"]}}],"collection":[{"href":"https:\/\/wp.ufpel.edu.br\/nepsi\/wp-json\/wp\/v2\/pages"}],"about":[{"href":"https:\/\/wp.ufpel.edu.br\/nepsi\/wp-json\/wp\/v2\/types\/page"}],"author":[{"embeddable":true,"href":"https:\/\/wp.ufpel.edu.br\/nepsi\/wp-json\/wp\/v2\/users\/807"}],"replies":[{"embeddable":true,"href":"https:\/\/wp.ufpel.edu.br\/nepsi\/wp-json\/wp\/v2\/comments?post=96"}],"version-history":[{"count":3,"href":"https:\/\/wp.ufpel.edu.br\/nepsi\/wp-json\/wp\/v2\/pages\/96\/revisions"}],"predecessor-version":[{"id":2821,"href":"https:\/\/wp.ufpel.edu.br\/nepsi\/wp-json\/wp\/v2\/pages\/96\/revisions\/2821"}],"wp:attachment":[{"href":"https:\/\/wp.ufpel.edu.br\/nepsi\/wp-json\/wp\/v2\/media?parent=96"}],"curies":[{"name":"wp","href":"https:\/\/api.w.org\/{rel}","templated":true}]}}