{"id":93,"date":"2017-10-21T15:23:55","date_gmt":"2017-10-21T17:23:55","guid":{"rendered":"https:\/\/wp.ufpel.edu.br\/nepsi\/?page_id=93"},"modified":"2022-11-10T10:47:26","modified_gmt":"2022-11-10T13:47:26","slug":"pns-2013","status":"publish","type":"page","link":"https:\/\/wp.ufpel.edu.br\/nepsi\/pesquisas\/pesquisas-finalizadas\/pns-2013\/","title":{"rendered":"PNS, 2013"},"content":{"rendered":"<h2>Sa\u00fade mental e viol\u00eancia no Brasil: Pesquisa Nacional de Sa\u00fade (PNS), 2013<\/h2>\n<p><strong>Coordenador: <\/strong>Tiago Neuenfeld Munhoz<\/p>\n<p>&nbsp;<\/p>\n<p><strong>RESUMO: <\/strong>Os objetivos do projeto s\u00e3o estudar a preval\u00eancia e fatores associados aos transtornos mentais, pensamentos suicidas e aos comportamentos violentos no Brasil, utilizando dados da Pesquisa Nacional de Sa\u00fade (PNS), 2013. O presente estudo pretende contribuir para a identifica\u00e7\u00e3o dos grupos populacionais em maior risco e auxiliar o planejamento e gest\u00e3o de pol\u00edticas e servi\u00e7os de sa\u00fade. Espera-se que os resultados tamb\u00e9m contribuam para o desenvolvimento de estrat\u00e9gias de interven\u00e7\u00e3o em sa\u00fade mental.<\/p>\n<p>&nbsp;<\/p>\n","protected":false},"excerpt":{"rendered":"<p>Sa\u00fade mental e viol\u00eancia no Brasil: Pesquisa Nacional de Sa\u00fade (PNS), 2013 Coordenador: Tiago Neuenfeld Munhoz &nbsp; RESUMO: Os objetivos do projeto s\u00e3o estudar a preval\u00eancia e fatores associados aos transtornos mentais, pensamentos suicidas e aos comportamentos violentos no Brasil, utilizando dados da Pesquisa Nacional de Sa\u00fade (PNS), 2013. O presente estudo pretende contribuir para [&hellip;]<\/p>\n","protected":false},"author":807,"featured_media":0,"parent":812,"menu_order":1,"comment_status":"closed","ping_status":"closed","template":"","meta":{"jetpack_post_was_ever_published":false,"footnotes":""},"class_list":["post-93","page","type-page","status-publish","hentry"],"yoast_head":"<!-- This site is optimized with the Yoast SEO plugin v26.7 - https:\/\/yoast.com\/wordpress\/plugins\/seo\/ -->\n<title>PNS, 2013 -<\/title>\n<meta name=\"robots\" content=\"index, follow, max-snippet:-1, max-image-preview:large, max-video-preview:-1\" \/>\n<link rel=\"canonical\" href=\"https:\/\/wp.ufpel.edu.br\/nepsi\/pesquisas\/pesquisas-finalizadas\/pns-2013\/\" \/>\n<meta property=\"og:locale\" content=\"pt_BR\" \/>\n<meta property=\"og:type\" content=\"article\" \/>\n<meta property=\"og:title\" content=\"PNS, 2013 -\" \/>\n<meta property=\"og:description\" content=\"Sa\u00fade mental e viol\u00eancia no Brasil: Pesquisa Nacional de Sa\u00fade (PNS), 2013 Coordenador: Tiago Neuenfeld Munhoz &nbsp; RESUMO: Os objetivos do projeto s\u00e3o estudar a preval\u00eancia e fatores associados aos transtornos mentais, pensamentos suicidas e aos comportamentos violentos no Brasil, utilizando dados da Pesquisa Nacional de Sa\u00fade (PNS), 2013. O presente estudo pretende contribuir para [&hellip;]\" \/>\n<meta property=\"og:url\" content=\"https:\/\/wp.ufpel.edu.br\/nepsi\/pesquisas\/pesquisas-finalizadas\/pns-2013\/\" \/>\n<meta property=\"article:publisher\" content=\"https:\/\/www.facebook.com\/ufpel.nepsi\/\" \/>\n<meta property=\"article:modified_time\" content=\"2022-11-10T13:47:26+00:00\" \/>\n<meta property=\"og:image\" content=\"https:\/\/i0.wp.com\/wp.ufpel.edu.br\/nepsi\/files\/2020\/06\/MINIATURAS-LARANJA-1.png?fit=867%2C715&ssl=1\" \/>\n\t<meta property=\"og:image:width\" content=\"867\" \/>\n\t<meta property=\"og:image:height\" content=\"715\" \/>\n\t<meta property=\"og:image:type\" content=\"image\/png\" \/>\n<meta name=\"twitter:card\" content=\"summary_large_image\" \/>\n<meta name=\"twitter:site\" content=\"@ufpel_nepsi\" \/>\n<meta name=\"twitter:label1\" content=\"Est. tempo de leitura\" \/>\n\t<meta name=\"twitter:data1\" content=\"1 minuto\" \/>\n<script type=\"application\/ld+json\" class=\"yoast-schema-graph\">{\"@context\":\"https:\/\/schema.org\",\"@graph\":[{\"@type\":\"WebPage\",\"@id\":\"https:\/\/wp.ufpel.edu.br\/nepsi\/pesquisas\/pesquisas-finalizadas\/pns-2013\/\",\"url\":\"https:\/\/wp.ufpel.edu.br\/nepsi\/pesquisas\/pesquisas-finalizadas\/pns-2013\/\",\"name\":\"PNS, 2013 -\",\"isPartOf\":{\"@id\":\"https:\/\/wp.ufpel.edu.br\/nepsi\/#website\"},\"datePublished\":\"2017-10-21T17:23:55+00:00\",\"dateModified\":\"2022-11-10T13:47:26+00:00\",\"breadcrumb\":{\"@id\":\"https:\/\/wp.ufpel.edu.br\/nepsi\/pesquisas\/pesquisas-finalizadas\/pns-2013\/#breadcrumb\"},\"inLanguage\":\"pt-BR\",\"potentialAction\":[{\"@type\":\"ReadAction\",\"target\":[\"https:\/\/wp.ufpel.edu.br\/nepsi\/pesquisas\/pesquisas-finalizadas\/pns-2013\/\"]}]},{\"@type\":\"BreadcrumbList\",\"@id\":\"https:\/\/wp.ufpel.edu.br\/nepsi\/pesquisas\/pesquisas-finalizadas\/pns-2013\/#breadcrumb\",\"itemListElement\":[{\"@type\":\"ListItem\",\"position\":1,\"name\":\"In\u00edcio\",\"item\":\"https:\/\/wp.ufpel.edu.br\/nepsi\/\"},{\"@type\":\"ListItem\",\"position\":2,\"name\":\"Pesquisas\",\"item\":\"https:\/\/wp.ufpel.edu.br\/nepsi\/pesquisas\/\"},{\"@type\":\"ListItem\",\"position\":3,\"name\":\"Pesquisas finalizadas\",\"item\":\"https:\/\/wp.ufpel.edu.br\/nepsi\/pesquisas\/pesquisas-finalizadas\/\"},{\"@type\":\"ListItem\",\"position\":4,\"name\":\"PNS, 2013\"}]},{\"@type\":\"WebSite\",\"@id\":\"https:\/\/wp.ufpel.edu.br\/nepsi\/#website\",\"url\":\"https:\/\/wp.ufpel.edu.br\/nepsi\/\",\"name\":\"\",\"description\":\"Coordena\u00e7\u00e3o: Prof. Tiago Neuenfeld Munhoz\",\"publisher\":{\"@id\":\"https:\/\/wp.ufpel.edu.br\/nepsi\/#organization\"},\"potentialAction\":[{\"@type\":\"SearchAction\",\"target\":{\"@type\":\"EntryPoint\",\"urlTemplate\":\"https:\/\/wp.ufpel.edu.br\/nepsi\/?s={search_term_string}\"},\"query-input\":{\"@type\":\"PropertyValueSpecification\",\"valueRequired\":true,\"valueName\":\"search_term_string\"}}],\"inLanguage\":\"pt-BR\"},{\"@type\":\"Organization\",\"@id\":\"https:\/\/wp.ufpel.edu.br\/nepsi\/#organization\",\"name\":\"N\u00facleo de Estudos, Pesquisas e Interven\u00e7\u00f5es em Sa\u00fade Mental, Cogni\u00e7\u00e3o e Comportamento\",\"url\":\"https:\/\/wp.ufpel.edu.br\/nepsi\/\",\"logo\":{\"@type\":\"ImageObject\",\"inLanguage\":\"pt-BR\",\"@id\":\"https:\/\/wp.ufpel.edu.br\/nepsi\/#\/schema\/logo\/image\/\",\"url\":\"https:\/\/i2.wp.com\/wp.ufpel.edu.br\/nepsi\/files\/2020\/06\/NEPSI-22-1.jpg?fit=632%2C591&ssl=1\",\"contentUrl\":\"https:\/\/i2.wp.com\/wp.ufpel.edu.br\/nepsi\/files\/2020\/06\/NEPSI-22-1.jpg?fit=632%2C591&ssl=1\",\"width\":632,\"height\":591,\"caption\":\"N\u00facleo de Estudos, Pesquisas e Interven\u00e7\u00f5es em Sa\u00fade Mental, Cogni\u00e7\u00e3o e Comportamento\"},\"image\":{\"@id\":\"https:\/\/wp.ufpel.edu.br\/nepsi\/#\/schema\/logo\/image\/\"},\"sameAs\":[\"https:\/\/www.facebook.com\/ufpel.nepsi\/\",\"https:\/\/x.com\/ufpel_nepsi\",\"https:\/\/www.instagram.com\/ufpel_nepsi\",\"https:\/\/www.youtube.com\/channel\/UCMFJAGTPIQf5MMjvJCDyPDw\"]}]}<\/script>\n<!-- \/ Yoast SEO plugin. -->","yoast_head_json":{"title":"PNS, 2013 -","robots":{"index":"index","follow":"follow","max-snippet":"max-snippet:-1","max-image-preview":"max-image-preview:large","max-video-preview":"max-video-preview:-1"},"canonical":"https:\/\/wp.ufpel.edu.br\/nepsi\/pesquisas\/pesquisas-finalizadas\/pns-2013\/","og_locale":"pt_BR","og_type":"article","og_title":"PNS, 2013 -","og_description":"Sa\u00fade mental e viol\u00eancia no Brasil: Pesquisa Nacional de Sa\u00fade (PNS), 2013 Coordenador: Tiago Neuenfeld Munhoz &nbsp; RESUMO: Os objetivos do projeto s\u00e3o estudar a preval\u00eancia e fatores associados aos transtornos mentais, pensamentos suicidas e aos comportamentos violentos no Brasil, utilizando dados da Pesquisa Nacional de Sa\u00fade (PNS), 2013. O presente estudo pretende contribuir para [&hellip;]","og_url":"https:\/\/wp.ufpel.edu.br\/nepsi\/pesquisas\/pesquisas-finalizadas\/pns-2013\/","article_publisher":"https:\/\/www.facebook.com\/ufpel.nepsi\/","article_modified_time":"2022-11-10T13:47:26+00:00","og_image":[{"width":867,"height":715,"url":"https:\/\/i0.wp.com\/wp.ufpel.edu.br\/nepsi\/files\/2020\/06\/MINIATURAS-LARANJA-1.png?fit=867%2C715&ssl=1","type":"image\/png"}],"twitter_card":"summary_large_image","twitter_site":"@ufpel_nepsi","twitter_misc":{"Est. tempo de leitura":"1 minuto"},"schema":{"@context":"https:\/\/schema.org","@graph":[{"@type":"WebPage","@id":"https:\/\/wp.ufpel.edu.br\/nepsi\/pesquisas\/pesquisas-finalizadas\/pns-2013\/","url":"https:\/\/wp.ufpel.edu.br\/nepsi\/pesquisas\/pesquisas-finalizadas\/pns-2013\/","name":"PNS, 2013 -","isPartOf":{"@id":"https:\/\/wp.ufpel.edu.br\/nepsi\/#website"},"datePublished":"2017-10-21T17:23:55+00:00","dateModified":"2022-11-10T13:47:26+00:00","breadcrumb":{"@id":"https:\/\/wp.ufpel.edu.br\/nepsi\/pesquisas\/pesquisas-finalizadas\/pns-2013\/#breadcrumb"},"inLanguage":"pt-BR","potentialAction":[{"@type":"ReadAction","target":["https:\/\/wp.ufpel.edu.br\/nepsi\/pesquisas\/pesquisas-finalizadas\/pns-2013\/"]}]},{"@type":"BreadcrumbList","@id":"https:\/\/wp.ufpel.edu.br\/nepsi\/pesquisas\/pesquisas-finalizadas\/pns-2013\/#breadcrumb","itemListElement":[{"@type":"ListItem","position":1,"name":"In\u00edcio","item":"https:\/\/wp.ufpel.edu.br\/nepsi\/"},{"@type":"ListItem","position":2,"name":"Pesquisas","item":"https:\/\/wp.ufpel.edu.br\/nepsi\/pesquisas\/"},{"@type":"ListItem","position":3,"name":"Pesquisas finalizadas","item":"https:\/\/wp.ufpel.edu.br\/nepsi\/pesquisas\/pesquisas-finalizadas\/"},{"@type":"ListItem","position":4,"name":"PNS, 2013"}]},{"@type":"WebSite","@id":"https:\/\/wp.ufpel.edu.br\/nepsi\/#website","url":"https:\/\/wp.ufpel.edu.br\/nepsi\/","name":"","description":"Coordena\u00e7\u00e3o: Prof. Tiago Neuenfeld Munhoz","publisher":{"@id":"https:\/\/wp.ufpel.edu.br\/nepsi\/#organization"},"potentialAction":[{"@type":"SearchAction","target":{"@type":"EntryPoint","urlTemplate":"https:\/\/wp.ufpel.edu.br\/nepsi\/?s={search_term_string}"},"query-input":{"@type":"PropertyValueSpecification","valueRequired":true,"valueName":"search_term_string"}}],"inLanguage":"pt-BR"},{"@type":"Organization","@id":"https:\/\/wp.ufpel.edu.br\/nepsi\/#organization","name":"N\u00facleo de Estudos, Pesquisas e Interven\u00e7\u00f5es em Sa\u00fade Mental, Cogni\u00e7\u00e3o e Comportamento","url":"https:\/\/wp.ufpel.edu.br\/nepsi\/","logo":{"@type":"ImageObject","inLanguage":"pt-BR","@id":"https:\/\/wp.ufpel.edu.br\/nepsi\/#\/schema\/logo\/image\/","url":"https:\/\/i2.wp.com\/wp.ufpel.edu.br\/nepsi\/files\/2020\/06\/NEPSI-22-1.jpg?fit=632%2C591&ssl=1","contentUrl":"https:\/\/i2.wp.com\/wp.ufpel.edu.br\/nepsi\/files\/2020\/06\/NEPSI-22-1.jpg?fit=632%2C591&ssl=1","width":632,"height":591,"caption":"N\u00facleo de Estudos, Pesquisas e Interven\u00e7\u00f5es em Sa\u00fade Mental, Cogni\u00e7\u00e3o e Comportamento"},"image":{"@id":"https:\/\/wp.ufpel.edu.br\/nepsi\/#\/schema\/logo\/image\/"},"sameAs":["https:\/\/www.facebook.com\/ufpel.nepsi\/","https:\/\/x.com\/ufpel_nepsi","https:\/\/www.instagram.com\/ufpel_nepsi","https:\/\/www.youtube.com\/channel\/UCMFJAGTPIQf5MMjvJCDyPDw"]}]}},"jetpack_sharing_enabled":true,"jetpack_shortlink":"https:\/\/wp.me\/P9iCrQ-1v","jetpack_likes_enabled":true,"jetpack-related-posts":[{"id":90,"url":"https:\/\/wp.ufpel.edu.br\/nepsi\/pesquisas\/pesquisas-finalizadas\/pense-2009-2012-e-2015\/","url_meta":{"origin":93,"position":0},"title":"PeNSE, 2009, 2012 e 2015","author":"nepsi","date":"21\/10\/2017","format":false,"excerpt":"\u00a0PESQUISA NACIONAL DE SA\u00daDE DO ESCOLAR (PeNSE) 2009, 2012 e 2015 \u00a0 Resumo:\u00a0o que \u00e9 a pesquisa? Informa\u00e7\u00f5es sobre as caracter\u00edsticas e aspectos metodol\u00f3gicos da pesquisa (IBGE)\u00a02009\u00a0,\u00a0\u00a02012,2015 Caracter\u00edsticas da Pesquisa Nacional de Sa\u00fade do Escolar \u2013 PeNSE Estudos publicados por outros autores:\u00a02009\u00a0,\u00a02012\u00a0,\u00a02015 \u00a0 Publica\u00e7\u00f5es \u00a0 Publica\u00e7\u00f5es NEPSI (coordenador e discentes)\u2026","rel":"","context":"Post similar","block_context":{"text":"Post similar","link":""},"img":{"alt_text":"","src":"","width":0,"height":0},"classes":[]},{"id":812,"url":"https:\/\/wp.ufpel.edu.br\/nepsi\/pesquisas\/pesquisas-finalizadas\/","url_meta":{"origin":93,"position":1},"title":"Pesquisas finalizadas","author":"nepsi","date":"15\/07\/2020","format":false,"excerpt":"\u00a0 Projetos anteriores T\u00edtulo do Projeto: Padr\u00f5es de sono e Transtorno do D\u00e9ficit de Aten\u00e7\u00e3o e Hiperatividade (TDAH): perspectivas observacional e gen\u00e9tica Coordenador: LUCIANA TOVO RODRIGUES\u00a0(Programa de P\u00f3s-Gradua\u00e7\u00e3o em Epidemiologia) Pesquisadores:\u00a0\u00a0Tiago Neuenfeld Munhoz (Curso de Psicologia e Programa de P\u00f3s-Gradua\u00e7\u00e3o em Epidemiologia) RESUMO: O Transtorno do D\u00e9ficit de Aten\u00e7\u00e3o e\u2026","rel":"","context":"Post similar","block_context":{"text":"Post similar","link":""},"img":{"alt_text":"","src":"","width":0,"height":0},"classes":[]},{"id":2862,"url":"https:\/\/wp.ufpel.edu.br\/nepsi\/pesquisas\/perfil-dos-estudantes-de-psicologia\/","url_meta":{"origin":93,"position":2},"title":"Perfil dos estudantes de Psicologia","author":"nepsi","date":"26\/03\/2026","format":false,"excerpt":"Perfil e sa\u00fade mental de estudantes de Psicologia T\u00edtulo do projeto Contextualiza\u00e7\u00e3o A forma\u00e7\u00e3o universit\u00e1ria em Psicologia envolve desafios acad\u00eamicos, sociais e emocionais que impactam diretamente o bem-estar dos estudantes. Conhecer quem s\u00e3o esses alunos, suas trajet\u00f3rias, condi\u00e7\u00f5es de vida, expectativas e dificuldades \u00e9 fundamental para qualificar a forma\u00e7\u00e3o e\u2026","rel":"","context":"Post similar","block_context":{"text":"Post similar","link":""},"img":{"alt_text":"","src":"","width":0,"height":0},"classes":[]},{"id":81,"url":"https:\/\/wp.ufpel.edu.br\/nepsi\/pesquisas\/","url_meta":{"origin":93,"position":3},"title":"Pesquisas","author":"nepsi","date":"21\/10\/2017","format":false,"excerpt":"Projetos de pesquisa Pesquisas em andamento Preven\u00e7\u00e3o da depress\u00e3o em adolescentes: interven\u00e7\u00e3o breve (orientada e autoorientada) Per\u00edodo: em andamento \u00a0\u2022\u00a0 Local: Pelotas (RS) Interven\u00e7\u00e3o cognitivo-comportamental breve para preven\u00e7\u00e3o da depress\u00e3o em adolescentes escolares. Em andamento Detalhes do projeto Pesquisas de fluxo cont\u00ednuo (a cada 2 anos) Perfil e sa\u00fade mental\u2026","rel":"","context":"Post similar","block_context":{"text":"Post similar","link":""},"img":{"alt_text":"","src":"","width":0,"height":0},"classes":[]},{"id":723,"url":"https:\/\/wp.ufpel.edu.br\/nepsi\/publicacoes\/prof-tiago-n-munhoz\/","url_meta":{"origin":93,"position":4},"title":"Prof. Tiago N Munhoz","author":"nepsi","date":"26\/06\/2020","format":false,"excerpt":"Docente e Curr\u00edculo Lattes P\u00e1gina institucional Dr. Tiago Neuenfeld Munhoz Universidade Federal de Pelotas (UFPel) Psic\u00f3logo. Especialista em Terapia Cognitivo-Comportamental, Aten\u00e7\u00e3o Psicossocial e Sociologia. Mestre em Ci\u00eancias Sociais e mestre e doutor em Epidemiologia pela Universidade Federal de Pelotas (UFPel). Atualmente, Professor adjunto do curso de Psicologia e do Programa\u2026","rel":"","context":"Post similar","block_context":{"text":"Post similar","link":""},"img":{"alt_text":"","src":"","width":0,"height":0},"classes":[]},{"id":111,"url":"https:\/\/wp.ufpel.edu.br\/nepsi\/publicacoes\/","url_meta":{"origin":93,"position":5},"title":"Publica\u00e7\u00f5es","author":"nepsi","date":"21\/10\/2017","format":false,"excerpt":"Docente e Curr\u00edculo Lattes P\u00e1gina institucional Dr. Tiago Neuenfeld Munhoz Universidade Federal de Pelotas (UFPel) Psic\u00f3logo. Especialista em Terapia Cognitivo-Comportamental, Aten\u00e7\u00e3o Psicossocial e Sociologia. Mestre em Ci\u00eancias Sociais e mestre e doutor em Epidemiologia pela Universidade Federal de Pelotas (UFPel). Atualmente, Professor adjunto do curso de Psicologia e do Programa\u2026","rel":"","context":"Post similar","block_context":{"text":"Post similar","link":""},"img":{"alt_text":"","src":"","width":0,"height":0},"classes":[]}],"_links":{"self":[{"href":"https:\/\/wp.ufpel.edu.br\/nepsi\/wp-json\/wp\/v2\/pages\/93","targetHints":{"allow":["GET"]}}],"collection":[{"href":"https:\/\/wp.ufpel.edu.br\/nepsi\/wp-json\/wp\/v2\/pages"}],"about":[{"href":"https:\/\/wp.ufpel.edu.br\/nepsi\/wp-json\/wp\/v2\/types\/page"}],"author":[{"embeddable":true,"href":"https:\/\/wp.ufpel.edu.br\/nepsi\/wp-json\/wp\/v2\/users\/807"}],"replies":[{"embeddable":true,"href":"https:\/\/wp.ufpel.edu.br\/nepsi\/wp-json\/wp\/v2\/comments?post=93"}],"version-history":[{"count":8,"href":"https:\/\/wp.ufpel.edu.br\/nepsi\/wp-json\/wp\/v2\/pages\/93\/revisions"}],"predecessor-version":[{"id":1988,"href":"https:\/\/wp.ufpel.edu.br\/nepsi\/wp-json\/wp\/v2\/pages\/93\/revisions\/1988"}],"up":[{"embeddable":true,"href":"https:\/\/wp.ufpel.edu.br\/nepsi\/wp-json\/wp\/v2\/pages\/812"}],"wp:attachment":[{"href":"https:\/\/wp.ufpel.edu.br\/nepsi\/wp-json\/wp\/v2\/media?parent=93"}],"curies":[{"name":"wp","href":"https:\/\/api.w.org\/{rel}","templated":true}]}}