{"id":90,"date":"2017-10-21T15:22:19","date_gmt":"2017-10-21T17:22:19","guid":{"rendered":"https:\/\/wp.ufpel.edu.br\/nepsi\/?page_id=90"},"modified":"2022-12-21T10:10:50","modified_gmt":"2022-12-21T13:10:50","slug":"pense-2009-2012-e-2015","status":"publish","type":"page","link":"https:\/\/wp.ufpel.edu.br\/nepsi\/pesquisas\/pesquisas-finalizadas\/pense-2009-2012-e-2015\/","title":{"rendered":"PeNSE, 2009, 2012 e 2015"},"content":{"rendered":"<h2><strong>\u00a0<\/strong><strong><u>PESQUISA NACIONAL DE SA\u00daDE DO ESCOLAR (PeNSE) 2009, 2012 e 2015<\/u><\/strong><\/h2>\n<p>&nbsp;<\/p>\n<p>Resumo:\u00a0<a href=\"http:\/\/portalms.saude.gov.br\/vigilancia-em-saude\/indicadores-de-saude\/pesquisa-nacional-de-saude-do-escolar-pense\" target=\"_blank\" rel=\"noopener noreferrer\">o que \u00e9 a pesquisa?<\/a><\/p>\n<ol>\n<li>Informa\u00e7\u00f5es sobre as caracter\u00edsticas e aspectos metodol\u00f3gicos da pesquisa (IBGE)\u00a0<a href=\"https:\/\/ww2.ibge.gov.br\/home\/estatistica\/populacao\/pense\/default.shtm\" target=\"_blank\" rel=\"noopener noreferrer\">2009<\/a>\u00a0,\u00a0\u00a0<a href=\"https:\/\/ww2.ibge.gov.br\/home\/estatistica\/populacao\/pense\/2012\/default.shtm\" target=\"_blank\" rel=\"noopener noreferrer\">2012<\/a>,<a href=\"https:\/\/ww2.ibge.gov.br\/home\/estatistica\/populacao\/pense\/2015\/default.shtm\" target=\"_blank\" rel=\"noopener noreferrer\">2015<\/a><\/li>\n<li><a href=\"http:\/\/www.scielo.br\/pdf\/ress\/v26n3\/2237-9622-ress-26-03-00605.pdf\" target=\"_blank\" rel=\"noopener noreferrer\">Caracter\u00edsticas da Pesquisa Nacional de Sa\u00fade do Escolar \u2013 PeNSE<\/a><\/li>\n<li>Estudos publicados por outros autores:\u00a0<a href=\"http:\/\/www.scielo.br\/scielo.php?script=sci_issuetoc&amp;pid=1415-790X20140005&amp;lng=pt&amp;nrm=iso\" target=\"_blank\" rel=\"noopener noreferrer\">2009<\/a>\u00a0,\u00a0<a href=\"http:\/\/www.scielo.br\/scielo.php?script=sci_issuetoc&amp;pid=1415-790X20140005&amp;lng=pt&amp;nrm=iso\" target=\"_blank\" rel=\"noopener noreferrer\">2012<\/a>\u00a0,\u00a0<a href=\"https:\/\/www.scielo.br\/j\/rbepid\/i\/2018.v21suppl1\/\" target=\"_blank\" rel=\"noopener noreferrer\">2015<\/a><\/li>\n<\/ol>\n<p>&nbsp;<\/p>\n<ol start=\"4\">\n<li><strong><a href=\"https:\/\/wp.ufpel.edu.br\/nepsi\/publicacoes\/\" target=\"_blank\" rel=\"noopener noreferrer\">Publica\u00e7\u00f5es<\/a><\/strong><\/li>\n<\/ol>\n<p>&nbsp;<\/p>\n<p><strong>Publica\u00e7\u00f5es NEPSI (coordenador e discentes)<\/strong><\/p>\n<p><strong>Artigos cient\u00edficos<\/strong><\/p>\n<ol>\n<li><a href=\"http:\/\/www.jad-journal.com\/article\/S0165-0327(15)31032-6\/fulltext\" target=\"_blank\" rel=\"noopener noreferrer\">Estudo sobre Depress\u00e3o no Brasil, publicado pelo coordenador do NEPSI, utilizando dados da PNS (2013)<\/a><\/li>\n<li><a href=\"http:\/\/www.cienciaesaudecoletiva.com.br\/artigos\/violencia-contra-escolares-no-brasil-pesquisa-nacional-da-saude-do-escolar-pense-2015\/17187?id=17187\" target=\"_blank\" rel=\"noopener noreferrer\">Viol\u00eancia contra escolares no Brasil: Pesquisa Nacional da Sa\u00fade do Escolar (PeNSE, 2015)<\/a><\/li>\n<\/ol>\n<p><strong>Resumos em congressos<\/strong><\/p>\n<ol>\n<li><a href=\"http:\/\/cti.ufpel.edu.br\/siepe\/arquivos\/2017\/CS_03786.pdf\" target=\"_blank\" rel=\"noopener noreferrer\">Estudo sobre VITIMIZA\u00c7\u00c3O POR VIOL\u00caNCIA NO BRASIL: PESQUISA NACIONAL DE SA\u00daDE (PNS, 2013), elaborado por bolsistas de pesquisa do NEPSI<\/a><\/li>\n<li><a href=\"http:\/\/cti.ufpel.edu.br\/siepe\/arquivos\/2017\/CS_01625.pdf\" target=\"_blank\" rel=\"noopener noreferrer\">Estudo sobre PENSAMENTOS SUICIDAS NO BRASIL: RESULTADOS DA PESQUISA NACIONAL DE SA\u00daDE (PNS, 2013)<\/a><\/li>\n<li><a href=\"http:\/\/cti.ufpel.edu.br\/siepe\/arquivos\/2018\/CS_02232.pdf\" target=\"_blank\" rel=\"noopener noreferrer\">Severidade de depress\u00e3o e pensamentos suicidas no Brasil: resultados da Pesquisa Nacional de Sa\u00fade (PNS, 2013)<\/a><\/li>\n<li><a href=\"http:\/\/cti.ufpel.edu.br\/siepe\/arquivos\/2018\/CS_01123.pdf\" target=\"_blank\" rel=\"noopener noreferrer\">PERCEP\u00c7\u00c3O DE CUIDADO FAMILIAR E BULLYING EM ESCOLARES BRASILEIROS: PESQUISA NACIONAL DE SA\u00daDE DO ESCOLAR (PeNSE, 2015)<\/a><\/li>\n<li><a href=\"http:\/\/cti.ufpel.edu.br\/siepe\/arquivos\/2018\/CS_00982.pdf\" target=\"_blank\" rel=\"noopener noreferrer\">COMPORTAMENTO SEXUAL EM ESCOLARES BRASILEIROS: PESQUISA NACIONAL DE SA\u00daDE DO ESCOLAR (PeNSE, 2015)<\/a><\/li>\n<li><a href=\"http:\/\/cti.ufpel.edu.br\/siepe\/arquivos\/2018\/CH_02578.pdf\" target=\"_blank\" rel=\"noopener noreferrer\">PERFIL, PERCEP\u00c7\u00d5ES E PRETENS\u00d5ES DE ACAD\u00caMICOS DO CURSO DE PSICOLOGIA<\/a><\/li>\n<li><a href=\"http:\/\/cti.ufpel.edu.br\/siepe\/arquivos\/2018\/CH_03898.pdf\" target=\"_blank\" rel=\"noopener noreferrer\">PERFIL DO ESTUDANTE ATENDIDO NO GRUPO \u201cPARA CUIDAR DA VIDA\u201d<\/a><\/li>\n<li><a href=\"http:\/\/cti.ufpel.edu.br\/siepe\/arquivos\/2018\/CH_00489.pdf\">VIOL\u00caNCIA CONTRA ADOLESCENTES: RESULTADOS DA PESQUISA NACIONAL DA SA\u00daDE DO ESCOLAR (PENSE, 2015)<\/a><\/li>\n<\/ol>\n<h2><\/h2>\n<h2><\/h2>\n","protected":false},"excerpt":{"rendered":"<p>\u00a0PESQUISA NACIONAL DE SA\u00daDE DO ESCOLAR (PeNSE) 2009, 2012 e 2015 &nbsp; Resumo:\u00a0o que \u00e9 a pesquisa? Informa\u00e7\u00f5es sobre as caracter\u00edsticas e aspectos metodol\u00f3gicos da pesquisa (IBGE)\u00a02009\u00a0,\u00a0\u00a02012,2015 Caracter\u00edsticas da Pesquisa Nacional de Sa\u00fade do Escolar \u2013 PeNSE Estudos publicados por outros autores:\u00a02009\u00a0,\u00a02012\u00a0,\u00a02015 &nbsp; Publica\u00e7\u00f5es &nbsp; Publica\u00e7\u00f5es NEPSI (coordenador e discentes) Artigos cient\u00edficos Estudo sobre Depress\u00e3o [&hellip;]<\/p>\n","protected":false},"author":807,"featured_media":0,"parent":812,"menu_order":3,"comment_status":"closed","ping_status":"closed","template":"","meta":{"jetpack_post_was_ever_published":false,"footnotes":""},"class_list":["post-90","page","type-page","status-publish","hentry"],"yoast_head":"<!-- This site is optimized with the Yoast SEO plugin v26.7 - https:\/\/yoast.com\/wordpress\/plugins\/seo\/ -->\n<title>PeNSE, 2009, 2012 e 2015 -<\/title>\n<meta name=\"robots\" content=\"index, follow, max-snippet:-1, max-image-preview:large, max-video-preview:-1\" \/>\n<link rel=\"canonical\" href=\"https:\/\/wp.ufpel.edu.br\/nepsi\/pesquisas\/pesquisas-finalizadas\/pense-2009-2012-e-2015\/\" \/>\n<meta property=\"og:locale\" content=\"pt_BR\" \/>\n<meta property=\"og:type\" content=\"article\" \/>\n<meta property=\"og:title\" content=\"PeNSE, 2009, 2012 e 2015 -\" \/>\n<meta property=\"og:description\" content=\"\u00a0PESQUISA NACIONAL DE SA\u00daDE DO ESCOLAR (PeNSE) 2009, 2012 e 2015 &nbsp; Resumo:\u00a0o que \u00e9 a pesquisa? Informa\u00e7\u00f5es sobre as caracter\u00edsticas e aspectos metodol\u00f3gicos da pesquisa (IBGE)\u00a02009\u00a0,\u00a0\u00a02012,2015 Caracter\u00edsticas da Pesquisa Nacional de Sa\u00fade do Escolar \u2013 PeNSE Estudos publicados por outros autores:\u00a02009\u00a0,\u00a02012\u00a0,\u00a02015 &nbsp; Publica\u00e7\u00f5es &nbsp; Publica\u00e7\u00f5es NEPSI (coordenador e discentes) Artigos cient\u00edficos Estudo sobre Depress\u00e3o [&hellip;]\" \/>\n<meta property=\"og:url\" content=\"https:\/\/wp.ufpel.edu.br\/nepsi\/pesquisas\/pesquisas-finalizadas\/pense-2009-2012-e-2015\/\" \/>\n<meta property=\"article:publisher\" content=\"https:\/\/www.facebook.com\/ufpel.nepsi\/\" \/>\n<meta property=\"article:modified_time\" content=\"2022-12-21T13:10:50+00:00\" \/>\n<meta property=\"og:image\" content=\"https:\/\/i0.wp.com\/wp.ufpel.edu.br\/nepsi\/files\/2020\/06\/MINIATURAS-LARANJA-1.png?fit=867%2C715&ssl=1\" \/>\n\t<meta property=\"og:image:width\" content=\"867\" \/>\n\t<meta property=\"og:image:height\" content=\"715\" \/>\n\t<meta property=\"og:image:type\" content=\"image\/png\" \/>\n<meta name=\"twitter:card\" content=\"summary_large_image\" \/>\n<meta name=\"twitter:site\" content=\"@ufpel_nepsi\" \/>\n<meta name=\"twitter:label1\" content=\"Est. tempo de leitura\" \/>\n\t<meta name=\"twitter:data1\" content=\"2 minutos\" \/>\n<script type=\"application\/ld+json\" class=\"yoast-schema-graph\">{\"@context\":\"https:\/\/schema.org\",\"@graph\":[{\"@type\":\"WebPage\",\"@id\":\"https:\/\/wp.ufpel.edu.br\/nepsi\/pesquisas\/pesquisas-finalizadas\/pense-2009-2012-e-2015\/\",\"url\":\"https:\/\/wp.ufpel.edu.br\/nepsi\/pesquisas\/pesquisas-finalizadas\/pense-2009-2012-e-2015\/\",\"name\":\"PeNSE, 2009, 2012 e 2015 -\",\"isPartOf\":{\"@id\":\"https:\/\/wp.ufpel.edu.br\/nepsi\/#website\"},\"datePublished\":\"2017-10-21T17:22:19+00:00\",\"dateModified\":\"2022-12-21T13:10:50+00:00\",\"breadcrumb\":{\"@id\":\"https:\/\/wp.ufpel.edu.br\/nepsi\/pesquisas\/pesquisas-finalizadas\/pense-2009-2012-e-2015\/#breadcrumb\"},\"inLanguage\":\"pt-BR\",\"potentialAction\":[{\"@type\":\"ReadAction\",\"target\":[\"https:\/\/wp.ufpel.edu.br\/nepsi\/pesquisas\/pesquisas-finalizadas\/pense-2009-2012-e-2015\/\"]}]},{\"@type\":\"BreadcrumbList\",\"@id\":\"https:\/\/wp.ufpel.edu.br\/nepsi\/pesquisas\/pesquisas-finalizadas\/pense-2009-2012-e-2015\/#breadcrumb\",\"itemListElement\":[{\"@type\":\"ListItem\",\"position\":1,\"name\":\"In\u00edcio\",\"item\":\"https:\/\/wp.ufpel.edu.br\/nepsi\/\"},{\"@type\":\"ListItem\",\"position\":2,\"name\":\"Pesquisas\",\"item\":\"https:\/\/wp.ufpel.edu.br\/nepsi\/pesquisas\/\"},{\"@type\":\"ListItem\",\"position\":3,\"name\":\"Pesquisas finalizadas\",\"item\":\"https:\/\/wp.ufpel.edu.br\/nepsi\/pesquisas\/pesquisas-finalizadas\/\"},{\"@type\":\"ListItem\",\"position\":4,\"name\":\"PeNSE, 2009, 2012 e 2015\"}]},{\"@type\":\"WebSite\",\"@id\":\"https:\/\/wp.ufpel.edu.br\/nepsi\/#website\",\"url\":\"https:\/\/wp.ufpel.edu.br\/nepsi\/\",\"name\":\"\",\"description\":\"Coordena\u00e7\u00e3o: Prof. Tiago Neuenfeld Munhoz\",\"publisher\":{\"@id\":\"https:\/\/wp.ufpel.edu.br\/nepsi\/#organization\"},\"potentialAction\":[{\"@type\":\"SearchAction\",\"target\":{\"@type\":\"EntryPoint\",\"urlTemplate\":\"https:\/\/wp.ufpel.edu.br\/nepsi\/?s={search_term_string}\"},\"query-input\":{\"@type\":\"PropertyValueSpecification\",\"valueRequired\":true,\"valueName\":\"search_term_string\"}}],\"inLanguage\":\"pt-BR\"},{\"@type\":\"Organization\",\"@id\":\"https:\/\/wp.ufpel.edu.br\/nepsi\/#organization\",\"name\":\"N\u00facleo de Estudos, Pesquisas e Interven\u00e7\u00f5es em Sa\u00fade Mental, Cogni\u00e7\u00e3o e Comportamento\",\"url\":\"https:\/\/wp.ufpel.edu.br\/nepsi\/\",\"logo\":{\"@type\":\"ImageObject\",\"inLanguage\":\"pt-BR\",\"@id\":\"https:\/\/wp.ufpel.edu.br\/nepsi\/#\/schema\/logo\/image\/\",\"url\":\"https:\/\/i2.wp.com\/wp.ufpel.edu.br\/nepsi\/files\/2020\/06\/NEPSI-22-1.jpg?fit=632%2C591&ssl=1\",\"contentUrl\":\"https:\/\/i2.wp.com\/wp.ufpel.edu.br\/nepsi\/files\/2020\/06\/NEPSI-22-1.jpg?fit=632%2C591&ssl=1\",\"width\":632,\"height\":591,\"caption\":\"N\u00facleo de Estudos, Pesquisas e Interven\u00e7\u00f5es em Sa\u00fade Mental, Cogni\u00e7\u00e3o e Comportamento\"},\"image\":{\"@id\":\"https:\/\/wp.ufpel.edu.br\/nepsi\/#\/schema\/logo\/image\/\"},\"sameAs\":[\"https:\/\/www.facebook.com\/ufpel.nepsi\/\",\"https:\/\/x.com\/ufpel_nepsi\",\"https:\/\/www.instagram.com\/ufpel_nepsi\",\"https:\/\/www.youtube.com\/channel\/UCMFJAGTPIQf5MMjvJCDyPDw\"]}]}<\/script>\n<!-- \/ Yoast SEO plugin. -->","yoast_head_json":{"title":"PeNSE, 2009, 2012 e 2015 -","robots":{"index":"index","follow":"follow","max-snippet":"max-snippet:-1","max-image-preview":"max-image-preview:large","max-video-preview":"max-video-preview:-1"},"canonical":"https:\/\/wp.ufpel.edu.br\/nepsi\/pesquisas\/pesquisas-finalizadas\/pense-2009-2012-e-2015\/","og_locale":"pt_BR","og_type":"article","og_title":"PeNSE, 2009, 2012 e 2015 -","og_description":"\u00a0PESQUISA NACIONAL DE SA\u00daDE DO ESCOLAR (PeNSE) 2009, 2012 e 2015 &nbsp; Resumo:\u00a0o que \u00e9 a pesquisa? Informa\u00e7\u00f5es sobre as caracter\u00edsticas e aspectos metodol\u00f3gicos da pesquisa (IBGE)\u00a02009\u00a0,\u00a0\u00a02012,2015 Caracter\u00edsticas da Pesquisa Nacional de Sa\u00fade do Escolar \u2013 PeNSE Estudos publicados por outros autores:\u00a02009\u00a0,\u00a02012\u00a0,\u00a02015 &nbsp; Publica\u00e7\u00f5es &nbsp; Publica\u00e7\u00f5es NEPSI (coordenador e discentes) Artigos cient\u00edficos Estudo sobre Depress\u00e3o [&hellip;]","og_url":"https:\/\/wp.ufpel.edu.br\/nepsi\/pesquisas\/pesquisas-finalizadas\/pense-2009-2012-e-2015\/","article_publisher":"https:\/\/www.facebook.com\/ufpel.nepsi\/","article_modified_time":"2022-12-21T13:10:50+00:00","og_image":[{"width":867,"height":715,"url":"https:\/\/i0.wp.com\/wp.ufpel.edu.br\/nepsi\/files\/2020\/06\/MINIATURAS-LARANJA-1.png?fit=867%2C715&ssl=1","type":"image\/png"}],"twitter_card":"summary_large_image","twitter_site":"@ufpel_nepsi","twitter_misc":{"Est. tempo de leitura":"2 minutos"},"schema":{"@context":"https:\/\/schema.org","@graph":[{"@type":"WebPage","@id":"https:\/\/wp.ufpel.edu.br\/nepsi\/pesquisas\/pesquisas-finalizadas\/pense-2009-2012-e-2015\/","url":"https:\/\/wp.ufpel.edu.br\/nepsi\/pesquisas\/pesquisas-finalizadas\/pense-2009-2012-e-2015\/","name":"PeNSE, 2009, 2012 e 2015 -","isPartOf":{"@id":"https:\/\/wp.ufpel.edu.br\/nepsi\/#website"},"datePublished":"2017-10-21T17:22:19+00:00","dateModified":"2022-12-21T13:10:50+00:00","breadcrumb":{"@id":"https:\/\/wp.ufpel.edu.br\/nepsi\/pesquisas\/pesquisas-finalizadas\/pense-2009-2012-e-2015\/#breadcrumb"},"inLanguage":"pt-BR","potentialAction":[{"@type":"ReadAction","target":["https:\/\/wp.ufpel.edu.br\/nepsi\/pesquisas\/pesquisas-finalizadas\/pense-2009-2012-e-2015\/"]}]},{"@type":"BreadcrumbList","@id":"https:\/\/wp.ufpel.edu.br\/nepsi\/pesquisas\/pesquisas-finalizadas\/pense-2009-2012-e-2015\/#breadcrumb","itemListElement":[{"@type":"ListItem","position":1,"name":"In\u00edcio","item":"https:\/\/wp.ufpel.edu.br\/nepsi\/"},{"@type":"ListItem","position":2,"name":"Pesquisas","item":"https:\/\/wp.ufpel.edu.br\/nepsi\/pesquisas\/"},{"@type":"ListItem","position":3,"name":"Pesquisas finalizadas","item":"https:\/\/wp.ufpel.edu.br\/nepsi\/pesquisas\/pesquisas-finalizadas\/"},{"@type":"ListItem","position":4,"name":"PeNSE, 2009, 2012 e 2015"}]},{"@type":"WebSite","@id":"https:\/\/wp.ufpel.edu.br\/nepsi\/#website","url":"https:\/\/wp.ufpel.edu.br\/nepsi\/","name":"","description":"Coordena\u00e7\u00e3o: Prof. Tiago Neuenfeld Munhoz","publisher":{"@id":"https:\/\/wp.ufpel.edu.br\/nepsi\/#organization"},"potentialAction":[{"@type":"SearchAction","target":{"@type":"EntryPoint","urlTemplate":"https:\/\/wp.ufpel.edu.br\/nepsi\/?s={search_term_string}"},"query-input":{"@type":"PropertyValueSpecification","valueRequired":true,"valueName":"search_term_string"}}],"inLanguage":"pt-BR"},{"@type":"Organization","@id":"https:\/\/wp.ufpel.edu.br\/nepsi\/#organization","name":"N\u00facleo de Estudos, Pesquisas e Interven\u00e7\u00f5es em Sa\u00fade Mental, Cogni\u00e7\u00e3o e Comportamento","url":"https:\/\/wp.ufpel.edu.br\/nepsi\/","logo":{"@type":"ImageObject","inLanguage":"pt-BR","@id":"https:\/\/wp.ufpel.edu.br\/nepsi\/#\/schema\/logo\/image\/","url":"https:\/\/i2.wp.com\/wp.ufpel.edu.br\/nepsi\/files\/2020\/06\/NEPSI-22-1.jpg?fit=632%2C591&ssl=1","contentUrl":"https:\/\/i2.wp.com\/wp.ufpel.edu.br\/nepsi\/files\/2020\/06\/NEPSI-22-1.jpg?fit=632%2C591&ssl=1","width":632,"height":591,"caption":"N\u00facleo de Estudos, Pesquisas e Interven\u00e7\u00f5es em Sa\u00fade Mental, Cogni\u00e7\u00e3o e Comportamento"},"image":{"@id":"https:\/\/wp.ufpel.edu.br\/nepsi\/#\/schema\/logo\/image\/"},"sameAs":["https:\/\/www.facebook.com\/ufpel.nepsi\/","https:\/\/x.com\/ufpel_nepsi","https:\/\/www.instagram.com\/ufpel_nepsi","https:\/\/www.youtube.com\/channel\/UCMFJAGTPIQf5MMjvJCDyPDw"]}]}},"jetpack_sharing_enabled":true,"jetpack_shortlink":"https:\/\/wp.me\/P9iCrQ-1s","jetpack_likes_enabled":true,"jetpack-related-posts":[{"id":723,"url":"https:\/\/wp.ufpel.edu.br\/nepsi\/publicacoes\/prof-tiago-n-munhoz\/","url_meta":{"origin":90,"position":0},"title":"Prof. Tiago N Munhoz","author":"nepsi","date":"26\/06\/2020","format":false,"excerpt":"Docente e Curr\u00edculo Lattes P\u00e1gina institucional Dr. Tiago Neuenfeld Munhoz Universidade Federal de Pelotas (UFPel) Psic\u00f3logo. Especialista em Terapia Cognitivo-Comportamental, Aten\u00e7\u00e3o Psicossocial e Sociologia. Mestre em Ci\u00eancias Sociais e mestre e doutor em Epidemiologia pela Universidade Federal de Pelotas (UFPel). Atualmente, Professor adjunto do curso de Psicologia e do Programa\u2026","rel":"","context":"Post similar","block_context":{"text":"Post similar","link":""},"img":{"alt_text":"","src":"","width":0,"height":0},"classes":[]},{"id":111,"url":"https:\/\/wp.ufpel.edu.br\/nepsi\/publicacoes\/","url_meta":{"origin":90,"position":1},"title":"Publica\u00e7\u00f5es","author":"nepsi","date":"21\/10\/2017","format":false,"excerpt":"Docente e Curr\u00edculo Lattes P\u00e1gina institucional Dr. Tiago Neuenfeld Munhoz Universidade Federal de Pelotas (UFPel) Psic\u00f3logo. Especialista em Terapia Cognitivo-Comportamental, Aten\u00e7\u00e3o Psicossocial e Sociologia. Mestre em Ci\u00eancias Sociais e mestre e doutor em Epidemiologia pela Universidade Federal de Pelotas (UFPel). Atualmente, Professor adjunto do curso de Psicologia e do Programa\u2026","rel":"","context":"Post similar","block_context":{"text":"Post similar","link":""},"img":{"alt_text":"","src":"","width":0,"height":0},"classes":[]},{"id":93,"url":"https:\/\/wp.ufpel.edu.br\/nepsi\/pesquisas\/pesquisas-finalizadas\/pns-2013\/","url_meta":{"origin":90,"position":2},"title":"PNS, 2013","author":"nepsi","date":"21\/10\/2017","format":false,"excerpt":"Sa\u00fade mental e viol\u00eancia no Brasil: Pesquisa Nacional de Sa\u00fade (PNS), 2013 Coordenador: Tiago Neuenfeld Munhoz \u00a0 RESUMO: Os objetivos do projeto s\u00e3o estudar a preval\u00eancia e fatores associados aos transtornos mentais, pensamentos suicidas e aos comportamentos violentos no Brasil, utilizando dados da Pesquisa Nacional de Sa\u00fade (PNS), 2013. O\u2026","rel":"","context":"Post similar","block_context":{"text":"Post similar","link":""},"img":{"alt_text":"","src":"","width":0,"height":0},"classes":[]},{"id":81,"url":"https:\/\/wp.ufpel.edu.br\/nepsi\/pesquisas\/","url_meta":{"origin":90,"position":3},"title":"Pesquisas","author":"nepsi","date":"21\/10\/2017","format":false,"excerpt":"Projetos de pesquisa Pesquisas em andamento Preven\u00e7\u00e3o da depress\u00e3o em adolescentes: interven\u00e7\u00e3o breve (orientada e autoorientada) Per\u00edodo: em andamento \u00a0\u2022\u00a0 Local: Pelotas (RS) Interven\u00e7\u00e3o cognitivo-comportamental breve para preven\u00e7\u00e3o da depress\u00e3o em adolescentes escolares. Em andamento Detalhes do projeto Pesquisas de fluxo cont\u00ednuo (a cada 2 anos) Perfil e sa\u00fade mental\u2026","rel":"","context":"Post similar","block_context":{"text":"Post similar","link":""},"img":{"alt_text":"","src":"","width":0,"height":0},"classes":[]},{"id":256,"url":"https:\/\/wp.ufpel.edu.br\/nepsi\/atividades-desenvolvidas\/","url_meta":{"origin":90,"position":4},"title":"Atividades","author":"nepsi","date":"16\/05\/2018","format":false,"excerpt":"Instagram X \/ Twitter Projeto institucional Atividades: ensino, pesquisa e extens\u00e3o Nesta p\u00e1gina voc\u00ea encontra um resumo sint\u00e9tico das principais a\u00e7\u00f5es em ensino, pesquisa e extens\u00e3o\/interven\u00e7\u00e3o. Clique para expandir os itens. Ensino \u25be Estresse e sa\u00fade \u25be Projeto de ensino realizado no calend\u00e1rio letivo alternativo 2020\/1, voltado a discutir pesquisas\u2026","rel":"","context":"Post similar","block_context":{"text":"Post similar","link":""},"img":{"alt_text":"","src":"","width":0,"height":0},"classes":[]},{"id":2057,"url":"https:\/\/wp.ufpel.edu.br\/nepsi\/pesquisas\/pesquisas-finalizadas\/depressao-materna-e-desenvolvimento-infantil\/","url_meta":{"origin":90,"position":5},"title":"Depress\u00e3o materna e desenvolvimento infantil","author":"nepsi","date":"21\/12\/2022","format":false,"excerpt":"Depress\u00e3o materna e sua associa\u00e7\u00e3o com desenvolvimento infantil, pr\u00e1ticas parentais violentas e comportamentos agressivos em crian\u00e7as brasileiras benefici\u00e1rias do Programa Bolsa Fam\u00edlia (2018\u20132025) Contexto Esta proposta se insere no contexto social de avalia\u00e7\u00e3o da popula\u00e7\u00e3o participante de programas sociais do governo brasileiro, como o Programa Bolsa Fam\u00edlia (BPF) e Programa\u2026","rel":"","context":"Post similar","block_context":{"text":"Post similar","link":""},"img":{"alt_text":"","src":"","width":0,"height":0},"classes":[]}],"_links":{"self":[{"href":"https:\/\/wp.ufpel.edu.br\/nepsi\/wp-json\/wp\/v2\/pages\/90","targetHints":{"allow":["GET"]}}],"collection":[{"href":"https:\/\/wp.ufpel.edu.br\/nepsi\/wp-json\/wp\/v2\/pages"}],"about":[{"href":"https:\/\/wp.ufpel.edu.br\/nepsi\/wp-json\/wp\/v2\/types\/page"}],"author":[{"embeddable":true,"href":"https:\/\/wp.ufpel.edu.br\/nepsi\/wp-json\/wp\/v2\/users\/807"}],"replies":[{"embeddable":true,"href":"https:\/\/wp.ufpel.edu.br\/nepsi\/wp-json\/wp\/v2\/comments?post=90"}],"version-history":[{"count":9,"href":"https:\/\/wp.ufpel.edu.br\/nepsi\/wp-json\/wp\/v2\/pages\/90\/revisions"}],"predecessor-version":[{"id":1985,"href":"https:\/\/wp.ufpel.edu.br\/nepsi\/wp-json\/wp\/v2\/pages\/90\/revisions\/1985"}],"up":[{"embeddable":true,"href":"https:\/\/wp.ufpel.edu.br\/nepsi\/wp-json\/wp\/v2\/pages\/812"}],"wp:attachment":[{"href":"https:\/\/wp.ufpel.edu.br\/nepsi\/wp-json\/wp\/v2\/media?parent=90"}],"curies":[{"name":"wp","href":"https:\/\/api.w.org\/{rel}","templated":true}]}}