{"id":78,"date":"2017-10-21T15:16:32","date_gmt":"2017-10-21T17:16:32","guid":{"rendered":"https:\/\/wp.ufpel.edu.br\/nepsi\/?page_id=78"},"modified":"2017-10-21T15:16:32","modified_gmt":"2017-10-21T17:16:32","slug":"infancia-e-adolescencia","status":"publish","type":"page","link":"https:\/\/wp.ufpel.edu.br\/nepsi\/estudos\/infancia-e-adolescencia\/","title":{"rendered":"Inf\u00e2ncia e adolesc\u00eancia"},"content":{"rendered":"","protected":false},"excerpt":{"rendered":"","protected":false},"author":807,"featured_media":0,"parent":70,"menu_order":0,"comment_status":"closed","ping_status":"closed","template":"","meta":{"jetpack_post_was_ever_published":false,"footnotes":""},"class_list":["post-78","page","type-page","status-publish","hentry"],"yoast_head":"<!-- This site is optimized with the Yoast SEO plugin v26.7 - https:\/\/yoast.com\/wordpress\/plugins\/seo\/ -->\n<title>Inf\u00e2ncia e adolesc\u00eancia -<\/title>\n<meta name=\"robots\" content=\"index, follow, max-snippet:-1, max-image-preview:large, max-video-preview:-1\" \/>\n<link rel=\"canonical\" href=\"https:\/\/wp.ufpel.edu.br\/nepsi\/estudos\/infancia-e-adolescencia\/\" \/>\n<meta property=\"og:locale\" content=\"pt_BR\" \/>\n<meta property=\"og:type\" content=\"article\" \/>\n<meta property=\"og:title\" content=\"Inf\u00e2ncia e adolesc\u00eancia -\" \/>\n<meta property=\"og:url\" content=\"https:\/\/wp.ufpel.edu.br\/nepsi\/estudos\/infancia-e-adolescencia\/\" \/>\n<meta property=\"article:publisher\" content=\"https:\/\/www.facebook.com\/ufpel.nepsi\/\" \/>\n<meta property=\"og:image\" content=\"https:\/\/i0.wp.com\/wp.ufpel.edu.br\/nepsi\/files\/2020\/06\/MINIATURAS-LARANJA-1.png?fit=867%2C715&ssl=1\" \/>\n\t<meta property=\"og:image:width\" content=\"867\" \/>\n\t<meta property=\"og:image:height\" content=\"715\" \/>\n\t<meta property=\"og:image:type\" content=\"image\/png\" \/>\n<meta name=\"twitter:card\" content=\"summary_large_image\" \/>\n<meta name=\"twitter:site\" content=\"@ufpel_nepsi\" \/>\n<script type=\"application\/ld+json\" class=\"yoast-schema-graph\">{\"@context\":\"https:\/\/schema.org\",\"@graph\":[{\"@type\":\"WebPage\",\"@id\":\"https:\/\/wp.ufpel.edu.br\/nepsi\/estudos\/infancia-e-adolescencia\/\",\"url\":\"https:\/\/wp.ufpel.edu.br\/nepsi\/estudos\/infancia-e-adolescencia\/\",\"name\":\"Inf\u00e2ncia e adolesc\u00eancia -\",\"isPartOf\":{\"@id\":\"https:\/\/wp.ufpel.edu.br\/nepsi\/#website\"},\"datePublished\":\"2017-10-21T17:16:32+00:00\",\"breadcrumb\":{\"@id\":\"https:\/\/wp.ufpel.edu.br\/nepsi\/estudos\/infancia-e-adolescencia\/#breadcrumb\"},\"inLanguage\":\"pt-BR\",\"potentialAction\":[{\"@type\":\"ReadAction\",\"target\":[\"https:\/\/wp.ufpel.edu.br\/nepsi\/estudos\/infancia-e-adolescencia\/\"]}]},{\"@type\":\"BreadcrumbList\",\"@id\":\"https:\/\/wp.ufpel.edu.br\/nepsi\/estudos\/infancia-e-adolescencia\/#breadcrumb\",\"itemListElement\":[{\"@type\":\"ListItem\",\"position\":1,\"name\":\"In\u00edcio\",\"item\":\"https:\/\/wp.ufpel.edu.br\/nepsi\/\"},{\"@type\":\"ListItem\",\"position\":2,\"name\":\"Estudos\",\"item\":\"https:\/\/wp.ufpel.edu.br\/nepsi\/estudos\/\"},{\"@type\":\"ListItem\",\"position\":3,\"name\":\"Inf\u00e2ncia e adolesc\u00eancia\"}]},{\"@type\":\"WebSite\",\"@id\":\"https:\/\/wp.ufpel.edu.br\/nepsi\/#website\",\"url\":\"https:\/\/wp.ufpel.edu.br\/nepsi\/\",\"name\":\"\",\"description\":\"Coordena\u00e7\u00e3o: Prof. Tiago Neuenfeld Munhoz\",\"publisher\":{\"@id\":\"https:\/\/wp.ufpel.edu.br\/nepsi\/#organization\"},\"potentialAction\":[{\"@type\":\"SearchAction\",\"target\":{\"@type\":\"EntryPoint\",\"urlTemplate\":\"https:\/\/wp.ufpel.edu.br\/nepsi\/?s={search_term_string}\"},\"query-input\":{\"@type\":\"PropertyValueSpecification\",\"valueRequired\":true,\"valueName\":\"search_term_string\"}}],\"inLanguage\":\"pt-BR\"},{\"@type\":\"Organization\",\"@id\":\"https:\/\/wp.ufpel.edu.br\/nepsi\/#organization\",\"name\":\"N\u00facleo de Estudos, Pesquisas e Interven\u00e7\u00f5es em Sa\u00fade Mental, Cogni\u00e7\u00e3o e Comportamento\",\"url\":\"https:\/\/wp.ufpel.edu.br\/nepsi\/\",\"logo\":{\"@type\":\"ImageObject\",\"inLanguage\":\"pt-BR\",\"@id\":\"https:\/\/wp.ufpel.edu.br\/nepsi\/#\/schema\/logo\/image\/\",\"url\":\"https:\/\/i2.wp.com\/wp.ufpel.edu.br\/nepsi\/files\/2020\/06\/NEPSI-22-1.jpg?fit=632%2C591&ssl=1\",\"contentUrl\":\"https:\/\/i2.wp.com\/wp.ufpel.edu.br\/nepsi\/files\/2020\/06\/NEPSI-22-1.jpg?fit=632%2C591&ssl=1\",\"width\":632,\"height\":591,\"caption\":\"N\u00facleo de Estudos, Pesquisas e Interven\u00e7\u00f5es em Sa\u00fade Mental, Cogni\u00e7\u00e3o e Comportamento\"},\"image\":{\"@id\":\"https:\/\/wp.ufpel.edu.br\/nepsi\/#\/schema\/logo\/image\/\"},\"sameAs\":[\"https:\/\/www.facebook.com\/ufpel.nepsi\/\",\"https:\/\/x.com\/ufpel_nepsi\",\"https:\/\/www.instagram.com\/ufpel_nepsi\",\"https:\/\/www.youtube.com\/channel\/UCMFJAGTPIQf5MMjvJCDyPDw\"]}]}<\/script>\n<!-- \/ Yoast SEO plugin. -->","yoast_head_json":{"title":"Inf\u00e2ncia e adolesc\u00eancia -","robots":{"index":"index","follow":"follow","max-snippet":"max-snippet:-1","max-image-preview":"max-image-preview:large","max-video-preview":"max-video-preview:-1"},"canonical":"https:\/\/wp.ufpel.edu.br\/nepsi\/estudos\/infancia-e-adolescencia\/","og_locale":"pt_BR","og_type":"article","og_title":"Inf\u00e2ncia e adolesc\u00eancia -","og_url":"https:\/\/wp.ufpel.edu.br\/nepsi\/estudos\/infancia-e-adolescencia\/","article_publisher":"https:\/\/www.facebook.com\/ufpel.nepsi\/","og_image":[{"width":867,"height":715,"url":"https:\/\/i0.wp.com\/wp.ufpel.edu.br\/nepsi\/files\/2020\/06\/MINIATURAS-LARANJA-1.png?fit=867%2C715&ssl=1","type":"image\/png"}],"twitter_card":"summary_large_image","twitter_site":"@ufpel_nepsi","schema":{"@context":"https:\/\/schema.org","@graph":[{"@type":"WebPage","@id":"https:\/\/wp.ufpel.edu.br\/nepsi\/estudos\/infancia-e-adolescencia\/","url":"https:\/\/wp.ufpel.edu.br\/nepsi\/estudos\/infancia-e-adolescencia\/","name":"Inf\u00e2ncia e adolesc\u00eancia -","isPartOf":{"@id":"https:\/\/wp.ufpel.edu.br\/nepsi\/#website"},"datePublished":"2017-10-21T17:16:32+00:00","breadcrumb":{"@id":"https:\/\/wp.ufpel.edu.br\/nepsi\/estudos\/infancia-e-adolescencia\/#breadcrumb"},"inLanguage":"pt-BR","potentialAction":[{"@type":"ReadAction","target":["https:\/\/wp.ufpel.edu.br\/nepsi\/estudos\/infancia-e-adolescencia\/"]}]},{"@type":"BreadcrumbList","@id":"https:\/\/wp.ufpel.edu.br\/nepsi\/estudos\/infancia-e-adolescencia\/#breadcrumb","itemListElement":[{"@type":"ListItem","position":1,"name":"In\u00edcio","item":"https:\/\/wp.ufpel.edu.br\/nepsi\/"},{"@type":"ListItem","position":2,"name":"Estudos","item":"https:\/\/wp.ufpel.edu.br\/nepsi\/estudos\/"},{"@type":"ListItem","position":3,"name":"Inf\u00e2ncia e adolesc\u00eancia"}]},{"@type":"WebSite","@id":"https:\/\/wp.ufpel.edu.br\/nepsi\/#website","url":"https:\/\/wp.ufpel.edu.br\/nepsi\/","name":"","description":"Coordena\u00e7\u00e3o: Prof. Tiago Neuenfeld Munhoz","publisher":{"@id":"https:\/\/wp.ufpel.edu.br\/nepsi\/#organization"},"potentialAction":[{"@type":"SearchAction","target":{"@type":"EntryPoint","urlTemplate":"https:\/\/wp.ufpel.edu.br\/nepsi\/?s={search_term_string}"},"query-input":{"@type":"PropertyValueSpecification","valueRequired":true,"valueName":"search_term_string"}}],"inLanguage":"pt-BR"},{"@type":"Organization","@id":"https:\/\/wp.ufpel.edu.br\/nepsi\/#organization","name":"N\u00facleo de Estudos, Pesquisas e Interven\u00e7\u00f5es em Sa\u00fade Mental, Cogni\u00e7\u00e3o e Comportamento","url":"https:\/\/wp.ufpel.edu.br\/nepsi\/","logo":{"@type":"ImageObject","inLanguage":"pt-BR","@id":"https:\/\/wp.ufpel.edu.br\/nepsi\/#\/schema\/logo\/image\/","url":"https:\/\/i2.wp.com\/wp.ufpel.edu.br\/nepsi\/files\/2020\/06\/NEPSI-22-1.jpg?fit=632%2C591&ssl=1","contentUrl":"https:\/\/i2.wp.com\/wp.ufpel.edu.br\/nepsi\/files\/2020\/06\/NEPSI-22-1.jpg?fit=632%2C591&ssl=1","width":632,"height":591,"caption":"N\u00facleo de Estudos, Pesquisas e Interven\u00e7\u00f5es em Sa\u00fade Mental, Cogni\u00e7\u00e3o e Comportamento"},"image":{"@id":"https:\/\/wp.ufpel.edu.br\/nepsi\/#\/schema\/logo\/image\/"},"sameAs":["https:\/\/www.facebook.com\/ufpel.nepsi\/","https:\/\/x.com\/ufpel_nepsi","https:\/\/www.instagram.com\/ufpel_nepsi","https:\/\/www.youtube.com\/channel\/UCMFJAGTPIQf5MMjvJCDyPDw"]}]}},"jetpack_sharing_enabled":true,"jetpack_shortlink":"https:\/\/wp.me\/P9iCrQ-1g","jetpack_likes_enabled":true,"jetpack-related-posts":[{"id":256,"url":"https:\/\/wp.ufpel.edu.br\/nepsi\/atividades-desenvolvidas\/","url_meta":{"origin":78,"position":0},"title":"Atividades","author":"nepsi","date":"16\/05\/2018","format":false,"excerpt":"Instagram X \/ Twitter Projeto institucional Atividades: ensino, pesquisa e extens\u00e3o Nesta p\u00e1gina voc\u00ea encontra um resumo sint\u00e9tico das principais a\u00e7\u00f5es em ensino, pesquisa e extens\u00e3o\/interven\u00e7\u00e3o. Clique para expandir os itens. Ensino \u25be Estresse e sa\u00fade \u25be Projeto de ensino realizado no calend\u00e1rio letivo alternativo 2020\/1, voltado a discutir pesquisas\u2026","rel":"","context":"Post similar","block_context":{"text":"Post similar","link":""},"img":{"alt_text":"","src":"","width":0,"height":0},"classes":[]},{"id":99,"url":"https:\/\/wp.ufpel.edu.br\/nepsi\/intervencoes\/projetos-de-extensao\/","url_meta":{"origin":78,"position":1},"title":"Presenciais","author":"nepsi","date":"21\/10\/2017","format":false,"excerpt":"A\u00e7\u00f5es de extens\u00e3o presenciais Nesta p\u00e1gina est\u00e3o reunidas a\u00e7\u00f5es presenciais de extens\u00e3o\/interven\u00e7\u00e3o do NEPSI (projetos, grupos, eventos e cursos). Clique para expandir. Projetos Grupos Eventos Cursos Inscri\u00e7\u00e3o\/contato Projetos presenciais \u25be PROJETO: Servi\u00e7o de Psicologia da Inf\u00e2ncia e da Adolesc\u00eancia Objetivo geral: realizar atividades de avalia\u00e7\u00e3o psicol\u00f3gica e interven\u00e7\u00f5es (grupos e\u2026","rel":"","context":"Post similar","block_context":{"text":"Post similar","link":""},"img":{"alt_text":"","src":"","width":0,"height":0},"classes":[]},{"id":808,"url":"https:\/\/wp.ufpel.edu.br\/nepsi\/pesquisas\/colaboracoes-atuais\/","url_meta":{"origin":78,"position":2},"title":"Colabora\u00e7\u00f5es","author":"nepsi","date":"15\/07\/2020","format":false,"excerpt":"T\u00edtulo do Projeto:\u00a0 Avalia\u00e7\u00e3o do Impacto do Programa Crian\u00e7a Feliz Coordenador: C\u00e9sar G Victora (Programa de P\u00f3s-Gradua\u00e7\u00e3o em Epidemiologia) Pesquisadores: In\u00e1 da Silva dos Santos (Programa de P\u00f3s-Gradua\u00e7\u00e3o em Epidemiologia) Tiago Neuenfeld Munhoz (Curso de Psicologia e Programa de P\u00f3s-Gradua\u00e7\u00e3o em Epidemiologia) RESUMO: O objetivo do projeto ser\u00e1 avaliar o\u2026","rel":"","context":"Post similar","block_context":{"text":"Post similar","link":""},"img":{"alt_text":"","src":"","width":0,"height":0},"classes":[]},{"id":1388,"url":"https:\/\/wp.ufpel.edu.br\/nepsi\/midia\/","url_meta":{"origin":78,"position":3},"title":"M\u00eddia","author":"nepsi","date":"30\/03\/2021","format":false,"excerpt":"Leituras recomendadas: Maternal depression found to disrupt key parenting behaviors - News Medical Maternal depression linked to poor parenting outcomes - Contemporary OB\/GYN The impact of maternal depression on parenting - Medxy.ai Maternal depression and child bonding - Neuroscience News Maternal depression and child bonding (post) - Neuroscience News (X\/Twitter)\u2026","rel":"","context":"Post similar","block_context":{"text":"Post similar","link":""},"img":{"alt_text":"","src":"","width":0,"height":0},"classes":[]},{"id":812,"url":"https:\/\/wp.ufpel.edu.br\/nepsi\/pesquisas\/pesquisas-finalizadas\/","url_meta":{"origin":78,"position":4},"title":"Pesquisas finalizadas","author":"nepsi","date":"15\/07\/2020","format":false,"excerpt":"\u00a0 Projetos anteriores T\u00edtulo do Projeto: Padr\u00f5es de sono e Transtorno do D\u00e9ficit de Aten\u00e7\u00e3o e Hiperatividade (TDAH): perspectivas observacional e gen\u00e9tica Coordenador: LUCIANA TOVO RODRIGUES\u00a0(Programa de P\u00f3s-Gradua\u00e7\u00e3o em Epidemiologia) Pesquisadores:\u00a0\u00a0Tiago Neuenfeld Munhoz (Curso de Psicologia e Programa de P\u00f3s-Gradua\u00e7\u00e3o em Epidemiologia) RESUMO: O Transtorno do D\u00e9ficit de Aten\u00e7\u00e3o e\u2026","rel":"","context":"Post similar","block_context":{"text":"Post similar","link":""},"img":{"alt_text":"","src":"","width":0,"height":0},"classes":[]},{"id":2057,"url":"https:\/\/wp.ufpel.edu.br\/nepsi\/pesquisas\/pesquisas-finalizadas\/depressao-materna-e-desenvolvimento-infantil\/","url_meta":{"origin":78,"position":5},"title":"Depress\u00e3o materna e desenvolvimento infantil","author":"nepsi","date":"21\/12\/2022","format":false,"excerpt":"Depress\u00e3o materna e sua associa\u00e7\u00e3o com desenvolvimento infantil, pr\u00e1ticas parentais violentas e comportamentos agressivos em crian\u00e7as brasileiras benefici\u00e1rias do Programa Bolsa Fam\u00edlia (2018\u20132025) Contexto Esta proposta se insere no contexto social de avalia\u00e7\u00e3o da popula\u00e7\u00e3o participante de programas sociais do governo brasileiro, como o Programa Bolsa Fam\u00edlia (BPF) e Programa\u2026","rel":"","context":"Post similar","block_context":{"text":"Post similar","link":""},"img":{"alt_text":"","src":"","width":0,"height":0},"classes":[]}],"_links":{"self":[{"href":"https:\/\/wp.ufpel.edu.br\/nepsi\/wp-json\/wp\/v2\/pages\/78","targetHints":{"allow":["GET"]}}],"collection":[{"href":"https:\/\/wp.ufpel.edu.br\/nepsi\/wp-json\/wp\/v2\/pages"}],"about":[{"href":"https:\/\/wp.ufpel.edu.br\/nepsi\/wp-json\/wp\/v2\/types\/page"}],"author":[{"embeddable":true,"href":"https:\/\/wp.ufpel.edu.br\/nepsi\/wp-json\/wp\/v2\/users\/807"}],"replies":[{"embeddable":true,"href":"https:\/\/wp.ufpel.edu.br\/nepsi\/wp-json\/wp\/v2\/comments?post=78"}],"version-history":[{"count":1,"href":"https:\/\/wp.ufpel.edu.br\/nepsi\/wp-json\/wp\/v2\/pages\/78\/revisions"}],"predecessor-version":[{"id":80,"href":"https:\/\/wp.ufpel.edu.br\/nepsi\/wp-json\/wp\/v2\/pages\/78\/revisions\/80"}],"up":[{"embeddable":true,"href":"https:\/\/wp.ufpel.edu.br\/nepsi\/wp-json\/wp\/v2\/pages\/70"}],"wp:attachment":[{"href":"https:\/\/wp.ufpel.edu.br\/nepsi\/wp-json\/wp\/v2\/media?parent=78"}],"curies":[{"name":"wp","href":"https:\/\/api.w.org\/{rel}","templated":true}]}}