{"id":717,"date":"2020-06-26T13:00:37","date_gmt":"2020-06-26T16:00:37","guid":{"rendered":"https:\/\/wp.ufpel.edu.br\/nepsi\/?page_id=717"},"modified":"2020-07-15T21:49:02","modified_gmt":"2020-07-16T00:49:02","slug":"estresse-e-saude","status":"publish","type":"page","link":"https:\/\/wp.ufpel.edu.br\/nepsi\/estudos\/estresse-e-saude\/","title":{"rendered":"Estresse e Sa\u00fade"},"content":{"rendered":"<h3><span style=\"color: #437eb2\">Em raz\u00e3o da suspens\u00e3o do calend\u00e1rio letivo regular devido a pandemia do novo coronav\u00edrus, foi elaborado um projeto de ensino, com a\u00e7\u00f5es de extens\u00e3o, para ser realizado durante o calend\u00e1rio letivo alternativo 2020\/1. O projeto tem como foco discutir pesquisas e interven\u00e7\u00f5es no \u00e2mbito do estresse e sa\u00fade mental. Ser\u00e3o 12 encontros virtuais, realizados atrav\u00e9s de f\u00f3rum e v\u00eddeo-aula. O projeto de ensino contar\u00e1 com uma atividade pr\u00e1tica que entrar\u00e1 como uma a\u00e7\u00e3o de extens\u00e3o.<\/span><\/h3>\n<h3><span style=\"color: #437eb2\">Objetivo: Realizar um grupo de estudos, com a\u00e7\u00f5es de extens\u00e3o, durante o calend\u00e1rio letivo alternativo 2020\/1.<\/span><\/h3>\n<h3><span style=\"color: #437eb2\">Metodologia<\/span><\/h3>\n<h3><span style=\"color: #437eb2\">A- Divulga\u00e7\u00e3o do projeto de ensino ser\u00e1 realizado nas redes sociais da universidade e dos professores envolvidos.<\/span><br \/>\n<span style=\"color: #437eb2\">B- Inscri\u00e7\u00f5es ser\u00e3o realizadas atrav\u00e9s de um e-mail disponibilizado na divulga\u00e7\u00e3o.<\/span><br \/>\n<span style=\"color: #437eb2\">C- Ser\u00e1 necess\u00e1rio pelo menos 5 participantes para ocorrer o projeto de ensino.<\/span><br \/>\n<span style=\"color: #437eb2\">D- Ter\u00e1 um limite de 25 participantes.<\/span><br \/>\n<span style=\"color: #437eb2\">E- Ser\u00e1 utilizado a plataforma Moodle para as intera\u00e7\u00f5es no projeto de ensino.<\/span><br \/>\n<span style=\"color: #437eb2\">F- Cronograma de 12 semanas conforme o calend\u00e1rio letivo alternativo 2020\/1. In\u00edcio em 22 de junho:<\/span><\/h3>\n<h3><span style=\"color: #437eb2\">1- Introdu\u00e7\u00e3o, combina\u00e7\u00f5es e in\u00edcio da atividade pr\u00e1tica. Estresse e COVID-19. Como o estresse pode afetar minha sa\u00fade? (v\u00eddeo aula)<\/span><br \/>\n<span style=\"color: #437eb2\">2- Teorias sobre estresse (f\u00f3rum e leituras)<\/span><br \/>\n<span style=\"color: #437eb2\">3- Teorias sobre estresse (v\u00eddeo aula)<\/span><br \/>\n<span style=\"color: #437eb2\">4- Psiconeuroimunologia (f\u00f3rum e leituras)<\/span><br \/>\n<span style=\"color: #437eb2\">5- Psiconeuroimunologia (v\u00eddeo aula)<\/span><br \/>\n<span style=\"color: #437eb2\">6- Avalia\u00e7\u00e3o de estresse e sa\u00fade mental ( f\u00f3rum e leituras)<\/span><br \/>\n<span style=\"color: #437eb2\">7- Avalia\u00e7\u00e3o de estresse e sa\u00fade mental ( v\u00eddeo aula)<\/span><br \/>\n<span style=\"color: #437eb2\">8- Interven\u00e7\u00e3o em estresse e sa\u00fade mental (f\u00f3rum e leituras)<\/span><br \/>\n<span style=\"color: #437eb2\">9- Interven\u00e7\u00e3o em estresse e sa\u00fade mental (v\u00eddeo aula)<\/span><br \/>\n<span style=\"color: #437eb2\">10- Apresenta\u00e7\u00e3o da atividade pr\u00e1tica (elabora\u00e7\u00e3o de um projeto de manejo de estresse para a comunidade)<\/span><br \/>\n<span style=\"color: #437eb2\">11- Apresenta\u00e7\u00e3o da atividade pr\u00e1tica (elabora\u00e7\u00e3o de um projeto de manejo de estresse para a comunidade)<\/span><br \/>\n<span style=\"color: #437eb2\">12- Fechamento e avalia\u00e7\u00e3o do projeto de ensino<\/span><\/h3>\n<h3><span style=\"color: #437eb2\">G- A atividade pr\u00e1tica entrar\u00e1 como uma a\u00e7\u00e3o de extens\u00e3o neste projeto de ensino. A atividade ir\u00e1 consistir na elabora\u00e7\u00e3o de um projeto de manejo de estresse para a comunidade. Poder\u00e1 ser realizado podcast, cartilhas, lives ou outros materiais digitais.<\/span><\/h3>\n","protected":false},"excerpt":{"rendered":"<p>Em raz\u00e3o da suspens\u00e3o do calend\u00e1rio letivo regular devido a pandemia do novo coronav\u00edrus, foi elaborado um projeto de ensino, com a\u00e7\u00f5es de extens\u00e3o, para ser realizado durante o calend\u00e1rio letivo alternativo 2020\/1. O projeto tem como foco discutir pesquisas e interven\u00e7\u00f5es no \u00e2mbito do estresse e sa\u00fade mental. Ser\u00e3o 12 encontros virtuais, realizados atrav\u00e9s [&hellip;]<\/p>\n","protected":false},"author":807,"featured_media":0,"parent":70,"menu_order":0,"comment_status":"closed","ping_status":"closed","template":"","meta":{"jetpack_post_was_ever_published":false,"footnotes":""},"class_list":["post-717","page","type-page","status-publish","hentry"],"yoast_head":"<!-- This site is optimized with the Yoast SEO plugin v26.7 - https:\/\/yoast.com\/wordpress\/plugins\/seo\/ -->\n<title>Estresse e Sa\u00fade -<\/title>\n<meta name=\"robots\" content=\"index, follow, max-snippet:-1, max-image-preview:large, max-video-preview:-1\" \/>\n<link rel=\"canonical\" href=\"https:\/\/wp.ufpel.edu.br\/nepsi\/estudos\/estresse-e-saude\/\" \/>\n<meta property=\"og:locale\" content=\"pt_BR\" \/>\n<meta property=\"og:type\" content=\"article\" \/>\n<meta property=\"og:title\" content=\"Estresse e Sa\u00fade -\" \/>\n<meta property=\"og:description\" content=\"Em raz\u00e3o da suspens\u00e3o do calend\u00e1rio letivo regular devido a pandemia do novo coronav\u00edrus, foi elaborado um projeto de ensino, com a\u00e7\u00f5es de extens\u00e3o, para ser realizado durante o calend\u00e1rio letivo alternativo 2020\/1. O projeto tem como foco discutir pesquisas e interven\u00e7\u00f5es no \u00e2mbito do estresse e sa\u00fade mental. Ser\u00e3o 12 encontros virtuais, realizados atrav\u00e9s [&hellip;]\" \/>\n<meta property=\"og:url\" content=\"https:\/\/wp.ufpel.edu.br\/nepsi\/estudos\/estresse-e-saude\/\" \/>\n<meta property=\"article:publisher\" content=\"https:\/\/www.facebook.com\/ufpel.nepsi\/\" \/>\n<meta property=\"article:modified_time\" content=\"2020-07-16T00:49:02+00:00\" \/>\n<meta property=\"og:image\" content=\"https:\/\/i0.wp.com\/wp.ufpel.edu.br\/nepsi\/files\/2020\/06\/MINIATURAS-LARANJA-1.png?fit=867%2C715&ssl=1\" \/>\n\t<meta property=\"og:image:width\" content=\"867\" \/>\n\t<meta property=\"og:image:height\" content=\"715\" \/>\n\t<meta property=\"og:image:type\" content=\"image\/png\" \/>\n<meta name=\"twitter:card\" content=\"summary_large_image\" \/>\n<meta name=\"twitter:site\" content=\"@ufpel_nepsi\" \/>\n<meta name=\"twitter:label1\" content=\"Est. tempo de leitura\" \/>\n\t<meta name=\"twitter:data1\" content=\"2 minutos\" \/>\n<script type=\"application\/ld+json\" class=\"yoast-schema-graph\">{\"@context\":\"https:\/\/schema.org\",\"@graph\":[{\"@type\":\"WebPage\",\"@id\":\"https:\/\/wp.ufpel.edu.br\/nepsi\/estudos\/estresse-e-saude\/\",\"url\":\"https:\/\/wp.ufpel.edu.br\/nepsi\/estudos\/estresse-e-saude\/\",\"name\":\"Estresse e Sa\u00fade -\",\"isPartOf\":{\"@id\":\"https:\/\/wp.ufpel.edu.br\/nepsi\/#website\"},\"datePublished\":\"2020-06-26T16:00:37+00:00\",\"dateModified\":\"2020-07-16T00:49:02+00:00\",\"breadcrumb\":{\"@id\":\"https:\/\/wp.ufpel.edu.br\/nepsi\/estudos\/estresse-e-saude\/#breadcrumb\"},\"inLanguage\":\"pt-BR\",\"potentialAction\":[{\"@type\":\"ReadAction\",\"target\":[\"https:\/\/wp.ufpel.edu.br\/nepsi\/estudos\/estresse-e-saude\/\"]}]},{\"@type\":\"BreadcrumbList\",\"@id\":\"https:\/\/wp.ufpel.edu.br\/nepsi\/estudos\/estresse-e-saude\/#breadcrumb\",\"itemListElement\":[{\"@type\":\"ListItem\",\"position\":1,\"name\":\"In\u00edcio\",\"item\":\"https:\/\/wp.ufpel.edu.br\/nepsi\/\"},{\"@type\":\"ListItem\",\"position\":2,\"name\":\"Estudos\",\"item\":\"https:\/\/wp.ufpel.edu.br\/nepsi\/estudos\/\"},{\"@type\":\"ListItem\",\"position\":3,\"name\":\"Estresse e Sa\u00fade\"}]},{\"@type\":\"WebSite\",\"@id\":\"https:\/\/wp.ufpel.edu.br\/nepsi\/#website\",\"url\":\"https:\/\/wp.ufpel.edu.br\/nepsi\/\",\"name\":\"\",\"description\":\"Coordena\u00e7\u00e3o: Prof. Tiago Neuenfeld Munhoz\",\"publisher\":{\"@id\":\"https:\/\/wp.ufpel.edu.br\/nepsi\/#organization\"},\"potentialAction\":[{\"@type\":\"SearchAction\",\"target\":{\"@type\":\"EntryPoint\",\"urlTemplate\":\"https:\/\/wp.ufpel.edu.br\/nepsi\/?s={search_term_string}\"},\"query-input\":{\"@type\":\"PropertyValueSpecification\",\"valueRequired\":true,\"valueName\":\"search_term_string\"}}],\"inLanguage\":\"pt-BR\"},{\"@type\":\"Organization\",\"@id\":\"https:\/\/wp.ufpel.edu.br\/nepsi\/#organization\",\"name\":\"N\u00facleo de Estudos, Pesquisas e Interven\u00e7\u00f5es em Sa\u00fade Mental, Cogni\u00e7\u00e3o e Comportamento\",\"url\":\"https:\/\/wp.ufpel.edu.br\/nepsi\/\",\"logo\":{\"@type\":\"ImageObject\",\"inLanguage\":\"pt-BR\",\"@id\":\"https:\/\/wp.ufpel.edu.br\/nepsi\/#\/schema\/logo\/image\/\",\"url\":\"https:\/\/i2.wp.com\/wp.ufpel.edu.br\/nepsi\/files\/2020\/06\/NEPSI-22-1.jpg?fit=632%2C591&ssl=1\",\"contentUrl\":\"https:\/\/i2.wp.com\/wp.ufpel.edu.br\/nepsi\/files\/2020\/06\/NEPSI-22-1.jpg?fit=632%2C591&ssl=1\",\"width\":632,\"height\":591,\"caption\":\"N\u00facleo de Estudos, Pesquisas e Interven\u00e7\u00f5es em Sa\u00fade Mental, Cogni\u00e7\u00e3o e Comportamento\"},\"image\":{\"@id\":\"https:\/\/wp.ufpel.edu.br\/nepsi\/#\/schema\/logo\/image\/\"},\"sameAs\":[\"https:\/\/www.facebook.com\/ufpel.nepsi\/\",\"https:\/\/x.com\/ufpel_nepsi\",\"https:\/\/www.instagram.com\/ufpel_nepsi\",\"https:\/\/www.youtube.com\/channel\/UCMFJAGTPIQf5MMjvJCDyPDw\"]}]}<\/script>\n<!-- \/ Yoast SEO plugin. -->","yoast_head_json":{"title":"Estresse e Sa\u00fade -","robots":{"index":"index","follow":"follow","max-snippet":"max-snippet:-1","max-image-preview":"max-image-preview:large","max-video-preview":"max-video-preview:-1"},"canonical":"https:\/\/wp.ufpel.edu.br\/nepsi\/estudos\/estresse-e-saude\/","og_locale":"pt_BR","og_type":"article","og_title":"Estresse e Sa\u00fade -","og_description":"Em raz\u00e3o da suspens\u00e3o do calend\u00e1rio letivo regular devido a pandemia do novo coronav\u00edrus, foi elaborado um projeto de ensino, com a\u00e7\u00f5es de extens\u00e3o, para ser realizado durante o calend\u00e1rio letivo alternativo 2020\/1. O projeto tem como foco discutir pesquisas e interven\u00e7\u00f5es no \u00e2mbito do estresse e sa\u00fade mental. Ser\u00e3o 12 encontros virtuais, realizados atrav\u00e9s [&hellip;]","og_url":"https:\/\/wp.ufpel.edu.br\/nepsi\/estudos\/estresse-e-saude\/","article_publisher":"https:\/\/www.facebook.com\/ufpel.nepsi\/","article_modified_time":"2020-07-16T00:49:02+00:00","og_image":[{"width":867,"height":715,"url":"https:\/\/i0.wp.com\/wp.ufpel.edu.br\/nepsi\/files\/2020\/06\/MINIATURAS-LARANJA-1.png?fit=867%2C715&ssl=1","type":"image\/png"}],"twitter_card":"summary_large_image","twitter_site":"@ufpel_nepsi","twitter_misc":{"Est. tempo de leitura":"2 minutos"},"schema":{"@context":"https:\/\/schema.org","@graph":[{"@type":"WebPage","@id":"https:\/\/wp.ufpel.edu.br\/nepsi\/estudos\/estresse-e-saude\/","url":"https:\/\/wp.ufpel.edu.br\/nepsi\/estudos\/estresse-e-saude\/","name":"Estresse e Sa\u00fade -","isPartOf":{"@id":"https:\/\/wp.ufpel.edu.br\/nepsi\/#website"},"datePublished":"2020-06-26T16:00:37+00:00","dateModified":"2020-07-16T00:49:02+00:00","breadcrumb":{"@id":"https:\/\/wp.ufpel.edu.br\/nepsi\/estudos\/estresse-e-saude\/#breadcrumb"},"inLanguage":"pt-BR","potentialAction":[{"@type":"ReadAction","target":["https:\/\/wp.ufpel.edu.br\/nepsi\/estudos\/estresse-e-saude\/"]}]},{"@type":"BreadcrumbList","@id":"https:\/\/wp.ufpel.edu.br\/nepsi\/estudos\/estresse-e-saude\/#breadcrumb","itemListElement":[{"@type":"ListItem","position":1,"name":"In\u00edcio","item":"https:\/\/wp.ufpel.edu.br\/nepsi\/"},{"@type":"ListItem","position":2,"name":"Estudos","item":"https:\/\/wp.ufpel.edu.br\/nepsi\/estudos\/"},{"@type":"ListItem","position":3,"name":"Estresse e Sa\u00fade"}]},{"@type":"WebSite","@id":"https:\/\/wp.ufpel.edu.br\/nepsi\/#website","url":"https:\/\/wp.ufpel.edu.br\/nepsi\/","name":"","description":"Coordena\u00e7\u00e3o: Prof. Tiago Neuenfeld Munhoz","publisher":{"@id":"https:\/\/wp.ufpel.edu.br\/nepsi\/#organization"},"potentialAction":[{"@type":"SearchAction","target":{"@type":"EntryPoint","urlTemplate":"https:\/\/wp.ufpel.edu.br\/nepsi\/?s={search_term_string}"},"query-input":{"@type":"PropertyValueSpecification","valueRequired":true,"valueName":"search_term_string"}}],"inLanguage":"pt-BR"},{"@type":"Organization","@id":"https:\/\/wp.ufpel.edu.br\/nepsi\/#organization","name":"N\u00facleo de Estudos, Pesquisas e Interven\u00e7\u00f5es em Sa\u00fade Mental, Cogni\u00e7\u00e3o e Comportamento","url":"https:\/\/wp.ufpel.edu.br\/nepsi\/","logo":{"@type":"ImageObject","inLanguage":"pt-BR","@id":"https:\/\/wp.ufpel.edu.br\/nepsi\/#\/schema\/logo\/image\/","url":"https:\/\/i2.wp.com\/wp.ufpel.edu.br\/nepsi\/files\/2020\/06\/NEPSI-22-1.jpg?fit=632%2C591&ssl=1","contentUrl":"https:\/\/i2.wp.com\/wp.ufpel.edu.br\/nepsi\/files\/2020\/06\/NEPSI-22-1.jpg?fit=632%2C591&ssl=1","width":632,"height":591,"caption":"N\u00facleo de Estudos, Pesquisas e Interven\u00e7\u00f5es em Sa\u00fade Mental, Cogni\u00e7\u00e3o e Comportamento"},"image":{"@id":"https:\/\/wp.ufpel.edu.br\/nepsi\/#\/schema\/logo\/image\/"},"sameAs":["https:\/\/www.facebook.com\/ufpel.nepsi\/","https:\/\/x.com\/ufpel_nepsi","https:\/\/www.instagram.com\/ufpel_nepsi","https:\/\/www.youtube.com\/channel\/UCMFJAGTPIQf5MMjvJCDyPDw"]}]}},"jetpack_sharing_enabled":true,"jetpack_shortlink":"https:\/\/wp.me\/P9iCrQ-bz","jetpack_likes_enabled":true,"jetpack-related-posts":[{"id":256,"url":"https:\/\/wp.ufpel.edu.br\/nepsi\/atividades-desenvolvidas\/","url_meta":{"origin":717,"position":0},"title":"Atividades","author":"nepsi","date":"16\/05\/2018","format":false,"excerpt":"Instagram X \/ Twitter Projeto institucional Atividades: ensino, pesquisa e extens\u00e3o Nesta p\u00e1gina voc\u00ea encontra um resumo sint\u00e9tico das principais a\u00e7\u00f5es em ensino, pesquisa e extens\u00e3o\/interven\u00e7\u00e3o. Clique para expandir os itens. Ensino \u25be Estresse e sa\u00fade \u25be Projeto de ensino realizado no calend\u00e1rio letivo alternativo 2020\/1, voltado a discutir pesquisas\u2026","rel":"","context":"Post similar","block_context":{"text":"Post similar","link":""},"img":{"alt_text":"","src":"","width":0,"height":0},"classes":[]},{"id":712,"url":"https:\/\/wp.ufpel.edu.br\/nepsi\/intervencoes\/acoes-de-extensao\/","url_meta":{"origin":717,"position":1},"title":"Digitais","author":"nepsi","date":"26\/06\/2020","format":false,"excerpt":"A\u00e7\u00f5es de extens\u00e3o em plataformas digitais Conte\u00fados organizados por categoria e ordenados por data. Clique para expandir. Anima\u00e7\u00f5es Reels (Instagram) V\u00eddeos Podcasts Cartilhas Projeto de ensino (publica\u00e7\u00f5es) NEPSI Indica NEPSI Pesquisa Posts e divulga\u00e7\u00f5es Eventos SIIEPE Mapa Anima\u00e7\u00f5es \u25be 2021 23\/08\/2021 Ranzin- Medita\u00e7\u00e3o Reels (Instagram) \u25be 2021 11\/09\/2021 T\u00e9cnicas de\u2026","rel":"","context":"Post similar","block_context":{"text":"Post similar","link":""},"img":{"alt_text":"","src":"","width":0,"height":0},"classes":[]},{"id":2862,"url":"https:\/\/wp.ufpel.edu.br\/nepsi\/pesquisas\/perfil-dos-estudantes-de-psicologia\/","url_meta":{"origin":717,"position":2},"title":"Perfil dos estudantes de Psicologia","author":"nepsi","date":"26\/03\/2026","format":false,"excerpt":"Perfil e sa\u00fade mental de estudantes de Psicologia T\u00edtulo do projeto Contextualiza\u00e7\u00e3o A forma\u00e7\u00e3o universit\u00e1ria em Psicologia envolve desafios acad\u00eamicos, sociais e emocionais que impactam diretamente o bem-estar dos estudantes. Conhecer quem s\u00e3o esses alunos, suas trajet\u00f3rias, condi\u00e7\u00f5es de vida, expectativas e dificuldades \u00e9 fundamental para qualificar a forma\u00e7\u00e3o e\u2026","rel":"","context":"Post similar","block_context":{"text":"Post similar","link":""},"img":{"alt_text":"","src":"","width":0,"height":0},"classes":[]},{"id":99,"url":"https:\/\/wp.ufpel.edu.br\/nepsi\/intervencoes\/projetos-de-extensao\/","url_meta":{"origin":717,"position":3},"title":"Presenciais","author":"nepsi","date":"21\/10\/2017","format":false,"excerpt":"A\u00e7\u00f5es de extens\u00e3o presenciais Nesta p\u00e1gina est\u00e3o reunidas a\u00e7\u00f5es presenciais de extens\u00e3o\/interven\u00e7\u00e3o do NEPSI (projetos, grupos, eventos e cursos). Clique para expandir. Projetos Grupos Eventos Cursos Inscri\u00e7\u00e3o\/contato Projetos presenciais \u25be PROJETO: Servi\u00e7o de Psicologia da Inf\u00e2ncia e da Adolesc\u00eancia Objetivo geral: realizar atividades de avalia\u00e7\u00e3o psicol\u00f3gica e interven\u00e7\u00f5es (grupos e\u2026","rel":"","context":"Post similar","block_context":{"text":"Post similar","link":""},"img":{"alt_text":"","src":"","width":0,"height":0},"classes":[]},{"id":2053,"url":"https:\/\/wp.ufpel.edu.br\/nepsi\/pesquisas\/prevencao-da-depressao-em-adolescentes-escolares\/","url_meta":{"origin":717,"position":4},"title":"Preven\u00e7\u00e3o da depress\u00e3o em adolescentes escolares","author":"nepsi","date":"21\/12\/2022","format":false,"excerpt":"Preven\u00e7\u00e3o da depress\u00e3o em adolescentes escolares: explorando a aplicabilidade e efetividade de uma interven\u00e7\u00e3o cognitivo-comportamental T\u00edtulo do projeto Contextualiza\u00e7\u00e3o A adolesc\u00eancia \u00e9 uma fase vulner\u00e1vel ao desenvolvimento de transtornos mentais, como a depress\u00e3o, que afeta significativamente o bem-estar e o desenvolvimento dos jovens. Estima-se que metade dos problemas de sa\u00fade\u2026","rel":"","context":"Post similar","block_context":{"text":"Post similar","link":""},"img":{"alt_text":"","src":"","width":0,"height":0},"classes":[]},{"id":812,"url":"https:\/\/wp.ufpel.edu.br\/nepsi\/pesquisas\/pesquisas-finalizadas\/","url_meta":{"origin":717,"position":5},"title":"Pesquisas finalizadas","author":"nepsi","date":"15\/07\/2020","format":false,"excerpt":"\u00a0 Projetos anteriores T\u00edtulo do Projeto: Padr\u00f5es de sono e Transtorno do D\u00e9ficit de Aten\u00e7\u00e3o e Hiperatividade (TDAH): perspectivas observacional e gen\u00e9tica Coordenador: LUCIANA TOVO RODRIGUES\u00a0(Programa de P\u00f3s-Gradua\u00e7\u00e3o em Epidemiologia) Pesquisadores:\u00a0\u00a0Tiago Neuenfeld Munhoz (Curso de Psicologia e Programa de P\u00f3s-Gradua\u00e7\u00e3o em Epidemiologia) RESUMO: O Transtorno do D\u00e9ficit de Aten\u00e7\u00e3o e\u2026","rel":"","context":"Post similar","block_context":{"text":"Post similar","link":""},"img":{"alt_text":"","src":"","width":0,"height":0},"classes":[]}],"_links":{"self":[{"href":"https:\/\/wp.ufpel.edu.br\/nepsi\/wp-json\/wp\/v2\/pages\/717","targetHints":{"allow":["GET"]}}],"collection":[{"href":"https:\/\/wp.ufpel.edu.br\/nepsi\/wp-json\/wp\/v2\/pages"}],"about":[{"href":"https:\/\/wp.ufpel.edu.br\/nepsi\/wp-json\/wp\/v2\/types\/page"}],"author":[{"embeddable":true,"href":"https:\/\/wp.ufpel.edu.br\/nepsi\/wp-json\/wp\/v2\/users\/807"}],"replies":[{"embeddable":true,"href":"https:\/\/wp.ufpel.edu.br\/nepsi\/wp-json\/wp\/v2\/comments?post=717"}],"version-history":[{"count":4,"href":"https:\/\/wp.ufpel.edu.br\/nepsi\/wp-json\/wp\/v2\/pages\/717\/revisions"}],"predecessor-version":[{"id":2800,"href":"https:\/\/wp.ufpel.edu.br\/nepsi\/wp-json\/wp\/v2\/pages\/717\/revisions\/2800"}],"up":[{"embeddable":true,"href":"https:\/\/wp.ufpel.edu.br\/nepsi\/wp-json\/wp\/v2\/pages\/70"}],"wp:attachment":[{"href":"https:\/\/wp.ufpel.edu.br\/nepsi\/wp-json\/wp\/v2\/media?parent=717"}],"curies":[{"name":"wp","href":"https:\/\/api.w.org\/{rel}","templated":true}]}}