{"id":70,"date":"2017-10-21T15:11:41","date_gmt":"2017-10-21T17:11:41","guid":{"rendered":"https:\/\/wp.ufpel.edu.br\/nepsi\/?page_id=70"},"modified":"2021-10-20T12:48:35","modified_gmt":"2021-10-20T15:48:35","slug":"estudos","status":"publish","type":"page","link":"https:\/\/wp.ufpel.edu.br\/nepsi\/estudos\/","title":{"rendered":"Estudos"},"content":{"rendered":"","protected":false},"excerpt":{"rendered":"","protected":false},"author":807,"featured_media":0,"parent":0,"menu_order":2,"comment_status":"closed","ping_status":"closed","template":"","meta":{"jetpack_post_was_ever_published":false,"footnotes":""},"class_list":["post-70","page","type-page","status-publish","hentry"],"yoast_head":"<!-- This site is optimized with the Yoast SEO plugin v26.7 - https:\/\/yoast.com\/wordpress\/plugins\/seo\/ -->\n<title>Estudos -<\/title>\n<meta name=\"robots\" content=\"index, follow, max-snippet:-1, max-image-preview:large, max-video-preview:-1\" \/>\n<link rel=\"canonical\" href=\"https:\/\/wp.ufpel.edu.br\/nepsi\/estudos\/\" \/>\n<meta property=\"og:locale\" content=\"pt_BR\" \/>\n<meta property=\"og:type\" content=\"article\" \/>\n<meta property=\"og:title\" content=\"Estudos -\" \/>\n<meta property=\"og:url\" content=\"https:\/\/wp.ufpel.edu.br\/nepsi\/estudos\/\" \/>\n<meta property=\"article:publisher\" content=\"https:\/\/www.facebook.com\/ufpel.nepsi\/\" \/>\n<meta property=\"article:modified_time\" content=\"2021-10-20T15:48:35+00:00\" \/>\n<meta property=\"og:image\" content=\"https:\/\/i0.wp.com\/wp.ufpel.edu.br\/nepsi\/files\/2020\/06\/MINIATURAS-LARANJA-1.png?fit=867%2C715&ssl=1\" \/>\n\t<meta property=\"og:image:width\" content=\"867\" \/>\n\t<meta property=\"og:image:height\" content=\"715\" \/>\n\t<meta property=\"og:image:type\" content=\"image\/png\" \/>\n<meta name=\"twitter:card\" content=\"summary_large_image\" \/>\n<meta name=\"twitter:site\" content=\"@ufpel_nepsi\" \/>\n<script type=\"application\/ld+json\" class=\"yoast-schema-graph\">{\"@context\":\"https:\/\/schema.org\",\"@graph\":[{\"@type\":\"WebPage\",\"@id\":\"https:\/\/wp.ufpel.edu.br\/nepsi\/estudos\/\",\"url\":\"https:\/\/wp.ufpel.edu.br\/nepsi\/estudos\/\",\"name\":\"Estudos -\",\"isPartOf\":{\"@id\":\"https:\/\/wp.ufpel.edu.br\/nepsi\/#website\"},\"datePublished\":\"2017-10-21T17:11:41+00:00\",\"dateModified\":\"2021-10-20T15:48:35+00:00\",\"breadcrumb\":{\"@id\":\"https:\/\/wp.ufpel.edu.br\/nepsi\/estudos\/#breadcrumb\"},\"inLanguage\":\"pt-BR\",\"potentialAction\":[{\"@type\":\"ReadAction\",\"target\":[\"https:\/\/wp.ufpel.edu.br\/nepsi\/estudos\/\"]}]},{\"@type\":\"BreadcrumbList\",\"@id\":\"https:\/\/wp.ufpel.edu.br\/nepsi\/estudos\/#breadcrumb\",\"itemListElement\":[{\"@type\":\"ListItem\",\"position\":1,\"name\":\"In\u00edcio\",\"item\":\"https:\/\/wp.ufpel.edu.br\/nepsi\/\"},{\"@type\":\"ListItem\",\"position\":2,\"name\":\"Estudos\"}]},{\"@type\":\"WebSite\",\"@id\":\"https:\/\/wp.ufpel.edu.br\/nepsi\/#website\",\"url\":\"https:\/\/wp.ufpel.edu.br\/nepsi\/\",\"name\":\"\",\"description\":\"Coordena\u00e7\u00e3o: Prof. Tiago Neuenfeld Munhoz\",\"publisher\":{\"@id\":\"https:\/\/wp.ufpel.edu.br\/nepsi\/#organization\"},\"potentialAction\":[{\"@type\":\"SearchAction\",\"target\":{\"@type\":\"EntryPoint\",\"urlTemplate\":\"https:\/\/wp.ufpel.edu.br\/nepsi\/?s={search_term_string}\"},\"query-input\":{\"@type\":\"PropertyValueSpecification\",\"valueRequired\":true,\"valueName\":\"search_term_string\"}}],\"inLanguage\":\"pt-BR\"},{\"@type\":\"Organization\",\"@id\":\"https:\/\/wp.ufpel.edu.br\/nepsi\/#organization\",\"name\":\"N\u00facleo de Estudos, Pesquisas e Interven\u00e7\u00f5es em Sa\u00fade Mental, Cogni\u00e7\u00e3o e Comportamento\",\"url\":\"https:\/\/wp.ufpel.edu.br\/nepsi\/\",\"logo\":{\"@type\":\"ImageObject\",\"inLanguage\":\"pt-BR\",\"@id\":\"https:\/\/wp.ufpel.edu.br\/nepsi\/#\/schema\/logo\/image\/\",\"url\":\"https:\/\/i2.wp.com\/wp.ufpel.edu.br\/nepsi\/files\/2020\/06\/NEPSI-22-1.jpg?fit=632%2C591&ssl=1\",\"contentUrl\":\"https:\/\/i2.wp.com\/wp.ufpel.edu.br\/nepsi\/files\/2020\/06\/NEPSI-22-1.jpg?fit=632%2C591&ssl=1\",\"width\":632,\"height\":591,\"caption\":\"N\u00facleo de Estudos, Pesquisas e Interven\u00e7\u00f5es em Sa\u00fade Mental, Cogni\u00e7\u00e3o e Comportamento\"},\"image\":{\"@id\":\"https:\/\/wp.ufpel.edu.br\/nepsi\/#\/schema\/logo\/image\/\"},\"sameAs\":[\"https:\/\/www.facebook.com\/ufpel.nepsi\/\",\"https:\/\/x.com\/ufpel_nepsi\",\"https:\/\/www.instagram.com\/ufpel_nepsi\",\"https:\/\/www.youtube.com\/channel\/UCMFJAGTPIQf5MMjvJCDyPDw\"]}]}<\/script>\n<!-- \/ Yoast SEO plugin. -->","yoast_head_json":{"title":"Estudos -","robots":{"index":"index","follow":"follow","max-snippet":"max-snippet:-1","max-image-preview":"max-image-preview:large","max-video-preview":"max-video-preview:-1"},"canonical":"https:\/\/wp.ufpel.edu.br\/nepsi\/estudos\/","og_locale":"pt_BR","og_type":"article","og_title":"Estudos -","og_url":"https:\/\/wp.ufpel.edu.br\/nepsi\/estudos\/","article_publisher":"https:\/\/www.facebook.com\/ufpel.nepsi\/","article_modified_time":"2021-10-20T15:48:35+00:00","og_image":[{"width":867,"height":715,"url":"https:\/\/i0.wp.com\/wp.ufpel.edu.br\/nepsi\/files\/2020\/06\/MINIATURAS-LARANJA-1.png?fit=867%2C715&ssl=1","type":"image\/png"}],"twitter_card":"summary_large_image","twitter_site":"@ufpel_nepsi","schema":{"@context":"https:\/\/schema.org","@graph":[{"@type":"WebPage","@id":"https:\/\/wp.ufpel.edu.br\/nepsi\/estudos\/","url":"https:\/\/wp.ufpel.edu.br\/nepsi\/estudos\/","name":"Estudos -","isPartOf":{"@id":"https:\/\/wp.ufpel.edu.br\/nepsi\/#website"},"datePublished":"2017-10-21T17:11:41+00:00","dateModified":"2021-10-20T15:48:35+00:00","breadcrumb":{"@id":"https:\/\/wp.ufpel.edu.br\/nepsi\/estudos\/#breadcrumb"},"inLanguage":"pt-BR","potentialAction":[{"@type":"ReadAction","target":["https:\/\/wp.ufpel.edu.br\/nepsi\/estudos\/"]}]},{"@type":"BreadcrumbList","@id":"https:\/\/wp.ufpel.edu.br\/nepsi\/estudos\/#breadcrumb","itemListElement":[{"@type":"ListItem","position":1,"name":"In\u00edcio","item":"https:\/\/wp.ufpel.edu.br\/nepsi\/"},{"@type":"ListItem","position":2,"name":"Estudos"}]},{"@type":"WebSite","@id":"https:\/\/wp.ufpel.edu.br\/nepsi\/#website","url":"https:\/\/wp.ufpel.edu.br\/nepsi\/","name":"","description":"Coordena\u00e7\u00e3o: Prof. Tiago Neuenfeld Munhoz","publisher":{"@id":"https:\/\/wp.ufpel.edu.br\/nepsi\/#organization"},"potentialAction":[{"@type":"SearchAction","target":{"@type":"EntryPoint","urlTemplate":"https:\/\/wp.ufpel.edu.br\/nepsi\/?s={search_term_string}"},"query-input":{"@type":"PropertyValueSpecification","valueRequired":true,"valueName":"search_term_string"}}],"inLanguage":"pt-BR"},{"@type":"Organization","@id":"https:\/\/wp.ufpel.edu.br\/nepsi\/#organization","name":"N\u00facleo de Estudos, Pesquisas e Interven\u00e7\u00f5es em Sa\u00fade Mental, Cogni\u00e7\u00e3o e Comportamento","url":"https:\/\/wp.ufpel.edu.br\/nepsi\/","logo":{"@type":"ImageObject","inLanguage":"pt-BR","@id":"https:\/\/wp.ufpel.edu.br\/nepsi\/#\/schema\/logo\/image\/","url":"https:\/\/i2.wp.com\/wp.ufpel.edu.br\/nepsi\/files\/2020\/06\/NEPSI-22-1.jpg?fit=632%2C591&ssl=1","contentUrl":"https:\/\/i2.wp.com\/wp.ufpel.edu.br\/nepsi\/files\/2020\/06\/NEPSI-22-1.jpg?fit=632%2C591&ssl=1","width":632,"height":591,"caption":"N\u00facleo de Estudos, Pesquisas e Interven\u00e7\u00f5es em Sa\u00fade Mental, Cogni\u00e7\u00e3o e Comportamento"},"image":{"@id":"https:\/\/wp.ufpel.edu.br\/nepsi\/#\/schema\/logo\/image\/"},"sameAs":["https:\/\/www.facebook.com\/ufpel.nepsi\/","https:\/\/x.com\/ufpel_nepsi","https:\/\/www.instagram.com\/ufpel_nepsi","https:\/\/www.youtube.com\/channel\/UCMFJAGTPIQf5MMjvJCDyPDw"]}]}},"jetpack_sharing_enabled":true,"jetpack_shortlink":"https:\/\/wp.me\/P9iCrQ-18","jetpack_likes_enabled":true,"jetpack-related-posts":[{"id":78,"url":"https:\/\/wp.ufpel.edu.br\/nepsi\/estudos\/infancia-e-adolescencia\/","url_meta":{"origin":70,"position":0},"title":"Inf\u00e2ncia e adolesc\u00eancia","author":"nepsi","date":"21\/10\/2017","format":false,"excerpt":"","rel":"","context":"Post similar","block_context":{"text":"Post similar","link":""},"img":{"alt_text":"","src":"","width":0,"height":0},"classes":[]},{"id":720,"url":"https:\/\/wp.ufpel.edu.br\/nepsi\/estudos\/monitorias\/","url_meta":{"origin":70,"position":1},"title":"Monitorias","author":"nepsi","date":"26\/06\/2020","format":false,"excerpt":"Caso tenha interesse em desenvolver monitoria volunt\u00e1ria, envie e-mail para nepsi.ufpel@gmail.com","rel":"","context":"Post similar","block_context":{"text":"Post similar","link":""},"img":{"alt_text":"","src":"","width":0,"height":0},"classes":[]},{"id":90,"url":"https:\/\/wp.ufpel.edu.br\/nepsi\/pesquisas\/pesquisas-finalizadas\/pense-2009-2012-e-2015\/","url_meta":{"origin":70,"position":2},"title":"PeNSE, 2009, 2012 e 2015","author":"nepsi","date":"21\/10\/2017","format":false,"excerpt":"\u00a0PESQUISA NACIONAL DE SA\u00daDE DO ESCOLAR (PeNSE) 2009, 2012 e 2015 \u00a0 Resumo:\u00a0o que \u00e9 a pesquisa? Informa\u00e7\u00f5es sobre as caracter\u00edsticas e aspectos metodol\u00f3gicos da pesquisa (IBGE)\u00a02009\u00a0,\u00a0\u00a02012,2015 Caracter\u00edsticas da Pesquisa Nacional de Sa\u00fade do Escolar \u2013 PeNSE Estudos publicados por outros autores:\u00a02009\u00a0,\u00a02012\u00a0,\u00a02015 \u00a0 Publica\u00e7\u00f5es \u00a0 Publica\u00e7\u00f5es NEPSI (coordenador e discentes)\u2026","rel":"","context":"Post similar","block_context":{"text":"Post similar","link":""},"img":{"alt_text":"","src":"","width":0,"height":0},"classes":[]},{"id":81,"url":"https:\/\/wp.ufpel.edu.br\/nepsi\/pesquisas\/","url_meta":{"origin":70,"position":3},"title":"Pesquisas","author":"nepsi","date":"21\/10\/2017","format":false,"excerpt":"Projetos de pesquisa Pesquisas em andamento Preven\u00e7\u00e3o da depress\u00e3o em adolescentes: interven\u00e7\u00e3o breve (orientada e autoorientada) Per\u00edodo: em andamento \u00a0\u2022\u00a0 Local: Pelotas (RS) Interven\u00e7\u00e3o cognitivo-comportamental breve para preven\u00e7\u00e3o da depress\u00e3o em adolescentes escolares. Em andamento Detalhes do projeto Pesquisas de fluxo cont\u00ednuo (a cada 2 anos) Perfil e sa\u00fade mental\u2026","rel":"","context":"Post similar","block_context":{"text":"Post similar","link":""},"img":{"alt_text":"","src":"","width":0,"height":0},"classes":[]},{"id":808,"url":"https:\/\/wp.ufpel.edu.br\/nepsi\/pesquisas\/colaboracoes-atuais\/","url_meta":{"origin":70,"position":4},"title":"Colabora\u00e7\u00f5es","author":"nepsi","date":"15\/07\/2020","format":false,"excerpt":"T\u00edtulo do Projeto:\u00a0 Avalia\u00e7\u00e3o do Impacto do Programa Crian\u00e7a Feliz Coordenador: C\u00e9sar G Victora (Programa de P\u00f3s-Gradua\u00e7\u00e3o em Epidemiologia) Pesquisadores: In\u00e1 da Silva dos Santos (Programa de P\u00f3s-Gradua\u00e7\u00e3o em Epidemiologia) Tiago Neuenfeld Munhoz (Curso de Psicologia e Programa de P\u00f3s-Gradua\u00e7\u00e3o em Epidemiologia) RESUMO: O objetivo do projeto ser\u00e1 avaliar o\u2026","rel":"","context":"Post similar","block_context":{"text":"Post similar","link":""},"img":{"alt_text":"","src":"","width":0,"height":0},"classes":[]},{"id":93,"url":"https:\/\/wp.ufpel.edu.br\/nepsi\/pesquisas\/pesquisas-finalizadas\/pns-2013\/","url_meta":{"origin":70,"position":5},"title":"PNS, 2013","author":"nepsi","date":"21\/10\/2017","format":false,"excerpt":"Sa\u00fade mental e viol\u00eancia no Brasil: Pesquisa Nacional de Sa\u00fade (PNS), 2013 Coordenador: Tiago Neuenfeld Munhoz \u00a0 RESUMO: Os objetivos do projeto s\u00e3o estudar a preval\u00eancia e fatores associados aos transtornos mentais, pensamentos suicidas e aos comportamentos violentos no Brasil, utilizando dados da Pesquisa Nacional de Sa\u00fade (PNS), 2013. O\u2026","rel":"","context":"Post similar","block_context":{"text":"Post similar","link":""},"img":{"alt_text":"","src":"","width":0,"height":0},"classes":[]}],"_links":{"self":[{"href":"https:\/\/wp.ufpel.edu.br\/nepsi\/wp-json\/wp\/v2\/pages\/70","targetHints":{"allow":["GET"]}}],"collection":[{"href":"https:\/\/wp.ufpel.edu.br\/nepsi\/wp-json\/wp\/v2\/pages"}],"about":[{"href":"https:\/\/wp.ufpel.edu.br\/nepsi\/wp-json\/wp\/v2\/types\/page"}],"author":[{"embeddable":true,"href":"https:\/\/wp.ufpel.edu.br\/nepsi\/wp-json\/wp\/v2\/users\/807"}],"replies":[{"embeddable":true,"href":"https:\/\/wp.ufpel.edu.br\/nepsi\/wp-json\/wp\/v2\/comments?post=70"}],"version-history":[{"count":1,"href":"https:\/\/wp.ufpel.edu.br\/nepsi\/wp-json\/wp\/v2\/pages\/70\/revisions"}],"predecessor-version":[{"id":72,"href":"https:\/\/wp.ufpel.edu.br\/nepsi\/wp-json\/wp\/v2\/pages\/70\/revisions\/72"}],"wp:attachment":[{"href":"https:\/\/wp.ufpel.edu.br\/nepsi\/wp-json\/wp\/v2\/media?parent=70"}],"curies":[{"name":"wp","href":"https:\/\/api.w.org\/{rel}","templated":true}]}}