{"id":565,"date":"2020-05-22T11:13:14","date_gmt":"2020-05-22T14:13:14","guid":{"rendered":"https:\/\/wp.ufpel.edu.br\/nepsi\/?page_id=565"},"modified":"2024-08-16T09:34:40","modified_gmt":"2024-08-16T12:34:40","slug":"calendario-academico","status":"publish","type":"page","link":"https:\/\/wp.ufpel.edu.br\/nepsi\/calendario-academico\/","title":{"rendered":"Calend\u00e1rio acad\u00eamico"},"content":{"rendered":"<div id=\"cobalto-calendario\" class=\"dados-cobalto cobalto-calendario\"><\/div>\n<script>\n\tconst agendaQueryURL = 'https:\/\/api.ufpel.edu.br\/publico\/calendarios\/academicos\/2024\/impressao',\n\t\t  mostraLegenda  = '1';\n<\/script>\n<script src=\"https:\/\/wp.ufpel.edu.br\/nepsi\/wp-content\/plugins\/dados-cobalto\/lib\/..\/js\/fullcalendar-5.11.0\/lib\/main.min.js\"><\/script>\n<script src=\"https:\/\/wp.ufpel.edu.br\/nepsi\/wp-content\/plugins\/dados-cobalto\/lib\/..\/js\/fullcalendar-5.11.0\/lib\/locales\/pt-br.js\"><\/script>\n<script src=\"https:\/\/wp.ufpel.edu.br\/nepsi\/wp-content\/plugins\/dados-cobalto\/lib\/..\/js\/tooltip\/popper.min.js\"><\/script>\n<script src=\"https:\/\/wp.ufpel.edu.br\/nepsi\/wp-content\/plugins\/dados-cobalto\/lib\/..\/js\/tooltip\/tooltip.min.js\"><\/script>\n<script src=\"https:\/\/wp.ufpel.edu.br\/nepsi\/wp-content\/plugins\/dados-cobalto\/lib\/..\/js\/agenda-fc.js\"><\/script>\n","protected":false},"excerpt":{"rendered":"","protected":false},"author":807,"featured_media":0,"parent":0,"menu_order":10,"comment_status":"closed","ping_status":"closed","template":"","meta":{"jetpack_post_was_ever_published":false,"footnotes":""},"class_list":["post-565","page","type-page","status-publish","hentry"],"yoast_head":"<!-- This site is optimized with the Yoast SEO plugin v26.7 - https:\/\/yoast.com\/wordpress\/plugins\/seo\/ -->\n<title>Calend\u00e1rio acad\u00eamico -<\/title>\n<meta name=\"robots\" content=\"index, follow, max-snippet:-1, max-image-preview:large, max-video-preview:-1\" \/>\n<link rel=\"canonical\" href=\"https:\/\/wp.ufpel.edu.br\/nepsi\/calendario-academico\/\" \/>\n<meta property=\"og:locale\" content=\"pt_BR\" \/>\n<meta property=\"og:type\" content=\"article\" \/>\n<meta property=\"og:title\" content=\"Calend\u00e1rio acad\u00eamico -\" \/>\n<meta property=\"og:url\" content=\"https:\/\/wp.ufpel.edu.br\/nepsi\/calendario-academico\/\" \/>\n<meta property=\"article:publisher\" content=\"https:\/\/www.facebook.com\/ufpel.nepsi\/\" \/>\n<meta property=\"article:modified_time\" content=\"2024-08-16T12:34:40+00:00\" \/>\n<meta property=\"og:image\" content=\"https:\/\/i0.wp.com\/wp.ufpel.edu.br\/nepsi\/files\/2020\/06\/MINIATURAS-LARANJA-1.png?fit=867%2C715&ssl=1\" \/>\n\t<meta property=\"og:image:width\" content=\"867\" \/>\n\t<meta property=\"og:image:height\" content=\"715\" \/>\n\t<meta property=\"og:image:type\" content=\"image\/png\" \/>\n<meta name=\"twitter:card\" content=\"summary_large_image\" \/>\n<meta name=\"twitter:site\" content=\"@ufpel_nepsi\" \/>\n<meta name=\"twitter:label1\" content=\"Est. tempo de leitura\" \/>\n\t<meta name=\"twitter:data1\" content=\"1 minuto\" \/>\n<script type=\"application\/ld+json\" class=\"yoast-schema-graph\">{\"@context\":\"https:\/\/schema.org\",\"@graph\":[{\"@type\":\"WebPage\",\"@id\":\"https:\/\/wp.ufpel.edu.br\/nepsi\/calendario-academico\/\",\"url\":\"https:\/\/wp.ufpel.edu.br\/nepsi\/calendario-academico\/\",\"name\":\"Calend\u00e1rio acad\u00eamico -\",\"isPartOf\":{\"@id\":\"https:\/\/wp.ufpel.edu.br\/nepsi\/#website\"},\"datePublished\":\"2020-05-22T14:13:14+00:00\",\"dateModified\":\"2024-08-16T12:34:40+00:00\",\"breadcrumb\":{\"@id\":\"https:\/\/wp.ufpel.edu.br\/nepsi\/calendario-academico\/#breadcrumb\"},\"inLanguage\":\"pt-BR\",\"potentialAction\":[{\"@type\":\"ReadAction\",\"target\":[\"https:\/\/wp.ufpel.edu.br\/nepsi\/calendario-academico\/\"]}]},{\"@type\":\"BreadcrumbList\",\"@id\":\"https:\/\/wp.ufpel.edu.br\/nepsi\/calendario-academico\/#breadcrumb\",\"itemListElement\":[{\"@type\":\"ListItem\",\"position\":1,\"name\":\"In\u00edcio\",\"item\":\"https:\/\/wp.ufpel.edu.br\/nepsi\/\"},{\"@type\":\"ListItem\",\"position\":2,\"name\":\"Calend\u00e1rio acad\u00eamico\"}]},{\"@type\":\"WebSite\",\"@id\":\"https:\/\/wp.ufpel.edu.br\/nepsi\/#website\",\"url\":\"https:\/\/wp.ufpel.edu.br\/nepsi\/\",\"name\":\"\",\"description\":\"Coordena\u00e7\u00e3o: Prof. Tiago Neuenfeld Munhoz\",\"publisher\":{\"@id\":\"https:\/\/wp.ufpel.edu.br\/nepsi\/#organization\"},\"potentialAction\":[{\"@type\":\"SearchAction\",\"target\":{\"@type\":\"EntryPoint\",\"urlTemplate\":\"https:\/\/wp.ufpel.edu.br\/nepsi\/?s={search_term_string}\"},\"query-input\":{\"@type\":\"PropertyValueSpecification\",\"valueRequired\":true,\"valueName\":\"search_term_string\"}}],\"inLanguage\":\"pt-BR\"},{\"@type\":\"Organization\",\"@id\":\"https:\/\/wp.ufpel.edu.br\/nepsi\/#organization\",\"name\":\"N\u00facleo de Estudos, Pesquisas e Interven\u00e7\u00f5es em Sa\u00fade Mental, Cogni\u00e7\u00e3o e Comportamento\",\"url\":\"https:\/\/wp.ufpel.edu.br\/nepsi\/\",\"logo\":{\"@type\":\"ImageObject\",\"inLanguage\":\"pt-BR\",\"@id\":\"https:\/\/wp.ufpel.edu.br\/nepsi\/#\/schema\/logo\/image\/\",\"url\":\"https:\/\/i2.wp.com\/wp.ufpel.edu.br\/nepsi\/files\/2020\/06\/NEPSI-22-1.jpg?fit=632%2C591&ssl=1\",\"contentUrl\":\"https:\/\/i2.wp.com\/wp.ufpel.edu.br\/nepsi\/files\/2020\/06\/NEPSI-22-1.jpg?fit=632%2C591&ssl=1\",\"width\":632,\"height\":591,\"caption\":\"N\u00facleo de Estudos, Pesquisas e Interven\u00e7\u00f5es em Sa\u00fade Mental, Cogni\u00e7\u00e3o e Comportamento\"},\"image\":{\"@id\":\"https:\/\/wp.ufpel.edu.br\/nepsi\/#\/schema\/logo\/image\/\"},\"sameAs\":[\"https:\/\/www.facebook.com\/ufpel.nepsi\/\",\"https:\/\/x.com\/ufpel_nepsi\",\"https:\/\/www.instagram.com\/ufpel_nepsi\",\"https:\/\/www.youtube.com\/channel\/UCMFJAGTPIQf5MMjvJCDyPDw\"]}]}<\/script>\n<!-- \/ Yoast SEO plugin. -->","yoast_head_json":{"title":"Calend\u00e1rio acad\u00eamico -","robots":{"index":"index","follow":"follow","max-snippet":"max-snippet:-1","max-image-preview":"max-image-preview:large","max-video-preview":"max-video-preview:-1"},"canonical":"https:\/\/wp.ufpel.edu.br\/nepsi\/calendario-academico\/","og_locale":"pt_BR","og_type":"article","og_title":"Calend\u00e1rio acad\u00eamico -","og_url":"https:\/\/wp.ufpel.edu.br\/nepsi\/calendario-academico\/","article_publisher":"https:\/\/www.facebook.com\/ufpel.nepsi\/","article_modified_time":"2024-08-16T12:34:40+00:00","og_image":[{"width":867,"height":715,"url":"https:\/\/i0.wp.com\/wp.ufpel.edu.br\/nepsi\/files\/2020\/06\/MINIATURAS-LARANJA-1.png?fit=867%2C715&ssl=1","type":"image\/png"}],"twitter_card":"summary_large_image","twitter_site":"@ufpel_nepsi","twitter_misc":{"Est. tempo de leitura":"1 minuto"},"schema":{"@context":"https:\/\/schema.org","@graph":[{"@type":"WebPage","@id":"https:\/\/wp.ufpel.edu.br\/nepsi\/calendario-academico\/","url":"https:\/\/wp.ufpel.edu.br\/nepsi\/calendario-academico\/","name":"Calend\u00e1rio acad\u00eamico -","isPartOf":{"@id":"https:\/\/wp.ufpel.edu.br\/nepsi\/#website"},"datePublished":"2020-05-22T14:13:14+00:00","dateModified":"2024-08-16T12:34:40+00:00","breadcrumb":{"@id":"https:\/\/wp.ufpel.edu.br\/nepsi\/calendario-academico\/#breadcrumb"},"inLanguage":"pt-BR","potentialAction":[{"@type":"ReadAction","target":["https:\/\/wp.ufpel.edu.br\/nepsi\/calendario-academico\/"]}]},{"@type":"BreadcrumbList","@id":"https:\/\/wp.ufpel.edu.br\/nepsi\/calendario-academico\/#breadcrumb","itemListElement":[{"@type":"ListItem","position":1,"name":"In\u00edcio","item":"https:\/\/wp.ufpel.edu.br\/nepsi\/"},{"@type":"ListItem","position":2,"name":"Calend\u00e1rio acad\u00eamico"}]},{"@type":"WebSite","@id":"https:\/\/wp.ufpel.edu.br\/nepsi\/#website","url":"https:\/\/wp.ufpel.edu.br\/nepsi\/","name":"","description":"Coordena\u00e7\u00e3o: Prof. Tiago Neuenfeld Munhoz","publisher":{"@id":"https:\/\/wp.ufpel.edu.br\/nepsi\/#organization"},"potentialAction":[{"@type":"SearchAction","target":{"@type":"EntryPoint","urlTemplate":"https:\/\/wp.ufpel.edu.br\/nepsi\/?s={search_term_string}"},"query-input":{"@type":"PropertyValueSpecification","valueRequired":true,"valueName":"search_term_string"}}],"inLanguage":"pt-BR"},{"@type":"Organization","@id":"https:\/\/wp.ufpel.edu.br\/nepsi\/#organization","name":"N\u00facleo de Estudos, Pesquisas e Interven\u00e7\u00f5es em Sa\u00fade Mental, Cogni\u00e7\u00e3o e Comportamento","url":"https:\/\/wp.ufpel.edu.br\/nepsi\/","logo":{"@type":"ImageObject","inLanguage":"pt-BR","@id":"https:\/\/wp.ufpel.edu.br\/nepsi\/#\/schema\/logo\/image\/","url":"https:\/\/i2.wp.com\/wp.ufpel.edu.br\/nepsi\/files\/2020\/06\/NEPSI-22-1.jpg?fit=632%2C591&ssl=1","contentUrl":"https:\/\/i2.wp.com\/wp.ufpel.edu.br\/nepsi\/files\/2020\/06\/NEPSI-22-1.jpg?fit=632%2C591&ssl=1","width":632,"height":591,"caption":"N\u00facleo de Estudos, Pesquisas e Interven\u00e7\u00f5es em Sa\u00fade Mental, Cogni\u00e7\u00e3o e Comportamento"},"image":{"@id":"https:\/\/wp.ufpel.edu.br\/nepsi\/#\/schema\/logo\/image\/"},"sameAs":["https:\/\/www.facebook.com\/ufpel.nepsi\/","https:\/\/x.com\/ufpel_nepsi","https:\/\/www.instagram.com\/ufpel_nepsi","https:\/\/www.youtube.com\/channel\/UCMFJAGTPIQf5MMjvJCDyPDw"]}]}},"jetpack_sharing_enabled":true,"jetpack_shortlink":"https:\/\/wp.me\/P9iCrQ-97","jetpack_likes_enabled":true,"jetpack-related-posts":[{"id":1388,"url":"https:\/\/wp.ufpel.edu.br\/nepsi\/midia\/","url_meta":{"origin":565,"position":0},"title":"M\u00eddia","author":"nepsi","date":"30\/03\/2021","format":false,"excerpt":"Leituras recomendadas: Maternal depression found to disrupt key parenting behaviors - News Medical Maternal depression linked to poor parenting outcomes - Contemporary OB\/GYN The impact of maternal depression on parenting - Medxy.ai Maternal depression and child bonding - Neuroscience News Maternal depression and child bonding (post) - Neuroscience News (X\/Twitter)\u2026","rel":"","context":"Post similar","block_context":{"text":"Post similar","link":""},"img":{"alt_text":"","src":"","width":0,"height":0},"classes":[]},{"id":2862,"url":"https:\/\/wp.ufpel.edu.br\/nepsi\/pesquisas\/perfil-dos-estudantes-de-psicologia\/","url_meta":{"origin":565,"position":1},"title":"Perfil dos estudantes de Psicologia","author":"nepsi","date":"26\/03\/2026","format":false,"excerpt":"Perfil e sa\u00fade mental de estudantes de Psicologia T\u00edtulo do projeto Contextualiza\u00e7\u00e3o A forma\u00e7\u00e3o universit\u00e1ria em Psicologia envolve desafios acad\u00eamicos, sociais e emocionais que impactam diretamente o bem-estar dos estudantes. Conhecer quem s\u00e3o esses alunos, suas trajet\u00f3rias, condi\u00e7\u00f5es de vida, expectativas e dificuldades \u00e9 fundamental para qualificar a forma\u00e7\u00e3o e\u2026","rel":"","context":"Post similar","block_context":{"text":"Post similar","link":""},"img":{"alt_text":"","src":"","width":0,"height":0},"classes":[]},{"id":81,"url":"https:\/\/wp.ufpel.edu.br\/nepsi\/pesquisas\/","url_meta":{"origin":565,"position":2},"title":"Pesquisas","author":"nepsi","date":"21\/10\/2017","format":false,"excerpt":"Projetos de pesquisa Pesquisas em andamento Preven\u00e7\u00e3o da depress\u00e3o em adolescentes: interven\u00e7\u00e3o breve (orientada e autoorientada) Per\u00edodo: em andamento \u00a0\u2022\u00a0 Local: Pelotas (RS) Interven\u00e7\u00e3o cognitivo-comportamental breve para preven\u00e7\u00e3o da depress\u00e3o em adolescentes escolares. Em andamento Detalhes do projeto Pesquisas de fluxo cont\u00ednuo (a cada 2 anos) Perfil e sa\u00fade mental\u2026","rel":"","context":"Post similar","block_context":{"text":"Post similar","link":""},"img":{"alt_text":"","src":"","width":0,"height":0},"classes":[]},{"id":717,"url":"https:\/\/wp.ufpel.edu.br\/nepsi\/estudos\/estresse-e-saude\/","url_meta":{"origin":565,"position":3},"title":"Estresse e Sa\u00fade","author":"nepsi","date":"26\/06\/2020","format":false,"excerpt":"Em raz\u00e3o da suspens\u00e3o do calend\u00e1rio letivo regular devido a pandemia do novo coronav\u00edrus, foi elaborado um projeto de ensino, com a\u00e7\u00f5es de extens\u00e3o, para ser realizado durante o calend\u00e1rio letivo alternativo 2020\/1. O projeto tem como foco discutir pesquisas e interven\u00e7\u00f5es no \u00e2mbito do estresse e sa\u00fade mental. Ser\u00e3o\u2026","rel":"","context":"Post similar","block_context":{"text":"Post similar","link":""},"img":{"alt_text":"","src":"","width":0,"height":0},"classes":[]},{"id":105,"url":"https:\/\/wp.ufpel.edu.br\/nepsi\/equipe\/","url_meta":{"origin":565,"position":4},"title":"Equipe","author":"nepsi","date":"21\/10\/2017","format":false,"excerpt":"Coordena\u00e7\u00e3o geral Tiago Neuenfeld Munhoz Professor do Curso de Psicologia \u2013 UFPel Curr\u00edculo Lattes Contato (e-mail) Equipe discente Produ\u00e7\u00f5es (desde 2016) \u2014 organizado por ano Tabelas por ano (ordem decrescente). 2025 TipoAnoNome Inicia\u00e7\u00e3o Cient\u00edfica (em andamento)2025LUISA PALMERO LORENZON Inicia\u00e7\u00e3o Cient\u00edfica (em andamento)2025NATALI PERES DE OLIVEIRA Mestrado (em andamento)2025Ja\u00edne Corr\u00eaa Pereira\u2026","rel":"","context":"Post similar","block_context":{"text":"Post similar","link":""},"img":{"alt_text":"","src":"","width":0,"height":0},"classes":[]},{"id":90,"url":"https:\/\/wp.ufpel.edu.br\/nepsi\/pesquisas\/pesquisas-finalizadas\/pense-2009-2012-e-2015\/","url_meta":{"origin":565,"position":5},"title":"PeNSE, 2009, 2012 e 2015","author":"nepsi","date":"21\/10\/2017","format":false,"excerpt":"\u00a0PESQUISA NACIONAL DE SA\u00daDE DO ESCOLAR (PeNSE) 2009, 2012 e 2015 \u00a0 Resumo:\u00a0o que \u00e9 a pesquisa? Informa\u00e7\u00f5es sobre as caracter\u00edsticas e aspectos metodol\u00f3gicos da pesquisa (IBGE)\u00a02009\u00a0,\u00a0\u00a02012,2015 Caracter\u00edsticas da Pesquisa Nacional de Sa\u00fade do Escolar \u2013 PeNSE Estudos publicados por outros autores:\u00a02009\u00a0,\u00a02012\u00a0,\u00a02015 \u00a0 Publica\u00e7\u00f5es \u00a0 Publica\u00e7\u00f5es NEPSI (coordenador e discentes)\u2026","rel":"","context":"Post similar","block_context":{"text":"Post similar","link":""},"img":{"alt_text":"","src":"","width":0,"height":0},"classes":[]}],"_links":{"self":[{"href":"https:\/\/wp.ufpel.edu.br\/nepsi\/wp-json\/wp\/v2\/pages\/565","targetHints":{"allow":["GET"]}}],"collection":[{"href":"https:\/\/wp.ufpel.edu.br\/nepsi\/wp-json\/wp\/v2\/pages"}],"about":[{"href":"https:\/\/wp.ufpel.edu.br\/nepsi\/wp-json\/wp\/v2\/types\/page"}],"author":[{"embeddable":true,"href":"https:\/\/wp.ufpel.edu.br\/nepsi\/wp-json\/wp\/v2\/users\/807"}],"replies":[{"embeddable":true,"href":"https:\/\/wp.ufpel.edu.br\/nepsi\/wp-json\/wp\/v2\/comments?post=565"}],"version-history":[{"count":2,"href":"https:\/\/wp.ufpel.edu.br\/nepsi\/wp-json\/wp\/v2\/pages\/565\/revisions"}],"predecessor-version":[{"id":2548,"href":"https:\/\/wp.ufpel.edu.br\/nepsi\/wp-json\/wp\/v2\/pages\/565\/revisions\/2548"}],"wp:attachment":[{"href":"https:\/\/wp.ufpel.edu.br\/nepsi\/wp-json\/wp\/v2\/media?parent=565"}],"curies":[{"name":"wp","href":"https:\/\/api.w.org\/{rel}","templated":true}]}}