{"id":2640,"date":"2025-06-09T21:34:23","date_gmt":"2025-06-10T00:34:23","guid":{"rendered":"https:\/\/wp.ufpel.edu.br\/nepsi\/?page_id=2640"},"modified":"2025-07-07T21:32:21","modified_gmt":"2025-07-08T00:32:21","slug":"iniciacao-cientifica","status":"publish","type":"page","link":"https:\/\/wp.ufpel.edu.br\/nepsi\/editais\/2025-2\/iniciacao-cientifica\/","title":{"rendered":"Inicia\u00e7\u00e3o Cient\u00edfica"},"content":{"rendered":"\n<p>Edital <\/p>\n\n\n\n<div data-wp-interactive=\"core\/file\" class=\"wp-block-file\"><object data-wp-bind--hidden=\"!state.hasPdfPreview\" hidden class=\"wp-block-file__embed\" data=\"https:\/\/wp.ufpel.edu.br\/nepsi\/files\/2025\/07\/2025_NEPSI_IC.pdf\" type=\"application\/pdf\" style=\"width:100%;height:419px\" aria-label=\"Incorporado de 2025_NEPSI_IC.\"><\/object><a id=\"wp-block-file--media-1d31133d-b5ce-4f2f-954a-0ac52150cd31\" href=\"https:\/\/wp.ufpel.edu.br\/nepsi\/files\/2025\/07\/2025_NEPSI_IC.pdf\" target=\"_blank\" rel=\"noreferrer noopener\">2025_NEPSI_IC<\/a><a href=\"https:\/\/wp.ufpel.edu.br\/nepsi\/files\/2025\/07\/2025_NEPSI_IC.pdf\" class=\"wp-block-file__button wp-element-button\" download aria-describedby=\"wp-block-file--media-1d31133d-b5ce-4f2f-954a-0ac52150cd31\">Baixar<\/a><\/div>\n","protected":false},"excerpt":{"rendered":"<p>Edital<\/p>\n","protected":false},"author":807,"featured_media":0,"parent":2630,"menu_order":0,"comment_status":"closed","ping_status":"closed","template":"","meta":{"jetpack_post_was_ever_published":false,"footnotes":""},"class_list":["post-2640","page","type-page","status-publish","hentry"],"yoast_head":"<!-- This site is optimized with the Yoast SEO plugin v26.7 - https:\/\/yoast.com\/wordpress\/plugins\/seo\/ -->\n<title>Inicia\u00e7\u00e3o Cient\u00edfica -<\/title>\n<meta name=\"robots\" content=\"index, follow, max-snippet:-1, max-image-preview:large, max-video-preview:-1\" \/>\n<link rel=\"canonical\" href=\"https:\/\/wp.ufpel.edu.br\/nepsi\/editais\/2025-2\/iniciacao-cientifica\/\" \/>\n<meta property=\"og:locale\" content=\"pt_BR\" \/>\n<meta property=\"og:type\" content=\"article\" \/>\n<meta property=\"og:title\" content=\"Inicia\u00e7\u00e3o Cient\u00edfica -\" \/>\n<meta property=\"og:description\" content=\"Edital\" \/>\n<meta property=\"og:url\" content=\"https:\/\/wp.ufpel.edu.br\/nepsi\/editais\/2025-2\/iniciacao-cientifica\/\" \/>\n<meta property=\"article:publisher\" content=\"https:\/\/www.facebook.com\/ufpel.nepsi\/\" \/>\n<meta property=\"article:modified_time\" content=\"2025-07-08T00:32:21+00:00\" \/>\n<meta property=\"og:image\" content=\"https:\/\/i0.wp.com\/wp.ufpel.edu.br\/nepsi\/files\/2020\/06\/MINIATURAS-LARANJA-1.png?fit=867%2C715&ssl=1\" \/>\n\t<meta property=\"og:image:width\" content=\"867\" \/>\n\t<meta property=\"og:image:height\" content=\"715\" \/>\n\t<meta property=\"og:image:type\" content=\"image\/png\" \/>\n<meta name=\"twitter:card\" content=\"summary_large_image\" \/>\n<meta name=\"twitter:site\" content=\"@ufpel_nepsi\" \/>\n<meta name=\"twitter:label1\" content=\"Est. tempo de leitura\" \/>\n\t<meta name=\"twitter:data1\" content=\"1 minuto\" \/>\n<script type=\"application\/ld+json\" class=\"yoast-schema-graph\">{\"@context\":\"https:\/\/schema.org\",\"@graph\":[{\"@type\":\"WebPage\",\"@id\":\"https:\/\/wp.ufpel.edu.br\/nepsi\/editais\/2025-2\/iniciacao-cientifica\/\",\"url\":\"https:\/\/wp.ufpel.edu.br\/nepsi\/editais\/2025-2\/iniciacao-cientifica\/\",\"name\":\"Inicia\u00e7\u00e3o Cient\u00edfica -\",\"isPartOf\":{\"@id\":\"https:\/\/wp.ufpel.edu.br\/nepsi\/#website\"},\"datePublished\":\"2025-06-10T00:34:23+00:00\",\"dateModified\":\"2025-07-08T00:32:21+00:00\",\"breadcrumb\":{\"@id\":\"https:\/\/wp.ufpel.edu.br\/nepsi\/editais\/2025-2\/iniciacao-cientifica\/#breadcrumb\"},\"inLanguage\":\"pt-BR\",\"potentialAction\":[{\"@type\":\"ReadAction\",\"target\":[\"https:\/\/wp.ufpel.edu.br\/nepsi\/editais\/2025-2\/iniciacao-cientifica\/\"]}]},{\"@type\":\"BreadcrumbList\",\"@id\":\"https:\/\/wp.ufpel.edu.br\/nepsi\/editais\/2025-2\/iniciacao-cientifica\/#breadcrumb\",\"itemListElement\":[{\"@type\":\"ListItem\",\"position\":1,\"name\":\"In\u00edcio\",\"item\":\"https:\/\/wp.ufpel.edu.br\/nepsi\/\"},{\"@type\":\"ListItem\",\"position\":2,\"name\":\"Editais\",\"item\":\"https:\/\/wp.ufpel.edu.br\/nepsi\/editais\/\"},{\"@type\":\"ListItem\",\"position\":3,\"name\":\"2025\",\"item\":\"https:\/\/wp.ufpel.edu.br\/nepsi\/editais\/2025-2\/\"},{\"@type\":\"ListItem\",\"position\":4,\"name\":\"Inicia\u00e7\u00e3o Cient\u00edfica\"}]},{\"@type\":\"WebSite\",\"@id\":\"https:\/\/wp.ufpel.edu.br\/nepsi\/#website\",\"url\":\"https:\/\/wp.ufpel.edu.br\/nepsi\/\",\"name\":\"\",\"description\":\"Coordena\u00e7\u00e3o: Prof. Tiago Neuenfeld Munhoz\",\"publisher\":{\"@id\":\"https:\/\/wp.ufpel.edu.br\/nepsi\/#organization\"},\"potentialAction\":[{\"@type\":\"SearchAction\",\"target\":{\"@type\":\"EntryPoint\",\"urlTemplate\":\"https:\/\/wp.ufpel.edu.br\/nepsi\/?s={search_term_string}\"},\"query-input\":{\"@type\":\"PropertyValueSpecification\",\"valueRequired\":true,\"valueName\":\"search_term_string\"}}],\"inLanguage\":\"pt-BR\"},{\"@type\":\"Organization\",\"@id\":\"https:\/\/wp.ufpel.edu.br\/nepsi\/#organization\",\"name\":\"N\u00facleo de Estudos, Pesquisas e Interven\u00e7\u00f5es em Sa\u00fade Mental, Cogni\u00e7\u00e3o e Comportamento\",\"url\":\"https:\/\/wp.ufpel.edu.br\/nepsi\/\",\"logo\":{\"@type\":\"ImageObject\",\"inLanguage\":\"pt-BR\",\"@id\":\"https:\/\/wp.ufpel.edu.br\/nepsi\/#\/schema\/logo\/image\/\",\"url\":\"https:\/\/i2.wp.com\/wp.ufpel.edu.br\/nepsi\/files\/2020\/06\/NEPSI-22-1.jpg?fit=632%2C591&ssl=1\",\"contentUrl\":\"https:\/\/i2.wp.com\/wp.ufpel.edu.br\/nepsi\/files\/2020\/06\/NEPSI-22-1.jpg?fit=632%2C591&ssl=1\",\"width\":632,\"height\":591,\"caption\":\"N\u00facleo de Estudos, Pesquisas e Interven\u00e7\u00f5es em Sa\u00fade Mental, Cogni\u00e7\u00e3o e Comportamento\"},\"image\":{\"@id\":\"https:\/\/wp.ufpel.edu.br\/nepsi\/#\/schema\/logo\/image\/\"},\"sameAs\":[\"https:\/\/www.facebook.com\/ufpel.nepsi\/\",\"https:\/\/x.com\/ufpel_nepsi\",\"https:\/\/www.instagram.com\/ufpel_nepsi\",\"https:\/\/www.youtube.com\/channel\/UCMFJAGTPIQf5MMjvJCDyPDw\"]}]}<\/script>\n<!-- \/ Yoast SEO plugin. -->","yoast_head_json":{"title":"Inicia\u00e7\u00e3o Cient\u00edfica -","robots":{"index":"index","follow":"follow","max-snippet":"max-snippet:-1","max-image-preview":"max-image-preview:large","max-video-preview":"max-video-preview:-1"},"canonical":"https:\/\/wp.ufpel.edu.br\/nepsi\/editais\/2025-2\/iniciacao-cientifica\/","og_locale":"pt_BR","og_type":"article","og_title":"Inicia\u00e7\u00e3o Cient\u00edfica -","og_description":"Edital","og_url":"https:\/\/wp.ufpel.edu.br\/nepsi\/editais\/2025-2\/iniciacao-cientifica\/","article_publisher":"https:\/\/www.facebook.com\/ufpel.nepsi\/","article_modified_time":"2025-07-08T00:32:21+00:00","og_image":[{"width":867,"height":715,"url":"https:\/\/i0.wp.com\/wp.ufpel.edu.br\/nepsi\/files\/2020\/06\/MINIATURAS-LARANJA-1.png?fit=867%2C715&ssl=1","type":"image\/png"}],"twitter_card":"summary_large_image","twitter_site":"@ufpel_nepsi","twitter_misc":{"Est. tempo de leitura":"1 minuto"},"schema":{"@context":"https:\/\/schema.org","@graph":[{"@type":"WebPage","@id":"https:\/\/wp.ufpel.edu.br\/nepsi\/editais\/2025-2\/iniciacao-cientifica\/","url":"https:\/\/wp.ufpel.edu.br\/nepsi\/editais\/2025-2\/iniciacao-cientifica\/","name":"Inicia\u00e7\u00e3o Cient\u00edfica -","isPartOf":{"@id":"https:\/\/wp.ufpel.edu.br\/nepsi\/#website"},"datePublished":"2025-06-10T00:34:23+00:00","dateModified":"2025-07-08T00:32:21+00:00","breadcrumb":{"@id":"https:\/\/wp.ufpel.edu.br\/nepsi\/editais\/2025-2\/iniciacao-cientifica\/#breadcrumb"},"inLanguage":"pt-BR","potentialAction":[{"@type":"ReadAction","target":["https:\/\/wp.ufpel.edu.br\/nepsi\/editais\/2025-2\/iniciacao-cientifica\/"]}]},{"@type":"BreadcrumbList","@id":"https:\/\/wp.ufpel.edu.br\/nepsi\/editais\/2025-2\/iniciacao-cientifica\/#breadcrumb","itemListElement":[{"@type":"ListItem","position":1,"name":"In\u00edcio","item":"https:\/\/wp.ufpel.edu.br\/nepsi\/"},{"@type":"ListItem","position":2,"name":"Editais","item":"https:\/\/wp.ufpel.edu.br\/nepsi\/editais\/"},{"@type":"ListItem","position":3,"name":"2025","item":"https:\/\/wp.ufpel.edu.br\/nepsi\/editais\/2025-2\/"},{"@type":"ListItem","position":4,"name":"Inicia\u00e7\u00e3o Cient\u00edfica"}]},{"@type":"WebSite","@id":"https:\/\/wp.ufpel.edu.br\/nepsi\/#website","url":"https:\/\/wp.ufpel.edu.br\/nepsi\/","name":"","description":"Coordena\u00e7\u00e3o: Prof. Tiago Neuenfeld Munhoz","publisher":{"@id":"https:\/\/wp.ufpel.edu.br\/nepsi\/#organization"},"potentialAction":[{"@type":"SearchAction","target":{"@type":"EntryPoint","urlTemplate":"https:\/\/wp.ufpel.edu.br\/nepsi\/?s={search_term_string}"},"query-input":{"@type":"PropertyValueSpecification","valueRequired":true,"valueName":"search_term_string"}}],"inLanguage":"pt-BR"},{"@type":"Organization","@id":"https:\/\/wp.ufpel.edu.br\/nepsi\/#organization","name":"N\u00facleo de Estudos, Pesquisas e Interven\u00e7\u00f5es em Sa\u00fade Mental, Cogni\u00e7\u00e3o e Comportamento","url":"https:\/\/wp.ufpel.edu.br\/nepsi\/","logo":{"@type":"ImageObject","inLanguage":"pt-BR","@id":"https:\/\/wp.ufpel.edu.br\/nepsi\/#\/schema\/logo\/image\/","url":"https:\/\/i2.wp.com\/wp.ufpel.edu.br\/nepsi\/files\/2020\/06\/NEPSI-22-1.jpg?fit=632%2C591&ssl=1","contentUrl":"https:\/\/i2.wp.com\/wp.ufpel.edu.br\/nepsi\/files\/2020\/06\/NEPSI-22-1.jpg?fit=632%2C591&ssl=1","width":632,"height":591,"caption":"N\u00facleo de Estudos, Pesquisas e Interven\u00e7\u00f5es em Sa\u00fade Mental, Cogni\u00e7\u00e3o e Comportamento"},"image":{"@id":"https:\/\/wp.ufpel.edu.br\/nepsi\/#\/schema\/logo\/image\/"},"sameAs":["https:\/\/www.facebook.com\/ufpel.nepsi\/","https:\/\/x.com\/ufpel_nepsi","https:\/\/www.instagram.com\/ufpel_nepsi","https:\/\/www.youtube.com\/channel\/UCMFJAGTPIQf5MMjvJCDyPDw"]}]}},"jetpack_sharing_enabled":true,"jetpack_shortlink":"https:\/\/wp.me\/P9iCrQ-GA","jetpack_likes_enabled":true,"jetpack-related-posts":[{"id":2524,"url":"https:\/\/wp.ufpel.edu.br\/nepsi\/editais\/2024-2\/iniciacao-cientifica\/","url_meta":{"origin":2640,"position":0},"title":"Inicia\u00e7\u00e3o Cientifica","author":"nepsi","date":"15\/08\/2024","format":false,"excerpt":"2024_IC_NEPSIBaixar","rel":"","context":"Post similar","block_context":{"text":"Post similar","link":""},"img":{"alt_text":"","src":"https:\/\/i0.wp.com\/wp.ufpel.edu.br\/nepsi\/files\/2024\/08\/2024_IC_NEPSI_card.png?fit=848%2C1200&ssl=1&resize=350%2C200","width":350,"height":200,"srcset":"https:\/\/i0.wp.com\/wp.ufpel.edu.br\/nepsi\/files\/2024\/08\/2024_IC_NEPSI_card.png?fit=848%2C1200&ssl=1&resize=350%2C200 1x, https:\/\/i0.wp.com\/wp.ufpel.edu.br\/nepsi\/files\/2024\/08\/2024_IC_NEPSI_card.png?fit=848%2C1200&ssl=1&resize=525%2C300 1.5x, https:\/\/i0.wp.com\/wp.ufpel.edu.br\/nepsi\/files\/2024\/08\/2024_IC_NEPSI_card.png?fit=848%2C1200&ssl=1&resize=700%2C400 2x"},"classes":[]},{"id":2338,"url":"https:\/\/wp.ufpel.edu.br\/nepsi\/editais\/2024-2\/","url_meta":{"origin":2640,"position":1},"title":"2024","author":"nepsi","date":"17\/01\/2024","format":false,"excerpt":"https:\/\/wp.ufpel.edu.br\/nepsi\/editais\/2024-2\/entrevistadores https:\/\/wp.ufpel.edu.br\/nepsi\/editais\/2024-2\/iniciacao-cientifica","rel":"","context":"Post similar","block_context":{"text":"Post similar","link":""},"img":{"alt_text":"","src":"","width":0,"height":0},"classes":[]},{"id":2637,"url":"https:\/\/wp.ufpel.edu.br\/nepsi\/editais\/2025-2\/assistentes-de-pesquisa\/","url_meta":{"origin":2640,"position":2},"title":"Assistentes de pesquisa","author":"nepsi","date":"09\/06\/2025","format":false,"excerpt":"Assistente de Pesquisa - Edital 02\/2025 Assistente de Pesquisa Edital 02\/2025 Publicado em: 05 de agosto de 2025 Est\u00e1 dispon\u00edvel o edital para a sele\u00e7\u00e3o de Assistente de Pesquisa no \u00e2mbito do projeto NEPSI da UFPel. Os interessados devem consultar o documento completo no link abaixo: Acessar Edital 02\/2025 (PDF)","rel":"","context":"Post similar","block_context":{"text":"Post similar","link":""},"img":{"alt_text":"","src":"","width":0,"height":0},"classes":[]},{"id":2001,"url":"https:\/\/wp.ufpel.edu.br\/nepsi\/editais\/2022-2\/mestrado\/","url_meta":{"origin":2640,"position":3},"title":"Mestrado","author":"nepsi","date":"20\/11\/2022","format":false,"excerpt":"Edital 04\/2022 - Sele\u00e7\u00e3o Especial e Simplificada Mestrado em Psicologia - Edital Fam\u00edlia e Politicas","rel":"","context":"Post similar","block_context":{"text":"Post similar","link":""},"img":{"alt_text":"","src":"","width":0,"height":0},"classes":[]},{"id":1639,"url":"https:\/\/wp.ufpel.edu.br\/nepsi\/editais\/2021-2\/","url_meta":{"origin":2640,"position":4},"title":"2021","author":"nepsi","date":"30\/08\/2021","format":false,"excerpt":"ACESSE O EDITAL: 2021 - EDITAL P\u00daBLICO - DUAS VAGAS DE P\u00d3S-DOUTORADO\u00a0 Divulga\u00e7\u00e3o DUAS VAGAS DE P\u00d3S-DOUTORADO\u00a0 \u00a0","rel":"","context":"Post similar","block_context":{"text":"Post similar","link":""},"img":{"alt_text":"","src":"https:\/\/i0.wp.com\/wp.ufpel.edu.br\/nepsi\/files\/2021\/08\/Panfleto.jpg?fit=848%2C1200&ssl=1&resize=350%2C200","width":350,"height":200,"srcset":"https:\/\/i0.wp.com\/wp.ufpel.edu.br\/nepsi\/files\/2021\/08\/Panfleto.jpg?fit=848%2C1200&ssl=1&resize=350%2C200 1x, https:\/\/i0.wp.com\/wp.ufpel.edu.br\/nepsi\/files\/2021\/08\/Panfleto.jpg?fit=848%2C1200&ssl=1&resize=525%2C300 1.5x, https:\/\/i0.wp.com\/wp.ufpel.edu.br\/nepsi\/files\/2021\/08\/Panfleto.jpg?fit=848%2C1200&ssl=1&resize=700%2C400 2x"},"classes":[]},{"id":2014,"url":"https:\/\/wp.ufpel.edu.br\/nepsi\/editais\/2022-2\/pos-doutorado\/","url_meta":{"origin":2640,"position":5},"title":"P\u00f3s-Doutorado","author":"nepsi","date":"20\/11\/2022","format":false,"excerpt":"EDITAL P\u00daBLICO DE SELE\u00c7\u00c3O DE BOLSISTA P\u00d3S-DOUTORADO CAPES - Edital da CAPES n\u00b0 12\/2022 \u2013 Fam\u00edlia e Pol\u00edticas P\u00fablicas no Brasil II \u00a0RETIFICA\u00c7\u00c3O 01","rel":"","context":"Post similar","block_context":{"text":"Post similar","link":""},"img":{"alt_text":"","src":"","width":0,"height":0},"classes":[]}],"_links":{"self":[{"href":"https:\/\/wp.ufpel.edu.br\/nepsi\/wp-json\/wp\/v2\/pages\/2640","targetHints":{"allow":["GET"]}}],"collection":[{"href":"https:\/\/wp.ufpel.edu.br\/nepsi\/wp-json\/wp\/v2\/pages"}],"about":[{"href":"https:\/\/wp.ufpel.edu.br\/nepsi\/wp-json\/wp\/v2\/types\/page"}],"author":[{"embeddable":true,"href":"https:\/\/wp.ufpel.edu.br\/nepsi\/wp-json\/wp\/v2\/users\/807"}],"replies":[{"embeddable":true,"href":"https:\/\/wp.ufpel.edu.br\/nepsi\/wp-json\/wp\/v2\/comments?post=2640"}],"version-history":[{"count":4,"href":"https:\/\/wp.ufpel.edu.br\/nepsi\/wp-json\/wp\/v2\/pages\/2640\/revisions"}],"predecessor-version":[{"id":2727,"href":"https:\/\/wp.ufpel.edu.br\/nepsi\/wp-json\/wp\/v2\/pages\/2640\/revisions\/2727"}],"up":[{"embeddable":true,"href":"https:\/\/wp.ufpel.edu.br\/nepsi\/wp-json\/wp\/v2\/pages\/2630"}],"wp:attachment":[{"href":"https:\/\/wp.ufpel.edu.br\/nepsi\/wp-json\/wp\/v2\/media?parent=2640"}],"curies":[{"name":"wp","href":"https:\/\/api.w.org\/{rel}","templated":true}]}}