{"id":2637,"date":"2025-06-09T21:32:48","date_gmt":"2025-06-10T00:32:48","guid":{"rendered":"https:\/\/wp.ufpel.edu.br\/nepsi\/?page_id=2637"},"modified":"2025-08-05T23:08:52","modified_gmt":"2025-08-06T02:08:52","slug":"assistentes-de-pesquisa","status":"publish","type":"page","link":"https:\/\/wp.ufpel.edu.br\/nepsi\/editais\/2025-2\/assistentes-de-pesquisa\/","title":{"rendered":"Assistentes de pesquisa"},"content":{"rendered":"\n<!DOCTYPE html>\n<html lang=\"pt-BR\">\n<head>\n  <meta charset=\"UTF-8\">\n  <title>Assistente de Pesquisa &#8211; Edital 02\/2025<\/title>\n  <style>\n    body {\n      font-family: Arial, sans-serif;\n      margin: 40px;\n      background-color: #f9f9f9;\n    }\n    .container {\n      background-color: #ffffff;\n      border-radius: 8px;\n      box-shadow: 0 0 10px rgba(0,0,0,0.1);\n      padding: 30px;\n      max-width: 700px;\n      margin: auto;\n    }\n    h1 {\n      color: #E75200;\n      font-size: 28px;\n      margin-bottom: 10px;\n    }\n    h2 {\n      color: #E75200;\n      font-size: 20px;\n      margin-bottom: 20px;\n    }\n    p {\n      font-size: 16px;\n      line-height: 1.6;\n      color: #333333;\n    }\n    a {\n      color: #E75200;\n      text-decoration: none;\n      font-weight: bold;\n    }\n    a:hover {\n      text-decoration: underline;\n    }\n  <\/style>\n<\/head>\n<body>\n  <div class=\"container\">\n    <h1>Assistente de Pesquisa<\/h1>\n    <h2>Edital 02\/2025<\/h2>\n    <p><strong>Publicado em:<\/strong> 05 de agosto de 2025<\/p>\n    <p>\n      Est\u00e1 dispon\u00edvel o edital para a sele\u00e7\u00e3o de Assistente de Pesquisa no \u00e2mbito do projeto NEPSI da UFPel.\n      Os interessados devem consultar o documento completo no link abaixo:\n    <p>\n  <a href=\"https:\/\/wp.ufpel.edu.br\/nepsi\/files\/2025\/08\/20250805_edital-1.pdf\">\n    Acessar Edital 02\/2025 (PDF)\n  <\/a>\n<\/p>\n  <\/div>\n<\/body>\n<\/html>\n","protected":false},"excerpt":{"rendered":"<p>Assistente de Pesquisa &#8211; Edital 02\/2025 Assistente de Pesquisa Edital 02\/2025 Publicado em: 05 de agosto de 2025 Est\u00e1 dispon\u00edvel o edital para a sele\u00e7\u00e3o de Assistente de Pesquisa no \u00e2mbito do projeto NEPSI da UFPel. Os interessados devem consultar o documento completo no link abaixo: Acessar Edital 02\/2025 (PDF)<\/p>\n","protected":false},"author":807,"featured_media":0,"parent":2630,"menu_order":0,"comment_status":"closed","ping_status":"closed","template":"","meta":{"jetpack_post_was_ever_published":false,"footnotes":""},"class_list":["post-2637","page","type-page","status-publish","hentry"],"yoast_head":"<!-- This site is optimized with the Yoast SEO plugin v26.7 - https:\/\/yoast.com\/wordpress\/plugins\/seo\/ -->\n<title>Assistentes de pesquisa -<\/title>\n<meta name=\"robots\" content=\"index, follow, max-snippet:-1, max-image-preview:large, max-video-preview:-1\" \/>\n<link rel=\"canonical\" href=\"https:\/\/wp.ufpel.edu.br\/nepsi\/editais\/2025-2\/assistentes-de-pesquisa\/\" \/>\n<meta property=\"og:locale\" content=\"pt_BR\" \/>\n<meta property=\"og:type\" content=\"article\" \/>\n<meta property=\"og:title\" content=\"Assistentes de pesquisa -\" \/>\n<meta property=\"og:description\" content=\"Assistente de Pesquisa &#8211; Edital 02\/2025 Assistente de Pesquisa Edital 02\/2025 Publicado em: 05 de agosto de 2025 Est\u00e1 dispon\u00edvel o edital para a sele\u00e7\u00e3o de Assistente de Pesquisa no \u00e2mbito do projeto NEPSI da UFPel. Os interessados devem consultar o documento completo no link abaixo: Acessar Edital 02\/2025 (PDF)\" \/>\n<meta property=\"og:url\" content=\"https:\/\/wp.ufpel.edu.br\/nepsi\/editais\/2025-2\/assistentes-de-pesquisa\/\" \/>\n<meta property=\"article:publisher\" content=\"https:\/\/www.facebook.com\/ufpel.nepsi\/\" \/>\n<meta property=\"article:modified_time\" content=\"2025-08-06T02:08:52+00:00\" \/>\n<meta property=\"og:image\" content=\"https:\/\/i0.wp.com\/wp.ufpel.edu.br\/nepsi\/files\/2020\/06\/MINIATURAS-LARANJA-1.png?fit=867%2C715&ssl=1\" \/>\n\t<meta property=\"og:image:width\" content=\"867\" \/>\n\t<meta property=\"og:image:height\" content=\"715\" \/>\n\t<meta property=\"og:image:type\" content=\"image\/png\" \/>\n<meta name=\"twitter:card\" content=\"summary_large_image\" \/>\n<meta name=\"twitter:site\" content=\"@ufpel_nepsi\" \/>\n<meta name=\"twitter:label1\" content=\"Est. tempo de leitura\" \/>\n\t<meta name=\"twitter:data1\" content=\"1 minuto\" \/>\n<script type=\"application\/ld+json\" class=\"yoast-schema-graph\">{\"@context\":\"https:\/\/schema.org\",\"@graph\":[{\"@type\":\"WebPage\",\"@id\":\"https:\/\/wp.ufpel.edu.br\/nepsi\/editais\/2025-2\/assistentes-de-pesquisa\/\",\"url\":\"https:\/\/wp.ufpel.edu.br\/nepsi\/editais\/2025-2\/assistentes-de-pesquisa\/\",\"name\":\"Assistentes de pesquisa -\",\"isPartOf\":{\"@id\":\"https:\/\/wp.ufpel.edu.br\/nepsi\/#website\"},\"datePublished\":\"2025-06-10T00:32:48+00:00\",\"dateModified\":\"2025-08-06T02:08:52+00:00\",\"breadcrumb\":{\"@id\":\"https:\/\/wp.ufpel.edu.br\/nepsi\/editais\/2025-2\/assistentes-de-pesquisa\/#breadcrumb\"},\"inLanguage\":\"pt-BR\",\"potentialAction\":[{\"@type\":\"ReadAction\",\"target\":[\"https:\/\/wp.ufpel.edu.br\/nepsi\/editais\/2025-2\/assistentes-de-pesquisa\/\"]}]},{\"@type\":\"BreadcrumbList\",\"@id\":\"https:\/\/wp.ufpel.edu.br\/nepsi\/editais\/2025-2\/assistentes-de-pesquisa\/#breadcrumb\",\"itemListElement\":[{\"@type\":\"ListItem\",\"position\":1,\"name\":\"In\u00edcio\",\"item\":\"https:\/\/wp.ufpel.edu.br\/nepsi\/\"},{\"@type\":\"ListItem\",\"position\":2,\"name\":\"Editais\",\"item\":\"https:\/\/wp.ufpel.edu.br\/nepsi\/editais\/\"},{\"@type\":\"ListItem\",\"position\":3,\"name\":\"2025\",\"item\":\"https:\/\/wp.ufpel.edu.br\/nepsi\/editais\/2025-2\/\"},{\"@type\":\"ListItem\",\"position\":4,\"name\":\"Assistentes de pesquisa\"}]},{\"@type\":\"WebSite\",\"@id\":\"https:\/\/wp.ufpel.edu.br\/nepsi\/#website\",\"url\":\"https:\/\/wp.ufpel.edu.br\/nepsi\/\",\"name\":\"\",\"description\":\"Coordena\u00e7\u00e3o: Prof. Tiago Neuenfeld Munhoz\",\"publisher\":{\"@id\":\"https:\/\/wp.ufpel.edu.br\/nepsi\/#organization\"},\"potentialAction\":[{\"@type\":\"SearchAction\",\"target\":{\"@type\":\"EntryPoint\",\"urlTemplate\":\"https:\/\/wp.ufpel.edu.br\/nepsi\/?s={search_term_string}\"},\"query-input\":{\"@type\":\"PropertyValueSpecification\",\"valueRequired\":true,\"valueName\":\"search_term_string\"}}],\"inLanguage\":\"pt-BR\"},{\"@type\":\"Organization\",\"@id\":\"https:\/\/wp.ufpel.edu.br\/nepsi\/#organization\",\"name\":\"N\u00facleo de Estudos, Pesquisas e Interven\u00e7\u00f5es em Sa\u00fade Mental, Cogni\u00e7\u00e3o e Comportamento\",\"url\":\"https:\/\/wp.ufpel.edu.br\/nepsi\/\",\"logo\":{\"@type\":\"ImageObject\",\"inLanguage\":\"pt-BR\",\"@id\":\"https:\/\/wp.ufpel.edu.br\/nepsi\/#\/schema\/logo\/image\/\",\"url\":\"https:\/\/i2.wp.com\/wp.ufpel.edu.br\/nepsi\/files\/2020\/06\/NEPSI-22-1.jpg?fit=632%2C591&ssl=1\",\"contentUrl\":\"https:\/\/i2.wp.com\/wp.ufpel.edu.br\/nepsi\/files\/2020\/06\/NEPSI-22-1.jpg?fit=632%2C591&ssl=1\",\"width\":632,\"height\":591,\"caption\":\"N\u00facleo de Estudos, Pesquisas e Interven\u00e7\u00f5es em Sa\u00fade Mental, Cogni\u00e7\u00e3o e Comportamento\"},\"image\":{\"@id\":\"https:\/\/wp.ufpel.edu.br\/nepsi\/#\/schema\/logo\/image\/\"},\"sameAs\":[\"https:\/\/www.facebook.com\/ufpel.nepsi\/\",\"https:\/\/x.com\/ufpel_nepsi\",\"https:\/\/www.instagram.com\/ufpel_nepsi\",\"https:\/\/www.youtube.com\/channel\/UCMFJAGTPIQf5MMjvJCDyPDw\"]}]}<\/script>\n<!-- \/ Yoast SEO plugin. -->","yoast_head_json":{"title":"Assistentes de pesquisa -","robots":{"index":"index","follow":"follow","max-snippet":"max-snippet:-1","max-image-preview":"max-image-preview:large","max-video-preview":"max-video-preview:-1"},"canonical":"https:\/\/wp.ufpel.edu.br\/nepsi\/editais\/2025-2\/assistentes-de-pesquisa\/","og_locale":"pt_BR","og_type":"article","og_title":"Assistentes de pesquisa -","og_description":"Assistente de Pesquisa &#8211; Edital 02\/2025 Assistente de Pesquisa Edital 02\/2025 Publicado em: 05 de agosto de 2025 Est\u00e1 dispon\u00edvel o edital para a sele\u00e7\u00e3o de Assistente de Pesquisa no \u00e2mbito do projeto NEPSI da UFPel. Os interessados devem consultar o documento completo no link abaixo: Acessar Edital 02\/2025 (PDF)","og_url":"https:\/\/wp.ufpel.edu.br\/nepsi\/editais\/2025-2\/assistentes-de-pesquisa\/","article_publisher":"https:\/\/www.facebook.com\/ufpel.nepsi\/","article_modified_time":"2025-08-06T02:08:52+00:00","og_image":[{"width":867,"height":715,"url":"https:\/\/i0.wp.com\/wp.ufpel.edu.br\/nepsi\/files\/2020\/06\/MINIATURAS-LARANJA-1.png?fit=867%2C715&ssl=1","type":"image\/png"}],"twitter_card":"summary_large_image","twitter_site":"@ufpel_nepsi","twitter_misc":{"Est. tempo de leitura":"1 minuto"},"schema":{"@context":"https:\/\/schema.org","@graph":[{"@type":"WebPage","@id":"https:\/\/wp.ufpel.edu.br\/nepsi\/editais\/2025-2\/assistentes-de-pesquisa\/","url":"https:\/\/wp.ufpel.edu.br\/nepsi\/editais\/2025-2\/assistentes-de-pesquisa\/","name":"Assistentes de pesquisa -","isPartOf":{"@id":"https:\/\/wp.ufpel.edu.br\/nepsi\/#website"},"datePublished":"2025-06-10T00:32:48+00:00","dateModified":"2025-08-06T02:08:52+00:00","breadcrumb":{"@id":"https:\/\/wp.ufpel.edu.br\/nepsi\/editais\/2025-2\/assistentes-de-pesquisa\/#breadcrumb"},"inLanguage":"pt-BR","potentialAction":[{"@type":"ReadAction","target":["https:\/\/wp.ufpel.edu.br\/nepsi\/editais\/2025-2\/assistentes-de-pesquisa\/"]}]},{"@type":"BreadcrumbList","@id":"https:\/\/wp.ufpel.edu.br\/nepsi\/editais\/2025-2\/assistentes-de-pesquisa\/#breadcrumb","itemListElement":[{"@type":"ListItem","position":1,"name":"In\u00edcio","item":"https:\/\/wp.ufpel.edu.br\/nepsi\/"},{"@type":"ListItem","position":2,"name":"Editais","item":"https:\/\/wp.ufpel.edu.br\/nepsi\/editais\/"},{"@type":"ListItem","position":3,"name":"2025","item":"https:\/\/wp.ufpel.edu.br\/nepsi\/editais\/2025-2\/"},{"@type":"ListItem","position":4,"name":"Assistentes de pesquisa"}]},{"@type":"WebSite","@id":"https:\/\/wp.ufpel.edu.br\/nepsi\/#website","url":"https:\/\/wp.ufpel.edu.br\/nepsi\/","name":"","description":"Coordena\u00e7\u00e3o: Prof. Tiago Neuenfeld Munhoz","publisher":{"@id":"https:\/\/wp.ufpel.edu.br\/nepsi\/#organization"},"potentialAction":[{"@type":"SearchAction","target":{"@type":"EntryPoint","urlTemplate":"https:\/\/wp.ufpel.edu.br\/nepsi\/?s={search_term_string}"},"query-input":{"@type":"PropertyValueSpecification","valueRequired":true,"valueName":"search_term_string"}}],"inLanguage":"pt-BR"},{"@type":"Organization","@id":"https:\/\/wp.ufpel.edu.br\/nepsi\/#organization","name":"N\u00facleo de Estudos, Pesquisas e Interven\u00e7\u00f5es em Sa\u00fade Mental, Cogni\u00e7\u00e3o e Comportamento","url":"https:\/\/wp.ufpel.edu.br\/nepsi\/","logo":{"@type":"ImageObject","inLanguage":"pt-BR","@id":"https:\/\/wp.ufpel.edu.br\/nepsi\/#\/schema\/logo\/image\/","url":"https:\/\/i2.wp.com\/wp.ufpel.edu.br\/nepsi\/files\/2020\/06\/NEPSI-22-1.jpg?fit=632%2C591&ssl=1","contentUrl":"https:\/\/i2.wp.com\/wp.ufpel.edu.br\/nepsi\/files\/2020\/06\/NEPSI-22-1.jpg?fit=632%2C591&ssl=1","width":632,"height":591,"caption":"N\u00facleo de Estudos, Pesquisas e Interven\u00e7\u00f5es em Sa\u00fade Mental, Cogni\u00e7\u00e3o e Comportamento"},"image":{"@id":"https:\/\/wp.ufpel.edu.br\/nepsi\/#\/schema\/logo\/image\/"},"sameAs":["https:\/\/www.facebook.com\/ufpel.nepsi\/","https:\/\/x.com\/ufpel_nepsi","https:\/\/www.instagram.com\/ufpel_nepsi","https:\/\/www.youtube.com\/channel\/UCMFJAGTPIQf5MMjvJCDyPDw"]}]}},"jetpack_sharing_enabled":true,"jetpack_shortlink":"https:\/\/wp.me\/P9iCrQ-Gx","jetpack_likes_enabled":true,"jetpack-related-posts":[{"id":723,"url":"https:\/\/wp.ufpel.edu.br\/nepsi\/publicacoes\/prof-tiago-n-munhoz\/","url_meta":{"origin":2637,"position":0},"title":"Prof. Tiago N Munhoz","author":"nepsi","date":"26\/06\/2020","format":false,"excerpt":"Docente e Curr\u00edculo Lattes P\u00e1gina institucional Dr. Tiago Neuenfeld Munhoz Universidade Federal de Pelotas (UFPel) Psic\u00f3logo. Especialista em Terapia Cognitivo-Comportamental, Aten\u00e7\u00e3o Psicossocial e Sociologia. Mestre em Ci\u00eancias Sociais e mestre e doutor em Epidemiologia pela Universidade Federal de Pelotas (UFPel). Atualmente, Professor adjunto do curso de Psicologia e do Programa\u2026","rel":"","context":"Post similar","block_context":{"text":"Post similar","link":""},"img":{"alt_text":"","src":"","width":0,"height":0},"classes":[]},{"id":111,"url":"https:\/\/wp.ufpel.edu.br\/nepsi\/publicacoes\/","url_meta":{"origin":2637,"position":1},"title":"Publica\u00e7\u00f5es","author":"nepsi","date":"21\/10\/2017","format":false,"excerpt":"Docente e Curr\u00edculo Lattes P\u00e1gina institucional Dr. Tiago Neuenfeld Munhoz Universidade Federal de Pelotas (UFPel) Psic\u00f3logo. Especialista em Terapia Cognitivo-Comportamental, Aten\u00e7\u00e3o Psicossocial e Sociologia. Mestre em Ci\u00eancias Sociais e mestre e doutor em Epidemiologia pela Universidade Federal de Pelotas (UFPel). Atualmente, Professor adjunto do curso de Psicologia e do Programa\u2026","rel":"","context":"Post similar","block_context":{"text":"Post similar","link":""},"img":{"alt_text":"","src":"","width":0,"height":0},"classes":[]},{"id":105,"url":"https:\/\/wp.ufpel.edu.br\/nepsi\/equipe\/","url_meta":{"origin":2637,"position":2},"title":"Equipe","author":"nepsi","date":"21\/10\/2017","format":false,"excerpt":"Coordena\u00e7\u00e3o geral Tiago Neuenfeld Munhoz Professor do Curso de Psicologia \u2013 UFPel Curr\u00edculo Lattes Contato (e-mail) Equipe discente Produ\u00e7\u00f5es (desde 2016) \u2014 organizado por ano Tabelas por ano (ordem decrescente). 2025 TipoAnoNome Inicia\u00e7\u00e3o Cient\u00edfica (em andamento)2025LUISA PALMERO LORENZON Inicia\u00e7\u00e3o Cient\u00edfica (em andamento)2025NATALI PERES DE OLIVEIRA Mestrado (em andamento)2025Ja\u00edne Corr\u00eaa Pereira\u2026","rel":"","context":"Post similar","block_context":{"text":"Post similar","link":""},"img":{"alt_text":"","src":"","width":0,"height":0},"classes":[]},{"id":2862,"url":"https:\/\/wp.ufpel.edu.br\/nepsi\/pesquisas\/perfil-dos-estudantes-de-psicologia\/","url_meta":{"origin":2637,"position":3},"title":"Perfil dos estudantes de Psicologia","author":"nepsi","date":"26\/03\/2026","format":false,"excerpt":"Perfil e sa\u00fade mental de estudantes de Psicologia T\u00edtulo do projeto Contextualiza\u00e7\u00e3o A forma\u00e7\u00e3o universit\u00e1ria em Psicologia envolve desafios acad\u00eamicos, sociais e emocionais que impactam diretamente o bem-estar dos estudantes. Conhecer quem s\u00e3o esses alunos, suas trajet\u00f3rias, condi\u00e7\u00f5es de vida, expectativas e dificuldades \u00e9 fundamental para qualificar a forma\u00e7\u00e3o e\u2026","rel":"","context":"Post similar","block_context":{"text":"Post similar","link":""},"img":{"alt_text":"","src":"","width":0,"height":0},"classes":[]},{"id":2053,"url":"https:\/\/wp.ufpel.edu.br\/nepsi\/pesquisas\/prevencao-da-depressao-em-adolescentes-escolares\/","url_meta":{"origin":2637,"position":4},"title":"Preven\u00e7\u00e3o da depress\u00e3o em adolescentes escolares","author":"nepsi","date":"21\/12\/2022","format":false,"excerpt":"Preven\u00e7\u00e3o da depress\u00e3o em adolescentes escolares: explorando a aplicabilidade e efetividade de uma interven\u00e7\u00e3o cognitivo-comportamental T\u00edtulo do projeto Contextualiza\u00e7\u00e3o A adolesc\u00eancia \u00e9 uma fase vulner\u00e1vel ao desenvolvimento de transtornos mentais, como a depress\u00e3o, que afeta significativamente o bem-estar e o desenvolvimento dos jovens. Estima-se que metade dos problemas de sa\u00fade\u2026","rel":"","context":"Post similar","block_context":{"text":"Post similar","link":""},"img":{"alt_text":"","src":"","width":0,"height":0},"classes":[]},{"id":1972,"url":"https:\/\/wp.ufpel.edu.br\/nepsi\/pesquisas\/pesquisas-finalizadas\/parentalidade-e-desempenho-escolar\/","url_meta":{"origin":2637,"position":5},"title":"Parentalidade e desempenho escolar","author":"nepsi","date":"10\/11\/2022","format":false,"excerpt":"Estilos parentais e desempenho escolar em crian\u00e7as (6 anos) de fam\u00edlias benefici\u00e1rias de programa nacional de transfer\u00eancia de renda: estudo longitudinal (antes, durante e ap\u00f3s pandemia COVID-19) T\u00edtulo do projeto Contexto do projeto Esta proposta se insere no contexto social de avalia\u00e7\u00e3o da popula\u00e7\u00e3o participante de programas sociais do governo\u2026","rel":"","context":"Post similar","block_context":{"text":"Post similar","link":""},"img":{"alt_text":"","src":"","width":0,"height":0},"classes":[]}],"_links":{"self":[{"href":"https:\/\/wp.ufpel.edu.br\/nepsi\/wp-json\/wp\/v2\/pages\/2637","targetHints":{"allow":["GET"]}}],"collection":[{"href":"https:\/\/wp.ufpel.edu.br\/nepsi\/wp-json\/wp\/v2\/pages"}],"about":[{"href":"https:\/\/wp.ufpel.edu.br\/nepsi\/wp-json\/wp\/v2\/types\/page"}],"author":[{"embeddable":true,"href":"https:\/\/wp.ufpel.edu.br\/nepsi\/wp-json\/wp\/v2\/users\/807"}],"replies":[{"embeddable":true,"href":"https:\/\/wp.ufpel.edu.br\/nepsi\/wp-json\/wp\/v2\/comments?post=2637"}],"version-history":[{"count":12,"href":"https:\/\/wp.ufpel.edu.br\/nepsi\/wp-json\/wp\/v2\/pages\/2637\/revisions"}],"predecessor-version":[{"id":2759,"href":"https:\/\/wp.ufpel.edu.br\/nepsi\/wp-json\/wp\/v2\/pages\/2637\/revisions\/2759"}],"up":[{"embeddable":true,"href":"https:\/\/wp.ufpel.edu.br\/nepsi\/wp-json\/wp\/v2\/pages\/2630"}],"wp:attachment":[{"href":"https:\/\/wp.ufpel.edu.br\/nepsi\/wp-json\/wp\/v2\/media?parent=2637"}],"curies":[{"name":"wp","href":"https:\/\/api.w.org\/{rel}","templated":true}]}}