{"id":2524,"date":"2024-08-15T22:24:54","date_gmt":"2024-08-16T01:24:54","guid":{"rendered":"https:\/\/wp.ufpel.edu.br\/nepsi\/?page_id=2524"},"modified":"2024-08-16T10:11:23","modified_gmt":"2024-08-16T13:11:23","slug":"iniciacao-cientifica","status":"publish","type":"page","link":"https:\/\/wp.ufpel.edu.br\/nepsi\/editais\/2024-2\/iniciacao-cientifica\/","title":{"rendered":"Inicia\u00e7\u00e3o Cientifica"},"content":{"rendered":"\n<div class=\"wp-block-group\"><div class=\"wp-block-group__inner-container is-layout-constrained wp-block-group-is-layout-constrained\">\n<div data-wp-interactive=\"core\/file\" class=\"wp-block-file aligncenter\"><object data-wp-bind--hidden=\"!state.hasPdfPreview\" hidden class=\"wp-block-file__embed\" data=\"https:\/\/wp.ufpel.edu.br\/nepsi\/files\/2024\/08\/2024_IC_NEPSI.pdf\" type=\"application\/pdf\" style=\"width:100%;height:614px\" aria-label=\"Incorporado de 2024_IC_NEPSI.\"><\/object><a id=\"wp-block-file--media-6bad7c75-7bba-4245-aa65-83825bf5817a\" href=\"https:\/\/wp.ufpel.edu.br\/nepsi\/editais\/2024-2\/iniciacao-cientifica\/2024_ic_nepsi\/\">2024_IC_NEPSI<\/a><a href=\"https:\/\/wp.ufpel.edu.br\/nepsi\/files\/2024\/08\/2024_IC_NEPSI.pdf\" class=\"wp-block-file__button wp-element-button\" download aria-describedby=\"wp-block-file--media-6bad7c75-7bba-4245-aa65-83825bf5817a\">Baixar<\/a><\/div>\n<\/div><\/div>\n","protected":false},"excerpt":{"rendered":"","protected":false},"author":807,"featured_media":2530,"parent":2338,"menu_order":1,"comment_status":"closed","ping_status":"closed","template":"","meta":{"jetpack_post_was_ever_published":false,"footnotes":""},"class_list":["post-2524","page","type-page","status-publish","has-post-thumbnail","hentry"],"yoast_head":"<!-- This site is optimized with the Yoast SEO plugin v26.7 - https:\/\/yoast.com\/wordpress\/plugins\/seo\/ -->\n<title>Inicia\u00e7\u00e3o Cientifica -<\/title>\n<meta name=\"robots\" content=\"index, follow, max-snippet:-1, max-image-preview:large, max-video-preview:-1\" \/>\n<link rel=\"canonical\" href=\"https:\/\/wp.ufpel.edu.br\/nepsi\/editais\/2024-2\/iniciacao-cientifica\/\" \/>\n<meta property=\"og:locale\" content=\"pt_BR\" \/>\n<meta property=\"og:type\" content=\"article\" \/>\n<meta property=\"og:title\" content=\"Inicia\u00e7\u00e3o Cientifica -\" \/>\n<meta property=\"og:url\" content=\"https:\/\/wp.ufpel.edu.br\/nepsi\/editais\/2024-2\/iniciacao-cientifica\/\" \/>\n<meta property=\"article:publisher\" content=\"https:\/\/www.facebook.com\/ufpel.nepsi\/\" \/>\n<meta property=\"article:modified_time\" content=\"2024-08-16T13:11:23+00:00\" \/>\n<meta property=\"og:image\" content=\"https:\/\/wp.ufpel.edu.br\/nepsi\/files\/2024\/08\/2024_IC_NEPSI_card.png\" \/>\n\t<meta property=\"og:image:width\" content=\"1587\" \/>\n\t<meta property=\"og:image:height\" content=\"2245\" \/>\n\t<meta property=\"og:image:type\" content=\"image\/png\" \/>\n<meta name=\"twitter:card\" content=\"summary_large_image\" \/>\n<meta name=\"twitter:site\" content=\"@ufpel_nepsi\" \/>\n<meta name=\"twitter:label1\" content=\"Est. tempo de leitura\" \/>\n\t<meta name=\"twitter:data1\" content=\"1 minuto\" \/>\n<script type=\"application\/ld+json\" class=\"yoast-schema-graph\">{\"@context\":\"https:\/\/schema.org\",\"@graph\":[{\"@type\":\"WebPage\",\"@id\":\"https:\/\/wp.ufpel.edu.br\/nepsi\/editais\/2024-2\/iniciacao-cientifica\/\",\"url\":\"https:\/\/wp.ufpel.edu.br\/nepsi\/editais\/2024-2\/iniciacao-cientifica\/\",\"name\":\"Inicia\u00e7\u00e3o Cientifica -\",\"isPartOf\":{\"@id\":\"https:\/\/wp.ufpel.edu.br\/nepsi\/#website\"},\"primaryImageOfPage\":{\"@id\":\"https:\/\/wp.ufpel.edu.br\/nepsi\/editais\/2024-2\/iniciacao-cientifica\/#primaryimage\"},\"image\":{\"@id\":\"https:\/\/wp.ufpel.edu.br\/nepsi\/editais\/2024-2\/iniciacao-cientifica\/#primaryimage\"},\"thumbnailUrl\":\"https:\/\/i0.wp.com\/wp.ufpel.edu.br\/nepsi\/files\/2024\/08\/2024_IC_NEPSI_card.png?fit=1587%2C2245&ssl=1\",\"datePublished\":\"2024-08-16T01:24:54+00:00\",\"dateModified\":\"2024-08-16T13:11:23+00:00\",\"breadcrumb\":{\"@id\":\"https:\/\/wp.ufpel.edu.br\/nepsi\/editais\/2024-2\/iniciacao-cientifica\/#breadcrumb\"},\"inLanguage\":\"pt-BR\",\"potentialAction\":[{\"@type\":\"ReadAction\",\"target\":[\"https:\/\/wp.ufpel.edu.br\/nepsi\/editais\/2024-2\/iniciacao-cientifica\/\"]}]},{\"@type\":\"ImageObject\",\"inLanguage\":\"pt-BR\",\"@id\":\"https:\/\/wp.ufpel.edu.br\/nepsi\/editais\/2024-2\/iniciacao-cientifica\/#primaryimage\",\"url\":\"https:\/\/i0.wp.com\/wp.ufpel.edu.br\/nepsi\/files\/2024\/08\/2024_IC_NEPSI_card.png?fit=1587%2C2245&ssl=1\",\"contentUrl\":\"https:\/\/i0.wp.com\/wp.ufpel.edu.br\/nepsi\/files\/2024\/08\/2024_IC_NEPSI_card.png?fit=1587%2C2245&ssl=1\",\"width\":1587,\"height\":2245},{\"@type\":\"BreadcrumbList\",\"@id\":\"https:\/\/wp.ufpel.edu.br\/nepsi\/editais\/2024-2\/iniciacao-cientifica\/#breadcrumb\",\"itemListElement\":[{\"@type\":\"ListItem\",\"position\":1,\"name\":\"In\u00edcio\",\"item\":\"https:\/\/wp.ufpel.edu.br\/nepsi\/\"},{\"@type\":\"ListItem\",\"position\":2,\"name\":\"Editais\",\"item\":\"https:\/\/wp.ufpel.edu.br\/nepsi\/editais\/\"},{\"@type\":\"ListItem\",\"position\":3,\"name\":\"2024\",\"item\":\"https:\/\/wp.ufpel.edu.br\/nepsi\/editais\/2024-2\/\"},{\"@type\":\"ListItem\",\"position\":4,\"name\":\"Inicia\u00e7\u00e3o Cientifica\"}]},{\"@type\":\"WebSite\",\"@id\":\"https:\/\/wp.ufpel.edu.br\/nepsi\/#website\",\"url\":\"https:\/\/wp.ufpel.edu.br\/nepsi\/\",\"name\":\"\",\"description\":\"Coordena\u00e7\u00e3o: Prof. Tiago Neuenfeld Munhoz\",\"publisher\":{\"@id\":\"https:\/\/wp.ufpel.edu.br\/nepsi\/#organization\"},\"potentialAction\":[{\"@type\":\"SearchAction\",\"target\":{\"@type\":\"EntryPoint\",\"urlTemplate\":\"https:\/\/wp.ufpel.edu.br\/nepsi\/?s={search_term_string}\"},\"query-input\":{\"@type\":\"PropertyValueSpecification\",\"valueRequired\":true,\"valueName\":\"search_term_string\"}}],\"inLanguage\":\"pt-BR\"},{\"@type\":\"Organization\",\"@id\":\"https:\/\/wp.ufpel.edu.br\/nepsi\/#organization\",\"name\":\"N\u00facleo de Estudos, Pesquisas e Interven\u00e7\u00f5es em Sa\u00fade Mental, Cogni\u00e7\u00e3o e Comportamento\",\"url\":\"https:\/\/wp.ufpel.edu.br\/nepsi\/\",\"logo\":{\"@type\":\"ImageObject\",\"inLanguage\":\"pt-BR\",\"@id\":\"https:\/\/wp.ufpel.edu.br\/nepsi\/#\/schema\/logo\/image\/\",\"url\":\"https:\/\/i2.wp.com\/wp.ufpel.edu.br\/nepsi\/files\/2020\/06\/NEPSI-22-1.jpg?fit=632%2C591&ssl=1\",\"contentUrl\":\"https:\/\/i2.wp.com\/wp.ufpel.edu.br\/nepsi\/files\/2020\/06\/NEPSI-22-1.jpg?fit=632%2C591&ssl=1\",\"width\":632,\"height\":591,\"caption\":\"N\u00facleo de Estudos, Pesquisas e Interven\u00e7\u00f5es em Sa\u00fade Mental, Cogni\u00e7\u00e3o e Comportamento\"},\"image\":{\"@id\":\"https:\/\/wp.ufpel.edu.br\/nepsi\/#\/schema\/logo\/image\/\"},\"sameAs\":[\"https:\/\/www.facebook.com\/ufpel.nepsi\/\",\"https:\/\/x.com\/ufpel_nepsi\",\"https:\/\/www.instagram.com\/ufpel_nepsi\",\"https:\/\/www.youtube.com\/channel\/UCMFJAGTPIQf5MMjvJCDyPDw\"]}]}<\/script>\n<!-- \/ Yoast SEO plugin. -->","yoast_head_json":{"title":"Inicia\u00e7\u00e3o Cientifica -","robots":{"index":"index","follow":"follow","max-snippet":"max-snippet:-1","max-image-preview":"max-image-preview:large","max-video-preview":"max-video-preview:-1"},"canonical":"https:\/\/wp.ufpel.edu.br\/nepsi\/editais\/2024-2\/iniciacao-cientifica\/","og_locale":"pt_BR","og_type":"article","og_title":"Inicia\u00e7\u00e3o Cientifica -","og_url":"https:\/\/wp.ufpel.edu.br\/nepsi\/editais\/2024-2\/iniciacao-cientifica\/","article_publisher":"https:\/\/www.facebook.com\/ufpel.nepsi\/","article_modified_time":"2024-08-16T13:11:23+00:00","og_image":[{"width":1587,"height":2245,"url":"https:\/\/wp.ufpel.edu.br\/nepsi\/files\/2024\/08\/2024_IC_NEPSI_card.png","type":"image\/png"}],"twitter_card":"summary_large_image","twitter_site":"@ufpel_nepsi","twitter_misc":{"Est. tempo de leitura":"1 minuto"},"schema":{"@context":"https:\/\/schema.org","@graph":[{"@type":"WebPage","@id":"https:\/\/wp.ufpel.edu.br\/nepsi\/editais\/2024-2\/iniciacao-cientifica\/","url":"https:\/\/wp.ufpel.edu.br\/nepsi\/editais\/2024-2\/iniciacao-cientifica\/","name":"Inicia\u00e7\u00e3o Cientifica -","isPartOf":{"@id":"https:\/\/wp.ufpel.edu.br\/nepsi\/#website"},"primaryImageOfPage":{"@id":"https:\/\/wp.ufpel.edu.br\/nepsi\/editais\/2024-2\/iniciacao-cientifica\/#primaryimage"},"image":{"@id":"https:\/\/wp.ufpel.edu.br\/nepsi\/editais\/2024-2\/iniciacao-cientifica\/#primaryimage"},"thumbnailUrl":"https:\/\/i0.wp.com\/wp.ufpel.edu.br\/nepsi\/files\/2024\/08\/2024_IC_NEPSI_card.png?fit=1587%2C2245&ssl=1","datePublished":"2024-08-16T01:24:54+00:00","dateModified":"2024-08-16T13:11:23+00:00","breadcrumb":{"@id":"https:\/\/wp.ufpel.edu.br\/nepsi\/editais\/2024-2\/iniciacao-cientifica\/#breadcrumb"},"inLanguage":"pt-BR","potentialAction":[{"@type":"ReadAction","target":["https:\/\/wp.ufpel.edu.br\/nepsi\/editais\/2024-2\/iniciacao-cientifica\/"]}]},{"@type":"ImageObject","inLanguage":"pt-BR","@id":"https:\/\/wp.ufpel.edu.br\/nepsi\/editais\/2024-2\/iniciacao-cientifica\/#primaryimage","url":"https:\/\/i0.wp.com\/wp.ufpel.edu.br\/nepsi\/files\/2024\/08\/2024_IC_NEPSI_card.png?fit=1587%2C2245&ssl=1","contentUrl":"https:\/\/i0.wp.com\/wp.ufpel.edu.br\/nepsi\/files\/2024\/08\/2024_IC_NEPSI_card.png?fit=1587%2C2245&ssl=1","width":1587,"height":2245},{"@type":"BreadcrumbList","@id":"https:\/\/wp.ufpel.edu.br\/nepsi\/editais\/2024-2\/iniciacao-cientifica\/#breadcrumb","itemListElement":[{"@type":"ListItem","position":1,"name":"In\u00edcio","item":"https:\/\/wp.ufpel.edu.br\/nepsi\/"},{"@type":"ListItem","position":2,"name":"Editais","item":"https:\/\/wp.ufpel.edu.br\/nepsi\/editais\/"},{"@type":"ListItem","position":3,"name":"2024","item":"https:\/\/wp.ufpel.edu.br\/nepsi\/editais\/2024-2\/"},{"@type":"ListItem","position":4,"name":"Inicia\u00e7\u00e3o Cientifica"}]},{"@type":"WebSite","@id":"https:\/\/wp.ufpel.edu.br\/nepsi\/#website","url":"https:\/\/wp.ufpel.edu.br\/nepsi\/","name":"","description":"Coordena\u00e7\u00e3o: Prof. Tiago Neuenfeld Munhoz","publisher":{"@id":"https:\/\/wp.ufpel.edu.br\/nepsi\/#organization"},"potentialAction":[{"@type":"SearchAction","target":{"@type":"EntryPoint","urlTemplate":"https:\/\/wp.ufpel.edu.br\/nepsi\/?s={search_term_string}"},"query-input":{"@type":"PropertyValueSpecification","valueRequired":true,"valueName":"search_term_string"}}],"inLanguage":"pt-BR"},{"@type":"Organization","@id":"https:\/\/wp.ufpel.edu.br\/nepsi\/#organization","name":"N\u00facleo de Estudos, Pesquisas e Interven\u00e7\u00f5es em Sa\u00fade Mental, Cogni\u00e7\u00e3o e Comportamento","url":"https:\/\/wp.ufpel.edu.br\/nepsi\/","logo":{"@type":"ImageObject","inLanguage":"pt-BR","@id":"https:\/\/wp.ufpel.edu.br\/nepsi\/#\/schema\/logo\/image\/","url":"https:\/\/i2.wp.com\/wp.ufpel.edu.br\/nepsi\/files\/2020\/06\/NEPSI-22-1.jpg?fit=632%2C591&ssl=1","contentUrl":"https:\/\/i2.wp.com\/wp.ufpel.edu.br\/nepsi\/files\/2020\/06\/NEPSI-22-1.jpg?fit=632%2C591&ssl=1","width":632,"height":591,"caption":"N\u00facleo de Estudos, Pesquisas e Interven\u00e7\u00f5es em Sa\u00fade Mental, Cogni\u00e7\u00e3o e Comportamento"},"image":{"@id":"https:\/\/wp.ufpel.edu.br\/nepsi\/#\/schema\/logo\/image\/"},"sameAs":["https:\/\/www.facebook.com\/ufpel.nepsi\/","https:\/\/x.com\/ufpel_nepsi","https:\/\/www.instagram.com\/ufpel_nepsi","https:\/\/www.youtube.com\/channel\/UCMFJAGTPIQf5MMjvJCDyPDw"]}]}},"jetpack_sharing_enabled":true,"jetpack_shortlink":"https:\/\/wp.me\/P9iCrQ-EI","jetpack_likes_enabled":true,"jetpack-related-posts":[{"id":2640,"url":"https:\/\/wp.ufpel.edu.br\/nepsi\/editais\/2025-2\/iniciacao-cientifica\/","url_meta":{"origin":2524,"position":0},"title":"Inicia\u00e7\u00e3o Cient\u00edfica","author":"nepsi","date":"09\/06\/2025","format":false,"excerpt":"Edital 2025_NEPSI_ICBaixar","rel":"","context":"Post similar","block_context":{"text":"Post similar","link":""},"img":{"alt_text":"","src":"","width":0,"height":0},"classes":[]},{"id":2338,"url":"https:\/\/wp.ufpel.edu.br\/nepsi\/editais\/2024-2\/","url_meta":{"origin":2524,"position":1},"title":"2024","author":"nepsi","date":"17\/01\/2024","format":false,"excerpt":"https:\/\/wp.ufpel.edu.br\/nepsi\/editais\/2024-2\/entrevistadores https:\/\/wp.ufpel.edu.br\/nepsi\/editais\/2024-2\/iniciacao-cientifica","rel":"","context":"Post similar","block_context":{"text":"Post similar","link":""},"img":{"alt_text":"","src":"","width":0,"height":0},"classes":[]},{"id":1388,"url":"https:\/\/wp.ufpel.edu.br\/nepsi\/midia\/","url_meta":{"origin":2524,"position":2},"title":"M\u00eddia","author":"nepsi","date":"30\/03\/2021","format":false,"excerpt":"Leituras recomendadas: Maternal depression found to disrupt key parenting behaviors - News Medical Maternal depression linked to poor parenting outcomes - Contemporary OB\/GYN The impact of maternal depression on parenting - Medxy.ai Maternal depression and child bonding - Neuroscience News Maternal depression and child bonding (post) - Neuroscience News (X\/Twitter)\u2026","rel":"","context":"Post similar","block_context":{"text":"Post similar","link":""},"img":{"alt_text":"","src":"","width":0,"height":0},"classes":[]},{"id":90,"url":"https:\/\/wp.ufpel.edu.br\/nepsi\/pesquisas\/pesquisas-finalizadas\/pense-2009-2012-e-2015\/","url_meta":{"origin":2524,"position":3},"title":"PeNSE, 2009, 2012 e 2015","author":"nepsi","date":"21\/10\/2017","format":false,"excerpt":"\u00a0PESQUISA NACIONAL DE SA\u00daDE DO ESCOLAR (PeNSE) 2009, 2012 e 2015 \u00a0 Resumo:\u00a0o que \u00e9 a pesquisa? Informa\u00e7\u00f5es sobre as caracter\u00edsticas e aspectos metodol\u00f3gicos da pesquisa (IBGE)\u00a02009\u00a0,\u00a0\u00a02012,2015 Caracter\u00edsticas da Pesquisa Nacional de Sa\u00fade do Escolar \u2013 PeNSE Estudos publicados por outros autores:\u00a02009\u00a0,\u00a02012\u00a0,\u00a02015 \u00a0 Publica\u00e7\u00f5es \u00a0 Publica\u00e7\u00f5es NEPSI (coordenador e discentes)\u2026","rel":"","context":"Post similar","block_context":{"text":"Post similar","link":""},"img":{"alt_text":"","src":"","width":0,"height":0},"classes":[]},{"id":105,"url":"https:\/\/wp.ufpel.edu.br\/nepsi\/equipe\/","url_meta":{"origin":2524,"position":4},"title":"Equipe","author":"nepsi","date":"21\/10\/2017","format":false,"excerpt":"Coordena\u00e7\u00e3o geral Tiago Neuenfeld Munhoz Professor do Curso de Psicologia \u2013 UFPel Curr\u00edculo Lattes Contato (e-mail) Equipe discente Produ\u00e7\u00f5es (desde 2016) \u2014 organizado por ano Tabelas por ano (ordem decrescente). 2025 TipoAnoNome Inicia\u00e7\u00e3o Cient\u00edfica (em andamento)2025LUISA PALMERO LORENZON Inicia\u00e7\u00e3o Cient\u00edfica (em andamento)2025NATALI PERES DE OLIVEIRA Mestrado (em andamento)2025Ja\u00edne Corr\u00eaa Pereira\u2026","rel":"","context":"Post similar","block_context":{"text":"Post similar","link":""},"img":{"alt_text":"","src":"","width":0,"height":0},"classes":[]},{"id":717,"url":"https:\/\/wp.ufpel.edu.br\/nepsi\/estudos\/estresse-e-saude\/","url_meta":{"origin":2524,"position":5},"title":"Estresse e Sa\u00fade","author":"nepsi","date":"26\/06\/2020","format":false,"excerpt":"Em raz\u00e3o da suspens\u00e3o do calend\u00e1rio letivo regular devido a pandemia do novo coronav\u00edrus, foi elaborado um projeto de ensino, com a\u00e7\u00f5es de extens\u00e3o, para ser realizado durante o calend\u00e1rio letivo alternativo 2020\/1. O projeto tem como foco discutir pesquisas e interven\u00e7\u00f5es no \u00e2mbito do estresse e sa\u00fade mental. Ser\u00e3o\u2026","rel":"","context":"Post similar","block_context":{"text":"Post similar","link":""},"img":{"alt_text":"","src":"","width":0,"height":0},"classes":[]}],"_links":{"self":[{"href":"https:\/\/wp.ufpel.edu.br\/nepsi\/wp-json\/wp\/v2\/pages\/2524","targetHints":{"allow":["GET"]}}],"collection":[{"href":"https:\/\/wp.ufpel.edu.br\/nepsi\/wp-json\/wp\/v2\/pages"}],"about":[{"href":"https:\/\/wp.ufpel.edu.br\/nepsi\/wp-json\/wp\/v2\/types\/page"}],"author":[{"embeddable":true,"href":"https:\/\/wp.ufpel.edu.br\/nepsi\/wp-json\/wp\/v2\/users\/807"}],"replies":[{"embeddable":true,"href":"https:\/\/wp.ufpel.edu.br\/nepsi\/wp-json\/wp\/v2\/comments?post=2524"}],"version-history":[{"count":7,"href":"https:\/\/wp.ufpel.edu.br\/nepsi\/wp-json\/wp\/v2\/pages\/2524\/revisions"}],"predecessor-version":[{"id":2560,"href":"https:\/\/wp.ufpel.edu.br\/nepsi\/wp-json\/wp\/v2\/pages\/2524\/revisions\/2560"}],"up":[{"embeddable":true,"href":"https:\/\/wp.ufpel.edu.br\/nepsi\/wp-json\/wp\/v2\/pages\/2338"}],"wp:featuredmedia":[{"embeddable":true,"href":"https:\/\/wp.ufpel.edu.br\/nepsi\/wp-json\/wp\/v2\/media\/2530"}],"wp:attachment":[{"href":"https:\/\/wp.ufpel.edu.br\/nepsi\/wp-json\/wp\/v2\/media?parent=2524"}],"curies":[{"name":"wp","href":"https:\/\/api.w.org\/{rel}","templated":true}]}}