{"id":2409,"date":"2024-03-10T13:11:57","date_gmt":"2024-03-10T16:11:57","guid":{"rendered":"https:\/\/wp.ufpel.edu.br\/nepsi\/?page_id=2409"},"modified":"2024-03-11T21:49:21","modified_gmt":"2024-03-12T00:49:21","slug":"mapa-de-servicos-de-saude-e-assistencia-social","status":"publish","type":"page","link":"https:\/\/wp.ufpel.edu.br\/nepsi\/intervencoes\/mapa-de-servicos-de-saude-e-assistencia-social\/","title":{"rendered":"Mapa de servi\u00e7os de sa\u00fade e assist\u00eancia social"},"content":{"rendered":"\n<iframe loading=\"lazy\" src=\"https:\/\/www.google.com\/maps\/d\/embed?mid=1e2ED4Wb5-PJP4tF9E3_-TS83kk4Tf7U&#038;ehbc=2E312F\" width=\"640\" height=\"480\"><\/iframe>\n","protected":false},"excerpt":{"rendered":"","protected":false},"author":807,"featured_media":0,"parent":96,"menu_order":3,"comment_status":"closed","ping_status":"closed","template":"","meta":{"jetpack_post_was_ever_published":false,"footnotes":""},"class_list":["post-2409","page","type-page","status-publish","hentry"],"yoast_head":"<!-- This site is optimized with the Yoast SEO plugin v26.7 - https:\/\/yoast.com\/wordpress\/plugins\/seo\/ -->\n<title>Mapa de servi\u00e7os de sa\u00fade e assist\u00eancia social -<\/title>\n<meta name=\"robots\" content=\"index, follow, max-snippet:-1, max-image-preview:large, max-video-preview:-1\" \/>\n<link rel=\"canonical\" href=\"https:\/\/wp.ufpel.edu.br\/nepsi\/intervencoes\/mapa-de-servicos-de-saude-e-assistencia-social\/\" \/>\n<meta property=\"og:locale\" content=\"pt_BR\" \/>\n<meta property=\"og:type\" content=\"article\" \/>\n<meta property=\"og:title\" content=\"Mapa de servi\u00e7os de sa\u00fade e assist\u00eancia social -\" \/>\n<meta property=\"og:url\" content=\"https:\/\/wp.ufpel.edu.br\/nepsi\/intervencoes\/mapa-de-servicos-de-saude-e-assistencia-social\/\" \/>\n<meta property=\"article:publisher\" content=\"https:\/\/www.facebook.com\/ufpel.nepsi\/\" \/>\n<meta property=\"article:modified_time\" content=\"2024-03-12T00:49:21+00:00\" \/>\n<meta property=\"og:image\" content=\"https:\/\/i0.wp.com\/wp.ufpel.edu.br\/nepsi\/files\/2020\/06\/MINIATURAS-LARANJA-1.png?fit=867%2C715&ssl=1\" \/>\n\t<meta property=\"og:image:width\" content=\"867\" \/>\n\t<meta property=\"og:image:height\" content=\"715\" \/>\n\t<meta property=\"og:image:type\" content=\"image\/png\" \/>\n<meta name=\"twitter:card\" content=\"summary_large_image\" \/>\n<meta name=\"twitter:site\" content=\"@ufpel_nepsi\" \/>\n<script type=\"application\/ld+json\" class=\"yoast-schema-graph\">{\"@context\":\"https:\/\/schema.org\",\"@graph\":[{\"@type\":\"WebPage\",\"@id\":\"https:\/\/wp.ufpel.edu.br\/nepsi\/intervencoes\/mapa-de-servicos-de-saude-e-assistencia-social\/\",\"url\":\"https:\/\/wp.ufpel.edu.br\/nepsi\/intervencoes\/mapa-de-servicos-de-saude-e-assistencia-social\/\",\"name\":\"Mapa de servi\u00e7os de sa\u00fade e assist\u00eancia social -\",\"isPartOf\":{\"@id\":\"https:\/\/wp.ufpel.edu.br\/nepsi\/#website\"},\"datePublished\":\"2024-03-10T16:11:57+00:00\",\"dateModified\":\"2024-03-12T00:49:21+00:00\",\"breadcrumb\":{\"@id\":\"https:\/\/wp.ufpel.edu.br\/nepsi\/intervencoes\/mapa-de-servicos-de-saude-e-assistencia-social\/#breadcrumb\"},\"inLanguage\":\"pt-BR\",\"potentialAction\":[{\"@type\":\"ReadAction\",\"target\":[\"https:\/\/wp.ufpel.edu.br\/nepsi\/intervencoes\/mapa-de-servicos-de-saude-e-assistencia-social\/\"]}]},{\"@type\":\"BreadcrumbList\",\"@id\":\"https:\/\/wp.ufpel.edu.br\/nepsi\/intervencoes\/mapa-de-servicos-de-saude-e-assistencia-social\/#breadcrumb\",\"itemListElement\":[{\"@type\":\"ListItem\",\"position\":1,\"name\":\"In\u00edcio\",\"item\":\"https:\/\/wp.ufpel.edu.br\/nepsi\/\"},{\"@type\":\"ListItem\",\"position\":2,\"name\":\"Interven\u00e7\u00f5es\",\"item\":\"https:\/\/wp.ufpel.edu.br\/nepsi\/intervencoes\/\"},{\"@type\":\"ListItem\",\"position\":3,\"name\":\"Mapa de servi\u00e7os de sa\u00fade e assist\u00eancia social\"}]},{\"@type\":\"WebSite\",\"@id\":\"https:\/\/wp.ufpel.edu.br\/nepsi\/#website\",\"url\":\"https:\/\/wp.ufpel.edu.br\/nepsi\/\",\"name\":\"\",\"description\":\"Coordena\u00e7\u00e3o: Prof. Tiago Neuenfeld Munhoz\",\"publisher\":{\"@id\":\"https:\/\/wp.ufpel.edu.br\/nepsi\/#organization\"},\"potentialAction\":[{\"@type\":\"SearchAction\",\"target\":{\"@type\":\"EntryPoint\",\"urlTemplate\":\"https:\/\/wp.ufpel.edu.br\/nepsi\/?s={search_term_string}\"},\"query-input\":{\"@type\":\"PropertyValueSpecification\",\"valueRequired\":true,\"valueName\":\"search_term_string\"}}],\"inLanguage\":\"pt-BR\"},{\"@type\":\"Organization\",\"@id\":\"https:\/\/wp.ufpel.edu.br\/nepsi\/#organization\",\"name\":\"N\u00facleo de Estudos, Pesquisas e Interven\u00e7\u00f5es em Sa\u00fade Mental, Cogni\u00e7\u00e3o e Comportamento\",\"url\":\"https:\/\/wp.ufpel.edu.br\/nepsi\/\",\"logo\":{\"@type\":\"ImageObject\",\"inLanguage\":\"pt-BR\",\"@id\":\"https:\/\/wp.ufpel.edu.br\/nepsi\/#\/schema\/logo\/image\/\",\"url\":\"https:\/\/i2.wp.com\/wp.ufpel.edu.br\/nepsi\/files\/2020\/06\/NEPSI-22-1.jpg?fit=632%2C591&ssl=1\",\"contentUrl\":\"https:\/\/i2.wp.com\/wp.ufpel.edu.br\/nepsi\/files\/2020\/06\/NEPSI-22-1.jpg?fit=632%2C591&ssl=1\",\"width\":632,\"height\":591,\"caption\":\"N\u00facleo de Estudos, Pesquisas e Interven\u00e7\u00f5es em Sa\u00fade Mental, Cogni\u00e7\u00e3o e Comportamento\"},\"image\":{\"@id\":\"https:\/\/wp.ufpel.edu.br\/nepsi\/#\/schema\/logo\/image\/\"},\"sameAs\":[\"https:\/\/www.facebook.com\/ufpel.nepsi\/\",\"https:\/\/x.com\/ufpel_nepsi\",\"https:\/\/www.instagram.com\/ufpel_nepsi\",\"https:\/\/www.youtube.com\/channel\/UCMFJAGTPIQf5MMjvJCDyPDw\"]}]}<\/script>\n<!-- \/ Yoast SEO plugin. -->","yoast_head_json":{"title":"Mapa de servi\u00e7os de sa\u00fade e assist\u00eancia social -","robots":{"index":"index","follow":"follow","max-snippet":"max-snippet:-1","max-image-preview":"max-image-preview:large","max-video-preview":"max-video-preview:-1"},"canonical":"https:\/\/wp.ufpel.edu.br\/nepsi\/intervencoes\/mapa-de-servicos-de-saude-e-assistencia-social\/","og_locale":"pt_BR","og_type":"article","og_title":"Mapa de servi\u00e7os de sa\u00fade e assist\u00eancia social -","og_url":"https:\/\/wp.ufpel.edu.br\/nepsi\/intervencoes\/mapa-de-servicos-de-saude-e-assistencia-social\/","article_publisher":"https:\/\/www.facebook.com\/ufpel.nepsi\/","article_modified_time":"2024-03-12T00:49:21+00:00","og_image":[{"width":867,"height":715,"url":"https:\/\/i0.wp.com\/wp.ufpel.edu.br\/nepsi\/files\/2020\/06\/MINIATURAS-LARANJA-1.png?fit=867%2C715&ssl=1","type":"image\/png"}],"twitter_card":"summary_large_image","twitter_site":"@ufpel_nepsi","schema":{"@context":"https:\/\/schema.org","@graph":[{"@type":"WebPage","@id":"https:\/\/wp.ufpel.edu.br\/nepsi\/intervencoes\/mapa-de-servicos-de-saude-e-assistencia-social\/","url":"https:\/\/wp.ufpel.edu.br\/nepsi\/intervencoes\/mapa-de-servicos-de-saude-e-assistencia-social\/","name":"Mapa de servi\u00e7os de sa\u00fade e assist\u00eancia social -","isPartOf":{"@id":"https:\/\/wp.ufpel.edu.br\/nepsi\/#website"},"datePublished":"2024-03-10T16:11:57+00:00","dateModified":"2024-03-12T00:49:21+00:00","breadcrumb":{"@id":"https:\/\/wp.ufpel.edu.br\/nepsi\/intervencoes\/mapa-de-servicos-de-saude-e-assistencia-social\/#breadcrumb"},"inLanguage":"pt-BR","potentialAction":[{"@type":"ReadAction","target":["https:\/\/wp.ufpel.edu.br\/nepsi\/intervencoes\/mapa-de-servicos-de-saude-e-assistencia-social\/"]}]},{"@type":"BreadcrumbList","@id":"https:\/\/wp.ufpel.edu.br\/nepsi\/intervencoes\/mapa-de-servicos-de-saude-e-assistencia-social\/#breadcrumb","itemListElement":[{"@type":"ListItem","position":1,"name":"In\u00edcio","item":"https:\/\/wp.ufpel.edu.br\/nepsi\/"},{"@type":"ListItem","position":2,"name":"Interven\u00e7\u00f5es","item":"https:\/\/wp.ufpel.edu.br\/nepsi\/intervencoes\/"},{"@type":"ListItem","position":3,"name":"Mapa de servi\u00e7os de sa\u00fade e assist\u00eancia social"}]},{"@type":"WebSite","@id":"https:\/\/wp.ufpel.edu.br\/nepsi\/#website","url":"https:\/\/wp.ufpel.edu.br\/nepsi\/","name":"","description":"Coordena\u00e7\u00e3o: Prof. Tiago Neuenfeld Munhoz","publisher":{"@id":"https:\/\/wp.ufpel.edu.br\/nepsi\/#organization"},"potentialAction":[{"@type":"SearchAction","target":{"@type":"EntryPoint","urlTemplate":"https:\/\/wp.ufpel.edu.br\/nepsi\/?s={search_term_string}"},"query-input":{"@type":"PropertyValueSpecification","valueRequired":true,"valueName":"search_term_string"}}],"inLanguage":"pt-BR"},{"@type":"Organization","@id":"https:\/\/wp.ufpel.edu.br\/nepsi\/#organization","name":"N\u00facleo de Estudos, Pesquisas e Interven\u00e7\u00f5es em Sa\u00fade Mental, Cogni\u00e7\u00e3o e Comportamento","url":"https:\/\/wp.ufpel.edu.br\/nepsi\/","logo":{"@type":"ImageObject","inLanguage":"pt-BR","@id":"https:\/\/wp.ufpel.edu.br\/nepsi\/#\/schema\/logo\/image\/","url":"https:\/\/i2.wp.com\/wp.ufpel.edu.br\/nepsi\/files\/2020\/06\/NEPSI-22-1.jpg?fit=632%2C591&ssl=1","contentUrl":"https:\/\/i2.wp.com\/wp.ufpel.edu.br\/nepsi\/files\/2020\/06\/NEPSI-22-1.jpg?fit=632%2C591&ssl=1","width":632,"height":591,"caption":"N\u00facleo de Estudos, Pesquisas e Interven\u00e7\u00f5es em Sa\u00fade Mental, Cogni\u00e7\u00e3o e Comportamento"},"image":{"@id":"https:\/\/wp.ufpel.edu.br\/nepsi\/#\/schema\/logo\/image\/"},"sameAs":["https:\/\/www.facebook.com\/ufpel.nepsi\/","https:\/\/x.com\/ufpel_nepsi","https:\/\/www.instagram.com\/ufpel_nepsi","https:\/\/www.youtube.com\/channel\/UCMFJAGTPIQf5MMjvJCDyPDw"]}]}},"jetpack_sharing_enabled":true,"jetpack_shortlink":"https:\/\/wp.me\/P9iCrQ-CR","jetpack_likes_enabled":true,"jetpack-related-posts":[{"id":2862,"url":"https:\/\/wp.ufpel.edu.br\/nepsi\/pesquisas\/perfil-dos-estudantes-de-psicologia\/","url_meta":{"origin":2409,"position":0},"title":"Perfil dos estudantes de Psicologia","author":"nepsi","date":"26\/03\/2026","format":false,"excerpt":"Perfil e sa\u00fade mental de estudantes de Psicologia T\u00edtulo do projeto Contextualiza\u00e7\u00e3o A forma\u00e7\u00e3o universit\u00e1ria em Psicologia envolve desafios acad\u00eamicos, sociais e emocionais que impactam diretamente o bem-estar dos estudantes. Conhecer quem s\u00e3o esses alunos, suas trajet\u00f3rias, condi\u00e7\u00f5es de vida, expectativas e dificuldades \u00e9 fundamental para qualificar a forma\u00e7\u00e3o e\u2026","rel":"","context":"Post similar","block_context":{"text":"Post similar","link":""},"img":{"alt_text":"","src":"","width":0,"height":0},"classes":[]},{"id":99,"url":"https:\/\/wp.ufpel.edu.br\/nepsi\/intervencoes\/projetos-de-extensao\/","url_meta":{"origin":2409,"position":1},"title":"Presenciais","author":"nepsi","date":"21\/10\/2017","format":false,"excerpt":"A\u00e7\u00f5es de extens\u00e3o presenciais Nesta p\u00e1gina est\u00e3o reunidas a\u00e7\u00f5es presenciais de extens\u00e3o\/interven\u00e7\u00e3o do NEPSI (projetos, grupos, eventos e cursos). Clique para expandir. Projetos Grupos Eventos Cursos Inscri\u00e7\u00e3o\/contato Projetos presenciais \u25be PROJETO: Servi\u00e7o de Psicologia da Inf\u00e2ncia e da Adolesc\u00eancia Objetivo geral: realizar atividades de avalia\u00e7\u00e3o psicol\u00f3gica e interven\u00e7\u00f5es (grupos e\u2026","rel":"","context":"Post similar","block_context":{"text":"Post similar","link":""},"img":{"alt_text":"","src":"","width":0,"height":0},"classes":[]},{"id":712,"url":"https:\/\/wp.ufpel.edu.br\/nepsi\/intervencoes\/acoes-de-extensao\/","url_meta":{"origin":2409,"position":2},"title":"Digitais","author":"nepsi","date":"26\/06\/2020","format":false,"excerpt":"A\u00e7\u00f5es de extens\u00e3o em plataformas digitais Conte\u00fados organizados por categoria e ordenados por data. Clique para expandir. Anima\u00e7\u00f5es Reels (Instagram) V\u00eddeos Podcasts Cartilhas Projeto de ensino (publica\u00e7\u00f5es) NEPSI Indica NEPSI Pesquisa Posts e divulga\u00e7\u00f5es Eventos SIIEPE Mapa Anima\u00e7\u00f5es \u25be 2021 23\/08\/2021 Ranzin- Medita\u00e7\u00e3o Reels (Instagram) \u25be 2021 11\/09\/2021 T\u00e9cnicas de\u2026","rel":"","context":"Post similar","block_context":{"text":"Post similar","link":""},"img":{"alt_text":"","src":"","width":0,"height":0},"classes":[]},{"id":93,"url":"https:\/\/wp.ufpel.edu.br\/nepsi\/pesquisas\/pesquisas-finalizadas\/pns-2013\/","url_meta":{"origin":2409,"position":3},"title":"PNS, 2013","author":"nepsi","date":"21\/10\/2017","format":false,"excerpt":"Sa\u00fade mental e viol\u00eancia no Brasil: Pesquisa Nacional de Sa\u00fade (PNS), 2013 Coordenador: Tiago Neuenfeld Munhoz \u00a0 RESUMO: Os objetivos do projeto s\u00e3o estudar a preval\u00eancia e fatores associados aos transtornos mentais, pensamentos suicidas e aos comportamentos violentos no Brasil, utilizando dados da Pesquisa Nacional de Sa\u00fade (PNS), 2013. O\u2026","rel":"","context":"Post similar","block_context":{"text":"Post similar","link":""},"img":{"alt_text":"","src":"","width":0,"height":0},"classes":[]},{"id":812,"url":"https:\/\/wp.ufpel.edu.br\/nepsi\/pesquisas\/pesquisas-finalizadas\/","url_meta":{"origin":2409,"position":4},"title":"Pesquisas finalizadas","author":"nepsi","date":"15\/07\/2020","format":false,"excerpt":"\u00a0 Projetos anteriores T\u00edtulo do Projeto: Padr\u00f5es de sono e Transtorno do D\u00e9ficit de Aten\u00e7\u00e3o e Hiperatividade (TDAH): perspectivas observacional e gen\u00e9tica Coordenador: LUCIANA TOVO RODRIGUES\u00a0(Programa de P\u00f3s-Gradua\u00e7\u00e3o em Epidemiologia) Pesquisadores:\u00a0\u00a0Tiago Neuenfeld Munhoz (Curso de Psicologia e Programa de P\u00f3s-Gradua\u00e7\u00e3o em Epidemiologia) RESUMO: O Transtorno do D\u00e9ficit de Aten\u00e7\u00e3o e\u2026","rel":"","context":"Post similar","block_context":{"text":"Post similar","link":""},"img":{"alt_text":"","src":"","width":0,"height":0},"classes":[]},{"id":256,"url":"https:\/\/wp.ufpel.edu.br\/nepsi\/atividades-desenvolvidas\/","url_meta":{"origin":2409,"position":5},"title":"Atividades","author":"nepsi","date":"16\/05\/2018","format":false,"excerpt":"Instagram X \/ Twitter Projeto institucional Atividades: ensino, pesquisa e extens\u00e3o Nesta p\u00e1gina voc\u00ea encontra um resumo sint\u00e9tico das principais a\u00e7\u00f5es em ensino, pesquisa e extens\u00e3o\/interven\u00e7\u00e3o. Clique para expandir os itens. Ensino \u25be Estresse e sa\u00fade \u25be Projeto de ensino realizado no calend\u00e1rio letivo alternativo 2020\/1, voltado a discutir pesquisas\u2026","rel":"","context":"Post similar","block_context":{"text":"Post similar","link":""},"img":{"alt_text":"","src":"","width":0,"height":0},"classes":[]}],"_links":{"self":[{"href":"https:\/\/wp.ufpel.edu.br\/nepsi\/wp-json\/wp\/v2\/pages\/2409","targetHints":{"allow":["GET"]}}],"collection":[{"href":"https:\/\/wp.ufpel.edu.br\/nepsi\/wp-json\/wp\/v2\/pages"}],"about":[{"href":"https:\/\/wp.ufpel.edu.br\/nepsi\/wp-json\/wp\/v2\/types\/page"}],"author":[{"embeddable":true,"href":"https:\/\/wp.ufpel.edu.br\/nepsi\/wp-json\/wp\/v2\/users\/807"}],"replies":[{"embeddable":true,"href":"https:\/\/wp.ufpel.edu.br\/nepsi\/wp-json\/wp\/v2\/comments?post=2409"}],"version-history":[{"count":3,"href":"https:\/\/wp.ufpel.edu.br\/nepsi\/wp-json\/wp\/v2\/pages\/2409\/revisions"}],"predecessor-version":[{"id":2538,"href":"https:\/\/wp.ufpel.edu.br\/nepsi\/wp-json\/wp\/v2\/pages\/2409\/revisions\/2538"}],"up":[{"embeddable":true,"href":"https:\/\/wp.ufpel.edu.br\/nepsi\/wp-json\/wp\/v2\/pages\/96"}],"wp:attachment":[{"href":"https:\/\/wp.ufpel.edu.br\/nepsi\/wp-json\/wp\/v2\/media?parent=2409"}],"curies":[{"name":"wp","href":"https:\/\/api.w.org\/{rel}","templated":true}]}}