{"id":2338,"date":"2024-01-17T17:08:05","date_gmt":"2024-01-17T20:08:05","guid":{"rendered":"https:\/\/wp.ufpel.edu.br\/nepsi\/?page_id=2338"},"modified":"2024-08-15T23:14:46","modified_gmt":"2024-08-16T02:14:46","slug":"2024-2","status":"publish","type":"page","link":"https:\/\/wp.ufpel.edu.br\/nepsi\/editais\/2024-2\/","title":{"rendered":"2024"},"content":{"rendered":"\n<figure class=\"wp-block-embed is-type-wp-embed is-provider-n-cleo-de-sa-de-mental-cogni-o-e-comportamento wp-block-embed-n-cleo-de-sa-de-mental-cogni-o-e-comportamento\"><div class=\"wp-block-embed__wrapper\">\n<blockquote class=\"wp-embedded-content\" data-secret=\"9QM8tAnEY2\"><a href=\"https:\/\/wp.ufpel.edu.br\/nepsi\/editais\/2024-2\/entrevistadores\/\">Entrevistadores<\/a><\/blockquote><iframe loading=\"lazy\" class=\"wp-embedded-content\" sandbox=\"allow-scripts\" security=\"restricted\" style=\"position: absolute; clip: rect(1px, 1px, 1px, 1px);\" title=\"&#8220;Entrevistadores&#8221; &#8212; N\u00facleo de Sa\u00fade Mental, Cogni\u00e7\u00e3o e Comportamento\" src=\"https:\/\/wp.ufpel.edu.br\/nepsi\/editais\/2024-2\/entrevistadores\/embed\/#?secret=jTZuC7ldLp#?secret=9QM8tAnEY2\" data-secret=\"9QM8tAnEY2\" width=\"500\" height=\"282\" frameborder=\"0\" marginwidth=\"0\" marginheight=\"0\" scrolling=\"no\"><\/iframe>\n<\/div><\/figure>\n\n\n\n<figure class=\"wp-block-embed is-type-wp-embed is-provider-n-cleo-de-sa-de-mental-cogni-o-e-comportamento wp-block-embed-n-cleo-de-sa-de-mental-cogni-o-e-comportamento\"><div class=\"wp-block-embed__wrapper\">\n<blockquote class=\"wp-embedded-content\" data-secret=\"eubVPoACUN\"><a href=\"https:\/\/wp.ufpel.edu.br\/nepsi\/editais\/2024-2\/iniciacao-cientifica\/\">Inicia\u00e7\u00e3o Cientifica<\/a><\/blockquote><iframe loading=\"lazy\" class=\"wp-embedded-content\" sandbox=\"allow-scripts\" security=\"restricted\" style=\"position: absolute; clip: rect(1px, 1px, 1px, 1px);\" title=\"&#8220;Inicia\u00e7\u00e3o Cientifica&#8221; &#8212; N\u00facleo de Sa\u00fade Mental, Cogni\u00e7\u00e3o e Comportamento\" src=\"https:\/\/wp.ufpel.edu.br\/nepsi\/editais\/2024-2\/iniciacao-cientifica\/embed\/#?secret=M8DREZXHzk#?secret=eubVPoACUN\" data-secret=\"eubVPoACUN\" width=\"500\" height=\"282\" frameborder=\"0\" marginwidth=\"0\" marginheight=\"0\" scrolling=\"no\"><\/iframe>\n<\/div><\/figure>\n","protected":false},"excerpt":{"rendered":"","protected":false},"author":807,"featured_media":0,"parent":1635,"menu_order":4,"comment_status":"closed","ping_status":"closed","template":"","meta":{"jetpack_post_was_ever_published":false,"footnotes":""},"class_list":["post-2338","page","type-page","status-publish","hentry"],"yoast_head":"<!-- This site is optimized with the Yoast SEO plugin v26.7 - https:\/\/yoast.com\/wordpress\/plugins\/seo\/ -->\n<title>2024 -<\/title>\n<meta name=\"robots\" content=\"index, follow, max-snippet:-1, max-image-preview:large, max-video-preview:-1\" \/>\n<link rel=\"canonical\" href=\"https:\/\/wp.ufpel.edu.br\/nepsi\/editais\/2024-2\/\" \/>\n<meta property=\"og:locale\" content=\"pt_BR\" \/>\n<meta property=\"og:type\" content=\"article\" \/>\n<meta property=\"og:title\" content=\"2024 -\" \/>\n<meta property=\"og:url\" content=\"https:\/\/wp.ufpel.edu.br\/nepsi\/editais\/2024-2\/\" \/>\n<meta property=\"article:publisher\" content=\"https:\/\/www.facebook.com\/ufpel.nepsi\/\" \/>\n<meta property=\"article:modified_time\" content=\"2024-08-16T02:14:46+00:00\" \/>\n<meta property=\"og:image\" content=\"https:\/\/i0.wp.com\/wp.ufpel.edu.br\/nepsi\/files\/2020\/06\/MINIATURAS-LARANJA-1.png?fit=867%2C715&ssl=1\" \/>\n\t<meta property=\"og:image:width\" content=\"867\" \/>\n\t<meta property=\"og:image:height\" content=\"715\" \/>\n\t<meta property=\"og:image:type\" content=\"image\/png\" \/>\n<meta name=\"twitter:card\" content=\"summary_large_image\" \/>\n<meta name=\"twitter:site\" content=\"@ufpel_nepsi\" \/>\n<meta name=\"twitter:label1\" content=\"Est. tempo de leitura\" \/>\n\t<meta name=\"twitter:data1\" content=\"1 minuto\" \/>\n<script type=\"application\/ld+json\" class=\"yoast-schema-graph\">{\"@context\":\"https:\/\/schema.org\",\"@graph\":[{\"@type\":\"WebPage\",\"@id\":\"https:\/\/wp.ufpel.edu.br\/nepsi\/editais\/2024-2\/\",\"url\":\"https:\/\/wp.ufpel.edu.br\/nepsi\/editais\/2024-2\/\",\"name\":\"2024 -\",\"isPartOf\":{\"@id\":\"https:\/\/wp.ufpel.edu.br\/nepsi\/#website\"},\"datePublished\":\"2024-01-17T20:08:05+00:00\",\"dateModified\":\"2024-08-16T02:14:46+00:00\",\"breadcrumb\":{\"@id\":\"https:\/\/wp.ufpel.edu.br\/nepsi\/editais\/2024-2\/#breadcrumb\"},\"inLanguage\":\"pt-BR\",\"potentialAction\":[{\"@type\":\"ReadAction\",\"target\":[\"https:\/\/wp.ufpel.edu.br\/nepsi\/editais\/2024-2\/\"]}]},{\"@type\":\"BreadcrumbList\",\"@id\":\"https:\/\/wp.ufpel.edu.br\/nepsi\/editais\/2024-2\/#breadcrumb\",\"itemListElement\":[{\"@type\":\"ListItem\",\"position\":1,\"name\":\"In\u00edcio\",\"item\":\"https:\/\/wp.ufpel.edu.br\/nepsi\/\"},{\"@type\":\"ListItem\",\"position\":2,\"name\":\"Editais\",\"item\":\"https:\/\/wp.ufpel.edu.br\/nepsi\/editais\/\"},{\"@type\":\"ListItem\",\"position\":3,\"name\":\"2024\"}]},{\"@type\":\"WebSite\",\"@id\":\"https:\/\/wp.ufpel.edu.br\/nepsi\/#website\",\"url\":\"https:\/\/wp.ufpel.edu.br\/nepsi\/\",\"name\":\"\",\"description\":\"Coordena\u00e7\u00e3o: Prof. Tiago Neuenfeld Munhoz\",\"publisher\":{\"@id\":\"https:\/\/wp.ufpel.edu.br\/nepsi\/#organization\"},\"potentialAction\":[{\"@type\":\"SearchAction\",\"target\":{\"@type\":\"EntryPoint\",\"urlTemplate\":\"https:\/\/wp.ufpel.edu.br\/nepsi\/?s={search_term_string}\"},\"query-input\":{\"@type\":\"PropertyValueSpecification\",\"valueRequired\":true,\"valueName\":\"search_term_string\"}}],\"inLanguage\":\"pt-BR\"},{\"@type\":\"Organization\",\"@id\":\"https:\/\/wp.ufpel.edu.br\/nepsi\/#organization\",\"name\":\"N\u00facleo de Estudos, Pesquisas e Interven\u00e7\u00f5es em Sa\u00fade Mental, Cogni\u00e7\u00e3o e Comportamento\",\"url\":\"https:\/\/wp.ufpel.edu.br\/nepsi\/\",\"logo\":{\"@type\":\"ImageObject\",\"inLanguage\":\"pt-BR\",\"@id\":\"https:\/\/wp.ufpel.edu.br\/nepsi\/#\/schema\/logo\/image\/\",\"url\":\"https:\/\/i2.wp.com\/wp.ufpel.edu.br\/nepsi\/files\/2020\/06\/NEPSI-22-1.jpg?fit=632%2C591&ssl=1\",\"contentUrl\":\"https:\/\/i2.wp.com\/wp.ufpel.edu.br\/nepsi\/files\/2020\/06\/NEPSI-22-1.jpg?fit=632%2C591&ssl=1\",\"width\":632,\"height\":591,\"caption\":\"N\u00facleo de Estudos, Pesquisas e Interven\u00e7\u00f5es em Sa\u00fade Mental, Cogni\u00e7\u00e3o e Comportamento\"},\"image\":{\"@id\":\"https:\/\/wp.ufpel.edu.br\/nepsi\/#\/schema\/logo\/image\/\"},\"sameAs\":[\"https:\/\/www.facebook.com\/ufpel.nepsi\/\",\"https:\/\/x.com\/ufpel_nepsi\",\"https:\/\/www.instagram.com\/ufpel_nepsi\",\"https:\/\/www.youtube.com\/channel\/UCMFJAGTPIQf5MMjvJCDyPDw\"]}]}<\/script>\n<!-- \/ Yoast SEO plugin. -->","yoast_head_json":{"title":"2024 -","robots":{"index":"index","follow":"follow","max-snippet":"max-snippet:-1","max-image-preview":"max-image-preview:large","max-video-preview":"max-video-preview:-1"},"canonical":"https:\/\/wp.ufpel.edu.br\/nepsi\/editais\/2024-2\/","og_locale":"pt_BR","og_type":"article","og_title":"2024 -","og_url":"https:\/\/wp.ufpel.edu.br\/nepsi\/editais\/2024-2\/","article_publisher":"https:\/\/www.facebook.com\/ufpel.nepsi\/","article_modified_time":"2024-08-16T02:14:46+00:00","og_image":[{"width":867,"height":715,"url":"https:\/\/i0.wp.com\/wp.ufpel.edu.br\/nepsi\/files\/2020\/06\/MINIATURAS-LARANJA-1.png?fit=867%2C715&ssl=1","type":"image\/png"}],"twitter_card":"summary_large_image","twitter_site":"@ufpel_nepsi","twitter_misc":{"Est. tempo de leitura":"1 minuto"},"schema":{"@context":"https:\/\/schema.org","@graph":[{"@type":"WebPage","@id":"https:\/\/wp.ufpel.edu.br\/nepsi\/editais\/2024-2\/","url":"https:\/\/wp.ufpel.edu.br\/nepsi\/editais\/2024-2\/","name":"2024 -","isPartOf":{"@id":"https:\/\/wp.ufpel.edu.br\/nepsi\/#website"},"datePublished":"2024-01-17T20:08:05+00:00","dateModified":"2024-08-16T02:14:46+00:00","breadcrumb":{"@id":"https:\/\/wp.ufpel.edu.br\/nepsi\/editais\/2024-2\/#breadcrumb"},"inLanguage":"pt-BR","potentialAction":[{"@type":"ReadAction","target":["https:\/\/wp.ufpel.edu.br\/nepsi\/editais\/2024-2\/"]}]},{"@type":"BreadcrumbList","@id":"https:\/\/wp.ufpel.edu.br\/nepsi\/editais\/2024-2\/#breadcrumb","itemListElement":[{"@type":"ListItem","position":1,"name":"In\u00edcio","item":"https:\/\/wp.ufpel.edu.br\/nepsi\/"},{"@type":"ListItem","position":2,"name":"Editais","item":"https:\/\/wp.ufpel.edu.br\/nepsi\/editais\/"},{"@type":"ListItem","position":3,"name":"2024"}]},{"@type":"WebSite","@id":"https:\/\/wp.ufpel.edu.br\/nepsi\/#website","url":"https:\/\/wp.ufpel.edu.br\/nepsi\/","name":"","description":"Coordena\u00e7\u00e3o: Prof. Tiago Neuenfeld Munhoz","publisher":{"@id":"https:\/\/wp.ufpel.edu.br\/nepsi\/#organization"},"potentialAction":[{"@type":"SearchAction","target":{"@type":"EntryPoint","urlTemplate":"https:\/\/wp.ufpel.edu.br\/nepsi\/?s={search_term_string}"},"query-input":{"@type":"PropertyValueSpecification","valueRequired":true,"valueName":"search_term_string"}}],"inLanguage":"pt-BR"},{"@type":"Organization","@id":"https:\/\/wp.ufpel.edu.br\/nepsi\/#organization","name":"N\u00facleo de Estudos, Pesquisas e Interven\u00e7\u00f5es em Sa\u00fade Mental, Cogni\u00e7\u00e3o e Comportamento","url":"https:\/\/wp.ufpel.edu.br\/nepsi\/","logo":{"@type":"ImageObject","inLanguage":"pt-BR","@id":"https:\/\/wp.ufpel.edu.br\/nepsi\/#\/schema\/logo\/image\/","url":"https:\/\/i2.wp.com\/wp.ufpel.edu.br\/nepsi\/files\/2020\/06\/NEPSI-22-1.jpg?fit=632%2C591&ssl=1","contentUrl":"https:\/\/i2.wp.com\/wp.ufpel.edu.br\/nepsi\/files\/2020\/06\/NEPSI-22-1.jpg?fit=632%2C591&ssl=1","width":632,"height":591,"caption":"N\u00facleo de Estudos, Pesquisas e Interven\u00e7\u00f5es em Sa\u00fade Mental, Cogni\u00e7\u00e3o e Comportamento"},"image":{"@id":"https:\/\/wp.ufpel.edu.br\/nepsi\/#\/schema\/logo\/image\/"},"sameAs":["https:\/\/www.facebook.com\/ufpel.nepsi\/","https:\/\/x.com\/ufpel_nepsi","https:\/\/www.instagram.com\/ufpel_nepsi","https:\/\/www.youtube.com\/channel\/UCMFJAGTPIQf5MMjvJCDyPDw"]}]}},"jetpack_sharing_enabled":true,"jetpack_shortlink":"https:\/\/wp.me\/P9iCrQ-BI","jetpack_likes_enabled":true,"jetpack-related-posts":[{"id":2524,"url":"https:\/\/wp.ufpel.edu.br\/nepsi\/editais\/2024-2\/iniciacao-cientifica\/","url_meta":{"origin":2338,"position":0},"title":"Inicia\u00e7\u00e3o Cientifica","author":"nepsi","date":"15\/08\/2024","format":false,"excerpt":"2024_IC_NEPSIBaixar","rel":"","context":"Post similar","block_context":{"text":"Post similar","link":""},"img":{"alt_text":"","src":"https:\/\/i0.wp.com\/wp.ufpel.edu.br\/nepsi\/files\/2024\/08\/2024_IC_NEPSI_card.png?fit=848%2C1200&ssl=1&resize=350%2C200","width":350,"height":200,"srcset":"https:\/\/i0.wp.com\/wp.ufpel.edu.br\/nepsi\/files\/2024\/08\/2024_IC_NEPSI_card.png?fit=848%2C1200&ssl=1&resize=350%2C200 1x, https:\/\/i0.wp.com\/wp.ufpel.edu.br\/nepsi\/files\/2024\/08\/2024_IC_NEPSI_card.png?fit=848%2C1200&ssl=1&resize=525%2C300 1.5x, https:\/\/i0.wp.com\/wp.ufpel.edu.br\/nepsi\/files\/2024\/08\/2024_IC_NEPSI_card.png?fit=848%2C1200&ssl=1&resize=700%2C400 2x"},"classes":[]},{"id":2341,"url":"https:\/\/wp.ufpel.edu.br\/nepsi\/editais\/2024-2\/entrevistadores\/","url_meta":{"origin":2338,"position":1},"title":"Entrevistadores","author":"nepsi","date":"17\/01\/2024","format":false,"excerpt":"Confira abaixo o EDITAL RETIFICADO, publicado \u00e0s 15h23min do dia 23\/01\/2024 EDITAL-No-01-2024-Retificado-1Baixar Divulgada a lista de inscri\u00e7\u00f5es homologadas e n\u00e3o homologadas para PROCESSO SELETIVO SIMPLIFICADO PARA SELE\u00c7\u00c3O DE ENTREVISTADORAS PARA O ACOMPANHAMENTO TELEF\u00d4NICO DOS PARTICIPANTES DO ESTUDO DE AVALIA\u00c7\u00c3O DO IMPACTO DO PROGRAMA CRIAN\u00c7A FELIZ (PCF) DO PROJETO EDITAIS CAPES\u2026","rel":"","context":"Post similar","block_context":{"text":"Post similar","link":""},"img":{"alt_text":"","src":"","width":0,"height":0},"classes":[]},{"id":2640,"url":"https:\/\/wp.ufpel.edu.br\/nepsi\/editais\/2025-2\/iniciacao-cientifica\/","url_meta":{"origin":2338,"position":2},"title":"Inicia\u00e7\u00e3o Cient\u00edfica","author":"nepsi","date":"09\/06\/2025","format":false,"excerpt":"Edital 2025_NEPSI_ICBaixar","rel":"","context":"Post similar","block_context":{"text":"Post similar","link":""},"img":{"alt_text":"","src":"","width":0,"height":0},"classes":[]},{"id":1998,"url":"https:\/\/wp.ufpel.edu.br\/nepsi\/editais\/2022-2\/","url_meta":{"origin":2338,"position":3},"title":"2022","author":"nepsi","date":"20\/11\/2022","format":false,"excerpt":"https:\/\/wp.ufpel.edu.br\/nepsi\/editais\/2022-2\/mestrado https:\/\/wp.ufpel.edu.br\/nepsi\/editais\/2022-2\/pos-doutorado","rel":"","context":"Post similar","block_context":{"text":"Post similar","link":""},"img":{"alt_text":"","src":"","width":0,"height":0},"classes":[]},{"id":1388,"url":"https:\/\/wp.ufpel.edu.br\/nepsi\/midia\/","url_meta":{"origin":2338,"position":4},"title":"M\u00eddia","author":"nepsi","date":"30\/03\/2021","format":false,"excerpt":"Leituras recomendadas: Maternal depression found to disrupt key parenting behaviors - News Medical Maternal depression linked to poor parenting outcomes - Contemporary OB\/GYN The impact of maternal depression on parenting - Medxy.ai Maternal depression and child bonding - Neuroscience News Maternal depression and child bonding (post) - Neuroscience News (X\/Twitter)\u2026","rel":"","context":"Post similar","block_context":{"text":"Post similar","link":""},"img":{"alt_text":"","src":"","width":0,"height":0},"classes":[]},{"id":565,"url":"https:\/\/wp.ufpel.edu.br\/nepsi\/calendario-academico\/","url_meta":{"origin":2338,"position":5},"title":"Calend\u00e1rio acad\u00eamico","author":"nepsi","date":"22\/05\/2020","format":false,"excerpt":"","rel":"","context":"Post similar","block_context":{"text":"Post similar","link":""},"img":{"alt_text":"","src":"","width":0,"height":0},"classes":[]}],"_links":{"self":[{"href":"https:\/\/wp.ufpel.edu.br\/nepsi\/wp-json\/wp\/v2\/pages\/2338","targetHints":{"allow":["GET"]}}],"collection":[{"href":"https:\/\/wp.ufpel.edu.br\/nepsi\/wp-json\/wp\/v2\/pages"}],"about":[{"href":"https:\/\/wp.ufpel.edu.br\/nepsi\/wp-json\/wp\/v2\/types\/page"}],"author":[{"embeddable":true,"href":"https:\/\/wp.ufpel.edu.br\/nepsi\/wp-json\/wp\/v2\/users\/807"}],"replies":[{"embeddable":true,"href":"https:\/\/wp.ufpel.edu.br\/nepsi\/wp-json\/wp\/v2\/comments?post=2338"}],"version-history":[{"count":2,"href":"https:\/\/wp.ufpel.edu.br\/nepsi\/wp-json\/wp\/v2\/pages\/2338\/revisions"}],"predecessor-version":[{"id":2544,"href":"https:\/\/wp.ufpel.edu.br\/nepsi\/wp-json\/wp\/v2\/pages\/2338\/revisions\/2544"}],"up":[{"embeddable":true,"href":"https:\/\/wp.ufpel.edu.br\/nepsi\/wp-json\/wp\/v2\/pages\/1635"}],"wp:attachment":[{"href":"https:\/\/wp.ufpel.edu.br\/nepsi\/wp-json\/wp\/v2\/media?parent=2338"}],"curies":[{"name":"wp","href":"https:\/\/api.w.org\/{rel}","templated":true}]}}