{"id":2301,"date":"2023-11-29T14:53:31","date_gmt":"2023-11-29T17:53:31","guid":{"rendered":"https:\/\/wp.ufpel.edu.br\/nepsi\/?page_id=2301"},"modified":"2023-11-29T15:18:46","modified_gmt":"2023-11-29T18:18:46","slug":"2023-2","status":"publish","type":"page","link":"https:\/\/wp.ufpel.edu.br\/nepsi\/editais\/2023-2\/","title":{"rendered":"2023"},"content":{"rendered":"\n<div class=\"wp-block-columns is-layout-flex wp-container-core-columns-is-layout-9d6595d7 wp-block-columns-is-layout-flex\">\n<div class=\"wp-block-column is-layout-flow wp-block-column-is-layout-flow\" style=\"flex-basis:100%\">\n<div data-wp-interactive=\"core\/file\" class=\"wp-block-file aligncenter\"><object data-wp-bind--hidden=\"!state.hasPdfPreview\" hidden class=\"wp-block-file__embed\" data=\"https:\/\/wp.ufpel.edu.br\/nepsi\/files\/2023\/11\/2023_NEPSI_Edital_Posdoc-2.pdf\" type=\"application\/pdf\" style=\"width:100%;height:600px\" aria-label=\"Incorporado de 2023_NEPSI_Edital_Posdoc-2.\"><\/object><a id=\"wp-block-file--media-6a1535f5-79de-4434-b426-47d89bcbfc45\" href=\"https:\/\/wp.ufpel.edu.br\/nepsi\/files\/2023\/11\/2023_NEPSI_Edital_Posdoc-2.pdf\">2023_NEPSI_Edital_Posdoc-2<\/a><a href=\"https:\/\/wp.ufpel.edu.br\/nepsi\/files\/2023\/11\/2023_NEPSI_Edital_Posdoc-2.pdf\" class=\"wp-block-file__button wp-element-button\" download aria-describedby=\"wp-block-file--media-6a1535f5-79de-4434-b426-47d89bcbfc45\">Baixar<\/a><\/div>\n<\/div>\n<\/div>\n","protected":false},"excerpt":{"rendered":"","protected":false},"author":807,"featured_media":2311,"parent":1635,"menu_order":4,"comment_status":"closed","ping_status":"closed","template":"","meta":{"jetpack_post_was_ever_published":false,"footnotes":""},"class_list":["post-2301","page","type-page","status-publish","has-post-thumbnail","hentry"],"yoast_head":"<!-- This site is optimized with the Yoast SEO plugin v26.7 - https:\/\/yoast.com\/wordpress\/plugins\/seo\/ -->\n<title>2023 -<\/title>\n<meta name=\"robots\" content=\"index, follow, max-snippet:-1, max-image-preview:large, max-video-preview:-1\" \/>\n<link rel=\"canonical\" href=\"https:\/\/wp.ufpel.edu.br\/nepsi\/editais\/2023-2\/\" \/>\n<meta property=\"og:locale\" content=\"pt_BR\" \/>\n<meta property=\"og:type\" content=\"article\" \/>\n<meta property=\"og:title\" content=\"2023 -\" \/>\n<meta property=\"og:url\" content=\"https:\/\/wp.ufpel.edu.br\/nepsi\/editais\/2023-2\/\" \/>\n<meta property=\"article:publisher\" content=\"https:\/\/www.facebook.com\/ufpel.nepsi\/\" \/>\n<meta property=\"article:modified_time\" content=\"2023-11-29T18:18:46+00:00\" \/>\n<meta property=\"og:image\" content=\"https:\/\/wp.ufpel.edu.br\/nepsi\/files\/2023\/11\/2023-postdoc-NEPSI-1.png\" \/>\n\t<meta property=\"og:image:width\" content=\"1080\" \/>\n\t<meta property=\"og:image:height\" content=\"1080\" \/>\n\t<meta property=\"og:image:type\" content=\"image\/png\" \/>\n<meta name=\"twitter:card\" content=\"summary_large_image\" \/>\n<meta name=\"twitter:site\" content=\"@ufpel_nepsi\" \/>\n<script type=\"application\/ld+json\" class=\"yoast-schema-graph\">{\"@context\":\"https:\/\/schema.org\",\"@graph\":[{\"@type\":\"WebPage\",\"@id\":\"https:\/\/wp.ufpel.edu.br\/nepsi\/editais\/2023-2\/\",\"url\":\"https:\/\/wp.ufpel.edu.br\/nepsi\/editais\/2023-2\/\",\"name\":\"2023 -\",\"isPartOf\":{\"@id\":\"https:\/\/wp.ufpel.edu.br\/nepsi\/#website\"},\"primaryImageOfPage\":{\"@id\":\"https:\/\/wp.ufpel.edu.br\/nepsi\/editais\/2023-2\/#primaryimage\"},\"image\":{\"@id\":\"https:\/\/wp.ufpel.edu.br\/nepsi\/editais\/2023-2\/#primaryimage\"},\"thumbnailUrl\":\"https:\/\/i0.wp.com\/wp.ufpel.edu.br\/nepsi\/files\/2023\/11\/2023-postdoc-NEPSI-1.png?fit=1080%2C1080&ssl=1\",\"datePublished\":\"2023-11-29T17:53:31+00:00\",\"dateModified\":\"2023-11-29T18:18:46+00:00\",\"breadcrumb\":{\"@id\":\"https:\/\/wp.ufpel.edu.br\/nepsi\/editais\/2023-2\/#breadcrumb\"},\"inLanguage\":\"pt-BR\",\"potentialAction\":[{\"@type\":\"ReadAction\",\"target\":[\"https:\/\/wp.ufpel.edu.br\/nepsi\/editais\/2023-2\/\"]}]},{\"@type\":\"ImageObject\",\"inLanguage\":\"pt-BR\",\"@id\":\"https:\/\/wp.ufpel.edu.br\/nepsi\/editais\/2023-2\/#primaryimage\",\"url\":\"https:\/\/i0.wp.com\/wp.ufpel.edu.br\/nepsi\/files\/2023\/11\/2023-postdoc-NEPSI-1.png?fit=1080%2C1080&ssl=1\",\"contentUrl\":\"https:\/\/i0.wp.com\/wp.ufpel.edu.br\/nepsi\/files\/2023\/11\/2023-postdoc-NEPSI-1.png?fit=1080%2C1080&ssl=1\",\"width\":1080,\"height\":1080},{\"@type\":\"BreadcrumbList\",\"@id\":\"https:\/\/wp.ufpel.edu.br\/nepsi\/editais\/2023-2\/#breadcrumb\",\"itemListElement\":[{\"@type\":\"ListItem\",\"position\":1,\"name\":\"In\u00edcio\",\"item\":\"https:\/\/wp.ufpel.edu.br\/nepsi\/\"},{\"@type\":\"ListItem\",\"position\":2,\"name\":\"Editais\",\"item\":\"https:\/\/wp.ufpel.edu.br\/nepsi\/editais\/\"},{\"@type\":\"ListItem\",\"position\":3,\"name\":\"2023\"}]},{\"@type\":\"WebSite\",\"@id\":\"https:\/\/wp.ufpel.edu.br\/nepsi\/#website\",\"url\":\"https:\/\/wp.ufpel.edu.br\/nepsi\/\",\"name\":\"\",\"description\":\"Coordena\u00e7\u00e3o: Prof. Tiago Neuenfeld Munhoz\",\"publisher\":{\"@id\":\"https:\/\/wp.ufpel.edu.br\/nepsi\/#organization\"},\"potentialAction\":[{\"@type\":\"SearchAction\",\"target\":{\"@type\":\"EntryPoint\",\"urlTemplate\":\"https:\/\/wp.ufpel.edu.br\/nepsi\/?s={search_term_string}\"},\"query-input\":{\"@type\":\"PropertyValueSpecification\",\"valueRequired\":true,\"valueName\":\"search_term_string\"}}],\"inLanguage\":\"pt-BR\"},{\"@type\":\"Organization\",\"@id\":\"https:\/\/wp.ufpel.edu.br\/nepsi\/#organization\",\"name\":\"N\u00facleo de Estudos, Pesquisas e Interven\u00e7\u00f5es em Sa\u00fade Mental, Cogni\u00e7\u00e3o e Comportamento\",\"url\":\"https:\/\/wp.ufpel.edu.br\/nepsi\/\",\"logo\":{\"@type\":\"ImageObject\",\"inLanguage\":\"pt-BR\",\"@id\":\"https:\/\/wp.ufpel.edu.br\/nepsi\/#\/schema\/logo\/image\/\",\"url\":\"https:\/\/i2.wp.com\/wp.ufpel.edu.br\/nepsi\/files\/2020\/06\/NEPSI-22-1.jpg?fit=632%2C591&ssl=1\",\"contentUrl\":\"https:\/\/i2.wp.com\/wp.ufpel.edu.br\/nepsi\/files\/2020\/06\/NEPSI-22-1.jpg?fit=632%2C591&ssl=1\",\"width\":632,\"height\":591,\"caption\":\"N\u00facleo de Estudos, Pesquisas e Interven\u00e7\u00f5es em Sa\u00fade Mental, Cogni\u00e7\u00e3o e Comportamento\"},\"image\":{\"@id\":\"https:\/\/wp.ufpel.edu.br\/nepsi\/#\/schema\/logo\/image\/\"},\"sameAs\":[\"https:\/\/www.facebook.com\/ufpel.nepsi\/\",\"https:\/\/x.com\/ufpel_nepsi\",\"https:\/\/www.instagram.com\/ufpel_nepsi\",\"https:\/\/www.youtube.com\/channel\/UCMFJAGTPIQf5MMjvJCDyPDw\"]}]}<\/script>\n<!-- \/ Yoast SEO plugin. -->","yoast_head_json":{"title":"2023 -","robots":{"index":"index","follow":"follow","max-snippet":"max-snippet:-1","max-image-preview":"max-image-preview:large","max-video-preview":"max-video-preview:-1"},"canonical":"https:\/\/wp.ufpel.edu.br\/nepsi\/editais\/2023-2\/","og_locale":"pt_BR","og_type":"article","og_title":"2023 -","og_url":"https:\/\/wp.ufpel.edu.br\/nepsi\/editais\/2023-2\/","article_publisher":"https:\/\/www.facebook.com\/ufpel.nepsi\/","article_modified_time":"2023-11-29T18:18:46+00:00","og_image":[{"width":1080,"height":1080,"url":"https:\/\/wp.ufpel.edu.br\/nepsi\/files\/2023\/11\/2023-postdoc-NEPSI-1.png","type":"image\/png"}],"twitter_card":"summary_large_image","twitter_site":"@ufpel_nepsi","schema":{"@context":"https:\/\/schema.org","@graph":[{"@type":"WebPage","@id":"https:\/\/wp.ufpel.edu.br\/nepsi\/editais\/2023-2\/","url":"https:\/\/wp.ufpel.edu.br\/nepsi\/editais\/2023-2\/","name":"2023 -","isPartOf":{"@id":"https:\/\/wp.ufpel.edu.br\/nepsi\/#website"},"primaryImageOfPage":{"@id":"https:\/\/wp.ufpel.edu.br\/nepsi\/editais\/2023-2\/#primaryimage"},"image":{"@id":"https:\/\/wp.ufpel.edu.br\/nepsi\/editais\/2023-2\/#primaryimage"},"thumbnailUrl":"https:\/\/i0.wp.com\/wp.ufpel.edu.br\/nepsi\/files\/2023\/11\/2023-postdoc-NEPSI-1.png?fit=1080%2C1080&ssl=1","datePublished":"2023-11-29T17:53:31+00:00","dateModified":"2023-11-29T18:18:46+00:00","breadcrumb":{"@id":"https:\/\/wp.ufpel.edu.br\/nepsi\/editais\/2023-2\/#breadcrumb"},"inLanguage":"pt-BR","potentialAction":[{"@type":"ReadAction","target":["https:\/\/wp.ufpel.edu.br\/nepsi\/editais\/2023-2\/"]}]},{"@type":"ImageObject","inLanguage":"pt-BR","@id":"https:\/\/wp.ufpel.edu.br\/nepsi\/editais\/2023-2\/#primaryimage","url":"https:\/\/i0.wp.com\/wp.ufpel.edu.br\/nepsi\/files\/2023\/11\/2023-postdoc-NEPSI-1.png?fit=1080%2C1080&ssl=1","contentUrl":"https:\/\/i0.wp.com\/wp.ufpel.edu.br\/nepsi\/files\/2023\/11\/2023-postdoc-NEPSI-1.png?fit=1080%2C1080&ssl=1","width":1080,"height":1080},{"@type":"BreadcrumbList","@id":"https:\/\/wp.ufpel.edu.br\/nepsi\/editais\/2023-2\/#breadcrumb","itemListElement":[{"@type":"ListItem","position":1,"name":"In\u00edcio","item":"https:\/\/wp.ufpel.edu.br\/nepsi\/"},{"@type":"ListItem","position":2,"name":"Editais","item":"https:\/\/wp.ufpel.edu.br\/nepsi\/editais\/"},{"@type":"ListItem","position":3,"name":"2023"}]},{"@type":"WebSite","@id":"https:\/\/wp.ufpel.edu.br\/nepsi\/#website","url":"https:\/\/wp.ufpel.edu.br\/nepsi\/","name":"","description":"Coordena\u00e7\u00e3o: Prof. Tiago Neuenfeld Munhoz","publisher":{"@id":"https:\/\/wp.ufpel.edu.br\/nepsi\/#organization"},"potentialAction":[{"@type":"SearchAction","target":{"@type":"EntryPoint","urlTemplate":"https:\/\/wp.ufpel.edu.br\/nepsi\/?s={search_term_string}"},"query-input":{"@type":"PropertyValueSpecification","valueRequired":true,"valueName":"search_term_string"}}],"inLanguage":"pt-BR"},{"@type":"Organization","@id":"https:\/\/wp.ufpel.edu.br\/nepsi\/#organization","name":"N\u00facleo de Estudos, Pesquisas e Interven\u00e7\u00f5es em Sa\u00fade Mental, Cogni\u00e7\u00e3o e Comportamento","url":"https:\/\/wp.ufpel.edu.br\/nepsi\/","logo":{"@type":"ImageObject","inLanguage":"pt-BR","@id":"https:\/\/wp.ufpel.edu.br\/nepsi\/#\/schema\/logo\/image\/","url":"https:\/\/i2.wp.com\/wp.ufpel.edu.br\/nepsi\/files\/2020\/06\/NEPSI-22-1.jpg?fit=632%2C591&ssl=1","contentUrl":"https:\/\/i2.wp.com\/wp.ufpel.edu.br\/nepsi\/files\/2020\/06\/NEPSI-22-1.jpg?fit=632%2C591&ssl=1","width":632,"height":591,"caption":"N\u00facleo de Estudos, Pesquisas e Interven\u00e7\u00f5es em Sa\u00fade Mental, Cogni\u00e7\u00e3o e Comportamento"},"image":{"@id":"https:\/\/wp.ufpel.edu.br\/nepsi\/#\/schema\/logo\/image\/"},"sameAs":["https:\/\/www.facebook.com\/ufpel.nepsi\/","https:\/\/x.com\/ufpel_nepsi","https:\/\/www.instagram.com\/ufpel_nepsi","https:\/\/www.youtube.com\/channel\/UCMFJAGTPIQf5MMjvJCDyPDw"]}]}},"jetpack_sharing_enabled":true,"jetpack_shortlink":"https:\/\/wp.me\/P9iCrQ-B7","jetpack_likes_enabled":true,"jetpack-related-posts":[],"_links":{"self":[{"href":"https:\/\/wp.ufpel.edu.br\/nepsi\/wp-json\/wp\/v2\/pages\/2301","targetHints":{"allow":["GET"]}}],"collection":[{"href":"https:\/\/wp.ufpel.edu.br\/nepsi\/wp-json\/wp\/v2\/pages"}],"about":[{"href":"https:\/\/wp.ufpel.edu.br\/nepsi\/wp-json\/wp\/v2\/types\/page"}],"author":[{"embeddable":true,"href":"https:\/\/wp.ufpel.edu.br\/nepsi\/wp-json\/wp\/v2\/users\/807"}],"replies":[{"embeddable":true,"href":"https:\/\/wp.ufpel.edu.br\/nepsi\/wp-json\/wp\/v2\/comments?post=2301"}],"version-history":[{"count":3,"href":"https:\/\/wp.ufpel.edu.br\/nepsi\/wp-json\/wp\/v2\/pages\/2301\/revisions"}],"predecessor-version":[{"id":2309,"href":"https:\/\/wp.ufpel.edu.br\/nepsi\/wp-json\/wp\/v2\/pages\/2301\/revisions\/2309"}],"up":[{"embeddable":true,"href":"https:\/\/wp.ufpel.edu.br\/nepsi\/wp-json\/wp\/v2\/pages\/1635"}],"wp:featuredmedia":[{"embeddable":true,"href":"https:\/\/wp.ufpel.edu.br\/nepsi\/wp-json\/wp\/v2\/media\/2311"}],"wp:attachment":[{"href":"https:\/\/wp.ufpel.edu.br\/nepsi\/wp-json\/wp\/v2\/media?parent=2301"}],"curies":[{"name":"wp","href":"https:\/\/api.w.org\/{rel}","templated":true}]}}