{"id":1635,"date":"2021-08-30T19:15:09","date_gmt":"2021-08-30T22:15:09","guid":{"rendered":"https:\/\/wp.ufpel.edu.br\/nepsi\/?page_id=1635"},"modified":"2025-06-16T11:51:13","modified_gmt":"2025-06-16T14:51:13","slug":"editais","status":"publish","type":"page","link":"https:\/\/wp.ufpel.edu.br\/nepsi\/editais\/","title":{"rendered":"Editais"},"content":{"rendered":"<style>.wp-block-kadence-advancedbtn.kb-btns1635_0b0893-55{gap:var(--global-kb-gap-xs, 0.5rem );flex-direction:column-reverse;align-items:center;justify-content:center;}.kt-btns1635_0b0893-55 .kt-button{font-weight:normal;font-style:normal;}.kt-btns1635_0b0893-55 .kt-btn-wrap-0{margin-right:5px;}.wp-block-kadence-advancedbtn.kt-btns1635_0b0893-55 .kt-btn-wrap-0 .kt-button{color:#555555;border-color:#555555;}.wp-block-kadence-advancedbtn.kt-btns1635_0b0893-55 .kt-btn-wrap-0 .kt-button:hover, .wp-block-kadence-advancedbtn.kt-btns1635_0b0893-55 .kt-btn-wrap-0 .kt-button:focus{color:#ffffff;border-color:#444444;}.wp-block-kadence-advancedbtn.kt-btns1635_0b0893-55 .kt-btn-wrap-0 .kt-button::before{display:none;}.wp-block-kadence-advancedbtn.kt-btns1635_0b0893-55 .kt-btn-wrap-0 .kt-button:hover, .wp-block-kadence-advancedbtn.kt-btns1635_0b0893-55 .kt-btn-wrap-0 .kt-button:focus{background:#444444;}<\/style>\n<div class=\"wp-block-kadence-advancedbtn kb-buttons-wrap kb-btns1635_0b0893-55\"><style>ul.menu .wp-block-kadence-advancedbtn .kb-btn1635_0a51a1-50.kb-button{width:initial;}.wp-block-kadence-advancedbtn .kb-btn1635_0a51a1-50.kb-button{color:#ffffff;}.wp-block-kadence-advancedbtn .kb-btn1635_0a51a1-50.kb-button:hover, .wp-block-kadence-advancedbtn .kb-btn1635_0a51a1-50.kb-button:focus{color:#ffffff;background:#ff6900;}<\/style><a class=\"kb-button kt-button button kb-btn1635_0a51a1-50 kt-btn-size-standard kt-btn-width-type-auto kb-btn-global-inherit  kt-btn-has-text-true kt-btn-has-svg-false  wp-block-button__link wp-block-kadence-singlebtn\" href=\"https:\/\/wp.ufpel.edu.br\/nepsi\/editais\/2021-2\/\" target=\"_blank\" rel=\"noreferrer noopener\"><span class=\"kt-btn-inner-text\">2021<\/span><\/a>\n\n<style>ul.menu .wp-block-kadence-advancedbtn .kb-btn1635_d9d13f-5f.kb-button{width:initial;}.wp-block-kadence-advancedbtn .kb-btn1635_d9d13f-5f.kb-button{color:#ffffff;}.wp-block-kadence-advancedbtn .kb-btn1635_d9d13f-5f.kb-button:hover, .wp-block-kadence-advancedbtn .kb-btn1635_d9d13f-5f.kb-button:focus{background:#ff6900;}<\/style><a class=\"kb-button kt-button button kb-btn1635_d9d13f-5f kt-btn-size-standard kt-btn-width-type-auto kb-btn-global-inherit  kt-btn-has-text-true kt-btn-has-svg-false  wp-block-button__link wp-block-kadence-singlebtn\" href=\"https:\/\/wp.ufpel.edu.br\/nepsi\/editais\/2022-2\/\" target=\"_blank\" rel=\"noreferrer noopener\"><span class=\"kt-btn-inner-text\">2022<\/span><\/a>\n\n<style>ul.menu .wp-block-kadence-advancedbtn .kb-btn1635_f1fc88-49.kb-button{width:initial;}.wp-block-kadence-advancedbtn .kb-btn1635_f1fc88-49.kb-button{color:#ffffff;}.wp-block-kadence-advancedbtn .kb-btn1635_f1fc88-49.kb-button:hover, .wp-block-kadence-advancedbtn .kb-btn1635_f1fc88-49.kb-button:focus{background:#ff6900;}<\/style><a class=\"kb-button kt-button button kb-btn1635_f1fc88-49 kt-btn-size-standard kt-btn-width-type-auto kb-btn-global-inherit  kt-btn-has-text-true kt-btn-has-svg-false  wp-block-button__link wp-block-kadence-singlebtn\" href=\"https:\/\/wp.ufpel.edu.br\/nepsi\/editais\/2023-2\/\" target=\"_blank\" rel=\"noreferrer noopener\"><span class=\"kt-btn-inner-text\">2023<\/span><\/a>\n\n<style>ul.menu .wp-block-kadence-advancedbtn .kb-btn1635_6428e0-49.kb-button{width:initial;}.wp-block-kadence-advancedbtn .kb-btn1635_6428e0-49.kb-button{color:#ffffff;}.wp-block-kadence-advancedbtn .kb-btn1635_6428e0-49.kb-button:hover, .wp-block-kadence-advancedbtn .kb-btn1635_6428e0-49.kb-button:focus{background:#ff6900;}<\/style><a class=\"kb-button kt-button button kb-btn1635_6428e0-49 kt-btn-size-standard kt-btn-width-type-auto kb-btn-global-inherit  kt-btn-has-text-true kt-btn-has-svg-false  wp-block-button__link wp-block-kadence-singlebtn\" href=\"https:\/\/wp.ufpel.edu.br\/nepsi\/editais\/2024-2\/\" target=\"_blank\" rel=\"noreferrer noopener\"><span class=\"kt-btn-inner-text\">2024<\/span><\/a>\n\n<style>ul.menu .wp-block-kadence-advancedbtn .kb-btn1635_8254c7-6f.kb-button{width:initial;}.wp-block-kadence-advancedbtn .kb-btn1635_8254c7-6f.kb-button{color:#ffffff;}<\/style><a class=\"kb-button kt-button button kb-btn1635_8254c7-6f kt-btn-size-standard kt-btn-width-type-auto kb-btn-global-inherit  kt-btn-has-text-true kt-btn-has-svg-false  wp-block-button__link wp-block-kadence-singlebtn\" href=\"https:\/\/wp.ufpel.edu.br\/nepsi\/editais\/2025-2\/\"><span class=\"kt-btn-inner-text\">2025<\/span><\/a><\/div>\n\n\n\n<p><\/p>\n","protected":false},"excerpt":{"rendered":"","protected":false},"author":807,"featured_media":0,"parent":0,"menu_order":5,"comment_status":"closed","ping_status":"closed","template":"","meta":{"jetpack_post_was_ever_published":false,"footnotes":""},"class_list":["post-1635","page","type-page","status-publish","hentry"],"yoast_head":"<!-- This site is optimized with the Yoast SEO plugin v26.7 - https:\/\/yoast.com\/wordpress\/plugins\/seo\/ -->\n<title>Editais -<\/title>\n<meta name=\"robots\" content=\"index, follow, max-snippet:-1, max-image-preview:large, max-video-preview:-1\" \/>\n<link rel=\"canonical\" href=\"https:\/\/wp.ufpel.edu.br\/nepsi\/editais\/\" \/>\n<meta property=\"og:locale\" content=\"pt_BR\" \/>\n<meta property=\"og:type\" content=\"article\" \/>\n<meta property=\"og:title\" content=\"Editais -\" \/>\n<meta property=\"og:url\" content=\"https:\/\/wp.ufpel.edu.br\/nepsi\/editais\/\" \/>\n<meta property=\"article:publisher\" content=\"https:\/\/www.facebook.com\/ufpel.nepsi\/\" \/>\n<meta property=\"article:modified_time\" content=\"2025-06-16T14:51:13+00:00\" \/>\n<meta property=\"og:image\" content=\"https:\/\/i0.wp.com\/wp.ufpel.edu.br\/nepsi\/files\/2020\/06\/MINIATURAS-LARANJA-1.png?fit=867%2C715&ssl=1\" \/>\n\t<meta property=\"og:image:width\" content=\"867\" \/>\n\t<meta property=\"og:image:height\" content=\"715\" \/>\n\t<meta property=\"og:image:type\" content=\"image\/png\" \/>\n<meta name=\"twitter:card\" content=\"summary_large_image\" \/>\n<meta name=\"twitter:site\" content=\"@ufpel_nepsi\" \/>\n<script type=\"application\/ld+json\" class=\"yoast-schema-graph\">{\"@context\":\"https:\/\/schema.org\",\"@graph\":[{\"@type\":\"WebPage\",\"@id\":\"https:\/\/wp.ufpel.edu.br\/nepsi\/editais\/\",\"url\":\"https:\/\/wp.ufpel.edu.br\/nepsi\/editais\/\",\"name\":\"Editais -\",\"isPartOf\":{\"@id\":\"https:\/\/wp.ufpel.edu.br\/nepsi\/#website\"},\"datePublished\":\"2021-08-30T22:15:09+00:00\",\"dateModified\":\"2025-06-16T14:51:13+00:00\",\"breadcrumb\":{\"@id\":\"https:\/\/wp.ufpel.edu.br\/nepsi\/editais\/#breadcrumb\"},\"inLanguage\":\"pt-BR\",\"potentialAction\":[{\"@type\":\"ReadAction\",\"target\":[\"https:\/\/wp.ufpel.edu.br\/nepsi\/editais\/\"]}]},{\"@type\":\"BreadcrumbList\",\"@id\":\"https:\/\/wp.ufpel.edu.br\/nepsi\/editais\/#breadcrumb\",\"itemListElement\":[{\"@type\":\"ListItem\",\"position\":1,\"name\":\"In\u00edcio\",\"item\":\"https:\/\/wp.ufpel.edu.br\/nepsi\/\"},{\"@type\":\"ListItem\",\"position\":2,\"name\":\"Editais\"}]},{\"@type\":\"WebSite\",\"@id\":\"https:\/\/wp.ufpel.edu.br\/nepsi\/#website\",\"url\":\"https:\/\/wp.ufpel.edu.br\/nepsi\/\",\"name\":\"\",\"description\":\"Coordena\u00e7\u00e3o: Prof. Tiago Neuenfeld Munhoz\",\"publisher\":{\"@id\":\"https:\/\/wp.ufpel.edu.br\/nepsi\/#organization\"},\"potentialAction\":[{\"@type\":\"SearchAction\",\"target\":{\"@type\":\"EntryPoint\",\"urlTemplate\":\"https:\/\/wp.ufpel.edu.br\/nepsi\/?s={search_term_string}\"},\"query-input\":{\"@type\":\"PropertyValueSpecification\",\"valueRequired\":true,\"valueName\":\"search_term_string\"}}],\"inLanguage\":\"pt-BR\"},{\"@type\":\"Organization\",\"@id\":\"https:\/\/wp.ufpel.edu.br\/nepsi\/#organization\",\"name\":\"N\u00facleo de Estudos, Pesquisas e Interven\u00e7\u00f5es em Sa\u00fade Mental, Cogni\u00e7\u00e3o e Comportamento\",\"url\":\"https:\/\/wp.ufpel.edu.br\/nepsi\/\",\"logo\":{\"@type\":\"ImageObject\",\"inLanguage\":\"pt-BR\",\"@id\":\"https:\/\/wp.ufpel.edu.br\/nepsi\/#\/schema\/logo\/image\/\",\"url\":\"https:\/\/i2.wp.com\/wp.ufpel.edu.br\/nepsi\/files\/2020\/06\/NEPSI-22-1.jpg?fit=632%2C591&ssl=1\",\"contentUrl\":\"https:\/\/i2.wp.com\/wp.ufpel.edu.br\/nepsi\/files\/2020\/06\/NEPSI-22-1.jpg?fit=632%2C591&ssl=1\",\"width\":632,\"height\":591,\"caption\":\"N\u00facleo de Estudos, Pesquisas e Interven\u00e7\u00f5es em Sa\u00fade Mental, Cogni\u00e7\u00e3o e Comportamento\"},\"image\":{\"@id\":\"https:\/\/wp.ufpel.edu.br\/nepsi\/#\/schema\/logo\/image\/\"},\"sameAs\":[\"https:\/\/www.facebook.com\/ufpel.nepsi\/\",\"https:\/\/x.com\/ufpel_nepsi\",\"https:\/\/www.instagram.com\/ufpel_nepsi\",\"https:\/\/www.youtube.com\/channel\/UCMFJAGTPIQf5MMjvJCDyPDw\"]}]}<\/script>\n<!-- \/ Yoast SEO plugin. -->","yoast_head_json":{"title":"Editais -","robots":{"index":"index","follow":"follow","max-snippet":"max-snippet:-1","max-image-preview":"max-image-preview:large","max-video-preview":"max-video-preview:-1"},"canonical":"https:\/\/wp.ufpel.edu.br\/nepsi\/editais\/","og_locale":"pt_BR","og_type":"article","og_title":"Editais -","og_url":"https:\/\/wp.ufpel.edu.br\/nepsi\/editais\/","article_publisher":"https:\/\/www.facebook.com\/ufpel.nepsi\/","article_modified_time":"2025-06-16T14:51:13+00:00","og_image":[{"width":867,"height":715,"url":"https:\/\/i0.wp.com\/wp.ufpel.edu.br\/nepsi\/files\/2020\/06\/MINIATURAS-LARANJA-1.png?fit=867%2C715&ssl=1","type":"image\/png"}],"twitter_card":"summary_large_image","twitter_site":"@ufpel_nepsi","schema":{"@context":"https:\/\/schema.org","@graph":[{"@type":"WebPage","@id":"https:\/\/wp.ufpel.edu.br\/nepsi\/editais\/","url":"https:\/\/wp.ufpel.edu.br\/nepsi\/editais\/","name":"Editais -","isPartOf":{"@id":"https:\/\/wp.ufpel.edu.br\/nepsi\/#website"},"datePublished":"2021-08-30T22:15:09+00:00","dateModified":"2025-06-16T14:51:13+00:00","breadcrumb":{"@id":"https:\/\/wp.ufpel.edu.br\/nepsi\/editais\/#breadcrumb"},"inLanguage":"pt-BR","potentialAction":[{"@type":"ReadAction","target":["https:\/\/wp.ufpel.edu.br\/nepsi\/editais\/"]}]},{"@type":"BreadcrumbList","@id":"https:\/\/wp.ufpel.edu.br\/nepsi\/editais\/#breadcrumb","itemListElement":[{"@type":"ListItem","position":1,"name":"In\u00edcio","item":"https:\/\/wp.ufpel.edu.br\/nepsi\/"},{"@type":"ListItem","position":2,"name":"Editais"}]},{"@type":"WebSite","@id":"https:\/\/wp.ufpel.edu.br\/nepsi\/#website","url":"https:\/\/wp.ufpel.edu.br\/nepsi\/","name":"","description":"Coordena\u00e7\u00e3o: Prof. Tiago Neuenfeld Munhoz","publisher":{"@id":"https:\/\/wp.ufpel.edu.br\/nepsi\/#organization"},"potentialAction":[{"@type":"SearchAction","target":{"@type":"EntryPoint","urlTemplate":"https:\/\/wp.ufpel.edu.br\/nepsi\/?s={search_term_string}"},"query-input":{"@type":"PropertyValueSpecification","valueRequired":true,"valueName":"search_term_string"}}],"inLanguage":"pt-BR"},{"@type":"Organization","@id":"https:\/\/wp.ufpel.edu.br\/nepsi\/#organization","name":"N\u00facleo de Estudos, Pesquisas e Interven\u00e7\u00f5es em Sa\u00fade Mental, Cogni\u00e7\u00e3o e Comportamento","url":"https:\/\/wp.ufpel.edu.br\/nepsi\/","logo":{"@type":"ImageObject","inLanguage":"pt-BR","@id":"https:\/\/wp.ufpel.edu.br\/nepsi\/#\/schema\/logo\/image\/","url":"https:\/\/i2.wp.com\/wp.ufpel.edu.br\/nepsi\/files\/2020\/06\/NEPSI-22-1.jpg?fit=632%2C591&ssl=1","contentUrl":"https:\/\/i2.wp.com\/wp.ufpel.edu.br\/nepsi\/files\/2020\/06\/NEPSI-22-1.jpg?fit=632%2C591&ssl=1","width":632,"height":591,"caption":"N\u00facleo de Estudos, Pesquisas e Interven\u00e7\u00f5es em Sa\u00fade Mental, Cogni\u00e7\u00e3o e Comportamento"},"image":{"@id":"https:\/\/wp.ufpel.edu.br\/nepsi\/#\/schema\/logo\/image\/"},"sameAs":["https:\/\/www.facebook.com\/ufpel.nepsi\/","https:\/\/x.com\/ufpel_nepsi","https:\/\/www.instagram.com\/ufpel_nepsi","https:\/\/www.youtube.com\/channel\/UCMFJAGTPIQf5MMjvJCDyPDw"]}]}},"jetpack_sharing_enabled":true,"jetpack_shortlink":"https:\/\/wp.me\/P9iCrQ-qn","jetpack_likes_enabled":true,"jetpack-related-posts":[{"id":1998,"url":"https:\/\/wp.ufpel.edu.br\/nepsi\/editais\/2022-2\/","url_meta":{"origin":1635,"position":0},"title":"2022","author":"nepsi","date":"20\/11\/2022","format":false,"excerpt":"https:\/\/wp.ufpel.edu.br\/nepsi\/editais\/2022-2\/mestrado https:\/\/wp.ufpel.edu.br\/nepsi\/editais\/2022-2\/pos-doutorado","rel":"","context":"Post similar","block_context":{"text":"Post similar","link":""},"img":{"alt_text":"","src":"","width":0,"height":0},"classes":[]},{"id":2338,"url":"https:\/\/wp.ufpel.edu.br\/nepsi\/editais\/2024-2\/","url_meta":{"origin":1635,"position":1},"title":"2024","author":"nepsi","date":"17\/01\/2024","format":false,"excerpt":"https:\/\/wp.ufpel.edu.br\/nepsi\/editais\/2024-2\/entrevistadores https:\/\/wp.ufpel.edu.br\/nepsi\/editais\/2024-2\/iniciacao-cientifica","rel":"","context":"Post similar","block_context":{"text":"Post similar","link":""},"img":{"alt_text":"","src":"","width":0,"height":0},"classes":[]},{"id":2630,"url":"https:\/\/wp.ufpel.edu.br\/nepsi\/editais\/2025-2\/","url_meta":{"origin":1635,"position":2},"title":"2025","author":"nepsi","date":"09\/06\/2025","format":false,"excerpt":"","rel":"","context":"Post similar","block_context":{"text":"Post similar","link":""},"img":{"alt_text":"","src":"","width":0,"height":0},"classes":[]},{"id":2301,"url":"https:\/\/wp.ufpel.edu.br\/nepsi\/editais\/2023-2\/","url_meta":{"origin":1635,"position":3},"title":"2023","author":"nepsi","date":"29\/11\/2023","format":false,"excerpt":"","rel":"","context":"Post similar","block_context":{"text":"Post similar","link":""},"img":{"alt_text":"","src":"https:\/\/i0.wp.com\/wp.ufpel.edu.br\/nepsi\/files\/2023\/11\/2023-postdoc-NEPSI-1.png?fit=1080%2C1080&ssl=1&resize=350%2C200","width":350,"height":200,"srcset":"https:\/\/i0.wp.com\/wp.ufpel.edu.br\/nepsi\/files\/2023\/11\/2023-postdoc-NEPSI-1.png?fit=1080%2C1080&ssl=1&resize=350%2C200 1x, https:\/\/i0.wp.com\/wp.ufpel.edu.br\/nepsi\/files\/2023\/11\/2023-postdoc-NEPSI-1.png?fit=1080%2C1080&ssl=1&resize=525%2C300 1.5x, https:\/\/i0.wp.com\/wp.ufpel.edu.br\/nepsi\/files\/2023\/11\/2023-postdoc-NEPSI-1.png?fit=1080%2C1080&ssl=1&resize=700%2C400 2x, https:\/\/i0.wp.com\/wp.ufpel.edu.br\/nepsi\/files\/2023\/11\/2023-postdoc-NEPSI-1.png?fit=1080%2C1080&ssl=1&resize=1050%2C600 3x"},"classes":[]},{"id":2341,"url":"https:\/\/wp.ufpel.edu.br\/nepsi\/editais\/2024-2\/entrevistadores\/","url_meta":{"origin":1635,"position":4},"title":"Entrevistadores","author":"nepsi","date":"17\/01\/2024","format":false,"excerpt":"Confira abaixo o EDITAL RETIFICADO, publicado \u00e0s 15h23min do dia 23\/01\/2024 EDITAL-No-01-2024-Retificado-1Baixar Divulgada a lista de inscri\u00e7\u00f5es homologadas e n\u00e3o homologadas para PROCESSO SELETIVO SIMPLIFICADO PARA SELE\u00c7\u00c3O DE ENTREVISTADORAS PARA O ACOMPANHAMENTO TELEF\u00d4NICO DOS PARTICIPANTES DO ESTUDO DE AVALIA\u00c7\u00c3O DO IMPACTO DO PROGRAMA CRIAN\u00c7A FELIZ (PCF) DO PROJETO EDITAIS CAPES\u2026","rel":"","context":"Post similar","block_context":{"text":"Post similar","link":""},"img":{"alt_text":"","src":"","width":0,"height":0},"classes":[]},{"id":2524,"url":"https:\/\/wp.ufpel.edu.br\/nepsi\/editais\/2024-2\/iniciacao-cientifica\/","url_meta":{"origin":1635,"position":5},"title":"Inicia\u00e7\u00e3o Cientifica","author":"nepsi","date":"15\/08\/2024","format":false,"excerpt":"2024_IC_NEPSIBaixar","rel":"","context":"Post similar","block_context":{"text":"Post similar","link":""},"img":{"alt_text":"","src":"https:\/\/i0.wp.com\/wp.ufpel.edu.br\/nepsi\/files\/2024\/08\/2024_IC_NEPSI_card.png?fit=848%2C1200&ssl=1&resize=350%2C200","width":350,"height":200,"srcset":"https:\/\/i0.wp.com\/wp.ufpel.edu.br\/nepsi\/files\/2024\/08\/2024_IC_NEPSI_card.png?fit=848%2C1200&ssl=1&resize=350%2C200 1x, https:\/\/i0.wp.com\/wp.ufpel.edu.br\/nepsi\/files\/2024\/08\/2024_IC_NEPSI_card.png?fit=848%2C1200&ssl=1&resize=525%2C300 1.5x, https:\/\/i0.wp.com\/wp.ufpel.edu.br\/nepsi\/files\/2024\/08\/2024_IC_NEPSI_card.png?fit=848%2C1200&ssl=1&resize=700%2C400 2x"},"classes":[]}],"_links":{"self":[{"href":"https:\/\/wp.ufpel.edu.br\/nepsi\/wp-json\/wp\/v2\/pages\/1635","targetHints":{"allow":["GET"]}}],"collection":[{"href":"https:\/\/wp.ufpel.edu.br\/nepsi\/wp-json\/wp\/v2\/pages"}],"about":[{"href":"https:\/\/wp.ufpel.edu.br\/nepsi\/wp-json\/wp\/v2\/types\/page"}],"author":[{"embeddable":true,"href":"https:\/\/wp.ufpel.edu.br\/nepsi\/wp-json\/wp\/v2\/users\/807"}],"replies":[{"embeddable":true,"href":"https:\/\/wp.ufpel.edu.br\/nepsi\/wp-json\/wp\/v2\/comments?post=1635"}],"version-history":[{"count":18,"href":"https:\/\/wp.ufpel.edu.br\/nepsi\/wp-json\/wp\/v2\/pages\/1635\/revisions"}],"predecessor-version":[{"id":2691,"href":"https:\/\/wp.ufpel.edu.br\/nepsi\/wp-json\/wp\/v2\/pages\/1635\/revisions\/2691"}],"wp:attachment":[{"href":"https:\/\/wp.ufpel.edu.br\/nepsi\/wp-json\/wp\/v2\/media?parent=1635"}],"curies":[{"name":"wp","href":"https:\/\/api.w.org\/{rel}","templated":true}]}}