{"id":1393,"date":"2021-03-30T23:15:50","date_gmt":"2021-03-31T02:15:50","guid":{"rendered":"https:\/\/wp.ufpel.edu.br\/nepsi\/?page_id=1393"},"modified":"2022-11-10T10:47:41","modified_gmt":"2022-11-10T13:47:41","slug":"psicovid","status":"publish","type":"page","link":"https:\/\/wp.ufpel.edu.br\/nepsi\/pesquisas\/pesquisas-finalizadas\/psicovid\/","title":{"rendered":"PSICOVID"},"content":{"rendered":"<div class=\"fb-video\" data-allowfullscreen=\"true\" data-href=\"https:\/\/www.facebook.com\/ufpel\/videos\/ufpel-talks-pandemia-e-sa%C3%BAde-mental-live\/400566970909164\/\" style=\"background-color: #fff; display: inline-block;\"><\/div>\n<p>&nbsp;<\/p>\n<p>&nbsp;<\/p>\n<p><span style=\"color: #e72500;\">UFPEL TALKS | COMO ANDA A SA\u00daDE MENTAL NA UFPEL? RESULTADOS DO PSICOVID [LIVE]<\/span><\/p>\n<p>&nbsp;<\/p>\n<p><iframe loading=\"lazy\" title=\"UFPEL TALKS | COMO ANDA A SA\u00daDE MENTAL NA UFPEL? RESULTADOS DO PSICOVID [LIVE]\" width=\"500\" height=\"281\" src=\"https:\/\/www.youtube.com\/embed\/t7z3uN_mRuI?feature=oembed\" frameborder=\"0\" allow=\"accelerometer; autoplay; clipboard-write; encrypted-media; gyroscope; picture-in-picture; web-share\" referrerpolicy=\"strict-origin-when-cross-origin\" allowfullscreen><\/iframe><\/p>\n<p>&nbsp;<\/p>\n<p>&nbsp;<\/p>\n","protected":false},"excerpt":{"rendered":"<p>&nbsp; &nbsp; UFPEL TALKS | COMO ANDA A SA\u00daDE MENTAL NA UFPEL? RESULTADOS DO PSICOVID [LIVE] &nbsp; &nbsp; &nbsp;<\/p>\n","protected":false},"author":807,"featured_media":0,"parent":812,"menu_order":2,"comment_status":"closed","ping_status":"closed","template":"","meta":{"jetpack_post_was_ever_published":false,"footnotes":""},"class_list":["post-1393","page","type-page","status-publish","hentry"],"yoast_head":"<!-- This site is optimized with the Yoast SEO plugin v26.7 - https:\/\/yoast.com\/wordpress\/plugins\/seo\/ -->\n<title>PSICOVID -<\/title>\n<meta name=\"robots\" content=\"index, follow, max-snippet:-1, max-image-preview:large, max-video-preview:-1\" \/>\n<link rel=\"canonical\" href=\"https:\/\/wp.ufpel.edu.br\/nepsi\/pesquisas\/pesquisas-finalizadas\/psicovid\/\" \/>\n<meta property=\"og:locale\" content=\"pt_BR\" \/>\n<meta property=\"og:type\" content=\"article\" \/>\n<meta property=\"og:title\" content=\"PSICOVID -\" \/>\n<meta property=\"og:description\" content=\"&nbsp; &nbsp; UFPEL TALKS | COMO ANDA A SA\u00daDE MENTAL NA UFPEL? RESULTADOS DO PSICOVID [LIVE] &nbsp; &nbsp; &nbsp;\" \/>\n<meta property=\"og:url\" content=\"https:\/\/wp.ufpel.edu.br\/nepsi\/pesquisas\/pesquisas-finalizadas\/psicovid\/\" \/>\n<meta property=\"article:publisher\" content=\"https:\/\/www.facebook.com\/ufpel.nepsi\/\" \/>\n<meta property=\"article:modified_time\" content=\"2022-11-10T13:47:41+00:00\" \/>\n<meta property=\"og:image\" content=\"https:\/\/i0.wp.com\/wp.ufpel.edu.br\/nepsi\/files\/2020\/06\/MINIATURAS-LARANJA-1.png?fit=867%2C715&ssl=1\" \/>\n\t<meta property=\"og:image:width\" content=\"867\" \/>\n\t<meta property=\"og:image:height\" content=\"715\" \/>\n\t<meta property=\"og:image:type\" content=\"image\/png\" \/>\n<meta name=\"twitter:card\" content=\"summary_large_image\" \/>\n<meta name=\"twitter:site\" content=\"@ufpel_nepsi\" \/>\n<meta name=\"twitter:label1\" content=\"Est. tempo de leitura\" \/>\n\t<meta name=\"twitter:data1\" content=\"1 minuto\" \/>\n<script type=\"application\/ld+json\" class=\"yoast-schema-graph\">{\"@context\":\"https:\/\/schema.org\",\"@graph\":[{\"@type\":\"WebPage\",\"@id\":\"https:\/\/wp.ufpel.edu.br\/nepsi\/pesquisas\/pesquisas-finalizadas\/psicovid\/\",\"url\":\"https:\/\/wp.ufpel.edu.br\/nepsi\/pesquisas\/pesquisas-finalizadas\/psicovid\/\",\"name\":\"PSICOVID -\",\"isPartOf\":{\"@id\":\"https:\/\/wp.ufpel.edu.br\/nepsi\/#website\"},\"datePublished\":\"2021-03-31T02:15:50+00:00\",\"dateModified\":\"2022-11-10T13:47:41+00:00\",\"breadcrumb\":{\"@id\":\"https:\/\/wp.ufpel.edu.br\/nepsi\/pesquisas\/pesquisas-finalizadas\/psicovid\/#breadcrumb\"},\"inLanguage\":\"pt-BR\",\"potentialAction\":[{\"@type\":\"ReadAction\",\"target\":[\"https:\/\/wp.ufpel.edu.br\/nepsi\/pesquisas\/pesquisas-finalizadas\/psicovid\/\"]}]},{\"@type\":\"BreadcrumbList\",\"@id\":\"https:\/\/wp.ufpel.edu.br\/nepsi\/pesquisas\/pesquisas-finalizadas\/psicovid\/#breadcrumb\",\"itemListElement\":[{\"@type\":\"ListItem\",\"position\":1,\"name\":\"In\u00edcio\",\"item\":\"https:\/\/wp.ufpel.edu.br\/nepsi\/\"},{\"@type\":\"ListItem\",\"position\":2,\"name\":\"Pesquisas\",\"item\":\"https:\/\/wp.ufpel.edu.br\/nepsi\/pesquisas\/\"},{\"@type\":\"ListItem\",\"position\":3,\"name\":\"Pesquisas finalizadas\",\"item\":\"https:\/\/wp.ufpel.edu.br\/nepsi\/pesquisas\/pesquisas-finalizadas\/\"},{\"@type\":\"ListItem\",\"position\":4,\"name\":\"PSICOVID\"}]},{\"@type\":\"WebSite\",\"@id\":\"https:\/\/wp.ufpel.edu.br\/nepsi\/#website\",\"url\":\"https:\/\/wp.ufpel.edu.br\/nepsi\/\",\"name\":\"\",\"description\":\"Coordena\u00e7\u00e3o: Prof. Tiago Neuenfeld Munhoz\",\"publisher\":{\"@id\":\"https:\/\/wp.ufpel.edu.br\/nepsi\/#organization\"},\"potentialAction\":[{\"@type\":\"SearchAction\",\"target\":{\"@type\":\"EntryPoint\",\"urlTemplate\":\"https:\/\/wp.ufpel.edu.br\/nepsi\/?s={search_term_string}\"},\"query-input\":{\"@type\":\"PropertyValueSpecification\",\"valueRequired\":true,\"valueName\":\"search_term_string\"}}],\"inLanguage\":\"pt-BR\"},{\"@type\":\"Organization\",\"@id\":\"https:\/\/wp.ufpel.edu.br\/nepsi\/#organization\",\"name\":\"N\u00facleo de Estudos, Pesquisas e Interven\u00e7\u00f5es em Sa\u00fade Mental, Cogni\u00e7\u00e3o e Comportamento\",\"url\":\"https:\/\/wp.ufpel.edu.br\/nepsi\/\",\"logo\":{\"@type\":\"ImageObject\",\"inLanguage\":\"pt-BR\",\"@id\":\"https:\/\/wp.ufpel.edu.br\/nepsi\/#\/schema\/logo\/image\/\",\"url\":\"https:\/\/i2.wp.com\/wp.ufpel.edu.br\/nepsi\/files\/2020\/06\/NEPSI-22-1.jpg?fit=632%2C591&ssl=1\",\"contentUrl\":\"https:\/\/i2.wp.com\/wp.ufpel.edu.br\/nepsi\/files\/2020\/06\/NEPSI-22-1.jpg?fit=632%2C591&ssl=1\",\"width\":632,\"height\":591,\"caption\":\"N\u00facleo de Estudos, Pesquisas e Interven\u00e7\u00f5es em Sa\u00fade Mental, Cogni\u00e7\u00e3o e Comportamento\"},\"image\":{\"@id\":\"https:\/\/wp.ufpel.edu.br\/nepsi\/#\/schema\/logo\/image\/\"},\"sameAs\":[\"https:\/\/www.facebook.com\/ufpel.nepsi\/\",\"https:\/\/x.com\/ufpel_nepsi\",\"https:\/\/www.instagram.com\/ufpel_nepsi\",\"https:\/\/www.youtube.com\/channel\/UCMFJAGTPIQf5MMjvJCDyPDw\"]}]}<\/script>\n<!-- \/ Yoast SEO plugin. -->","yoast_head_json":{"title":"PSICOVID -","robots":{"index":"index","follow":"follow","max-snippet":"max-snippet:-1","max-image-preview":"max-image-preview:large","max-video-preview":"max-video-preview:-1"},"canonical":"https:\/\/wp.ufpel.edu.br\/nepsi\/pesquisas\/pesquisas-finalizadas\/psicovid\/","og_locale":"pt_BR","og_type":"article","og_title":"PSICOVID -","og_description":"&nbsp; &nbsp; UFPEL TALKS | COMO ANDA A SA\u00daDE MENTAL NA UFPEL? RESULTADOS DO PSICOVID [LIVE] &nbsp; &nbsp; &nbsp;","og_url":"https:\/\/wp.ufpel.edu.br\/nepsi\/pesquisas\/pesquisas-finalizadas\/psicovid\/","article_publisher":"https:\/\/www.facebook.com\/ufpel.nepsi\/","article_modified_time":"2022-11-10T13:47:41+00:00","og_image":[{"width":867,"height":715,"url":"https:\/\/i0.wp.com\/wp.ufpel.edu.br\/nepsi\/files\/2020\/06\/MINIATURAS-LARANJA-1.png?fit=867%2C715&ssl=1","type":"image\/png"}],"twitter_card":"summary_large_image","twitter_site":"@ufpel_nepsi","twitter_misc":{"Est. tempo de leitura":"1 minuto"},"schema":{"@context":"https:\/\/schema.org","@graph":[{"@type":"WebPage","@id":"https:\/\/wp.ufpel.edu.br\/nepsi\/pesquisas\/pesquisas-finalizadas\/psicovid\/","url":"https:\/\/wp.ufpel.edu.br\/nepsi\/pesquisas\/pesquisas-finalizadas\/psicovid\/","name":"PSICOVID -","isPartOf":{"@id":"https:\/\/wp.ufpel.edu.br\/nepsi\/#website"},"datePublished":"2021-03-31T02:15:50+00:00","dateModified":"2022-11-10T13:47:41+00:00","breadcrumb":{"@id":"https:\/\/wp.ufpel.edu.br\/nepsi\/pesquisas\/pesquisas-finalizadas\/psicovid\/#breadcrumb"},"inLanguage":"pt-BR","potentialAction":[{"@type":"ReadAction","target":["https:\/\/wp.ufpel.edu.br\/nepsi\/pesquisas\/pesquisas-finalizadas\/psicovid\/"]}]},{"@type":"BreadcrumbList","@id":"https:\/\/wp.ufpel.edu.br\/nepsi\/pesquisas\/pesquisas-finalizadas\/psicovid\/#breadcrumb","itemListElement":[{"@type":"ListItem","position":1,"name":"In\u00edcio","item":"https:\/\/wp.ufpel.edu.br\/nepsi\/"},{"@type":"ListItem","position":2,"name":"Pesquisas","item":"https:\/\/wp.ufpel.edu.br\/nepsi\/pesquisas\/"},{"@type":"ListItem","position":3,"name":"Pesquisas finalizadas","item":"https:\/\/wp.ufpel.edu.br\/nepsi\/pesquisas\/pesquisas-finalizadas\/"},{"@type":"ListItem","position":4,"name":"PSICOVID"}]},{"@type":"WebSite","@id":"https:\/\/wp.ufpel.edu.br\/nepsi\/#website","url":"https:\/\/wp.ufpel.edu.br\/nepsi\/","name":"","description":"Coordena\u00e7\u00e3o: Prof. Tiago Neuenfeld Munhoz","publisher":{"@id":"https:\/\/wp.ufpel.edu.br\/nepsi\/#organization"},"potentialAction":[{"@type":"SearchAction","target":{"@type":"EntryPoint","urlTemplate":"https:\/\/wp.ufpel.edu.br\/nepsi\/?s={search_term_string}"},"query-input":{"@type":"PropertyValueSpecification","valueRequired":true,"valueName":"search_term_string"}}],"inLanguage":"pt-BR"},{"@type":"Organization","@id":"https:\/\/wp.ufpel.edu.br\/nepsi\/#organization","name":"N\u00facleo de Estudos, Pesquisas e Interven\u00e7\u00f5es em Sa\u00fade Mental, Cogni\u00e7\u00e3o e Comportamento","url":"https:\/\/wp.ufpel.edu.br\/nepsi\/","logo":{"@type":"ImageObject","inLanguage":"pt-BR","@id":"https:\/\/wp.ufpel.edu.br\/nepsi\/#\/schema\/logo\/image\/","url":"https:\/\/i2.wp.com\/wp.ufpel.edu.br\/nepsi\/files\/2020\/06\/NEPSI-22-1.jpg?fit=632%2C591&ssl=1","contentUrl":"https:\/\/i2.wp.com\/wp.ufpel.edu.br\/nepsi\/files\/2020\/06\/NEPSI-22-1.jpg?fit=632%2C591&ssl=1","width":632,"height":591,"caption":"N\u00facleo de Estudos, Pesquisas e Interven\u00e7\u00f5es em Sa\u00fade Mental, Cogni\u00e7\u00e3o e Comportamento"},"image":{"@id":"https:\/\/wp.ufpel.edu.br\/nepsi\/#\/schema\/logo\/image\/"},"sameAs":["https:\/\/www.facebook.com\/ufpel.nepsi\/","https:\/\/x.com\/ufpel_nepsi","https:\/\/www.instagram.com\/ufpel_nepsi","https:\/\/www.youtube.com\/channel\/UCMFJAGTPIQf5MMjvJCDyPDw"]}]}},"jetpack_sharing_enabled":true,"jetpack_shortlink":"https:\/\/wp.me\/P9iCrQ-mt","jetpack_likes_enabled":true,"jetpack-related-posts":[{"id":1388,"url":"https:\/\/wp.ufpel.edu.br\/nepsi\/midia\/","url_meta":{"origin":1393,"position":0},"title":"M\u00eddia","author":"nepsi","date":"30\/03\/2021","format":false,"excerpt":"Leituras recomendadas: Maternal depression found to disrupt key parenting behaviors - News Medical Maternal depression linked to poor parenting outcomes - Contemporary OB\/GYN The impact of maternal depression on parenting - Medxy.ai Maternal depression and child bonding - Neuroscience News Maternal depression and child bonding (post) - Neuroscience News (X\/Twitter)\u2026","rel":"","context":"Post similar","block_context":{"text":"Post similar","link":""},"img":{"alt_text":"","src":"","width":0,"height":0},"classes":[]},{"id":723,"url":"https:\/\/wp.ufpel.edu.br\/nepsi\/publicacoes\/prof-tiago-n-munhoz\/","url_meta":{"origin":1393,"position":1},"title":"Prof. Tiago N Munhoz","author":"nepsi","date":"26\/06\/2020","format":false,"excerpt":"Docente e Curr\u00edculo Lattes P\u00e1gina institucional Dr. Tiago Neuenfeld Munhoz Universidade Federal de Pelotas (UFPel) Psic\u00f3logo. Especialista em Terapia Cognitivo-Comportamental, Aten\u00e7\u00e3o Psicossocial e Sociologia. Mestre em Ci\u00eancias Sociais e mestre e doutor em Epidemiologia pela Universidade Federal de Pelotas (UFPel). Atualmente, Professor adjunto do curso de Psicologia e do Programa\u2026","rel":"","context":"Post similar","block_context":{"text":"Post similar","link":""},"img":{"alt_text":"","src":"","width":0,"height":0},"classes":[]},{"id":111,"url":"https:\/\/wp.ufpel.edu.br\/nepsi\/publicacoes\/","url_meta":{"origin":1393,"position":2},"title":"Publica\u00e7\u00f5es","author":"nepsi","date":"21\/10\/2017","format":false,"excerpt":"Docente e Curr\u00edculo Lattes P\u00e1gina institucional Dr. Tiago Neuenfeld Munhoz Universidade Federal de Pelotas (UFPel) Psic\u00f3logo. Especialista em Terapia Cognitivo-Comportamental, Aten\u00e7\u00e3o Psicossocial e Sociologia. Mestre em Ci\u00eancias Sociais e mestre e doutor em Epidemiologia pela Universidade Federal de Pelotas (UFPel). Atualmente, Professor adjunto do curso de Psicologia e do Programa\u2026","rel":"","context":"Post similar","block_context":{"text":"Post similar","link":""},"img":{"alt_text":"","src":"","width":0,"height":0},"classes":[]},{"id":717,"url":"https:\/\/wp.ufpel.edu.br\/nepsi\/estudos\/estresse-e-saude\/","url_meta":{"origin":1393,"position":3},"title":"Estresse e Sa\u00fade","author":"nepsi","date":"26\/06\/2020","format":false,"excerpt":"Em raz\u00e3o da suspens\u00e3o do calend\u00e1rio letivo regular devido a pandemia do novo coronav\u00edrus, foi elaborado um projeto de ensino, com a\u00e7\u00f5es de extens\u00e3o, para ser realizado durante o calend\u00e1rio letivo alternativo 2020\/1. O projeto tem como foco discutir pesquisas e interven\u00e7\u00f5es no \u00e2mbito do estresse e sa\u00fade mental. Ser\u00e3o\u2026","rel":"","context":"Post similar","block_context":{"text":"Post similar","link":""},"img":{"alt_text":"","src":"","width":0,"height":0},"classes":[]},{"id":93,"url":"https:\/\/wp.ufpel.edu.br\/nepsi\/pesquisas\/pesquisas-finalizadas\/pns-2013\/","url_meta":{"origin":1393,"position":4},"title":"PNS, 2013","author":"nepsi","date":"21\/10\/2017","format":false,"excerpt":"Sa\u00fade mental e viol\u00eancia no Brasil: Pesquisa Nacional de Sa\u00fade (PNS), 2013 Coordenador: Tiago Neuenfeld Munhoz \u00a0 RESUMO: Os objetivos do projeto s\u00e3o estudar a preval\u00eancia e fatores associados aos transtornos mentais, pensamentos suicidas e aos comportamentos violentos no Brasil, utilizando dados da Pesquisa Nacional de Sa\u00fade (PNS), 2013. O\u2026","rel":"","context":"Post similar","block_context":{"text":"Post similar","link":""},"img":{"alt_text":"","src":"","width":0,"height":0},"classes":[]},{"id":256,"url":"https:\/\/wp.ufpel.edu.br\/nepsi\/atividades-desenvolvidas\/","url_meta":{"origin":1393,"position":5},"title":"Atividades","author":"nepsi","date":"16\/05\/2018","format":false,"excerpt":"Instagram X \/ Twitter Projeto institucional Atividades: ensino, pesquisa e extens\u00e3o Nesta p\u00e1gina voc\u00ea encontra um resumo sint\u00e9tico das principais a\u00e7\u00f5es em ensino, pesquisa e extens\u00e3o\/interven\u00e7\u00e3o. Clique para expandir os itens. Ensino \u25be Estresse e sa\u00fade \u25be Projeto de ensino realizado no calend\u00e1rio letivo alternativo 2020\/1, voltado a discutir pesquisas\u2026","rel":"","context":"Post similar","block_context":{"text":"Post similar","link":""},"img":{"alt_text":"","src":"","width":0,"height":0},"classes":[]}],"_links":{"self":[{"href":"https:\/\/wp.ufpel.edu.br\/nepsi\/wp-json\/wp\/v2\/pages\/1393","targetHints":{"allow":["GET"]}}],"collection":[{"href":"https:\/\/wp.ufpel.edu.br\/nepsi\/wp-json\/wp\/v2\/pages"}],"about":[{"href":"https:\/\/wp.ufpel.edu.br\/nepsi\/wp-json\/wp\/v2\/types\/page"}],"author":[{"embeddable":true,"href":"https:\/\/wp.ufpel.edu.br\/nepsi\/wp-json\/wp\/v2\/users\/807"}],"replies":[{"embeddable":true,"href":"https:\/\/wp.ufpel.edu.br\/nepsi\/wp-json\/wp\/v2\/comments?post=1393"}],"version-history":[{"count":4,"href":"https:\/\/wp.ufpel.edu.br\/nepsi\/wp-json\/wp\/v2\/pages\/1393\/revisions"}],"predecessor-version":[{"id":1989,"href":"https:\/\/wp.ufpel.edu.br\/nepsi\/wp-json\/wp\/v2\/pages\/1393\/revisions\/1989"}],"up":[{"embeddable":true,"href":"https:\/\/wp.ufpel.edu.br\/nepsi\/wp-json\/wp\/v2\/pages\/812"}],"wp:attachment":[{"href":"https:\/\/wp.ufpel.edu.br\/nepsi\/wp-json\/wp\/v2\/media?parent=1393"}],"curies":[{"name":"wp","href":"https:\/\/api.w.org\/{rel}","templated":true}]}}