{"id":642,"date":"2023-06-20T11:54:55","date_gmt":"2023-06-20T14:54:55","guid":{"rendered":"https:\/\/wp.ufpel.edu.br\/neppe\/?page_id=642"},"modified":"2025-01-10T11:15:49","modified_gmt":"2025-01-10T14:15:49","slug":"pesquisas-realizadas-2016_2019","status":"publish","type":"page","link":"https:\/\/wp.ufpel.edu.br\/neppe\/pesquisas\/anteriores\/pesquisas-realizadas-2016_2019\/","title":{"rendered":"Redes Pol\u00edticas e as Parcerias P\u00fablico-Privadas no estado do RS"},"content":{"rendered":"<p style=\"text-align: center;\"><span style=\"font-weight: 400; font-size: 14pt; color: #000000;\">&#8220;REDES POL\u00cdTICAS E AS PARCERIAS <\/span><br \/>\n<span style=\"font-weight: 400; font-size: 14pt; color: #000000;\">P\u00daBLICO-PRIVADAS NO ESTADO DO RS&#8221;<\/span><\/p>\n<p>&nbsp;<\/p>\n<ul>\n<li><span style=\"color: #000000;\">Per\u00edodo de realiza\u00e7\u00e3o:\u00a0<strong>2016 &#8211; 2019<\/strong><\/span><\/li>\n<li><span style=\"color: #000000;\">Financiamento: <strong>FAPERGS<\/strong><\/span><\/li>\n<li><span style=\"color: #000000;\">Coordena\u00e7\u00e3o:<strong> Prof\u00aa Dr\u00aa Maria de F\u00e1tima C\u00f3ssio<\/strong><\/span><\/li>\n<\/ul>\n<p>&nbsp;<\/p>\n<p style=\"text-align: justify;\"><span style=\"font-size: 12pt;\"><span style=\"font-weight: 400;\"><span style=\"color: #000000;\"><strong>Descri\u00e7\u00e3o:<\/strong><\/span> Esta investiga\u00e7\u00e3o aborda os conceitos de Governan\u00e7a e Redes Pol\u00edticas por meio do estudo das parcerias p\u00fablico-privadas. A metodologia utilizada \u00e9 a etnografia de rede, como identifica Ball (2014), pois pretende realizar um mapeamento da forma e do conte\u00fado das rela\u00e7\u00f5es pol\u00edticas em um campo particular, neste caso, as parcerias p\u00fablico-privadas no Estado do RS. Para Ball (2014) as redes s\u00e3o muito mais uma comunidade social, com elementos dur\u00e1veis quanto fugazes, unidos por reunifica\u00e7\u00f5es?=, um tipo particular de estilo de vida voltado \u00e0s pol\u00edticas. H\u00e1 uma mistura de la\u00e7os duradouros e colabora\u00e7\u00f5es espor\u00e1dicas e interdepend\u00eancias intrincadas que ligam projetos locais a rela\u00e7\u00f5es internacionais que fornecem conhecimento, reputa\u00e7\u00e3o e legitimidade. Redes acolhem think thanks, aparelhos privados de hegemonia que se aninham em teias de rela\u00e7\u00f5es ampliando sua possibilidade de impacto e influ\u00eancia, conferindo autoridade e legitimidade a quest\u00f5es globais, ainda que com interesses pol\u00edticos e econ\u00f4micos n\u00e3o expl\u00edcitos. Participam dessas redes os empreendedores de pol\u00edticas que executam as fun\u00e7\u00f5es de 1) identificar necessidades e ofertar meios inovadores, 2) suportar riscos financeiros e emocionais buscando mudan\u00e7as com consequ\u00eancias incertas e 3)reunir e coordenar redes de indiv\u00edduos com talentos e recursos necess\u00e1rios para a mudan\u00e7a. Os empreendedores de pol\u00edticas devem apresentar conhecimento de assuntos de pol\u00edticas, lideran\u00e7a e habilidades de forma\u00e7\u00e3o em equipe, reputa\u00e7\u00e3o e contatos, habilidade estrat\u00e9gica e tenacidade formas particulares e volumes de capital social e cultura. (SHIROMA, 2016). As parceiras, por sua vez, s\u00e3o constitu\u00eddas para serem correspons\u00e1veis na execu\u00e7\u00e3o das pol\u00edticas sociais, cabendo ao Estado o controle dos processos e \u00e0s organiza\u00e7\u00f5es sociais, representadas pelas funda\u00e7\u00f5es e institutos privados com ou sem fins lucrativos, a implementa\u00e7\u00e3o das pol\u00edticas sociais, a partir de recursos majoritariamente p\u00fablicos. Assim, empiricamente, esta pesquisa visa mapear as institui\u00e7\u00f5es privadas que prestam consultoria aos sistemas p\u00fablicos de educa\u00e7\u00e3o, identificando as que aparecem de maneira mais recorrente para, a partir desta constata\u00e7\u00e3o, aprofundar o conhecimento sobre cada uma delas, sobretudo em rela\u00e7\u00e3o aos seus princ\u00edpios, modos de opera\u00e7\u00e3o e redes de rela\u00e7\u00f5es que est\u00e3o influenciando a educa\u00e7\u00e3o no Estado.<\/span><\/span><\/p>\n<p>&nbsp;<\/p>\n<ul>\n<li><a href=\"https:\/\/wp.ufpel.edu.br\/neppe\/files\/2022\/10\/RELATORIO-FINAL-REDES-POLITICAS-E-AS-PARCERIAS-PUBLICO-PRIVADAS-NO-ESTADO-DO-RS-2019.pdf\" target=\"_blank\" rel=\"noopener\">Relat\u00f3rio final &#8211; Redes Pol\u00edticas e as Parcerias P\u00fablico-Privadas no estado do RS<\/a><\/li>\n<\/ul>\n","protected":false},"excerpt":{"rendered":"<p>&#8220;REDES POL\u00cdTICAS E AS PARCERIAS P\u00daBLICO-PRIVADAS NO ESTADO DO RS&#8221; &nbsp; Per\u00edodo de realiza\u00e7\u00e3o:\u00a02016 &#8211; 2019 Financiamento: FAPERGS Coordena\u00e7\u00e3o: Prof\u00aa Dr\u00aa Maria de F\u00e1tima C\u00f3ssio &nbsp; Descri\u00e7\u00e3o: Esta investiga\u00e7\u00e3o aborda os conceitos de Governan\u00e7a e Redes Pol\u00edticas por meio do estudo das parcerias p\u00fablico-privadas. A metodologia utilizada \u00e9 a etnografia de rede, como identifica Ball [&hellip;]<\/p>\n","protected":false},"author":835,"featured_media":0,"parent":994,"menu_order":0,"comment_status":"closed","ping_status":"closed","template":"","meta":{"footnotes":""},"class_list":["post-642","page","type-page","status-publish","hentry"],"_links":{"self":[{"href":"https:\/\/wp.ufpel.edu.br\/neppe\/wp-json\/wp\/v2\/pages\/642","targetHints":{"allow":["GET"]}}],"collection":[{"href":"https:\/\/wp.ufpel.edu.br\/neppe\/wp-json\/wp\/v2\/pages"}],"about":[{"href":"https:\/\/wp.ufpel.edu.br\/neppe\/wp-json\/wp\/v2\/types\/page"}],"author":[{"embeddable":true,"href":"https:\/\/wp.ufpel.edu.br\/neppe\/wp-json\/wp\/v2\/users\/835"}],"replies":[{"embeddable":true,"href":"https:\/\/wp.ufpel.edu.br\/neppe\/wp-json\/wp\/v2\/comments?post=642"}],"version-history":[{"count":9,"href":"https:\/\/wp.ufpel.edu.br\/neppe\/wp-json\/wp\/v2\/pages\/642\/revisions"}],"predecessor-version":[{"id":753,"href":"https:\/\/wp.ufpel.edu.br\/neppe\/wp-json\/wp\/v2\/pages\/642\/revisions\/753"}],"up":[{"embeddable":true,"href":"https:\/\/wp.ufpel.edu.br\/neppe\/wp-json\/wp\/v2\/pages\/994"}],"wp:attachment":[{"href":"https:\/\/wp.ufpel.edu.br\/neppe\/wp-json\/wp\/v2\/media?parent=642"}],"curies":[{"name":"wp","href":"https:\/\/api.w.org\/{rel}","templated":true}]}}