{"id":195,"date":"2019-10-09T15:55:47","date_gmt":"2019-10-09T18:55:47","guid":{"rendered":"https:\/\/wp.ufpel.edu.br\/neppe\/?page_id=195"},"modified":"2026-03-11T17:12:06","modified_gmt":"2026-03-11T20:12:06","slug":"livros","status":"publish","type":"page","link":"https:\/\/wp.ufpel.edu.br\/neppe\/producao-intelectual\/livros\/","title":{"rendered":"Livros"},"content":{"rendered":"<h2><span style=\"color: #333333;\">Livros Organizados<\/span><\/h2>\n<p style=\"text-align: center;\"><strong>2023<\/strong><\/p>\n<p style=\"text-align: justify;\"><span style=\"color: #000000;\"><span style=\"font-weight: 400;\">C\u00d3SSIO, Maria de F\u00e1ti<\/span><\/span><span style=\"color: #000000;\">ma; CELENTE, Luis Eduardo dos Santos (org.)<\/span><span style=\"color: #003366;\"><a style=\"color: #003366;\" href=\"https:\/\/wp.ufpel.edu.br\/neppe\/files\/2023\/04\/Seminario-Estadual-da-ANPAERS-e-book.pdf\"><b> Semin\u00e1rio Estadual da ANPAE RS 2022: reflex\u00f5es sobre a democratiza\u00e7\u00e3o da educa\u00e7\u00e3o e da escola<\/b><\/a><\/span><b>.<\/b><span style=\"font-weight: 400; color: #000000;\"> Porto Alegre: ANPAE : NEPPE<\/span><span style=\"color: #000000;\">, 2023. 115p\u00a0<\/span><\/p>\n<p><img class=\"size-medium wp-image-590 aligncenter\" src=\"https:\/\/wp.ufpel.edu.br\/neppe\/files\/2023\/04\/ACFrOgAqI17H8Th5uvOtY05KhmAf55PU29GL_hNrK-xQqFB4MrNn0eShRiJqF1s3LR57augGNIaeFamRMVZ4efoLqZoSS0tfPRDgfG0MgZTBWGU50Sd5daObTB1c5cg_page-0001-278x400.jpg\" alt=\"\" width=\"278\" height=\"400\" srcset=\"https:\/\/wp.ufpel.edu.br\/neppe\/files\/2023\/04\/ACFrOgAqI17H8Th5uvOtY05KhmAf55PU29GL_hNrK-xQqFB4MrNn0eShRiJqF1s3LR57augGNIaeFamRMVZ4efoLqZoSS0tfPRDgfG0MgZTBWGU50Sd5daObTB1c5cg_page-0001-278x400.jpg 278w, https:\/\/wp.ufpel.edu.br\/neppe\/files\/2023\/04\/ACFrOgAqI17H8Th5uvOtY05KhmAf55PU29GL_hNrK-xQqFB4MrNn0eShRiJqF1s3LR57augGNIaeFamRMVZ4efoLqZoSS0tfPRDgfG0MgZTBWGU50Sd5daObTB1c5cg_page-0001-712x1024.jpg 712w, https:\/\/wp.ufpel.edu.br\/neppe\/files\/2023\/04\/ACFrOgAqI17H8Th5uvOtY05KhmAf55PU29GL_hNrK-xQqFB4MrNn0eShRiJqF1s3LR57augGNIaeFamRMVZ4efoLqZoSS0tfPRDgfG0MgZTBWGU50Sd5daObTB1c5cg_page-0001-768x1104.jpg 768w, https:\/\/wp.ufpel.edu.br\/neppe\/files\/2023\/04\/ACFrOgAqI17H8Th5uvOtY05KhmAf55PU29GL_hNrK-xQqFB4MrNn0eShRiJqF1s3LR57augGNIaeFamRMVZ4efoLqZoSS0tfPRDgfG0MgZTBWGU50Sd5daObTB1c5cg_page-0001.jpg 945w\" sizes=\"(max-width: 278px) 100vw, 278px\" \/><\/p>\n<p>&nbsp;<\/p>\n<p style=\"text-align: center;\"><strong>2021<\/strong><\/p>\n<p>SCHERER, Susana Schneid (Org.) .<span style=\"color: #000080;\"><strong><a style=\"color: #000080;\" href=\"https:\/\/atenaeditora.com.br\/catalogo\/ebook\/politicas-educacionais-e-escola-publica-questoes-globais-e-desafios-para-as-redes-de-ensino-locais\"> Pol\u00edticas educacionais e escola p\u00fablica: quest\u00f5es globais e desafios para as redes de ensino locais<\/a><\/strong><\/span>. 1. ed. Ponta Grossa\/PR: Atena, 2021. v. 1. 137p .<\/p>\n<p><img class=\"aligncenter wp-image-1307\" src=\"https:\/\/wp.ufpel.edu.br\/neppe\/files\/2026\/03\/Captura-de-tela-2026-03-05-090730.png\" alt=\"\" width=\"286\" height=\"403\" srcset=\"https:\/\/wp.ufpel.edu.br\/neppe\/files\/2026\/03\/Captura-de-tela-2026-03-05-090730.png 573w, https:\/\/wp.ufpel.edu.br\/neppe\/files\/2026\/03\/Captura-de-tela-2026-03-05-090730-284x400.png 284w\" sizes=\"(max-width: 286px) 100vw, 286px\" \/><\/p>\n<p>&nbsp;<\/p>\n<p style=\"text-align: center;\"><strong>2020<\/strong><\/p>\n<p>C\u00d3SSIO, Maria de F\u00e1tima; CHAVES, Larissa; Ferreira Filho, Eduardo; SANTOS, Eleonora Campos (Org.) .<a href=\"https:\/\/guaiaca.ufpel.edu.br\/handle\/prefix\/6250\"> <span style=\"color: #333399;\"><strong>Cadernos da Pedagogia Universit\u00e1ria<\/strong><\/span><\/a>. 1a. ed. Pelotas: Editora UFPEL, 2020. v. 1. 137p.<\/p>\n<p><img class=\"aligncenter wp-image-1306\" src=\"https:\/\/wp.ufpel.edu.br\/neppe\/files\/2026\/03\/Captura-de-tela-2026-03-05-090055.png\" alt=\"\" width=\"237\" height=\"314\" srcset=\"https:\/\/wp.ufpel.edu.br\/neppe\/files\/2026\/03\/Captura-de-tela-2026-03-05-090055.png 558w, https:\/\/wp.ufpel.edu.br\/neppe\/files\/2026\/03\/Captura-de-tela-2026-03-05-090055-302x400.png 302w\" sizes=\"(max-width: 237px) 100vw, 237px\" \/><\/p>\n<p>&nbsp;<\/p>\n<p style=\"text-align: center;\"><strong>2016<\/strong><\/p>\n<p><span style=\"color: #000000;\"><span style=\"font-weight: 400;\">C\u00d3SSIO, Maria de F\u00e1ti<\/span><\/span><span style=\"color: #000000;\">ma (org.)<\/span><span style=\"color: #003366;\"><b> Pol\u00edti<\/b><\/span><b><span style=\"color: #003366;\">cas p\u00fablicas de educa\u00e7\u00e3o: desafios atuais<\/span>. <\/b><span style=\"font-weight: 400; color: #000000;\">1. ed. Pelotas: Editora <\/span><span style=\"color: #000000;\">UFPel, 2016. v. 1. 154p.\u00a0<\/span><\/p>\n<p style=\"padding-left: 40px;\"><img class=\"wp-image-206 aligncenter\" src=\"https:\/\/wp.ufpel.edu.br\/neppe\/files\/2019\/10\/politicas-publicas-de-educacao-432545.jpg\" alt=\"Capa do livro\" width=\"261\" height=\"377\" \/><\/p>\n<p>&nbsp;<\/p>\n<p style=\"text-align: center;\"><strong>2014<\/strong><\/p>\n<p><span style=\"font-weight: 400; color: #000000;\">C\u00d3SSIO, Maria de F\u00e1tima<\/span><span style=\"font-weight: 400;\"><span style=\"color: #000000;\">; RODRIGUEZ, R. C. M. C. (Org.)<\/span>. <\/span><span style=\"color: #003366;\"><b>Novos modos de regula\u00e7\u00e3o das pol\u00edticas educacionais no contexto da terceira via<\/b><\/span><span style=\"font-weight: 400;\">.<span style=\"color: #000000;\"> 1. ed. Pelotas: Editora e Gr\u00e1fica UFPEL, 2014. v. 01. 205p.\u00a0<em>Apenas F\u00edsico.<\/em><\/span><\/span><\/p>\n<p style=\"padding-left: 40px;\"><img class=\"wp-image-228 aligncenter\" src=\"https:\/\/wp.ufpel.edu.br\/neppe\/files\/2019\/10\/Digitalizar_2019_10_09_16_39_42_350_001-291x400.jpg\" alt=\"\" width=\"270\" height=\"371\" srcset=\"https:\/\/wp.ufpel.edu.br\/neppe\/files\/2019\/10\/Digitalizar_2019_10_09_16_39_42_350_001-291x400.jpg 291w, https:\/\/wp.ufpel.edu.br\/neppe\/files\/2019\/10\/Digitalizar_2019_10_09_16_39_42_350_001-768x1057.jpg 768w, https:\/\/wp.ufpel.edu.br\/neppe\/files\/2019\/10\/Digitalizar_2019_10_09_16_39_42_350_001-744x1024.jpg 744w, https:\/\/wp.ufpel.edu.br\/neppe\/files\/2019\/10\/Digitalizar_2019_10_09_16_39_42_350_001.jpg 1753w\" sizes=\"(max-width: 270px) 100vw, 270px\" \/><\/p>\n<p><strong>Cap\u00edtulos est\u00e3o na p\u00e1gina seguinte<\/strong><\/p>\n<p><!--nextpage--><\/p>\n<h2><span style=\"color: #333333;\">Cap\u00edtulos de Livros<\/span><\/h2>\n<p style=\"text-align: center;\"><strong>2026<\/strong><\/p>\n<p>CELENTE, Luis Eduardo dos Santos; C\u00d3SSIO, Maria de F\u00e1tima. Gest\u00e3o, privatiza\u00e7o e educa\u00e7\u00e3o: atua\u00e7\u00e3o do Sicredi na Azonasul do RS. In: JEFFREY, Debora Cristina et al. (orgs.). <a href=\"https:\/\/editora.fe.unicamp.br\/index.php\/fe\/catalog\/view\/anaisgepale\/anaisgepale\/1150\"><span style=\"color: #000080;\"><strong>Anais do VI Semin\u00e1rio GEPALE<\/strong><\/span><\/a>, p. 152-155, 2026.<\/p>\n<p style=\"text-align: center;\"><strong>2024<\/strong><\/p>\n<p>C\u00d3SSIO, Maria de F\u00e1tima. Desafios \u00e0 Universidade p\u00fablica no contexto atual: projetos em disputa. In: SILVA, \u00darsula; BANDEIRA, Ana; BORBA, Patr\u00edcia (Org.). <a href=\"https:\/\/guaiaca.ufpel.edu.br\/handle\/prefix\/14595\"><span style=\"color: #000080;\"><strong>UFPel 55 anos de hist\u00f3ria, desafios e supera\u00e7\u00f5es<\/strong><\/span><\/a>. 1. ed. Pelotas: UFPEL, 2024. v. 1, p. 108-129.<\/p>\n<p>C\u00d3SSIO, Maria de F\u00e1tima. Gest\u00e3o democr\u00e1tica da educa\u00e7\u00e3o: contexto, concep\u00e7\u00f5es e perspectivas. In: RIBEIRO, Eduarda Lima; LEAL, Julia Jaques; CESCHINI, Mayara da Silva (Org.). <a href=\"https:\/\/www.uniesmero.com.br\/2024\/11\/gestao-democratica-dana-educacao-e-suas.html\"><span style=\"color: #000080;\"><strong>Gest\u00e3o democr\u00e1tica da\/na educa\u00e7\u00e3o e duas inter-rela\u00e7\u00f5es com a inova\u00e7\u00e3o pedag\u00f3gica<\/strong><\/span><\/a>. 1. ed. Formiga, MG: Uniesmero, 2024. v. 1, p. 17-30.<\/p>\n<p style=\"text-align: center;\"><strong>2023<\/strong><\/p>\n<p>CELENTE, Luis Eduardo dos Santos; C\u00d3SSIO, Maria de F\u00e1tima. PPP&#8217;s: Grupo SICREDI e a privatiza\u00e7\u00e3o do ensino no RS. In: C\u00d3SSIO, Maria de F\u00e1tima; CELENTE, Luis Eduardo dos Santos (Org.).<a href=\"https:\/\/guaiaca.ufpel.edu.br\/handle\/prefix\/15175\"><span style=\"color: #000080;\"><strong> Semin\u00e1rio Estadual da ANPAE\/RS 2022<\/strong><\/span><\/a>: reflex\u00f5es sobre a democratiza\u00e7\u00e3o da educa\u00e7\u00e3o e da escola. 1. ed. Porto Alegre: Evangraf, 2023. v. 1, p. 98-99.<\/p>\n<p>SCHERER, Susana Schneid; SILVA, Vanessa Silva da. A forma\u00e7\u00e3o continuada de professores nas parcerias p\u00fablico-privadas das redes municipais de ensino do RS. In: C\u00d3SSIO, Maria de F\u00e1tima; CELENTE, Luis Eduardo dos Santos (Org.). .<a href=\"https:\/\/guaiaca.ufpel.edu.br\/handle\/prefix\/15175\"><span style=\"color: #000080;\"><strong> Semin\u00e1rio Estadual da ANPAE\/RS 2022<\/strong><\/span><\/a>: reflex\u00f5es sobre a democratiza\u00e7\u00e3o da educa\u00e7\u00e3o e da escola. 1. ed. Porto Alegre: Produ\u00e7\u00e3o Gr\u00e1fica, 2023. v. 1, p. 114-115.<\/p>\n<p style=\"text-align: center;\"><strong>2021<\/strong><\/p>\n<p>BENTO, Michelle Vollrath; MOREIRA, M. I. G.; SANTOS, C. S. A educa\u00e7\u00e3o a dist\u00e2ncia como pol\u00edtica p\u00fablica de acesso ao ensino formal: a consagra\u00e7\u00e3o do direito \u00e0 educa\u00e7\u00e3o atrav\u00e9s da implanta\u00e7\u00e3o da rede E-Tec\/Brasil no IFSul. In: SANTOS, Rita de C\u00e1ssia Grecco dos; MARTIARENA, Maria Augusta (Org.). <a href=\"https:\/\/ppghistoria.furg.br\/images\/E-books\/Ebook_Memoria_e_Pratica_na_Formacao_de_Professores.pdf\"><strong><span style=\"color: #000080;\">Mem\u00f3ria e pr\u00e1ticas na forma\u00e7\u00e3o de professores<\/span><\/strong><\/a>. Volume 3. 1. ed. S\u00e3o Paulo: Pragmatha, 2021. v. 3, p. 236-258.<\/p>\n<p>SCHERER, Susana. Do trabalho socialmente referenciado \u00e0 doc\u00eancia orientada pela performatividade. In: PAPROSQUI, Juliane; MIGLIORE, M\u00e1rcia Romano; ALVES, Deborah Karla Calegari (Org.). <a href=\"https:\/\/repositorio.ufsm.br\/handle\/1\/36820?locale-attribute=en\"><span style=\"color: #000080;\"><strong>As pol\u00edticas p\u00fablicas educacionais da \u00faltima d\u00e9cada e o impacto na organiza\u00e7\u00e3o curricular<\/strong><\/span><\/a>. 1. ed. Santa Maria: Arco Editora, 2021. v. 1, p. 196-205.<\/p>\n<p>SCHERER, Susana Schneid. Gest\u00e3o gerencial, performatividade e l\u00f3gica de mercado: o contexto da profiss\u00e3o docente no Brasil. In: SOARES, Ilma Maria Fernandes (Org). <a href=\"https:\/\/wp.ufpel.edu.br\/neppe\/files\/2026\/03\/Coletanea-Formacao-inicial-e-continuada-desafios-e-possibilidades-para-a-docencia.pdf\"><span style=\"color: #000080;\"><strong>Forma\u00e7\u00e3o inicial e continuada: desafios e possibilidades para a doc\u00eancia<\/strong><\/span><\/a>. 1. ed. Rio de Janeiro: Libroe, 2021. v. 1, p. 77-100.<\/p>\n<p style=\"text-align: center;\"><strong>2020<\/strong><\/p>\n<p>C\u00d3SSIO, Maria de F\u00e1tima. Avalia\u00e7\u00e3o da aprendizagem no ensino superior: a aula universit\u00e1ria em discuss\u00e3o. In: C\u00d3SSIO, Maria de F\u00e1tima; CHAVES, Larissa Patron; FILHO, Eduardo Ferreira; SANTOS, Eleonora Campos dos (Org.). <a href=\"https:\/\/guaiaca.ufpel.edu.br\/handle\/prefix\/6250\"><strong><span style=\"color: #333399;\">Cadernos da pedagogia universit\u00e1ria<\/span><\/strong><\/a>. 1. ed. Pelotas: Editora UFPEL, 2020. v. 1, p. 7-136.<\/p>\n<p>C\u00d3SSIO, Maria de F\u00e1tima. Pr\u00e1tica pedag\u00f3gica e gest\u00e3o acad\u00eamica: os desafios dos contextos emergentes. In: CUNHA, Maria Isabel da; RODRIGUES, Gabriela (Org.). <a href=\"https:\/\/editora.pucrs.br\/livro\/1384\/\"><span style=\"color: #000080;\"><strong>Pr\u00e1ticas pedag\u00f3gicas na educa\u00e7\u00e3o superior<\/strong><\/span><\/a>. 1. ed. Porto Alegre: EDIPUCRS, 2020. v. 1, p. 75-96.<\/p>\n<p>C\u00d3SSIO, Maria de F\u00e1tima; SCHERER, Susana S.; FARIAS, Rafael M.; CELENTE, L. E. S.\u00a0Pol\u00edticas P\u00fabicas Para o Ensino M\u00e9dio no Brasil: An\u00e1lise de Contexto.\u00a0<em>In<\/em>: Mari\u00e2ngela Bairros e Patr\u00edcia Marchand (Org.) <span style=\"color: #003366;\"><strong><a style=\"color: #003366;\" href=\"https:\/\/wp.ufpel.edu.br\/neppe\/files\/2023\/08\/Ensino_Medio_Desafios.pdf\">Ensino M\u00e9dio: Desafios e Contradi\u00e7\u00f5es<\/a><\/strong><\/span><span style=\"color: #000080;\"><strong>.\u00a0<\/strong><span style=\"color: #000000;\">1 ed. Porto Alegre: CirKula, 2020, p. 99-120.<\/span><\/span><\/p>\n<p style=\"text-align: center;\"><strong>2019<\/strong><\/p>\n<p><span style=\"font-weight: 400;\">REIS, L. D. ; SILVA, Vanessa S. ; LOPES, Daniela O. ; SCHERER, Susana S. ; C\u00d3SSIO, Maria de F\u00e1tima. Sicredi e o programa Uni\u00e3o faz a Vida: a influ\u00eancia da l\u00f3gica privada na forma\u00e7\u00e3o de professores<strong>. <\/strong>In: Michelle Barreto Justus. (Org.). <\/span><b><a href=\"https:\/\/atenaeditora.com.br\/catalogo\/ebook\/politicas-publicas-na-educacao-brasileira-gestao-e-resultados\"><span style=\"color: #003366;\">Forma\u00e7\u00e3o de professores e a condi\u00e7\u00e3o do trabalho docente<\/span><\/a>.<\/b><span style=\"font-weight: 400;\"> 1 ed. Ponta Grossa: Atena, 2019, v. 2, p. 121-135.<\/span><\/p>\n<p>SILVA, Vanessa Silva da; SCHERER, Susana Schneid; LOPES, Daniela Oliveira; C\u00d3SSIO, Maria de F\u00e1tima; REIS, Luana Duarte. Sicredi e o programa A Uni\u00e3o Faz a Vida: a influ\u00eancia da l\u00f3gica privada na forma\u00e7\u00e3o de professores. In: JUSTUS, Mich\u00e9lle Barreto (Org.). <b><a href=\"https:\/\/atenaeditora.com.br\/catalogo\/ebook\/politicas-publicas-na-educacao-brasileira-gestao-e-resultados\"><span style=\"color: #003366;\">Forma\u00e7\u00e3o de professores e a condi\u00e7\u00e3o do trabalho docente<\/span><\/a><\/b>. 1. ed. Curitiba: Atena Editora, 2019. v. 1, p. 121-135.<\/p>\n<p>SCHERER, Susana Schneid. Pol\u00edticas educacionais e trabalho docente na escola p\u00fablica: elementos para pensar a atualidade do tema no Brasil. In: MONTEIRO, Solange Aparecida de Souza (Org.) <a href=\"https:\/\/atenaeditora.com.br\/catalogo\/ebook\/inquietacoes-e-proposituras-na-formacao-docente\"><span style=\"color: #000080;\"><strong>Inquieta\u00e7\u00f5es e proposituras na forma\u00e7\u00e3o docente<\/strong><\/span><\/a>. 1. ed. Curitiba: Atena Editora, 2019. p. 224-235.<\/p>\n<p style=\"text-align: center;\"><strong>2017<\/strong><\/p>\n<p><span style=\"font-weight: 400;\">OLIVEIRA, Antonio Cardoso ; <\/span><span style=\"font-weight: 400;\">C\u00d3SSIO, Maria de F\u00e1tima<\/span><span style=\"font-weight: 400;\">\u00a0. Governan\u00e7a transnacional e as pol\u00edticas de avalia\u00e7\u00e3o em larga escala na educa\u00e7\u00e3o nacional: rela\u00e7\u00f5es e impactos<strong>.<\/strong> In: Graciele Glap, Lucimara Glap. (Org.). <\/span><span style=\"color: #003366;\"><b>Pol\u00edticas p\u00fablicas na educa\u00e7\u00e3o brasileira: gest\u00e3o e resultados<\/b><\/span><span style=\"font-weight: 400;\">. 1 ed. Curitiba: Atena Editora, 2017, v. 1, p. 09-456.<\/span><\/p>\n<p>SILVA, Vanessa Silva da. Base Nacional Comum Curricular: as influ\u00eancias do terceiro setor nas tr\u00eas vers\u00f5es preliminares. In: SANTOS, Amanda Bas\u00edlio Bernardino; MACHADO, Juliana Porto; COLVERO, Ronaldo Bernardino (Org.).<a href=\"https:\/\/publicar.claec.org\/editora\/pt_BR\/catalog\/book\/38\"><span style=\"color: #000080;\"> <strong>Interdisciplinaridade nas ci\u00eancias humanas: caminhos da pesquisa contempor\u00e2nea<\/strong><\/span><\/a>. 1. ed. Jaguar\u00e3o: CLAEC, 2017. p. 1039-1053..<\/p>\n<p style=\"text-align: center;\"><strong>2016<\/strong><\/p>\n<p><span style=\"font-weight: 400;\">OLIVEIRA, Antonio Cardoso ; <\/span><span style=\"font-weight: 400;\">C\u00d3SSIO, Maria de F\u00e1tima.<\/span><span style=\"font-weight: 400;\">\u00a0A expans\u00e3o da rede e-tec Brasil e as implica\u00e7\u00f5es no trabalho docente<strong>.<\/strong> <em>In:<\/em> Maria de F\u00e1tima C\u00f3ssio. (Org.). <\/span><span style=\"color: #003366;\"><b>Pol\u00edticas p\u00fablicas de educa\u00e7\u00e3o: desafios atuais<\/b><\/span><span style=\"font-weight: 400;\">. 1 ed. Pelotas: Editora da UFPel, 2016, v. 1, p. 115-134. <em>F\u00edsico Apenas.<\/em><\/span><\/p>\n<p>PERONI, Vera Maria Vidal. As parcerias entre o p\u00fablico e o privado para a forma\u00e7\u00e3o de professores: a proposta do Plano de Desenvolvimento da Educa\u00e7\u00e3o. In: C\u00d3SSIO, Maria de F\u00e1tima (Org.). <span style=\"color: #003366;\"><b>Pol\u00edticas p\u00fablicas de educa\u00e7\u00e3o: desafios atuais<\/b><\/span>. 1. ed. Pelotas: Editora UFPel, 2016. p. 97-113. <span style=\"font-weight: 400;\"><em>F\u00edsico Apenas.<\/em><\/span><\/p>\n<p style=\"text-align: center;\"><strong>2014<\/strong><\/p>\n<p><span style=\"font-weight: 400;\">C\u00d3SSIO, Maria de F\u00e1tima<\/span><span style=\"font-weight: 400;\">. Pol\u00edticas educacionais e os novos modos de regula\u00e7\u00e3o: efeitos nas pol\u00edticas locais. <em>In:<\/em> C\u00d3SSIO, Maria de F\u00e1tima; RODRIGUEZ, Rita de C\u00e1ssia. (Org.). <\/span><span style=\"color: #003366;\"><b>Novos modos de regula\u00e7\u00e3o das pol\u00edticas educacionais no contexto da terceira via<\/b><\/span><span style=\"font-weight: 400;\">. 1 ed. Pelotas: Editora e Gr\u00e1fica UFPEL, 2014, v. 01, p. 37-54. <em>F\u00edsico Apenas.<\/em><\/span><\/p>\n<p>OLIVEIRA, Antonio Cardoso.; BONOW, D. A nova social-democracia e o projeto da Terceira via. In: C\u00d3SSIO, Maria de F\u00e1tima; RODRIGUEZ, Rita de C\u00e1ssia (Org.). <span style=\"color: #000080;\"><strong>Novos modos de regula\u00e7\u00e3o das pol\u00edticas educacionais no contexto da terceira via<\/strong><\/span>. 1. ed. Pelotas: UFPel, 2014. p. 7-35. <span style=\"font-weight: 400;\"><em>F\u00edsico Apenas.<\/em><\/span><\/p>\n","protected":false},"excerpt":{"rendered":"<p>Livros Organizados 2023 C\u00d3SSIO, Maria de F\u00e1tima; CELENTE, Luis Eduardo dos Santos (org.) Semin\u00e1rio Estadual da ANPAE RS 2022: reflex\u00f5es sobre a democratiza\u00e7\u00e3o da educa\u00e7\u00e3o e da escola. Porto Alegre: ANPAE : NEPPE, 2023. 115p\u00a0 &nbsp; 2021 SCHERER, Susana Schneid (Org.) . Pol\u00edticas educacionais e escola p\u00fablica: quest\u00f5es globais e desafios para as redes de [&hellip;]<\/p>\n","protected":false},"author":835,"featured_media":590,"parent":128,"menu_order":2,"comment_status":"closed","ping_status":"closed","template":"","meta":{"footnotes":""},"class_list":["post-195","page","type-page","status-publish","has-post-thumbnail","hentry"],"_links":{"self":[{"href":"https:\/\/wp.ufpel.edu.br\/neppe\/wp-json\/wp\/v2\/pages\/195","targetHints":{"allow":["GET"]}}],"collection":[{"href":"https:\/\/wp.ufpel.edu.br\/neppe\/wp-json\/wp\/v2\/pages"}],"about":[{"href":"https:\/\/wp.ufpel.edu.br\/neppe\/wp-json\/wp\/v2\/types\/page"}],"author":[{"embeddable":true,"href":"https:\/\/wp.ufpel.edu.br\/neppe\/wp-json\/wp\/v2\/users\/835"}],"replies":[{"embeddable":true,"href":"https:\/\/wp.ufpel.edu.br\/neppe\/wp-json\/wp\/v2\/comments?post=195"}],"version-history":[{"count":3,"href":"https:\/\/wp.ufpel.edu.br\/neppe\/wp-json\/wp\/v2\/pages\/195\/revisions"}],"predecessor-version":[{"id":1335,"href":"https:\/\/wp.ufpel.edu.br\/neppe\/wp-json\/wp\/v2\/pages\/195\/revisions\/1335"}],"up":[{"embeddable":true,"href":"https:\/\/wp.ufpel.edu.br\/neppe\/wp-json\/wp\/v2\/pages\/128"}],"wp:featuredmedia":[{"embeddable":true,"href":"https:\/\/wp.ufpel.edu.br\/neppe\/wp-json\/wp\/v2\/media\/590"}],"wp:attachment":[{"href":"https:\/\/wp.ufpel.edu.br\/neppe\/wp-json\/wp\/v2\/media?parent=195"}],"curies":[{"name":"wp","href":"https:\/\/api.w.org\/{rel}","templated":true}]}}