{"id":135,"date":"2019-10-01T17:05:58","date_gmt":"2019-10-01T20:05:58","guid":{"rendered":"https:\/\/wp.ufpel.edu.br\/neppe\/?page_id=135"},"modified":"2025-08-27T20:23:24","modified_gmt":"2025-08-27T23:23:24","slug":"dissertacoes","status":"publish","type":"page","link":"https:\/\/wp.ufpel.edu.br\/neppe\/producao-intelectual\/dissertacoes\/","title":{"rendered":"Disserta\u00e7\u00f5es"},"content":{"rendered":"<p><span style=\"color: #000000;\">CELENTE, Luis Eduardo dos Santos. <span style=\"font-weight: 400;\"><a href=\"https:\/\/www.guaiaca.ufpel.edu.br\/handle\/prefix\/16546\"><strong><span style=\"color: #000080;\">Parcerias P\u00fablico-Privadas em educa\u00e7\u00e3o: um estudo de caso do munic\u00edpio de Pelotas<\/span><\/strong><\/a>. 2025. 119f. Disserta\u00e7\u00e3o (Mestrado em Educa\u00e7\u00e3o) &#8211; Programa de P\u00f3s-Gradua\u00e7\u00e3o em Educa\u00e7\u00e3o, Faculdade Educa\u00e7\u00e3o, Universidade Federal de Pelotas, Pelotas, 2025.<\/span><\/span><\/p>\n<p><span style=\"color: #000000;\">RODRIGUES, Miriele Barbosa. <strong><span style=\"color: #000080;\"><a style=\"color: #000080;\" href=\"https:\/\/wp.ufpel.edu.br\/neppe\/files\/2023\/05\/Dissertacao-Miriele.pdf\">Pol\u00edticas para a educa\u00e7\u00e3o infantil: An\u00e1lise do papel do poder p\u00fablico na oferta de vagas na perspectiva da implementa\u00e7\u00e3o das creches domiciliares na cidade de Pelotas<\/a><\/span>.<\/strong>\u00a02022. 75 f. Disserta\u00e7\u00e3o (Mestrado em Educa\u00e7\u00e3o) &#8211; Programa de P\u00f3s-Gradua\u00e7\u00e3o em Educa\u00e7\u00e3o, Faculdade Educa\u00e7\u00e3o, Universidade Federal de Pelotas, Pelotas, 2022.<\/span><\/p>\n<p><span style=\"color: #000000;\"><span style=\"font-weight: 400;\">REIS, Leila Duarte. <\/span><span style=\"text-decoration: underline;\"><a href=\"https:\/\/sucupira.capes.gov.br\/sucupira\/public\/consultas\/coleta\/trabalhoConclusao\/viewTrabalhoConclusao.jsf?popup=true&amp;id_trabalho=7923925\"><span style=\"color: #003366; text-decoration: underline;\"><strong>Pol\u00edticas locais para a educa\u00e7\u00e3o infantil: <\/strong><\/span><\/a><\/span><span style=\"font-weight: 400;\"><strong><span style=\"text-decoration: underline;\"><span style=\"color: #003366; text-decoration: underline;\">an\u00e1lise da regulamenta\u00e7\u00e3o e efetividade das pol\u00edticas para crian\u00e7as de zero a tr\u00eas anos na cidade de Pelotas\/RS<\/span><\/span>. <\/strong><\/span><span style=\"font-weight: 400;\">Disserta\u00e7\u00e3o (Mestrado em Educa\u00e7\u00e3o) &#8211; Faculdade de Educa\u00e7\u00e3o. Universidade Federal de Pelotas, Pelotas, 2019.<\/span><\/span><\/p>\n<p><span style=\"color: #000000;\"><span style=\"font-weight: 400;\">SILVA, Vanessa Silva da. <\/span><span style=\"text-decoration: underline;\"><a href=\"http:\/\/guaiaca.ufpel.edu.br:8080\/handle\/prefix\/4386\"><span style=\"color: #003366; text-decoration: underline;\"><strong>Base Nacional Comum Curricular: <\/strong><\/span><\/a><\/span><span style=\"font-weight: 400;\"><span style=\"text-decoration: underline;\"><span style=\"color: #003366; text-decoration: underline;\"><strong>uma an\u00e1lise cr\u00edtica do texto da pol\u00edtica<\/strong><\/span><\/span>. 200 f. 2018. Disserta\u00e7\u00e3o (Mestrado em Educa\u00e7\u00e3o) &#8211; Faculdade de Educa\u00e7\u00e3o. Universidade Federal de Pelotas, Pelotas, 2018.\u00a0<\/span><\/span><\/p>\n<p><span style=\"color: #000000;\"><span style=\"font-weight: 400;\">LOPES, Daniela Oliveira. <\/span><b><span style=\"color: #003366;\"><a style=\"color: #003366;\" href=\"http:\/\/guaiaca.ufpel.edu.br:8080\/handle\/prefix\/4361\">Licenciatura em Letras L\u00ednguas Adicionais Ingl\u00eas e Espanhol: recontextualiza\u00e7\u00e3o das pol\u00edticas curriculares de forma\u00e7\u00e3o de professores<\/a><\/span>. <\/b><span style=\"font-weight: 400;\">2018. 143 f. Disserta\u00e7\u00e3o (Mestrado em Educa\u00e7\u00e3o) &#8211; Faculdade de Educa\u00e7\u00e3o. Universidade Federal de Pelotas, Pelotas, 2018.\u00a0<\/span><\/span><\/p>\n<p><span style=\"color: #000000;\"><span style=\"font-weight: 400;\">VALENTE, Priscila de Pinho. <\/span><span style=\"color: #003366;\"><a style=\"color: #003366;\" href=\"https:\/\/sucupira.capes.gov.br\/sucupira\/public\/consultas\/coleta\/trabalhoConclusao\/viewTrabalhoConclusao.jsf?popup=true&amp;id_trabalho=3632064\"><b>As pol\u00edticas de A\u00e7\u00f5es Afirmativas: um estudo sobre a reserva de vagas e o direito \u00e0 educa\u00e7\u00e3o em um Instituto Federal de Educa\u00e7\u00e3o Profissional e Tecnol\u00f3gica<\/b><\/a><\/span>. <span style=\"font-weight: 400;\">2016. 128 f. Disserta\u00e7\u00e3o (Mestrado em Educa\u00e7\u00e3o) &#8211; Faculdade de Educa\u00e7\u00e3o. Universidade Federal de Pelotas, Pelotas, 2016.\u00a0<\/span><\/span><\/p>\n<p><span style=\"color: #000000;\"><span style=\"font-weight: 400;\">BALADO, Maria do Carmo Lopez. <\/span><b><a style=\"color: #000000;\" href=\"https:\/\/sucupira.capes.gov.br\/sucupira\/public\/consultas\/coleta\/trabalhoConclusao\/viewTrabalhoConclusao.jsf?popup=true&amp;id_trabalho=4108416\"><span style=\"color: #003366;\">Materializa\u00e7\u00e3o do Ensino M\u00e9dio Polit\u00e9cnico em uma Escola P\u00fablica do Rio Grande Do Sul<\/span><\/a>.<\/b><span style=\"font-weight: 400;\"> 2016. 156 f. Disserta\u00e7\u00e3o (Mestrado em Educa\u00e7\u00e3o) &#8211; Faculdade de Educa\u00e7\u00e3o. Universidade Federal de Pelotas, Pelotas, 2016.\u00a0<\/span><\/span><\/p>\n<p><span style=\"color: #000000;\"><span style=\"font-weight: 400;\">SOUZA, Aisllan<\/span> Augusto de. <span style=\"color: #003366;\"><a style=\"color: #003366;\" href=\"http:\/\/guaiaca.ufpel.edu.br:8080\/handle\/prefix\/2900\"><strong>Efeitos do PAR na configura\u00e7\u00e3o da gest\u00e3o do sistema educacional de um munic\u00edpio da regi\u00e3o da campanha do RS: an\u00e1lise dos modos de regula\u00e7\u00e3o<\/strong><\/a><\/span>. 2015. 146 f. Disserta\u00e7\u00e3o (Mestrado em Educa\u00e7\u00e3o) <span style=\"font-weight: 400;\"> &#8211; Faculdade de Educa\u00e7\u00e3o<\/span>. Universidade Federal de Pelotas, Pelotas, 2015.<\/span><\/p>\n<p><span style=\"font-weight: 400; color: #000000;\">OLIVEIRA, Ant\u00f4nio Cardoso. <span style=\"color: #003366;\"><a style=\"color: #003366;\" href=\"http:\/\/guaiaca.ufpel.edu.br:8080\/handle\/prefix\/2933\"><strong>Pol\u00edticas p\u00fablicas para a educa\u00e7\u00e3o profissional: um estudo do curso t\u00e9cnico em Administra\u00e7\u00e3o da Rede e-Tec Brasil no CAVG<\/strong><\/a><\/span>. 2013. 168 f. Disserta\u00e7\u00e3o (Mestrado em Educa\u00e7\u00e3o) &#8211; Faculdade de Educa\u00e7\u00e3o. Universidade Federal de Pelotas, Pelotas, 2013.<\/span><\/p>\n","protected":false},"excerpt":{"rendered":"<p>CELENTE, Luis Eduardo dos Santos. Parcerias P\u00fablico-Privadas em educa\u00e7\u00e3o: um estudo de caso do munic\u00edpio de Pelotas. 2025. 119f. Disserta\u00e7\u00e3o (Mestrado em Educa\u00e7\u00e3o) &#8211; Programa de P\u00f3s-Gradua\u00e7\u00e3o em Educa\u00e7\u00e3o, Faculdade Educa\u00e7\u00e3o, Universidade Federal de Pelotas, Pelotas, 2025. RODRIGUES, Miriele Barbosa. Pol\u00edticas para a educa\u00e7\u00e3o infantil: An\u00e1lise do papel do poder p\u00fablico na oferta de vagas [&hellip;]<\/p>\n","protected":false},"author":835,"featured_media":0,"parent":128,"menu_order":2,"comment_status":"closed","ping_status":"closed","template":"","meta":{"footnotes":""},"class_list":["post-135","page","type-page","status-publish","hentry"],"_links":{"self":[{"href":"https:\/\/wp.ufpel.edu.br\/neppe\/wp-json\/wp\/v2\/pages\/135","targetHints":{"allow":["GET"]}}],"collection":[{"href":"https:\/\/wp.ufpel.edu.br\/neppe\/wp-json\/wp\/v2\/pages"}],"about":[{"href":"https:\/\/wp.ufpel.edu.br\/neppe\/wp-json\/wp\/v2\/types\/page"}],"author":[{"embeddable":true,"href":"https:\/\/wp.ufpel.edu.br\/neppe\/wp-json\/wp\/v2\/users\/835"}],"replies":[{"embeddable":true,"href":"https:\/\/wp.ufpel.edu.br\/neppe\/wp-json\/wp\/v2\/comments?post=135"}],"version-history":[{"count":4,"href":"https:\/\/wp.ufpel.edu.br\/neppe\/wp-json\/wp\/v2\/pages\/135\/revisions"}],"predecessor-version":[{"id":1129,"href":"https:\/\/wp.ufpel.edu.br\/neppe\/wp-json\/wp\/v2\/pages\/135\/revisions\/1129"}],"up":[{"embeddable":true,"href":"https:\/\/wp.ufpel.edu.br\/neppe\/wp-json\/wp\/v2\/pages\/128"}],"wp:attachment":[{"href":"https:\/\/wp.ufpel.edu.br\/neppe\/wp-json\/wp\/v2\/media?parent=135"}],"curies":[{"name":"wp","href":"https:\/\/api.w.org\/{rel}","templated":true}]}}