{"id":128,"date":"2019-10-01T17:01:56","date_gmt":"2019-10-01T20:01:56","guid":{"rendered":"https:\/\/wp.ufpel.edu.br\/neppe\/?page_id=128"},"modified":"2025-12-01T14:38:15","modified_gmt":"2025-12-01T17:38:15","slug":"producao-intelectual","status":"publish","type":"page","link":"https:\/\/wp.ufpel.edu.br\/neppe\/producao-intelectual\/","title":{"rendered":"Publica\u00e7\u00f5es"},"content":{"rendered":"<h3><span style=\"color: #333333;\">Selecione abaixo o tipo de publica\u00e7\u00e3o que voc\u00ea deseja conhecer:<\/span><\/h3>\n<h3><a href=\"https:\/\/wp.ufpel.edu.br\/neppe\/producao-intelectual\/artigos-anais\/\">Anais<\/a><\/h3>\n<h3><a href=\"https:\/\/wp.ufpel.edu.br\/neppe\/producao-intelectual\/artigos\/\"><span style=\"color: #333333;\">Artigos<\/span><\/a><\/h3>\n<h3><a href=\"https:\/\/wp.ufpel.edu.br\/neppe\/producao-intelectual\/livros\/\"><span style=\"color: #333333;\">Livros <\/span><\/a><\/h3>\n<h3><a href=\"https:\/\/wp.ufpel.edu.br\/neppe\/producao-intelectual\/dissertacoes\/\"><span style=\"color: #333333;\">Disserta\u00e7\u00f5es <\/span><\/a><\/h3>\n<h3><a href=\"https:\/\/wp.ufpel.edu.br\/neppe\/producao-intelectual\/teses\/\"><span style=\"color: #333333;\">Teses<\/span><\/a><\/h3>\n","protected":false},"excerpt":{"rendered":"<p>Selecione abaixo o tipo de publica\u00e7\u00e3o que voc\u00ea deseja conhecer: Anais Artigos Livros Disserta\u00e7\u00f5es Teses<\/p>\n","protected":false},"author":835,"featured_media":0,"parent":0,"menu_order":0,"comment_status":"closed","ping_status":"closed","template":"","meta":{"footnotes":""},"class_list":["post-128","page","type-page","status-publish","hentry"],"_links":{"self":[{"href":"https:\/\/wp.ufpel.edu.br\/neppe\/wp-json\/wp\/v2\/pages\/128","targetHints":{"allow":["GET"]}}],"collection":[{"href":"https:\/\/wp.ufpel.edu.br\/neppe\/wp-json\/wp\/v2\/pages"}],"about":[{"href":"https:\/\/wp.ufpel.edu.br\/neppe\/wp-json\/wp\/v2\/types\/page"}],"author":[{"embeddable":true,"href":"https:\/\/wp.ufpel.edu.br\/neppe\/wp-json\/wp\/v2\/users\/835"}],"replies":[{"embeddable":true,"href":"https:\/\/wp.ufpel.edu.br\/neppe\/wp-json\/wp\/v2\/comments?post=128"}],"version-history":[{"count":3,"href":"https:\/\/wp.ufpel.edu.br\/neppe\/wp-json\/wp\/v2\/pages\/128\/revisions"}],"predecessor-version":[{"id":1219,"href":"https:\/\/wp.ufpel.edu.br\/neppe\/wp-json\/wp\/v2\/pages\/128\/revisions\/1219"}],"wp:attachment":[{"href":"https:\/\/wp.ufpel.edu.br\/neppe\/wp-json\/wp\/v2\/media?parent=128"}],"curies":[{"name":"wp","href":"https:\/\/api.w.org\/{rel}","templated":true}]}}