{"id":1275,"date":"2026-02-20T12:01:56","date_gmt":"2026-02-20T15:01:56","guid":{"rendered":"https:\/\/wp.ufpel.edu.br\/neppe\/?page_id=1275"},"modified":"2026-03-10T15:17:24","modified_gmt":"2026-03-10T18:17:24","slug":"a-contrarrevolucao-da-nova-gestao-publica-na-educacao-publica-basica-no-estado-do-rs-e-em-bogota-dc-2016-2024","status":"publish","type":"page","link":"https:\/\/wp.ufpel.edu.br\/neppe\/pesquisas\/atual\/a-contrarrevolucao-da-nova-gestao-publica-na-educacao-publica-basica-no-estado-do-rs-e-em-bogota-dc-2016-2024\/","title":{"rendered":"A contrarrevolu\u00e7\u00e3o da Nova Gest\u00e3o P\u00fablica na educa\u00e7\u00e3o p\u00fablica b\u00e1sica no estado do RS e em Bogot\u00e1, DC (2016-2024)"},"content":{"rendered":"<p style=\"text-align: center;\"><span style=\"font-size: 14pt;\">&#8220;A CONTRARREVOLU\u00c7\u00c3O DA NOVA GEST\u00c3O P\u00daBLICA NA EDUACA\u00c7\u00c3O P\u00daBLICA B\u00c1SICA NO ESTADO DO RS E EM BOGOT\u00c1. DC (2016-2024)&#8221;<\/span><\/p>\n<ul>\n<li>Per\u00edodo de realiza\u00e7\u00e3o: <strong>2026 &#8211; 2030<\/strong><\/li>\n<li>Financiamento:\u00a0<strong>\u2013 \u2013<\/strong><\/li>\n<li>Coordena\u00e7\u00e3o:\u00a0<strong>Prof\u00aa Dr\u00aa Maria de F\u00e1tima C\u00f3ssio<\/strong><\/li>\n<\/ul>\n<p><strong>Descri\u00e7\u00e3o: <\/strong>A presente pesquisa examina o fen\u00f4meno de gradual, por\u00e9m progressiva, privatiza\u00e7\u00e3o do setor p\u00fablico educacional em Bogot\u00e1, DC, comparada ao estado do Rio Grande do Sul, no per\u00edodo de 2016 a 2024. A partir de uma perspectiva ideacional, identifica os mecanismos e analisa as trajet\u00f3rias da educa\u00e7\u00e3o p\u00fablica distrital\/estadual mediadas pelas Parcerias P\u00fablico-Privadas (PPP) e por suas tipologias.<br \/>\nAs PPP converteram-se em um dispositivo pol\u00edtico e de pol\u00edticas p\u00fablicas privilegiado para a formula\u00e7\u00e3o e a implementa\u00e7\u00e3o dos processos educacionais contempor\u00e2neos, constituindo-se em instrumento-chave para o aprofundamento de uma privatiza\u00e7\u00e3o de \u201cnovo tipo\u201d na educa\u00e7\u00e3o p\u00fablica, em particular, e do neoliberalismo educacional, em geral. Trata-se de um fen\u00f4meno social de natureza transnacional, implicado com campos educacionais p\u00fablicos e privados nos \u00e2mbitos nacional, regional e internacional. Nesse contexto, o caso das PPP prop\u00f5e-se n\u00e3o apenas como exemplo paradigm\u00e1tico, mas tamb\u00e9m como evid\u00eancia demonstrativa dessas din\u00e2micas.<\/p>\n","protected":false},"excerpt":{"rendered":"<p>&#8220;A CONTRARREVOLU\u00c7\u00c3O DA NOVA GEST\u00c3O P\u00daBLICA NA EDUACA\u00c7\u00c3O P\u00daBLICA B\u00c1SICA NO ESTADO DO RS E EM BOGOT\u00c1. DC (2016-2024)&#8221; Per\u00edodo de realiza\u00e7\u00e3o: 2026 &#8211; 2030 Financiamento:\u00a0\u2013 \u2013 Coordena\u00e7\u00e3o:\u00a0Prof\u00aa Dr\u00aa Maria de F\u00e1tima C\u00f3ssio Descri\u00e7\u00e3o: A presente pesquisa examina o fen\u00f4meno de gradual, por\u00e9m progressiva, privatiza\u00e7\u00e3o do setor p\u00fablico educacional em Bogot\u00e1, DC, comparada ao estado [&hellip;]<\/p>\n","protected":false},"author":835,"featured_media":0,"parent":991,"menu_order":0,"comment_status":"closed","ping_status":"closed","template":"","meta":{"footnotes":""},"class_list":["post-1275","page","type-page","status-publish","hentry"],"_links":{"self":[{"href":"https:\/\/wp.ufpel.edu.br\/neppe\/wp-json\/wp\/v2\/pages\/1275","targetHints":{"allow":["GET"]}}],"collection":[{"href":"https:\/\/wp.ufpel.edu.br\/neppe\/wp-json\/wp\/v2\/pages"}],"about":[{"href":"https:\/\/wp.ufpel.edu.br\/neppe\/wp-json\/wp\/v2\/types\/page"}],"author":[{"embeddable":true,"href":"https:\/\/wp.ufpel.edu.br\/neppe\/wp-json\/wp\/v2\/users\/835"}],"replies":[{"embeddable":true,"href":"https:\/\/wp.ufpel.edu.br\/neppe\/wp-json\/wp\/v2\/comments?post=1275"}],"version-history":[{"count":4,"href":"https:\/\/wp.ufpel.edu.br\/neppe\/wp-json\/wp\/v2\/pages\/1275\/revisions"}],"predecessor-version":[{"id":1326,"href":"https:\/\/wp.ufpel.edu.br\/neppe\/wp-json\/wp\/v2\/pages\/1275\/revisions\/1326"}],"up":[{"embeddable":true,"href":"https:\/\/wp.ufpel.edu.br\/neppe\/wp-json\/wp\/v2\/pages\/991"}],"wp:attachment":[{"href":"https:\/\/wp.ufpel.edu.br\/neppe\/wp-json\/wp\/v2\/media?parent=1275"}],"curies":[{"name":"wp","href":"https:\/\/api.w.org\/{rel}","templated":true}]}}