{"id":1080,"date":"2025-06-09T12:42:07","date_gmt":"2025-06-09T15:42:07","guid":{"rendered":"https:\/\/wp.ufpel.edu.br\/neppe\/?page_id=1080"},"modified":"2025-06-17T10:09:24","modified_gmt":"2025-06-17T13:09:24","slug":"banco-de-dados","status":"publish","type":"page","link":"https:\/\/wp.ufpel.edu.br\/neppe\/banco-de-dados\/","title":{"rendered":"Banco de Dados"},"content":{"rendered":"<p style=\"text-align: center;\"><strong>COMO ACESSAR AO BANCO DE DADOS<\/strong><\/p>\n<ol>\n<li>Acesse o link: <a href=\"http:\/\/ppp.ufpel.edu.br\">ppp.ufpel.edu.br<\/a><\/li>\n<li>Na aba &#8220;Banco de dados&#8221;, selecione o item de interesse:\n<ol>\n<li>Dados gerais<\/li>\n<li>Dados educacionais<\/li>\n<li>Not\u00edcias<\/li>\n<\/ol>\n<\/li>\n<\/ol>\n<p><strong>1. DADOS GERAIS<\/strong><\/p>\n<ol>\n<li>Selecione o munic\u00edpio<\/li>\n<li>Clique em filtrar\n<ol>\n<li>Caso queira fazer download dos dados, clique em salvar<\/li>\n<li>Caso queira reiniciar o processo, mude o munic\u00edpio e clique novamente em filtrar<\/li>\n<\/ol>\n<\/li>\n<\/ol>\n<p><strong>2. DADOS EDUCACIONAIS<\/strong><\/p>\n<ol>\n<li>Selecione o munic\u00edpio<\/li>\n<li>Clique em filtrar\n<ol>\n<li>Caso queira fazer download dos dados, clique em salvar<\/li>\n<li>Caso queira reiniciar o processo, mude o munic\u00edpio e clique novamente em filtrar<\/li>\n<\/ol>\n<\/li>\n<\/ol>\n<p><strong>3. NOT\u00cdCIAS<\/strong><\/p>\n<ol>\n<li>POR MUNIC\u00cdPIO\n<ol>\n<li>Selecione o munic\u00edpio<\/li>\n<li>Clique em filtrar\n<ol>\n<li>Caso queira fazer download dos dados, clique em salvar<\/li>\n<li>Caso queira reiniciar o processo, mude o munic\u00edpio e clique novamente em filtrar<\/li>\n<\/ol>\n<\/li>\n<\/ol>\n<\/li>\n<li>POR \u00c1REA PARCEIRA\n<ol>\n<li>Selecione a \u00e1rea<\/li>\n<li>Clique em filtrar\n<ol>\n<li>Caso queira fazer download dos dados, clique em salvar<\/li>\n<li>Caso queira reiniciar o processo, mude a \u00e1rea e clique novamente em filtrar<\/li>\n<\/ol>\n<\/li>\n<\/ol>\n<\/li>\n<li>POR INSTITUI\u00c7\u00c3O PRIVADA\n<ol>\n<li>Escreva o nome da institui\u00e7\u00e3o privada<\/li>\n<li>Clique em filtrar\n<ol>\n<li>Caso queira fazer download dos dados, clique em salvar<\/li>\n<li>Caso queira reiniciar o processo, escreva o nome de uma nova institui\u00e7\u00e3o e clique novamente em filtrar<\/li>\n<\/ol>\n<\/li>\n<\/ol>\n<\/li>\n<li>POR PER\u00cdODO DE PARCERIA\n<ol>\n<li>Selecione a data de in\u00edcio e\/ou de fim da parceria<\/li>\n<li>Clique em filtrar\n<ol>\n<li>Caso queira fazer download dos dados, clique em salvar<\/li>\n<li>Caso queira reiniciar o processo, outra(s) data(s) e clique novamente em filtrar<\/li>\n<\/ol>\n<\/li>\n<\/ol>\n<\/li>\n<\/ol>\n<p>&nbsp;<\/p>\n<p><strong>ATEN\u00c7\u00c3O:\u00a0<\/strong>Caso voc\u00ea tenha selecionado uma caixa (<em>e.g.<\/em> Munic\u00edpio) e quiser navegar em outra sele\u00e7\u00e3o, clique em\u00a0<strong>LIMPAR<\/strong> e reinicie o processo.<\/p>\n","protected":false},"excerpt":{"rendered":"<p>COMO ACESSAR AO BANCO DE DADOS Acesse o link: ppp.ufpel.edu.br Na aba &#8220;Banco de dados&#8221;, selecione o item de interesse: Dados gerais Dados educacionais Not\u00edcias 1. DADOS GERAIS Selecione o munic\u00edpio Clique em filtrar Caso queira fazer download dos dados, clique em salvar Caso queira reiniciar o processo, mude o munic\u00edpio e clique novamente em [&hellip;]<\/p>\n","protected":false},"author":835,"featured_media":0,"parent":0,"menu_order":0,"comment_status":"closed","ping_status":"closed","template":"","meta":{"footnotes":""},"class_list":["post-1080","page","type-page","status-publish","hentry"],"_links":{"self":[{"href":"https:\/\/wp.ufpel.edu.br\/neppe\/wp-json\/wp\/v2\/pages\/1080","targetHints":{"allow":["GET"]}}],"collection":[{"href":"https:\/\/wp.ufpel.edu.br\/neppe\/wp-json\/wp\/v2\/pages"}],"about":[{"href":"https:\/\/wp.ufpel.edu.br\/neppe\/wp-json\/wp\/v2\/types\/page"}],"author":[{"embeddable":true,"href":"https:\/\/wp.ufpel.edu.br\/neppe\/wp-json\/wp\/v2\/users\/835"}],"replies":[{"embeddable":true,"href":"https:\/\/wp.ufpel.edu.br\/neppe\/wp-json\/wp\/v2\/comments?post=1080"}],"version-history":[{"count":4,"href":"https:\/\/wp.ufpel.edu.br\/neppe\/wp-json\/wp\/v2\/pages\/1080\/revisions"}],"predecessor-version":[{"id":1091,"href":"https:\/\/wp.ufpel.edu.br\/neppe\/wp-json\/wp\/v2\/pages\/1080\/revisions\/1091"}],"wp:attachment":[{"href":"https:\/\/wp.ufpel.edu.br\/neppe\/wp-json\/wp\/v2\/media?parent=1080"}],"curies":[{"name":"wp","href":"https:\/\/api.w.org\/{rel}","templated":true}]}}