{"id":95,"date":"2018-09-11T16:06:32","date_gmt":"2018-09-11T19:06:32","guid":{"rendered":"https:\/\/wp.ufpel.edu.br\/nepfil\/?page_id=95"},"modified":"2020-12-10T13:16:57","modified_gmt":"2020-12-10T16:16:57","slug":"sobre","status":"publish","type":"page","link":"https:\/\/wp.ufpel.edu.br\/nepfil\/sobre\/","title":{"rendered":"EDITORIAL"},"content":{"rendered":"<h4>\u00a0<img loading=\"lazy\" decoding=\"async\" class=\"wp-image-184 alignleft\" src=\"https:\/\/wp.ufpel.edu.br\/nepfil\/files\/2018\/09\/Nova-Logo-NEPFIL-400x282.png\" alt=\"\" width=\"152\" height=\"107\" srcset=\"https:\/\/wp.ufpel.edu.br\/nepfil\/files\/2018\/09\/Nova-Logo-NEPFIL-400x282.png 400w, https:\/\/wp.ufpel.edu.br\/nepfil\/files\/2018\/09\/Nova-Logo-NEPFIL.png 439w\" sizes=\"auto, (max-width: 152px) 100vw, 152px\" \/><span style=\"font-family: tahoma, arial, helvetica, sans-serif\">NEPFIL ONLINE<\/span><\/h4>\n<p style=\"text-align: justify\"><span style=\"font-family: tahoma, arial, helvetica, sans-serif\">Criado em 2014, o N\u00facleo de Ensino e Pesquisa em Filosofia \u00e9 uma iniciativa do Departamento de Filosofia da Universidade Federal de Pelotas que tem como objetivo principal a edi\u00e7\u00e3o, em formato digital, das publica\u00e7\u00f5es do Curso de Gradua\u00e7\u00e3o, Mestrado e Doutorado em Filosofia da UFPel e de outras institui\u00e7\u00f5es. Atualmente os livros s\u00e3o publicados com os selos da Editora da UFPel e da S\u00e9rie Dissertatio Filosofia.<\/span><\/p>\n<p>&nbsp;<\/p>\n<h4><img loading=\"lazy\" decoding=\"async\" class=\"wp-image-5 alignleft\" src=\"https:\/\/wp.ufpel.edu.br\/nepfil\/files\/2018\/09\/dissertatio-filosofia-preto-400x212.png\" alt=\"\" width=\"165\" height=\"87\" \/><\/h4>\n<h4 style=\"text-align: justify\"><span style=\"font-family: tahoma, arial, helvetica, sans-serif\">S\u00c9RIE DISSERTATIO FILOSOFIA<\/span><\/h4>\n<p style=\"text-align: justify\"><span style=\"font-family: tahoma, arial, helvetica, sans-serif\">A S\u00e9rie Dissertatio Filosofia de livros eletr\u00f4nicos tem por objetivo prec\u00edpuo a publica\u00e7\u00e3o de obras filos\u00f3ficas de professores\/pesquisadores cuja qualidade do trabalho e a excel\u00eancia na argumenta\u00e7\u00e3o filos\u00f3fica seja publicamente reconhecida. A S\u00e9rie Dissertatio Filosofia de livros eletr\u00f4nicos est\u00e1 vinculada \u00e0 Revista Dissertatio de Filosofia, publica\u00e7\u00e3o quadrimestral do Departamento de Filosofia do Instituto de Filosofia, Sociologia e Pol\u00edtica da UFPel.<\/span><\/p>\n<p>&nbsp;<\/p>\n<p style=\"text-align: center\"><img loading=\"lazy\" decoding=\"async\" class=\"size-full wp-image-306 alignleft\" src=\"https:\/\/wp.ufpel.edu.br\/nepfil\/files\/2020\/07\/coruja-logo-investigacao-filosofica.jpg\" alt=\"\" width=\"83\" height=\"120\" \/><\/p>\n<h4 style=\"text-align: justify\"><span style=\"font-family: tahoma, arial, helvetica, sans-serif\">S\u00c9RIE INVESTIGA\u00c7\u00c3O FILOS\u00d3FICA<\/span><\/h4>\n<p style=\"text-align: justify\"><span style=\"font-family: tahoma, arial, helvetica, sans-serif\">A S\u00e9rie Investiga\u00e7\u00e3o Filos\u00f3fica (uma parceira do NEPFil\/UFPel com o GPIF\/UNIFAP) tem por objetivo a publica\u00e7\u00e3o da tradu\u00e7\u00e3o para a l\u00edngua portuguesa de textos selecionados a partir de diversas plataformas internacionalmente reconhecidas.\u00a0<\/span><\/p>\n<h4><\/h4>\n<p><img loading=\"lazy\" decoding=\"async\" class=\"wp-image-187 aligncenter\" src=\"https:\/\/wp.ufpel.edu.br\/nepfil\/files\/2018\/09\/logo_editora-240x400.jpg\" alt=\"\" width=\"112\" height=\"187\" srcset=\"https:\/\/wp.ufpel.edu.br\/nepfil\/files\/2018\/09\/logo_editora-240x400.jpg 240w, https:\/\/wp.ufpel.edu.br\/nepfil\/files\/2018\/09\/logo_editora-768x1278.jpg 768w, https:\/\/wp.ufpel.edu.br\/nepfil\/files\/2018\/09\/logo_editora-615x1024.jpg 615w, https:\/\/wp.ufpel.edu.br\/nepfil\/files\/2018\/09\/logo_editora.jpg 1496w\" sizes=\"auto, (max-width: 112px) 100vw, 112px\" \/><\/p>\n","protected":false},"excerpt":{"rendered":"<p>\u00a0NEPFIL ONLINE Criado em 2014, o N\u00facleo de Ensino e Pesquisa em Filosofia \u00e9 uma iniciativa do Departamento de Filosofia da Universidade Federal de Pelotas que tem como objetivo principal a edi\u00e7\u00e3o, em formato digital, das publica\u00e7\u00f5es do Curso de Gradua\u00e7\u00e3o, Mestrado e Doutorado em Filosofia da UFPel e de outras institui\u00e7\u00f5es. Atualmente os livros [&hellip;]<\/p>\n","protected":false},"author":357,"featured_media":0,"parent":0,"menu_order":0,"comment_status":"closed","ping_status":"closed","template":"","meta":{"footnotes":""},"class_list":["post-95","page","type-page","status-publish","hentry","post"],"jetpack-related-posts":[],"jetpack_sharing_enabled":true,"_links":{"self":[{"href":"https:\/\/wp.ufpel.edu.br\/nepfil\/wp-json\/wp\/v2\/pages\/95","targetHints":{"allow":["GET"]}}],"collection":[{"href":"https:\/\/wp.ufpel.edu.br\/nepfil\/wp-json\/wp\/v2\/pages"}],"about":[{"href":"https:\/\/wp.ufpel.edu.br\/nepfil\/wp-json\/wp\/v2\/types\/page"}],"author":[{"embeddable":true,"href":"https:\/\/wp.ufpel.edu.br\/nepfil\/wp-json\/wp\/v2\/users\/357"}],"replies":[{"embeddable":true,"href":"https:\/\/wp.ufpel.edu.br\/nepfil\/wp-json\/wp\/v2\/comments?post=95"}],"version-history":[{"count":16,"href":"https:\/\/wp.ufpel.edu.br\/nepfil\/wp-json\/wp\/v2\/pages\/95\/revisions"}],"predecessor-version":[{"id":383,"href":"https:\/\/wp.ufpel.edu.br\/nepfil\/wp-json\/wp\/v2\/pages\/95\/revisions\/383"}],"wp:attachment":[{"href":"https:\/\/wp.ufpel.edu.br\/nepfil\/wp-json\/wp\/v2\/media?parent=95"}],"curies":[{"name":"wp","href":"https:\/\/api.w.org\/{rel}","templated":true}]}}