{"id":84,"date":"2018-09-11T15:36:18","date_gmt":"2018-09-11T18:36:18","guid":{"rendered":"https:\/\/wp.ufpel.edu.br\/nepfil\/?page_id=84"},"modified":"2024-07-18T11:55:09","modified_gmt":"2024-07-18T14:55:09","slug":"conselho-editorial","status":"publish","type":"page","link":"https:\/\/wp.ufpel.edu.br\/nepfil\/conselho-editorial\/","title":{"rendered":"CONSELHO EDITORIAL"},"content":{"rendered":"<p><img loading=\"lazy\" decoding=\"async\" class=\"alignnone wp-image-184\" src=\"https:\/\/wp.ufpel.edu.br\/nepfil\/files\/2018\/09\/Nova-Logo-NEPFIL-400x282.png\" alt=\"\" width=\"325\" height=\"229\" srcset=\"https:\/\/wp.ufpel.edu.br\/nepfil\/files\/2018\/09\/Nova-Logo-NEPFIL-400x282.png 400w, https:\/\/wp.ufpel.edu.br\/nepfil\/files\/2018\/09\/Nova-Logo-NEPFIL.png 439w\" sizes=\"auto, (max-width: 325px) 100vw, 325px\" \/><\/p>\n<p><span style=\"font-family: tahoma, arial, helvetica, sans-serif;\">Prof. Dr. Juliano Santos do Carmo (Editor-Chefe)<\/span><\/p>\n<p><span style=\"font-family: tahoma, arial, helvetica, sans-serif;\">Prof. Dr. Jo\u00e3o Hobuss (UFPel)<\/span><\/p>\n<p><span style=\"font-family: tahoma, arial, helvetica, sans-serif;\">Prof. Dr. Alexandre Meyer Luz (UFSC)<\/span><\/p>\n<p><span style=\"font-family: tahoma, arial, helvetica, sans-serif;\">Prof. Dr. Rog\u00e9rio Saucedo (UFSM)<\/span><\/p>\n<p><span style=\"font-family: tahoma, arial, helvetica, sans-serif;\">Prof. Dr. Renato Duarte Fonseca (UFSM)<\/span><\/p>\n<p><span style=\"font-family: tahoma, arial, helvetica, sans-serif;\">Prof. Dr. Arturo Fatturi (UFFS)<\/span><\/p>\n<p><span style=\"font-family: tahoma, arial, helvetica, sans-serif;\">Prof. Dr. Jonadas Techio (UFRGS)<\/span><\/p>\n<p><span style=\"font-family: tahoma, arial, helvetica, sans-serif;\">Profa. Dra. Sofia Albornoz Stein (UNISINOS)<\/span><\/p>\n<p><span style=\"font-family: tahoma, arial, helvetica, sans-serif;\">Prof. Dr. Alfredo Santiago Culleton (UNISINOS)<\/span><\/p>\n<p><span style=\"font-family: tahoma, arial, helvetica, sans-serif;\">Prof. Dr. Roberto Hofmeister Pich (PUCRS)<\/span><\/p>\n<p><span style=\"font-family: tahoma, arial, helvetica, sans-serif;\">Prof. Dr. Manoel Vasconcellos (UFPEL)<\/span><\/p>\n<p><span style=\"font-family: tahoma, arial, helvetica, sans-serif;\">Prof. Dr. Marco Ant\u00f4nio Caron Ruffino (UNICAMP)<\/span><\/p>\n<p><span style=\"font-family: tahoma, arial, helvetica, sans-serif;\">Prof. Dr. Evandro Barbosa (UFPEL)<\/span><\/p>\n<p><span style=\"font-family: tahoma, arial, helvetica, sans-serif;\">Prof. Dr. Ram\u00f3n del Castillo (UNED\/Espanha)<\/span><\/p>\n<p><span style=\"font-family: tahoma, arial, helvetica, sans-serif;\">Prof. Dr. Ricardo Navia (UDELAR\/Uruguai)<\/span><\/p>\n<p><span style=\"font-family: tahoma, arial, helvetica, sans-serif;\">Profa. Dra. M\u00f3nica Herrera Noguera (UDELAR\/Uruguai)<\/span><\/p>\n<p><span style=\"font-family: tahoma, arial, helvetica, sans-serif;\">Profa. Dra. Mirian Donat (UEL)<\/span><\/p>\n<p><span style=\"font-family: tahoma, arial, helvetica, sans-serif;\">Prof. Dr. Giuseppe Lorini (UNICA\/It\u00e1lia)<\/span><\/p>\n<p><span style=\"font-family: tahoma, arial, helvetica, sans-serif;\">Prof. Dr. Massimo Dell&#8217;Utri (UNISA\/It\u00e1lia)<\/span><\/p>\n<p><span style=\"font-family: tahoma, arial, helvetica, sans-serif;\"><strong>COMISS\u00c3O T\u00c9CNICA (EDITORA\u00c7\u00c3O)<\/strong><\/span><\/p>\n<p><span style=\"font-family: tahoma, arial, helvetica, sans-serif;\">Prof. Dr. Juliano Santos do Carmo (Diagramador\/Capista)<\/span><\/p>\n<p><span style=\"font-family: tahoma, arial, helvetica, sans-serif;\"><strong>DIRE\u00c7\u00c3O DO IFISP<\/strong><\/span><\/p>\n<p><span style=\"font-family: tahoma, arial, helvetica, sans-serif;\">Prof. Dra. Elaine Leite<\/span><\/p>\n<p><span style=\"font-family: tahoma, arial, helvetica, sans-serif;\"><strong>CHEFE DO DEPARTAMENTO DE FILOSOFIA<\/strong><\/span><\/p>\n<p><span style=\"font-family: tahoma, arial, helvetica, sans-serif;\">Prof. Dr. S\u00e9rgio Strefling<\/span><\/p>\n","protected":false},"excerpt":{"rendered":"<p>Prof. Dr. Juliano Santos do Carmo (Editor-Chefe) Prof. Dr. Jo\u00e3o Hobuss (UFPel) Prof. Dr. Alexandre Meyer Luz (UFSC) Prof. Dr. Rog\u00e9rio Saucedo (UFSM) Prof. Dr. Renato Duarte Fonseca (UFSM) Prof. Dr. Arturo Fatturi (UFFS) Prof. Dr. Jonadas Techio (UFRGS) Profa. Dra. Sofia Albornoz Stein (UNISINOS) Prof. Dr. Alfredo Santiago Culleton (UNISINOS) Prof. Dr. Roberto Hofmeister [&hellip;]<\/p>\n","protected":false},"author":357,"featured_media":0,"parent":0,"menu_order":0,"comment_status":"closed","ping_status":"closed","template":"","meta":{"footnotes":""},"class_list":["post-84","page","type-page","status-publish","hentry","post"],"jetpack-related-posts":[],"jetpack_sharing_enabled":true,"_links":{"self":[{"href":"https:\/\/wp.ufpel.edu.br\/nepfil\/wp-json\/wp\/v2\/pages\/84","targetHints":{"allow":["GET"]}}],"collection":[{"href":"https:\/\/wp.ufpel.edu.br\/nepfil\/wp-json\/wp\/v2\/pages"}],"about":[{"href":"https:\/\/wp.ufpel.edu.br\/nepfil\/wp-json\/wp\/v2\/types\/page"}],"author":[{"embeddable":true,"href":"https:\/\/wp.ufpel.edu.br\/nepfil\/wp-json\/wp\/v2\/users\/357"}],"replies":[{"embeddable":true,"href":"https:\/\/wp.ufpel.edu.br\/nepfil\/wp-json\/wp\/v2\/comments?post=84"}],"version-history":[{"count":6,"href":"https:\/\/wp.ufpel.edu.br\/nepfil\/wp-json\/wp\/v2\/pages\/84\/revisions"}],"predecessor-version":[{"id":696,"href":"https:\/\/wp.ufpel.edu.br\/nepfil\/wp-json\/wp\/v2\/pages\/84\/revisions\/696"}],"wp:attachment":[{"href":"https:\/\/wp.ufpel.edu.br\/nepfil\/wp-json\/wp\/v2\/media?parent=84"}],"curies":[{"name":"wp","href":"https:\/\/api.w.org\/{rel}","templated":true}]}}