{"id":738,"date":"2025-07-31T14:22:41","date_gmt":"2025-07-31T17:22:41","guid":{"rendered":"https:\/\/wp.ufpel.edu.br\/nepfil\/?page_id=738"},"modified":"2025-07-31T14:22:41","modified_gmt":"2025-07-31T17:22:41","slug":"funding","status":"publish","type":"page","link":"https:\/\/wp.ufpel.edu.br\/nepfil\/funding\/","title":{"rendered":"Funding"},"content":{"rendered":"<p><a href=\"https:\/\/www.templeton.org\/grant\/serie-investigacao-filosofica-improving-knowledge-and-philosophical-competences-of-brazilian-researchers-and-students\"><img loading=\"lazy\" decoding=\"async\" class=\"size-medium wp-image-739 aligncenter\" src=\"https:\/\/wp.ufpel.edu.br\/nepfil\/files\/2025\/07\/Imagem-do-WhatsApp-de-2025-07-26-as-23.36.45_27df918a-400x169.jpg\" alt=\"\" width=\"400\" height=\"169\" srcset=\"https:\/\/wp.ufpel.edu.br\/nepfil\/files\/2025\/07\/Imagem-do-WhatsApp-de-2025-07-26-as-23.36.45_27df918a-400x169.jpg 400w, https:\/\/wp.ufpel.edu.br\/nepfil\/files\/2025\/07\/Imagem-do-WhatsApp-de-2025-07-26-as-23.36.45_27df918a-1024x434.jpg 1024w, https:\/\/wp.ufpel.edu.br\/nepfil\/files\/2025\/07\/Imagem-do-WhatsApp-de-2025-07-26-as-23.36.45_27df918a-768x325.jpg 768w, https:\/\/wp.ufpel.edu.br\/nepfil\/files\/2025\/07\/Imagem-do-WhatsApp-de-2025-07-26-as-23.36.45_27df918a.jpg 1416w\" sizes=\"auto, (max-width: 400px) 100vw, 400px\" \/><\/a><\/p>\n<h4 id=\"grant-h1\" class=\"large\" style=\"text-align: center;\">S\u00e9rie Investiga\u00e7\u00e3o Filos\u00f3fica: ampliando\u00a0o conhecimento e as compet\u00eancias filos\u00f3ficas de pesquisadores e estudantes brasileiros!<\/h4>\n<p style=\"text-align: center;\">\n<blockquote class=\"wp-embedded-content\" data-secret=\"0rCPw1mVJm\"><p><a href=\"https:\/\/www.templeton.org\/grant\/serie-investigacao-filosofica-improving-knowledge-and-philosophical-competences-of-brazilian-researchers-and-students\">S\u00e9rie Investiga\u00e7\u00e3o Filos\u00f3fica: improving knowledge and philosophical competences of Brazilian researchers and students<\/a><\/p><\/blockquote>\n<p><iframe loading=\"lazy\" class=\"wp-embedded-content\" sandbox=\"allow-scripts\" security=\"restricted\" style=\"position: absolute; visibility: hidden;\" title=\"&#8220;S\u00e9rie Investiga\u00e7\u00e3o Filos\u00f3fica: improving knowledge and philosophical competences of Brazilian researchers and students&#8221; &#8212; John Templeton Foundation\" src=\"https:\/\/www.templeton.org\/grant\/serie-investigacao-filosofica-improving-knowledge-and-philosophical-competences-of-brazilian-researchers-and-students\/embed#?secret=8VoOTYPam8#?secret=0rCPw1mVJm\" data-secret=\"0rCPw1mVJm\" width=\"600\" height=\"338\" frameborder=\"0\" marginwidth=\"0\" marginheight=\"0\" scrolling=\"no\"><\/iframe><\/p>\n<p><img loading=\"lazy\" decoding=\"async\" class=\"size-medium wp-image-740 aligncenter\" src=\"https:\/\/wp.ufpel.edu.br\/nepfil\/files\/2025\/07\/Imagem-do-WhatsApp-de-2025-07-26-as-23.36.45_07504f57-400x169.jpg\" alt=\"\" width=\"400\" height=\"169\" srcset=\"https:\/\/wp.ufpel.edu.br\/nepfil\/files\/2025\/07\/Imagem-do-WhatsApp-de-2025-07-26-as-23.36.45_07504f57-400x169.jpg 400w, https:\/\/wp.ufpel.edu.br\/nepfil\/files\/2025\/07\/Imagem-do-WhatsApp-de-2025-07-26-as-23.36.45_07504f57-1024x434.jpg 1024w, https:\/\/wp.ufpel.edu.br\/nepfil\/files\/2025\/07\/Imagem-do-WhatsApp-de-2025-07-26-as-23.36.45_07504f57-768x325.jpg 768w, https:\/\/wp.ufpel.edu.br\/nepfil\/files\/2025\/07\/Imagem-do-WhatsApp-de-2025-07-26-as-23.36.45_07504f57.jpg 1416w\" sizes=\"auto, (max-width: 400px) 100vw, 400px\" \/><\/p>\n<h1 id=\"grant-h1\" class=\"large\"><\/h1>\n","protected":false},"excerpt":{"rendered":"<p>S\u00e9rie Investiga\u00e7\u00e3o Filos\u00f3fica: ampliando\u00a0o conhecimento e as compet\u00eancias filos\u00f3ficas de pesquisadores e estudantes brasileiros! S\u00e9rie Investiga\u00e7\u00e3o Filos\u00f3fica: improving knowledge and philosophical competences of Brazilian researchers and students<\/p>\n","protected":false},"author":357,"featured_media":0,"parent":0,"menu_order":0,"comment_status":"closed","ping_status":"closed","template":"","meta":{"footnotes":""},"class_list":["post-738","page","type-page","status-publish","hentry","post"],"jetpack-related-posts":[],"jetpack_sharing_enabled":true,"_links":{"self":[{"href":"https:\/\/wp.ufpel.edu.br\/nepfil\/wp-json\/wp\/v2\/pages\/738","targetHints":{"allow":["GET"]}}],"collection":[{"href":"https:\/\/wp.ufpel.edu.br\/nepfil\/wp-json\/wp\/v2\/pages"}],"about":[{"href":"https:\/\/wp.ufpel.edu.br\/nepfil\/wp-json\/wp\/v2\/types\/page"}],"author":[{"embeddable":true,"href":"https:\/\/wp.ufpel.edu.br\/nepfil\/wp-json\/wp\/v2\/users\/357"}],"replies":[{"embeddable":true,"href":"https:\/\/wp.ufpel.edu.br\/nepfil\/wp-json\/wp\/v2\/comments?post=738"}],"version-history":[{"count":1,"href":"https:\/\/wp.ufpel.edu.br\/nepfil\/wp-json\/wp\/v2\/pages\/738\/revisions"}],"predecessor-version":[{"id":741,"href":"https:\/\/wp.ufpel.edu.br\/nepfil\/wp-json\/wp\/v2\/pages\/738\/revisions\/741"}],"wp:attachment":[{"href":"https:\/\/wp.ufpel.edu.br\/nepfil\/wp-json\/wp\/v2\/media?parent=738"}],"curies":[{"name":"wp","href":"https:\/\/api.w.org\/{rel}","templated":true}]}}